{"id":6653,"date":"2025-06-13T10:22:22","date_gmt":"2025-06-13T08:22:22","guid":{"rendered":"https:\/\/www.groupesclavo.fr\/trattamento-dei-rifiuti-a-monaco-sclavo\/"},"modified":"2026-05-12T09:26:36","modified_gmt":"2026-05-12T07:26:36","slug":"trattamento-dei-rifiuti-a-monaco-sclavo","status":"publish","type":"page","link":"https:\/\/www.groupesclavo.fr\/it\/trattamento-dei-rifiuti-a-monaco-sclavo\/","title":{"rendered":"Trattamento dei rifiuti a Monaco &#8211; Sclavo"},"content":{"rendered":"<h1>Trattamento dei rifiuti a Monaco con Sclavo<\/h1>\n<p>Il <strong>trattamento dei rifiuti a Monaco<\/strong> \u00e8 una sfida importante per la salvaguardia dell&#8217;ambiente e la costruzione di un sistema economico pi\u00f9 responsabile. Dato che il volume dei rifiuti generati da tutti i settori della societ\u00e0 \u00e8 in aumento, \u00e8 fondamentale mettere in atto soluzioni efficaci e adatte a ogni tipo di rifiuto. <a href=\"\" https:=\"\"><strong>Sclavo<\/strong><\/a> pu\u00f2 aiutarti nel <strong>trattamento dei rifiuti a Monaco ()<\/strong>. <\/p>\n<h2>Perch\u00e9 \u00e8 fondamentale avere un buon trattamento dei rifiuti a Monaco?<\/h2>\n<p>Una buona gestione dei rifiuti \u00e8 essenziale per la protezione della natura, della salute pubblica e dell&#8217;economia locale. Una gestione efficiente non solo limita gli inconvenienti ambientali, ma ottimizza anche l&#8217;uso delle risorse naturali e limita l&#8217;impatto negativo dei rifiuti sugli ecosistemi. <\/p>\n<p>Un trattamento inadeguato pu\u00f2 avere effetti dannosi, come il degrado del territorio, l&#8217;inquinamento delle acque e la dispersione di sostanze tossiche nell&#8217;aria. A <strong>Monaco<\/strong>, l&#8217;adozione di pratiche efficaci aiuta a ridurre questi effetti incoraggiando il riutilizzo dei rifiuti, il recupero energetico e la prevenzione dei rifiuti in eccesso.<br \/>La selezione selettiva e un sistema di raccolta strutturato sono leve essenziali per ridurre l&#8217;incenerimento eccessivo. <\/p>\n<p>Una gestione efficiente dei rifiuti permette anche di controllare i costi di trattamento. Riducendo al minimo il volume dei rifiuti da smaltire in discarica o da incenerire, Sclavo <strong>a Monaco<\/strong> migliora le prestazioni dei sistemi di trattamento e riduce l&#8217;onere finanziario per le autorit\u00e0 locali. Inoltre, le aziende possono beneficiare di una maggiore redditivit\u00e0 integrando i loro rifiuti nei circuiti di riciclaggio.  <\/p>\n<h2>Circuito di trattamento dei rifiuti a Monaco con Sclavo<\/h2>\n<p>Noi di <strong>Sclavo<\/strong> organizziamo un sistema di <strong>trattamento dei rifiuti<\/strong> ad alte prestazioni <strong>a Monaco ([CODE_DEP)]<\/strong> ) per garantire una gestione sostenibile dei rifiuti nel rispetto delle normative ambientali. Ogni tipo di rifiuto viene sottoposto a un trattamento adeguato per ridurre gli effetti inquinanti e ottimizzare il riutilizzo delle risorse. <\/p>\n<h3>Raccolta dei rifiuti a Monaco<\/h3>\n<p><strong>La gestione dei rifiuti<\/strong> inizia con il giusto tipo di raccolta. Recuperiamo i rifiuti da privati, aziende e industrie. <\/p>\n<p>Sono stati implementati diversi sistemi di raccolta:<\/p>\n<ul>\n<li><strong>Cassoni e contenitori<\/strong> dedicati per CIW, rifiuti generici, rifiuti misti non tossici e rifiuti ad alto volume.<\/li>\n<li><strong>Depositi professionali<\/strong> per il deposito illimitato di materiali specifici (materiali che richiedono un trattamento speciale come quelli elettronici o le sostanze tossiche).<\/li>\n<li><strong>Raccolta in loco<\/strong> per le aziende con esigenze specifiche di trattamento dei rifiuti.<\/li>\n<\/ul>\n<h3>Selezione e separazione dei materiali<\/h3>\n<p>Dopo il recupero, vengono selezionati meticolosamente. L&#8217;obiettivo \u00e8 identificare gli elementi da riciclare per ridurre al minimo l&#8217;impatto sull&#8217;ambiente. In <strong>Sclavo<\/strong>, questo include :  <\/p>\n<ul>\n<li><strong>Selezione manuale e meccanica<\/strong>: classificazione degli elementi recuperabili (legno, plastica, vetro, carta, metalli, ecc.).<\/li>\n<li><strong>Gestione specifica dei rifiuti pericolosi<\/strong>: gestione controllata degli inquinanti in conformit\u00e0 alle normative vigenti.<\/li>\n<\/ul>\n<h3>Recupero: trasformazione in riutilizzo<\/h3>\n<p>In <strong>Sclavo<\/strong> il riciclo dei rifiuti \u00e8 una priorit\u00e0. Invece di trattarli come semplici rifiuti, cerchiamo di trasformarli in risorse utili utilizzando diverse tecniche: <\/p>\n<ul>\n<li><strong>Recupero dei materiali<\/strong>: riciclo di materiali per creare nuove risorse (carta, plastica, metallo rilavorato).<\/li>\n<li><strong>Recupero di energia<\/strong>: i residui non riciclabili vengono recuperati come energia utilizzando tecnologie appropriate.<\/li>\n<\/ul>\n<p>Questo processo riduce la quantit\u00e0 di rifiuti inviati in discarica e ottimizza l&#8217;uso delle risorse naturali.<\/p>\n<h3>Il riciclo: un circolo virtuoso<\/h3>\n<p>Il <strong>riciclo<\/strong> \u00e8 la chiave per riutilizzare i materiali lavorati nella catena industriale, riducendo al contempo il consumo di risorse naturali. A seconda della loro natura, i materiali recuperati possono essere : <\/p>\n<ul>\n<li>Riciclati in materie prime alternative (metalli, carta, plastica e altri componenti).<\/li>\n<li>Ottimizzato per soddisfare gli standard di qualit\u00e0 industriale.<\/li>\n<li>Reintrodotto nel circuito produttivo per creare nuovi prodotti.<\/li>\n<\/ul>\n<h3>Incenerimento e stoccaggio dei rifiuti finali a Monaco<\/h3>\n<p>Nonostante le misure adottate per limitare i rifiuti, alcuni residui non possono essere riciclati. Questi <strong>rifiuti finali<\/strong> sono o : <\/p>\n<ul>\n<li>Trattati tramite incenerimento con recupero di energia per generare calore o elettricit\u00e0.<\/li>\n<li>Smaltiti in discariche regolamentate, per evitare il rischio di contaminazione del suolo e delle acque sotterranee.<\/li>\n<\/ul>\n<h2>Sclavo a Monaco: soluzioni di riciclaggio disponibili<\/h2>\n<p>Ogni tipo di rifiuto ha un proprio circuito di recupero da integrare in un nuovo ciclo produttivo.<br \/> Sclavo si occupa di diversi materiali da riciclare:<\/p>\n<ul>\n<li><strong>Carta e cartone<\/strong>: raccolti, selezionati e triturati, prima di essere convertiti in una materia prima fibrosa per creare nuovi prodotti.<\/li>\n<li><strong>Plastica<\/strong>: selezionata in base alla sua composizione, pulita e fusa per essere utilizzata nella produzione di oggetti di uso quotidiano.<\/li>\n<li><strong>Metalli<\/strong>: acciaio, alluminio, rame&#8230; Ogni metallo recuperato viene fuso e poi riutilizzato nelle fabbriche per produrre nuove attrezzature.<\/li>\n<li><strong>Vetro<\/strong>: recuperato, trasformato in rottame e rifuso per essere riutilizzato senza perdita di qualit\u00e0.<\/li>\n<li><strong>Legno<\/strong>: il legno dei pallet e gli scarti delle segherie vengono utilizzati come biomassa per alimentare gli impianti di riscaldamento.<\/li>\n<\/ul>\n<p>Per noi \u00e8 un punto d&#8217;onore incoraggiare il recupero dei materiali e limitare il ricorso alla discarica o all&#8217;incenerimento.<\/p>\n<h2>Per saperne di pi\u00f9:<\/h2>\n<p><a href=\"\" https:=\"\">Rottamatore a Monaco<\/a> &#8211; <a href=\"\" https:=\"\">Rottamatore a Monaco<\/a> &#8211; <a href=\"\" https:=\"\">Noleggio cassonetti a Monaco<\/a> &#8211; <a href=\"\" https:=\"\">Recupero metalli a Monaco<\/a><\/p>\n","protected":false},"excerpt":{"rendered":"<p>Trattamento dei rifiuti a Monaco con Sclavo Il trattamento dei rifiuti a Monaco \u00e8 una sfida importante per la salvaguardia dell&#8217;ambiente e la costruzione di un sistema economico pi\u00f9 [&hellip;]<\/p>\n","protected":false},"author":4,"featured_media":0,"parent":0,"menu_order":193,"comment_status":"closed","ping_status":"closed","template":"","meta":{"inline_featured_image":false,"footnotes":""},"class_list":["post-6653","page","type-page","status-publish","hentry"],"yoast_head":"<!-- This site is optimized with the Yoast SEO plugin v27.6 - https:\/\/yoast.com\/product\/yoast-seo-wordpress\/ -->\n<title>Trattamento dei rifiuti a Monaco - Sclavo - Sclavo<\/title>\n<meta name=\"description\" content=\"Trattamento dei rifiuti a Monaco con Sclavo: raccolta, selezione, riciclaggio e recupero per una gestione sostenibile ed ecologica.\" \/>\n<meta name=\"robots\" content=\"index, follow, max-snippet:-1, max-image-preview:large, max-video-preview:-1\" \/>\n<link rel=\"canonical\" href=\"https:\/\/www.groupesclavo.fr\/it\/trattamento-dei-rifiuti-a-monaco-sclavo\/\" \/>\n<meta property=\"og:locale\" content=\"it_IT\" \/>\n<meta property=\"og:type\" content=\"article\" \/>\n<meta property=\"og:title\" content=\"Trattamento dei rifiuti a Monaco - Sclavo - Sclavo\" \/>\n<meta property=\"og:description\" content=\"Trattamento dei rifiuti a Monaco con Sclavo: raccolta, selezione, riciclaggio e recupero per una gestione sostenibile ed ecologica.\" \/>\n<meta property=\"og:url\" content=\"https:\/\/www.groupesclavo.fr\/it\/trattamento-dei-rifiuti-a-monaco-sclavo\/\" \/>\n<meta property=\"og:site_name\" content=\"Sclavo\" \/>\n<meta property=\"article:modified_time\" content=\"2026-05-12T07:26:36+00:00\" \/>\n<meta name=\"twitter:card\" content=\"summary_large_image\" \/>\n<meta name=\"twitter:label1\" content=\"Est. reading time\" \/>\n\t<meta name=\"twitter:data1\" content=\"4 minutes\" \/>\n<script type=\"application\/ld+json\" class=\"yoast-schema-graph\">{\"@context\":\"https:\\\/\\\/schema.org\",\"@graph\":[{\"@type\":\"WebPage\",\"@id\":\"https:\\\/\\\/www.groupesclavo.fr\\\/it\\\/trattamento-dei-rifiuti-a-monaco-sclavo\\\/\",\"url\":\"https:\\\/\\\/www.groupesclavo.fr\\\/it\\\/trattamento-dei-rifiuti-a-monaco-sclavo\\\/\",\"name\":\"Trattamento dei rifiuti a Monaco - Sclavo - Sclavo\",\"isPartOf\":{\"@id\":\"https:\\\/\\\/www.groupesclavo.fr\\\/it\\\/#website\"},\"datePublished\":\"2025-06-13T08:22:22+00:00\",\"dateModified\":\"2026-05-12T07:26:36+00:00\",\"description\":\"Trattamento dei rifiuti a Monaco con Sclavo: raccolta, selezione, riciclaggio e recupero per una gestione sostenibile ed ecologica.\",\"breadcrumb\":{\"@id\":\"https:\\\/\\\/www.groupesclavo.fr\\\/it\\\/trattamento-dei-rifiuti-a-monaco-sclavo\\\/#breadcrumb\"},\"inLanguage\":\"it-IT\",\"potentialAction\":[{\"@type\":\"ReadAction\",\"target\":[\"https:\\\/\\\/www.groupesclavo.fr\\\/it\\\/trattamento-dei-rifiuti-a-monaco-sclavo\\\/\"]}]},{\"@type\":\"BreadcrumbList\",\"@id\":\"https:\\\/\\\/www.groupesclavo.fr\\\/it\\\/trattamento-dei-rifiuti-a-monaco-sclavo\\\/#breadcrumb\",\"itemListElement\":[{\"@type\":\"ListItem\",\"position\":1,\"name\":\"Accueil\",\"item\":\"https:\\\/\\\/www.groupesclavo.fr\\\/it\\\/\"},{\"@type\":\"ListItem\",\"position\":2,\"name\":\"Trattamento dei rifiuti a Monaco &#8211; Sclavo\"}]},{\"@type\":\"WebSite\",\"@id\":\"https:\\\/\\\/www.groupesclavo.fr\\\/it\\\/#website\",\"url\":\"https:\\\/\\\/www.groupesclavo.fr\\\/it\\\/\",\"name\":\"Sclavo\",\"description\":\"\",\"publisher\":{\"@id\":\"https:\\\/\\\/www.groupesclavo.fr\\\/it\\\/#organization\"},\"potentialAction\":[{\"@type\":\"SearchAction\",\"target\":{\"@type\":\"EntryPoint\",\"urlTemplate\":\"https:\\\/\\\/www.groupesclavo.fr\\\/it\\\/?s={search_term_string}\"},\"query-input\":{\"@type\":\"PropertyValueSpecification\",\"valueRequired\":true,\"valueName\":\"search_term_string\"}}],\"inLanguage\":\"it-IT\"},{\"@type\":\"Organization\",\"@id\":\"https:\\\/\\\/www.groupesclavo.fr\\\/it\\\/#organization\",\"name\":\"Sclavo\",\"url\":\"https:\\\/\\\/www.groupesclavo.fr\\\/it\\\/\",\"logo\":{\"@type\":\"ImageObject\",\"inLanguage\":\"it-IT\",\"@id\":\"https:\\\/\\\/www.groupesclavo.fr\\\/it\\\/#\\\/schema\\\/logo\\\/image\\\/\",\"url\":\"https:\\\/\\\/www.groupesclavo.fr\\\/wp-content\\\/uploads\\\/2024\\\/11\\\/logo-1.svg\",\"contentUrl\":\"https:\\\/\\\/www.groupesclavo.fr\\\/wp-content\\\/uploads\\\/2024\\\/11\\\/logo-1.svg\",\"width\":191,\"height\":57,\"caption\":\"Sclavo\"},\"image\":{\"@id\":\"https:\\\/\\\/www.groupesclavo.fr\\\/it\\\/#\\\/schema\\\/logo\\\/image\\\/\"}}]}<\/script>\n<!-- \/ Yoast SEO plugin. -->","yoast_head_json":{"title":"Trattamento dei rifiuti a Monaco - Sclavo - Sclavo","description":"Trattamento dei rifiuti a Monaco con Sclavo: raccolta, selezione, riciclaggio e recupero per una gestione sostenibile ed ecologica.","robots":{"index":"index","follow":"follow","max-snippet":"max-snippet:-1","max-image-preview":"max-image-preview:large","max-video-preview":"max-video-preview:-1"},"canonical":"https:\/\/www.groupesclavo.fr\/it\/trattamento-dei-rifiuti-a-monaco-sclavo\/","og_locale":"it_IT","og_type":"article","og_title":"Trattamento dei rifiuti a Monaco - Sclavo - Sclavo","og_description":"Trattamento dei rifiuti a Monaco con Sclavo: raccolta, selezione, riciclaggio e recupero per una gestione sostenibile ed ecologica.","og_url":"https:\/\/www.groupesclavo.fr\/it\/trattamento-dei-rifiuti-a-monaco-sclavo\/","og_site_name":"Sclavo","article_modified_time":"2026-05-12T07:26:36+00:00","twitter_card":"summary_large_image","twitter_misc":{"Est. reading time":"4 minutes"},"schema":{"@context":"https:\/\/schema.org","@graph":[{"@type":"WebPage","@id":"https:\/\/www.groupesclavo.fr\/it\/trattamento-dei-rifiuti-a-monaco-sclavo\/","url":"https:\/\/www.groupesclavo.fr\/it\/trattamento-dei-rifiuti-a-monaco-sclavo\/","name":"Trattamento dei rifiuti a Monaco - Sclavo - Sclavo","isPartOf":{"@id":"https:\/\/www.groupesclavo.fr\/it\/#website"},"datePublished":"2025-06-13T08:22:22+00:00","dateModified":"2026-05-12T07:26:36+00:00","description":"Trattamento dei rifiuti a Monaco con Sclavo: raccolta, selezione, riciclaggio e recupero per una gestione sostenibile ed ecologica.","breadcrumb":{"@id":"https:\/\/www.groupesclavo.fr\/it\/trattamento-dei-rifiuti-a-monaco-sclavo\/#breadcrumb"},"inLanguage":"it-IT","potentialAction":[{"@type":"ReadAction","target":["https:\/\/www.groupesclavo.fr\/it\/trattamento-dei-rifiuti-a-monaco-sclavo\/"]}]},{"@type":"BreadcrumbList","@id":"https:\/\/www.groupesclavo.fr\/it\/trattamento-dei-rifiuti-a-monaco-sclavo\/#breadcrumb","itemListElement":[{"@type":"ListItem","position":1,"name":"Accueil","item":"https:\/\/www.groupesclavo.fr\/it\/"},{"@type":"ListItem","position":2,"name":"Trattamento dei rifiuti a Monaco &#8211; Sclavo"}]},{"@type":"WebSite","@id":"https:\/\/www.groupesclavo.fr\/it\/#website","url":"https:\/\/www.groupesclavo.fr\/it\/","name":"Sclavo","description":"","publisher":{"@id":"https:\/\/www.groupesclavo.fr\/it\/#organization"},"potentialAction":[{"@type":"SearchAction","target":{"@type":"EntryPoint","urlTemplate":"https:\/\/www.groupesclavo.fr\/it\/?s={search_term_string}"},"query-input":{"@type":"PropertyValueSpecification","valueRequired":true,"valueName":"search_term_string"}}],"inLanguage":"it-IT"},{"@type":"Organization","@id":"https:\/\/www.groupesclavo.fr\/it\/#organization","name":"Sclavo","url":"https:\/\/www.groupesclavo.fr\/it\/","logo":{"@type":"ImageObject","inLanguage":"it-IT","@id":"https:\/\/www.groupesclavo.fr\/it\/#\/schema\/logo\/image\/","url":"https:\/\/www.groupesclavo.fr\/wp-content\/uploads\/2024\/11\/logo-1.svg","contentUrl":"https:\/\/www.groupesclavo.fr\/wp-content\/uploads\/2024\/11\/logo-1.svg","width":191,"height":57,"caption":"Sclavo"},"image":{"@id":"https:\/\/www.groupesclavo.fr\/it\/#\/schema\/logo\/image\/"}}]}},"_links":{"self":[{"href":"https:\/\/www.groupesclavo.fr\/it\/wp-json\/wp\/v2\/pages\/6653","targetHints":{"allow":["GET"]}}],"collection":[{"href":"https:\/\/www.groupesclavo.fr\/it\/wp-json\/wp\/v2\/pages"}],"about":[{"href":"https:\/\/www.groupesclavo.fr\/it\/wp-json\/wp\/v2\/types\/page"}],"author":[{"embeddable":true,"href":"https:\/\/www.groupesclavo.fr\/it\/wp-json\/wp\/v2\/users\/4"}],"replies":[{"embeddable":true,"href":"https:\/\/www.groupesclavo.fr\/it\/wp-json\/wp\/v2\/comments?post=6653"}],"version-history":[{"count":2,"href":"https:\/\/www.groupesclavo.fr\/it\/wp-json\/wp\/v2\/pages\/6653\/revisions"}],"predecessor-version":[{"id":6857,"href":"https:\/\/www.groupesclavo.fr\/it\/wp-json\/wp\/v2\/pages\/6653\/revisions\/6857"}],"wp:attachment":[{"href":"https:\/\/www.groupesclavo.fr\/it\/wp-json\/wp\/v2\/media?parent=6653"}],"curies":[{"name":"wp","href":"https:\/\/api.w.org\/{rel}","templated":true}]}}