{"id":6544,"date":"2025-06-13T10:03:57","date_gmt":"2025-06-13T08:03:57","guid":{"rendered":"https:\/\/www.groupesclavo.fr\/centro-di-raccolta-rifiuti-per-privati-e-professionisti-a-nice-sclavo\/"},"modified":"2026-05-12T09:26:07","modified_gmt":"2026-05-12T07:26:07","slug":"centro-di-raccolta-rifiuti-per-privati-e-professionisti-a-nice-sclavo","status":"publish","type":"page","link":"https:\/\/www.groupesclavo.fr\/it\/centro-di-raccolta-rifiuti-per-privati-e-professionisti-a-nice-sclavo\/","title":{"rendered":"Centro di raccolta rifiuti per privati e professionisti a Nice &#8211; Sclavo"},"content":{"rendered":"<h2>Centro di raccolta dei rifiuti di Nice: un eco-relais\/polo al servizio di privati e professionisti<\/h2>\n<p>Il <strong>centro rifiuti<\/strong> Sclavo <strong>di Nice<\/strong> \u00e8 pi\u00f9 di un semplice centro di raccolta: \u00e8 un vero e proprio centro ecologico di quartiere che aiuta gli utenti a differenziare i rifiuti domestici e professionali.<\/p>\n<ul>\n<li><strong>Per i privati:<\/strong> uno spazio accessibile per smaltire tutti i tipi di rifiuti domestici ingombranti o riciclabili, senza restrizioni.<\/li>\n<li><strong>Per i professionisti:<\/strong> un servizio pensato per soddisfare le esigenze del settore edile e dei lavori pubblici, dei commercianti e delle aziende industriali, con soluzioni di selezione e smaltimento.<\/li>\n<\/ul>\n<p>Grazie a una consulenza su misura e a strutture moderne, questo centro rifiuti permette a tutti di agire per migliorare il riciclo dei materiali e ridurre la nostra impronta ecologica.<\/p>\n<h2>Quali sono i tipi di rifiuti accettati dal centro di raccolta rifiuti di Nice?<\/h2>\n<p>Il <strong>centro rifiuti<\/strong> <strong>Sclavo<\/strong> <strong>di Nice<\/strong> gestisce diverse categorie di rifiuti, per garantire una gestione ottimale in linea con i requisiti ecologici.<\/p>\n<p>I metalli sono infinitamente riciclabili. Presso il nostro <strong>centro di raccolta rifiuti di Nice (Alpes-Maritimes)<\/strong> \u00e8 stato allestito uno sportello per l&#8217;acquisto di ferro e metallo che consente a tutti gli utenti di riciclare i propri rottami metallici. I metalli recuperati comprendono  <\/p>\n<ul>\n<li>Rottami metallici e acciaio<\/li>\n<li>Alluminio e rame<\/li>\n<li>Ottone, zinco e acciaio inossidabile<\/li>\n<li>Motori e cavi elettrici<\/li>\n<\/ul>\n<p>Il riciclo dei metalli aiuta a ridurre lo sfruttamento delle risorse naturali e a integrare questi materiali in un circuito di riutilizzo vantaggioso per l&#8217;ambiente.<\/p>\n<p><strong>I rifiuti pericolosi<\/strong> richiedono un trattamento adeguato per evitare la contaminazione. Presso il <strong>centro di raccolta rifiuti di Nice<\/strong>, strutture dedicate garantiscono la gestione di questi rifiuti in totale sicurezza. I rifiuti pericolosi comprendono:  <\/p>\n<ul>\n<li>Solventi e vernici usate<\/li>\n<li>Oli per motori e oli industriali<\/li>\n<li>Batterie usate<\/li>\n<li>Apparecchiature elettriche ed elettroniche fuori uso (RAEE)<\/li>\n<\/ul>\n<p>Affidando questi rifiuti a un polo ecologico certificato come quello di Sclavo, gli utenti possono essere certi che saranno gestiti in modo professionale e nel rispetto delle normative vigenti.<\/p>\n<p>I rifiuti <strong>non pericolosi<\/strong>, anche se meno problematici, devono essere selezionati e riciclati per limitare il loro impatto ambientale. Il <strong>centro di raccolta rifiuti<\/strong> <strong>Sclavo<\/strong> <strong>di Nice ([REGIONE])<\/strong> dispone di aree specifiche per : <\/p>\n<ul>\n<li>Macerie e rifiuti edili<\/li>\n<li>Legno, pallet e rifiuti verdi<\/li>\n<li>Mobili ingombranti e usati<\/li>\n<li>Carta, cartone e plastica riciclabili<\/li>\n<\/ul>\n<p>Grazie a rigorosi sistemi di separazione e recupero mirato, questi rifiuti vengono riciclati in un secondo ciclo di vita.<\/p>\n<h2>Perch\u00e9 scegliere Sclavo e il suo centro rifiuti di Nice per le tue esigenze di gestione dei rifiuti?<\/h2>\n<p>L&#8217;<strong>eco-relais\/polo Sclavo di Nice<\/strong> offre molto di pi\u00f9 di un semplice punto di consegna. Garantisce : <\/p>\n<ul>\n<li>Accessibilit\u00e0 ottimale, con orari di apertura flessibili e regolari.<\/li>\n<li>Servizi su misura per privati e aziende, tra cui il noleggio di cassoni e il recupero di metalli.<\/li>\n<li>Una posizione chiara a favore dell&#8217;ambiente, promuovendo la differenziazione, il riciclo e il recupero dei rifiuti.<\/li>\n<li>Monitoraggio su misura, con team dedicati che guidano gli utenti verso un riciclo efficiente e regolamentare.<\/li>\n<\/ul>\n<p>Rivolgendoti a <strong>Sclavo<\/strong> e al suo <strong>centro di raccolta rifiuti di Nice (Alpes-Maritimes)<\/strong>, adotterai pratiche di gestione responsabile dei rifiuti, rafforzando allo stesso tempo i circuiti brevi di trattamento dei rifiuti.<\/p>\n<p>Il <strong>centro rifiuti di Nice<\/strong> \u00e8 una piattaforma ambientale locale che offre a privati e professionisti servizi completi e conformi agli standard di selezione, raccolta e riciclaggio. Con una gamma completa di servizi, tra cui il recupero di metalli riciclabili, il trattamento di rifiuti pericolosi e il riciclaggio di rifiuti non pericolosi, svolge un ruolo attivo nella salvaguardia dell&#8217;ambiente e nel rafforzamento delle industrie circolari locali. <\/p>\n<p>Che si tratti di una visita temporanea o di un&#8217;attivit\u00e0 che richiede un trattamento continuativo, il <strong>centro di smaltimento rifiuti<\/strong> <strong>Sclavo<\/strong> di <strong>Nice (06)<\/strong> fornisce servizi adeguati e reattivi, garantendo un riciclaggio efficiente e conforme ai requisiti normativi.<\/p>\n<h2>Per saperne di pi\u00f9:<\/h2>\n<p><a>Rottamatore a Nizza<\/a> &#8211; <a>Location de benne a Nizza<\/a> &#8211; <a>Recupero di materiali a Nizza<\/a> &#8211;<a>;Traitement des d\u00e9chets a Nizza<\/a><\/p>\n","protected":false},"excerpt":{"rendered":"<p>Centro di raccolta dei rifiuti di Nice: un eco-relais\/polo al servizio di privati e professionisti Il centro rifiuti Sclavo di Nice \u00e8 pi\u00f9 di un semplice centro di raccolta: [&hellip;]<\/p>\n","protected":false},"author":4,"featured_media":0,"parent":0,"menu_order":266,"comment_status":"closed","ping_status":"closed","template":"","meta":{"inline_featured_image":false,"footnotes":""},"class_list":["post-6544","page","type-page","status-publish","hentry"],"yoast_head":"<!-- This site is optimized with the Yoast SEO plugin v27.6 - https:\/\/yoast.com\/product\/yoast-seo-wordpress\/ -->\n<title>Centro di raccolta rifiuti per privati e professionisti a Nice - Sclavo - Sclavo<\/title>\n<meta name=\"description\" content=\"Deposito rifiuti di Nice Sclavo: consegna, selezione, riciclaggio e recupero dei rifiuti per privati e professionisti. Un servizio completo, locale ed ecologico.\" \/>\n<meta name=\"robots\" content=\"index, follow, max-snippet:-1, max-image-preview:large, max-video-preview:-1\" \/>\n<link rel=\"canonical\" href=\"https:\/\/www.groupesclavo.fr\/it\/centro-di-raccolta-rifiuti-per-privati-e-professionisti-a-nice-sclavo\/\" \/>\n<meta property=\"og:locale\" content=\"it_IT\" \/>\n<meta property=\"og:type\" content=\"article\" \/>\n<meta property=\"og:title\" content=\"Centro di raccolta rifiuti per privati e professionisti a Nice - Sclavo - Sclavo\" \/>\n<meta property=\"og:description\" content=\"Deposito rifiuti di Nice Sclavo: consegna, selezione, riciclaggio e recupero dei rifiuti per privati e professionisti. Un servizio completo, locale ed ecologico.\" \/>\n<meta property=\"og:url\" content=\"https:\/\/www.groupesclavo.fr\/it\/centro-di-raccolta-rifiuti-per-privati-e-professionisti-a-nice-sclavo\/\" \/>\n<meta property=\"og:site_name\" content=\"Sclavo\" \/>\n<meta property=\"article:modified_time\" content=\"2026-05-12T07:26:07+00:00\" \/>\n<meta name=\"twitter:card\" content=\"summary_large_image\" \/>\n<meta name=\"twitter:label1\" content=\"Est. reading time\" \/>\n\t<meta name=\"twitter:data1\" content=\"3 minutes\" \/>\n<script type=\"application\/ld+json\" class=\"yoast-schema-graph\">{\"@context\":\"https:\\\/\\\/schema.org\",\"@graph\":[{\"@type\":\"WebPage\",\"@id\":\"https:\\\/\\\/www.groupesclavo.fr\\\/it\\\/centro-di-raccolta-rifiuti-per-privati-e-professionisti-a-nice-sclavo\\\/\",\"url\":\"https:\\\/\\\/www.groupesclavo.fr\\\/it\\\/centro-di-raccolta-rifiuti-per-privati-e-professionisti-a-nice-sclavo\\\/\",\"name\":\"Centro di raccolta rifiuti per privati e professionisti a Nice - Sclavo - Sclavo\",\"isPartOf\":{\"@id\":\"https:\\\/\\\/www.groupesclavo.fr\\\/it\\\/#website\"},\"datePublished\":\"2025-06-13T08:03:57+00:00\",\"dateModified\":\"2026-05-12T07:26:07+00:00\",\"description\":\"Deposito rifiuti di Nice Sclavo: consegna, selezione, riciclaggio e recupero dei rifiuti per privati e professionisti. Un servizio completo, locale ed ecologico.\",\"breadcrumb\":{\"@id\":\"https:\\\/\\\/www.groupesclavo.fr\\\/it\\\/centro-di-raccolta-rifiuti-per-privati-e-professionisti-a-nice-sclavo\\\/#breadcrumb\"},\"inLanguage\":\"it-IT\",\"potentialAction\":[{\"@type\":\"ReadAction\",\"target\":[\"https:\\\/\\\/www.groupesclavo.fr\\\/it\\\/centro-di-raccolta-rifiuti-per-privati-e-professionisti-a-nice-sclavo\\\/\"]}]},{\"@type\":\"BreadcrumbList\",\"@id\":\"https:\\\/\\\/www.groupesclavo.fr\\\/it\\\/centro-di-raccolta-rifiuti-per-privati-e-professionisti-a-nice-sclavo\\\/#breadcrumb\",\"itemListElement\":[{\"@type\":\"ListItem\",\"position\":1,\"name\":\"Accueil\",\"item\":\"https:\\\/\\\/www.groupesclavo.fr\\\/it\\\/\"},{\"@type\":\"ListItem\",\"position\":2,\"name\":\"Centro di raccolta rifiuti per privati e professionisti a Nice &#8211; Sclavo\"}]},{\"@type\":\"WebSite\",\"@id\":\"https:\\\/\\\/www.groupesclavo.fr\\\/it\\\/#website\",\"url\":\"https:\\\/\\\/www.groupesclavo.fr\\\/it\\\/\",\"name\":\"Sclavo\",\"description\":\"\",\"publisher\":{\"@id\":\"https:\\\/\\\/www.groupesclavo.fr\\\/it\\\/#organization\"},\"potentialAction\":[{\"@type\":\"SearchAction\",\"target\":{\"@type\":\"EntryPoint\",\"urlTemplate\":\"https:\\\/\\\/www.groupesclavo.fr\\\/it\\\/?s={search_term_string}\"},\"query-input\":{\"@type\":\"PropertyValueSpecification\",\"valueRequired\":true,\"valueName\":\"search_term_string\"}}],\"inLanguage\":\"it-IT\"},{\"@type\":\"Organization\",\"@id\":\"https:\\\/\\\/www.groupesclavo.fr\\\/it\\\/#organization\",\"name\":\"Sclavo\",\"url\":\"https:\\\/\\\/www.groupesclavo.fr\\\/it\\\/\",\"logo\":{\"@type\":\"ImageObject\",\"inLanguage\":\"it-IT\",\"@id\":\"https:\\\/\\\/www.groupesclavo.fr\\\/it\\\/#\\\/schema\\\/logo\\\/image\\\/\",\"url\":\"https:\\\/\\\/www.groupesclavo.fr\\\/wp-content\\\/uploads\\\/2024\\\/11\\\/logo-1.svg\",\"contentUrl\":\"https:\\\/\\\/www.groupesclavo.fr\\\/wp-content\\\/uploads\\\/2024\\\/11\\\/logo-1.svg\",\"width\":191,\"height\":57,\"caption\":\"Sclavo\"},\"image\":{\"@id\":\"https:\\\/\\\/www.groupesclavo.fr\\\/it\\\/#\\\/schema\\\/logo\\\/image\\\/\"}}]}<\/script>\n<!-- \/ Yoast SEO plugin. -->","yoast_head_json":{"title":"Centro di raccolta rifiuti per privati e professionisti a Nice - Sclavo - Sclavo","description":"Deposito rifiuti di Nice Sclavo: consegna, selezione, riciclaggio e recupero dei rifiuti per privati e professionisti. Un servizio completo, locale ed ecologico.","robots":{"index":"index","follow":"follow","max-snippet":"max-snippet:-1","max-image-preview":"max-image-preview:large","max-video-preview":"max-video-preview:-1"},"canonical":"https:\/\/www.groupesclavo.fr\/it\/centro-di-raccolta-rifiuti-per-privati-e-professionisti-a-nice-sclavo\/","og_locale":"it_IT","og_type":"article","og_title":"Centro di raccolta rifiuti per privati e professionisti a Nice - Sclavo - Sclavo","og_description":"Deposito rifiuti di Nice Sclavo: consegna, selezione, riciclaggio e recupero dei rifiuti per privati e professionisti. Un servizio completo, locale ed ecologico.","og_url":"https:\/\/www.groupesclavo.fr\/it\/centro-di-raccolta-rifiuti-per-privati-e-professionisti-a-nice-sclavo\/","og_site_name":"Sclavo","article_modified_time":"2026-05-12T07:26:07+00:00","twitter_card":"summary_large_image","twitter_misc":{"Est. reading time":"3 minutes"},"schema":{"@context":"https:\/\/schema.org","@graph":[{"@type":"WebPage","@id":"https:\/\/www.groupesclavo.fr\/it\/centro-di-raccolta-rifiuti-per-privati-e-professionisti-a-nice-sclavo\/","url":"https:\/\/www.groupesclavo.fr\/it\/centro-di-raccolta-rifiuti-per-privati-e-professionisti-a-nice-sclavo\/","name":"Centro di raccolta rifiuti per privati e professionisti a Nice - Sclavo - Sclavo","isPartOf":{"@id":"https:\/\/www.groupesclavo.fr\/it\/#website"},"datePublished":"2025-06-13T08:03:57+00:00","dateModified":"2026-05-12T07:26:07+00:00","description":"Deposito rifiuti di Nice Sclavo: consegna, selezione, riciclaggio e recupero dei rifiuti per privati e professionisti. Un servizio completo, locale ed ecologico.","breadcrumb":{"@id":"https:\/\/www.groupesclavo.fr\/it\/centro-di-raccolta-rifiuti-per-privati-e-professionisti-a-nice-sclavo\/#breadcrumb"},"inLanguage":"it-IT","potentialAction":[{"@type":"ReadAction","target":["https:\/\/www.groupesclavo.fr\/it\/centro-di-raccolta-rifiuti-per-privati-e-professionisti-a-nice-sclavo\/"]}]},{"@type":"BreadcrumbList","@id":"https:\/\/www.groupesclavo.fr\/it\/centro-di-raccolta-rifiuti-per-privati-e-professionisti-a-nice-sclavo\/#breadcrumb","itemListElement":[{"@type":"ListItem","position":1,"name":"Accueil","item":"https:\/\/www.groupesclavo.fr\/it\/"},{"@type":"ListItem","position":2,"name":"Centro di raccolta rifiuti per privati e professionisti a Nice &#8211; Sclavo"}]},{"@type":"WebSite","@id":"https:\/\/www.groupesclavo.fr\/it\/#website","url":"https:\/\/www.groupesclavo.fr\/it\/","name":"Sclavo","description":"","publisher":{"@id":"https:\/\/www.groupesclavo.fr\/it\/#organization"},"potentialAction":[{"@type":"SearchAction","target":{"@type":"EntryPoint","urlTemplate":"https:\/\/www.groupesclavo.fr\/it\/?s={search_term_string}"},"query-input":{"@type":"PropertyValueSpecification","valueRequired":true,"valueName":"search_term_string"}}],"inLanguage":"it-IT"},{"@type":"Organization","@id":"https:\/\/www.groupesclavo.fr\/it\/#organization","name":"Sclavo","url":"https:\/\/www.groupesclavo.fr\/it\/","logo":{"@type":"ImageObject","inLanguage":"it-IT","@id":"https:\/\/www.groupesclavo.fr\/it\/#\/schema\/logo\/image\/","url":"https:\/\/www.groupesclavo.fr\/wp-content\/uploads\/2024\/11\/logo-1.svg","contentUrl":"https:\/\/www.groupesclavo.fr\/wp-content\/uploads\/2024\/11\/logo-1.svg","width":191,"height":57,"caption":"Sclavo"},"image":{"@id":"https:\/\/www.groupesclavo.fr\/it\/#\/schema\/logo\/image\/"}}]}},"_links":{"self":[{"href":"https:\/\/www.groupesclavo.fr\/it\/wp-json\/wp\/v2\/pages\/6544","targetHints":{"allow":["GET"]}}],"collection":[{"href":"https:\/\/www.groupesclavo.fr\/it\/wp-json\/wp\/v2\/pages"}],"about":[{"href":"https:\/\/www.groupesclavo.fr\/it\/wp-json\/wp\/v2\/types\/page"}],"author":[{"embeddable":true,"href":"https:\/\/www.groupesclavo.fr\/it\/wp-json\/wp\/v2\/users\/4"}],"replies":[{"embeddable":true,"href":"https:\/\/www.groupesclavo.fr\/it\/wp-json\/wp\/v2\/comments?post=6544"}],"version-history":[{"count":2,"href":"https:\/\/www.groupesclavo.fr\/it\/wp-json\/wp\/v2\/pages\/6544\/revisions"}],"predecessor-version":[{"id":6809,"href":"https:\/\/www.groupesclavo.fr\/it\/wp-json\/wp\/v2\/pages\/6544\/revisions\/6809"}],"wp:attachment":[{"href":"https:\/\/www.groupesclavo.fr\/it\/wp-json\/wp\/v2\/media?parent=6544"}],"curies":[{"name":"wp","href":"https:\/\/api.w.org\/{rel}","templated":true}]}}