{"id":6529,"date":"2025-06-13T10:01:24","date_gmt":"2025-06-13T08:01:24","guid":{"rendered":"https:\/\/www.groupesclavo.fr\/centro-di-raccolta-dei-rifiuti-per-privati-e-professionisti-a-frejus-sclavo\/"},"modified":"2026-05-12T09:26:01","modified_gmt":"2026-05-12T07:26:01","slug":"centro-di-raccolta-dei-rifiuti-per-privati-e-professionisti-a-frejus-sclavo","status":"publish","type":"page","link":"https:\/\/www.groupesclavo.fr\/it\/centro-di-raccolta-dei-rifiuti-per-privati-e-professionisti-a-frejus-sclavo\/","title":{"rendered":"Centro di raccolta dei rifiuti per privati e professionisti a Fr\u00e9jus &#8211; Sclavo"},"content":{"rendered":"<h2>Centro rifiuti del Fr\u00e9jus: un eco-punto\/polo che serve privati e professionisti<\/h2>\n<p>Il <strong>centro rifiuti<\/strong> Sclavo <strong>di Fr\u00e9jus<\/strong> non \u00e8 un punto di raccolta tradizionale: \u00e8 un centro ambientale locale che aiuta gli utenti a differenziare i rifiuti domestici e professionali.<\/p>\n<ul>\n<li><strong>Per i privati:<\/strong> uno spazio accessibile per smaltire tutti i tipi di rifiuti domestici ingombranti o riciclabili, senza restrizioni.<\/li>\n<li><strong>Per i professionisti:<\/strong> una soluzione su misura per cantieri, industrie e artigiani, con strumenti logistici per gestire al meglio i flussi di rifiuti.<\/li>\n<\/ul>\n<p>Grazie a un&#8217;assistenza personalizzata e a un&#8217;infrastruttura performante, questo centro rifiuti permette a tutti di agire per migliorare il riciclo dei materiali e proteggere l&#8217;ambiente in cui viviamo.<\/p>\n<h2>Quali sono i tipi di rifiuti accettati dal centro di raccolta del Fr\u00e9jus?<\/h2>\n<p>Il <strong>centro di raccolta rifiuti<\/strong> <strong>Sclavo<\/strong> <strong>di Fr\u00e9jus<\/strong> gestisce diversi tipi di rifiuti, assicurando che vengano trattati in modo efficiente e nel rispetto degli standard ambientali.<\/p>\n<p>I metalli possono essere riciclati pi\u00f9 volte. Presso il nostro <strong>centro di raccolta rifiuti di Fr\u00e9jus (Var)<\/strong> abbiamo allestito un&#8217;area dedicata ai metalli riciclabili, dove chiunque pu\u00f2 consegnare e vendere i propri rottami metallici. I metalli recuperati comprendono:  <\/p>\n<ul>\n<li>Rottami metallici e acciaio<\/li>\n<li>Alluminio e rame<\/li>\n<li>Ottone, zinco e acciaio inossidabile<\/li>\n<li>Motori e cavi elettrici<\/li>\n<\/ul>\n<p>Riciclando i metalli, possiamo ridurre al minimo l&#8217;estrazione e reintrodurli in un ciclo industriale sostenibile.<\/p>\n<p><strong>I rifiuti pericolosi<\/strong> richiedono una gestione speciale per evitare contaminazioni. Presso il <strong>centro rifiuti del Fr\u00e9jus,<\/strong> strutture dedicate garantiscono la gestione di questi rifiuti in totale sicurezza. I rifiuti pericolosi comprendono:  <\/p>\n<ul>\n<li>Solventi e vernici usate<\/li>\n<li>Oli per motori e oli industriali<\/li>\n<li>Batterie usate<\/li>\n<li>Apparecchiature elettriche ed elettroniche fuori uso (RAEE)<\/li>\n<\/ul>\n<p>Affidando questi rifiuti a un polo ecologico certificato come quello di Sclavo, gli utenti possono essere certi che verranno smaltiti in modo sicuro, nel rispetto della legge.<\/p>\n<p>I rifiuti <strong>non pericolosi<\/strong>, anche se meno problematici, devono essere indirizzati correttamente per limitare il loro impatto ambientale. Il <strong>centro rifiuti<\/strong> <strong>Sclavo<\/strong> <strong>di Fr\u00e9jus ([REGIONE])<\/strong> dispone di aree dedicate a : <\/p>\n<ul>\n<li>Macerie e rifiuti edili<\/li>\n<li>Legno, pallet e rifiuti verdi<\/li>\n<li>Mobili ingombranti e usati<\/li>\n<li>Carta, cartone e plastica riciclabili<\/li>\n<\/ul>\n<p>Grazie a una rigorosa separazione e ad adeguate soluzioni di riutilizzo o riciclaggio, questi rifiuti vengono reintrodotti nel ciclo produttivo.<\/p>\n<h2>Perch\u00e9 scegliere Sclavo e il suo centro rifiuti di Fr\u00e9jus per la gestione dei tuoi rifiuti?<\/h2>\n<p>L&#8217;<strong>eco-relais\/polo Sclavo a Fr\u00e9jus<\/strong> offre molto di pi\u00f9 di un semplice punto di partenza. Garantisce : <\/p>\n<ul>\n<li>Accessibilit\u00e0 ottimale, con orari di apertura prolungati.<\/li>\n<li>Un&#8217;offerta su misura per professionisti e privati, con soluzioni di raccolta per tutti i tipi di rifiuti.<\/li>\n<li>Un approccio eco-responsabile, che incoraggia la differenziazione, il riciclo e il recupero dei rifiuti.<\/li>\n<li>Assistenza personalizzata, con personale formato per guidare ogni utente verso le migliori soluzioni di gestione dei rifiuti.<\/li>\n<\/ul>\n<p>Scegliendo <strong>Sclavo<\/strong> e il suo <strong>centro di raccolta rifiuti di Fr\u00e9jus (Var)<\/strong>, adotti un approccio responsabile alla gestione dei rifiuti e promuovi il riciclo locale.<\/p>\n<p>Il <strong>centro di raccolta rifiuti del Fr\u00e9jus<\/strong> \u00e8 una piattaforma ambientale locale che offre a tutti soluzioni adeguate e responsabili per la gestione dei rifiuti. Grazie a un&#8217;organizzazione globale, che comprende: il recupero dei metalli riciclabili, il trattamento dei rifiuti pericolosi e la differenziazione dei rifiuti ordinari, contribuisce alla protezione del pianeta e allo sviluppo di un&#8217;economia pi\u00f9 sostenibile. <\/p>\n<p>Che si tratti di un&#8217;esigenza singola o di un monitoraggio settimanale, il <strong>centro di raccolta rifiuti<\/strong> <strong>Sclavo<\/strong> <strong>di Fr\u00e9jus (83)<\/strong> offre servizi flessibili ed efficienti, garantendo un trattamento conforme e rispettoso dell&#8217;ambiente.<\/p>\n<h2>Per saperne di pi\u00f9:<\/h2>\n<p><a>Rottamatore a Fr\u00e9jus<\/a> &#8211; <a>Noleggio cassonetti a Fr\u00e9jus<\/a> &#8211; <a>Recupero metalli a Fr\u00e9jus<\/a> &#8211;<a>Trattamento rifiuti a Fr\u00e9jus<\/a><\/p>\n","protected":false},"excerpt":{"rendered":"<p>Centro rifiuti del Fr\u00e9jus: un eco-punto\/polo che serve privati e professionisti Il centro rifiuti Sclavo di Fr\u00e9jus non \u00e8 un punto di raccolta tradizionale: \u00e8 un centro ambientale locale [&hellip;]<\/p>\n","protected":false},"author":4,"featured_media":0,"parent":0,"menu_order":280,"comment_status":"closed","ping_status":"closed","template":"","meta":{"inline_featured_image":false,"footnotes":""},"class_list":["post-6529","page","type-page","status-publish","hentry"],"yoast_head":"<!-- This site is optimized with the Yoast SEO plugin v27.6 - https:\/\/yoast.com\/product\/yoast-seo-wordpress\/ -->\n<title>Centro di raccolta dei rifiuti per privati e professionisti a Fr\u00e9jus - Sclavo - Sclavo<\/title>\n<meta name=\"description\" content=\"Centro di raccolta rifiuti Fr\u00e9jus Sclavo: consegna, selezione, riciclaggio e recupero dei rifiuti per privati e professionisti. Un servizio completo, locale ed ecologico.\" \/>\n<meta name=\"robots\" content=\"index, follow, max-snippet:-1, max-image-preview:large, max-video-preview:-1\" \/>\n<link rel=\"canonical\" href=\"https:\/\/www.groupesclavo.fr\/it\/centro-di-raccolta-dei-rifiuti-per-privati-e-professionisti-a-frejus-sclavo\/\" \/>\n<meta property=\"og:locale\" content=\"it_IT\" \/>\n<meta property=\"og:type\" content=\"article\" \/>\n<meta property=\"og:title\" content=\"Centro di raccolta dei rifiuti per privati e professionisti a Fr\u00e9jus - Sclavo - Sclavo\" \/>\n<meta property=\"og:description\" content=\"Centro di raccolta rifiuti Fr\u00e9jus Sclavo: consegna, selezione, riciclaggio e recupero dei rifiuti per privati e professionisti. Un servizio completo, locale ed ecologico.\" \/>\n<meta property=\"og:url\" content=\"https:\/\/www.groupesclavo.fr\/it\/centro-di-raccolta-dei-rifiuti-per-privati-e-professionisti-a-frejus-sclavo\/\" \/>\n<meta property=\"og:site_name\" content=\"Sclavo\" \/>\n<meta property=\"article:modified_time\" content=\"2026-05-12T07:26:01+00:00\" \/>\n<meta name=\"twitter:card\" content=\"summary_large_image\" \/>\n<meta name=\"twitter:label1\" content=\"Est. reading time\" \/>\n\t<meta name=\"twitter:data1\" content=\"3 minutes\" \/>\n<script type=\"application\/ld+json\" class=\"yoast-schema-graph\">{\"@context\":\"https:\\\/\\\/schema.org\",\"@graph\":[{\"@type\":\"WebPage\",\"@id\":\"https:\\\/\\\/www.groupesclavo.fr\\\/it\\\/centro-di-raccolta-dei-rifiuti-per-privati-e-professionisti-a-frejus-sclavo\\\/\",\"url\":\"https:\\\/\\\/www.groupesclavo.fr\\\/it\\\/centro-di-raccolta-dei-rifiuti-per-privati-e-professionisti-a-frejus-sclavo\\\/\",\"name\":\"Centro di raccolta dei rifiuti per privati e professionisti a Fr\u00e9jus - Sclavo - Sclavo\",\"isPartOf\":{\"@id\":\"https:\\\/\\\/www.groupesclavo.fr\\\/it\\\/#website\"},\"datePublished\":\"2025-06-13T08:01:24+00:00\",\"dateModified\":\"2026-05-12T07:26:01+00:00\",\"description\":\"Centro di raccolta rifiuti Fr\u00e9jus Sclavo: consegna, selezione, riciclaggio e recupero dei rifiuti per privati e professionisti. Un servizio completo, locale ed ecologico.\",\"breadcrumb\":{\"@id\":\"https:\\\/\\\/www.groupesclavo.fr\\\/it\\\/centro-di-raccolta-dei-rifiuti-per-privati-e-professionisti-a-frejus-sclavo\\\/#breadcrumb\"},\"inLanguage\":\"it-IT\",\"potentialAction\":[{\"@type\":\"ReadAction\",\"target\":[\"https:\\\/\\\/www.groupesclavo.fr\\\/it\\\/centro-di-raccolta-dei-rifiuti-per-privati-e-professionisti-a-frejus-sclavo\\\/\"]}]},{\"@type\":\"BreadcrumbList\",\"@id\":\"https:\\\/\\\/www.groupesclavo.fr\\\/it\\\/centro-di-raccolta-dei-rifiuti-per-privati-e-professionisti-a-frejus-sclavo\\\/#breadcrumb\",\"itemListElement\":[{\"@type\":\"ListItem\",\"position\":1,\"name\":\"Accueil\",\"item\":\"https:\\\/\\\/www.groupesclavo.fr\\\/it\\\/\"},{\"@type\":\"ListItem\",\"position\":2,\"name\":\"Centro di raccolta dei rifiuti per privati e professionisti a Fr\u00e9jus &#8211; Sclavo\"}]},{\"@type\":\"WebSite\",\"@id\":\"https:\\\/\\\/www.groupesclavo.fr\\\/it\\\/#website\",\"url\":\"https:\\\/\\\/www.groupesclavo.fr\\\/it\\\/\",\"name\":\"Sclavo\",\"description\":\"\",\"publisher\":{\"@id\":\"https:\\\/\\\/www.groupesclavo.fr\\\/it\\\/#organization\"},\"potentialAction\":[{\"@type\":\"SearchAction\",\"target\":{\"@type\":\"EntryPoint\",\"urlTemplate\":\"https:\\\/\\\/www.groupesclavo.fr\\\/it\\\/?s={search_term_string}\"},\"query-input\":{\"@type\":\"PropertyValueSpecification\",\"valueRequired\":true,\"valueName\":\"search_term_string\"}}],\"inLanguage\":\"it-IT\"},{\"@type\":\"Organization\",\"@id\":\"https:\\\/\\\/www.groupesclavo.fr\\\/it\\\/#organization\",\"name\":\"Sclavo\",\"url\":\"https:\\\/\\\/www.groupesclavo.fr\\\/it\\\/\",\"logo\":{\"@type\":\"ImageObject\",\"inLanguage\":\"it-IT\",\"@id\":\"https:\\\/\\\/www.groupesclavo.fr\\\/it\\\/#\\\/schema\\\/logo\\\/image\\\/\",\"url\":\"https:\\\/\\\/www.groupesclavo.fr\\\/wp-content\\\/uploads\\\/2024\\\/11\\\/logo-1.svg\",\"contentUrl\":\"https:\\\/\\\/www.groupesclavo.fr\\\/wp-content\\\/uploads\\\/2024\\\/11\\\/logo-1.svg\",\"width\":191,\"height\":57,\"caption\":\"Sclavo\"},\"image\":{\"@id\":\"https:\\\/\\\/www.groupesclavo.fr\\\/it\\\/#\\\/schema\\\/logo\\\/image\\\/\"}}]}<\/script>\n<!-- \/ Yoast SEO plugin. -->","yoast_head_json":{"title":"Centro di raccolta dei rifiuti per privati e professionisti a Fr\u00e9jus - Sclavo - Sclavo","description":"Centro di raccolta rifiuti Fr\u00e9jus Sclavo: consegna, selezione, riciclaggio e recupero dei rifiuti per privati e professionisti. Un servizio completo, locale ed ecologico.","robots":{"index":"index","follow":"follow","max-snippet":"max-snippet:-1","max-image-preview":"max-image-preview:large","max-video-preview":"max-video-preview:-1"},"canonical":"https:\/\/www.groupesclavo.fr\/it\/centro-di-raccolta-dei-rifiuti-per-privati-e-professionisti-a-frejus-sclavo\/","og_locale":"it_IT","og_type":"article","og_title":"Centro di raccolta dei rifiuti per privati e professionisti a Fr\u00e9jus - Sclavo - Sclavo","og_description":"Centro di raccolta rifiuti Fr\u00e9jus Sclavo: consegna, selezione, riciclaggio e recupero dei rifiuti per privati e professionisti. Un servizio completo, locale ed ecologico.","og_url":"https:\/\/www.groupesclavo.fr\/it\/centro-di-raccolta-dei-rifiuti-per-privati-e-professionisti-a-frejus-sclavo\/","og_site_name":"Sclavo","article_modified_time":"2026-05-12T07:26:01+00:00","twitter_card":"summary_large_image","twitter_misc":{"Est. reading time":"3 minutes"},"schema":{"@context":"https:\/\/schema.org","@graph":[{"@type":"WebPage","@id":"https:\/\/www.groupesclavo.fr\/it\/centro-di-raccolta-dei-rifiuti-per-privati-e-professionisti-a-frejus-sclavo\/","url":"https:\/\/www.groupesclavo.fr\/it\/centro-di-raccolta-dei-rifiuti-per-privati-e-professionisti-a-frejus-sclavo\/","name":"Centro di raccolta dei rifiuti per privati e professionisti a Fr\u00e9jus - Sclavo - Sclavo","isPartOf":{"@id":"https:\/\/www.groupesclavo.fr\/it\/#website"},"datePublished":"2025-06-13T08:01:24+00:00","dateModified":"2026-05-12T07:26:01+00:00","description":"Centro di raccolta rifiuti Fr\u00e9jus Sclavo: consegna, selezione, riciclaggio e recupero dei rifiuti per privati e professionisti. Un servizio completo, locale ed ecologico.","breadcrumb":{"@id":"https:\/\/www.groupesclavo.fr\/it\/centro-di-raccolta-dei-rifiuti-per-privati-e-professionisti-a-frejus-sclavo\/#breadcrumb"},"inLanguage":"it-IT","potentialAction":[{"@type":"ReadAction","target":["https:\/\/www.groupesclavo.fr\/it\/centro-di-raccolta-dei-rifiuti-per-privati-e-professionisti-a-frejus-sclavo\/"]}]},{"@type":"BreadcrumbList","@id":"https:\/\/www.groupesclavo.fr\/it\/centro-di-raccolta-dei-rifiuti-per-privati-e-professionisti-a-frejus-sclavo\/#breadcrumb","itemListElement":[{"@type":"ListItem","position":1,"name":"Accueil","item":"https:\/\/www.groupesclavo.fr\/it\/"},{"@type":"ListItem","position":2,"name":"Centro di raccolta dei rifiuti per privati e professionisti a Fr\u00e9jus &#8211; Sclavo"}]},{"@type":"WebSite","@id":"https:\/\/www.groupesclavo.fr\/it\/#website","url":"https:\/\/www.groupesclavo.fr\/it\/","name":"Sclavo","description":"","publisher":{"@id":"https:\/\/www.groupesclavo.fr\/it\/#organization"},"potentialAction":[{"@type":"SearchAction","target":{"@type":"EntryPoint","urlTemplate":"https:\/\/www.groupesclavo.fr\/it\/?s={search_term_string}"},"query-input":{"@type":"PropertyValueSpecification","valueRequired":true,"valueName":"search_term_string"}}],"inLanguage":"it-IT"},{"@type":"Organization","@id":"https:\/\/www.groupesclavo.fr\/it\/#organization","name":"Sclavo","url":"https:\/\/www.groupesclavo.fr\/it\/","logo":{"@type":"ImageObject","inLanguage":"it-IT","@id":"https:\/\/www.groupesclavo.fr\/it\/#\/schema\/logo\/image\/","url":"https:\/\/www.groupesclavo.fr\/wp-content\/uploads\/2024\/11\/logo-1.svg","contentUrl":"https:\/\/www.groupesclavo.fr\/wp-content\/uploads\/2024\/11\/logo-1.svg","width":191,"height":57,"caption":"Sclavo"},"image":{"@id":"https:\/\/www.groupesclavo.fr\/it\/#\/schema\/logo\/image\/"}}]}},"_links":{"self":[{"href":"https:\/\/www.groupesclavo.fr\/it\/wp-json\/wp\/v2\/pages\/6529","targetHints":{"allow":["GET"]}}],"collection":[{"href":"https:\/\/www.groupesclavo.fr\/it\/wp-json\/wp\/v2\/pages"}],"about":[{"href":"https:\/\/www.groupesclavo.fr\/it\/wp-json\/wp\/v2\/types\/page"}],"author":[{"embeddable":true,"href":"https:\/\/www.groupesclavo.fr\/it\/wp-json\/wp\/v2\/users\/4"}],"replies":[{"embeddable":true,"href":"https:\/\/www.groupesclavo.fr\/it\/wp-json\/wp\/v2\/comments?post=6529"}],"version-history":[{"count":2,"href":"https:\/\/www.groupesclavo.fr\/it\/wp-json\/wp\/v2\/pages\/6529\/revisions"}],"predecessor-version":[{"id":6801,"href":"https:\/\/www.groupesclavo.fr\/it\/wp-json\/wp\/v2\/pages\/6529\/revisions\/6801"}],"wp:attachment":[{"href":"https:\/\/www.groupesclavo.fr\/it\/wp-json\/wp\/v2\/media?parent=6529"}],"curies":[{"name":"wp","href":"https:\/\/api.w.org\/{rel}","templated":true}]}}