{"id":6508,"date":"2025-06-11T12:44:38","date_gmt":"2025-06-11T10:44:38","guid":{"rendered":"https:\/\/www.groupesclavo.fr\/centro-professionale-di-raccolta-rifiuti-a-saint-laurent-du-var-sclavo\/"},"modified":"2026-05-12T09:25:51","modified_gmt":"2026-05-12T07:25:51","slug":"centro-professionale-di-raccolta-rifiuti-a-saint-laurent-du-var-sclavo","status":"publish","type":"page","link":"https:\/\/www.groupesclavo.fr\/it\/centro-professionale-di-raccolta-rifiuti-a-saint-laurent-du-var-sclavo\/","title":{"rendered":"Centro professionale di raccolta rifiuti a Saint-Laurent-du-Var &#8211; Sclavo"},"content":{"rendered":"<h1>\u00c9co-Relais\/P\u00f4le Sclavo: il centro rifiuti per professionisti di Saint-Laurent-du-Var<\/h1>\n<p>Il <strong>centro di smaltimento rifiuti<\/strong> <strong>di Sclavo<\/strong> <strong>a Saint-Laurent-du-Var<\/strong> svolge un ruolo fondamentale nella gestione responsabile dei rifiuti, offrendo una soluzione affidabile per le aziende che necessitano di uno smaltimento a norma. <a><strong>Sclavo Environnement<\/strong><\/a> si impegna a fornire un centro di trattamento locale, dando a tutti la possibilit\u00e0 di accedere a una gamma completa di servizi, tra cui la raccolta dei rifiuti, il recupero dei materiali metallici, il trattamento dei rottami regolamentati o convenzionali e la fornitura di cassoni per i cantieri.<\/p>\n<p>Grazie a un&#8217;ampia gamma di orari di apertura e a un&#8217;organizzazione fluida, <strong>Sclavo<\/strong> e il suo <strong>centro di raccolta rifiuti di Saint-Laurent-du-Var (06)<\/strong> garantiscono un servizio rapido, conforme e rispettoso dell&#8217;ambiente.<\/p>\n<h2>Centro rifiuti di Saint-Laurent-du-Var: Un eco-relais\/polo dedicato ai professionisti<\/h2>\n<p>La <strong>gestione professionale dei rifiuti<\/strong> \u00e8 un aspetto fondamentale per le aziende che cercano soluzioni ottimizzate, sicure e rispettose dell&#8217;ambiente. <strong>Sclavo Environnement<\/strong> mette a disposizione degli utenti professionali un <strong>centro di raccolta rifiuti a Saint-Laurent-du-Var<\/strong>, progettato per adattarsi ai vincoli del sito, sia esso commerciale, industriale o artigianale.<\/p>\n<p>Grazie a una gamma completa di servizi, tra cui il noleggio di cassoni, il recupero di materiali metallici, il trattamento di rifiuti pericolosi e il trattamento di rifiuti convenzionali, il <strong>centro rifiuti di Saint-Laurent-du-Var (Alpes-Maritimes) <\/strong>offre un supporto completo e conforme, garantendo uno smaltimento efficiente.<\/p>\n<h2>Perch\u00e9 i professionisti si affidano a Sclavo e al suo centro di smaltimento rifiuti di Saint-Laurent-du-Var?<\/h2>\n<p>Il <strong>centro rifiuti di Saint-Laurent-du-Var<\/strong> \u00e8 molto pi\u00f9 di un tradizionale punto di raccolta. \u00c8 un efficace punto di raccolta locale per i professionisti con volumi o tipi di rifiuti da trattare nel rispetto delle norme. <\/p>\n<ul>\n<li><strong>Un servizio rapido ed efficiente<\/strong>: disponibilit\u00e0 flessibile con un&#8217;ampia gamma di orari per adattarsi ai ritmi dei cantieri e delle attivit\u00e0 professionali.<\/li>\n<li><strong>Infrastrutture adattate<\/strong>: strumenti e strutture progettate per specifici tipi di rifiuti.<\/li>\n<li><strong>Assistenza su misura<\/strong>: consulenza di esperti per ottimizzare lo smistamento e il recupero, garantendo al contempo la gestione normativa.<\/li>\n<\/ul>\n<p>Con il <strong>centro di raccolta rifiuti<\/strong> di <strong>Sclavo<\/strong> <strong>a Saint-Laurent-du-Var (C\u00f4te D&#8217;azur)<\/strong>, le aziende hanno un partner affidabile per la gestione dei loro rifiuti, garantendo un servizio conforme, veloce e sostenibile.<\/p>\n<h2>Quali sono i tipi di rifiuti accettati dal centro di raccolta di Saint-Laurent-du-Var?<\/h2>\n<p>Il <strong>centro di raccolta rifiuti<\/strong> di <strong>Saint-Laurent-du-Var<\/strong> di <strong>Sclavo<\/strong> gestisce un&#8217;ampia gamma di materiali, garantendo una gestione ottimale in linea con gli standard ambientali.<\/p>\n<p><strong>I metalli<\/strong> possono essere riciclati senza alterarne le propriet\u00e0. Presso il nostro <strong>centro di raccolta rifiuti di Saint-Laurent-du-Var ([CODE_DEP)]<\/strong>), abbiamo allestito un punto dedicato al riacquisto dei metalli, che consente ai <strong>professionisti<\/strong> di consegnare e rivendere i loro rifiuti metallici. I metalli recuperati comprendono:  <\/p>\n<ul>\n<li>Rottami metallici e acciaio<\/li>\n<li>Alluminio e rame<\/li>\n<li>Ottone, zinco e acciaio inossidabile<\/li>\n<li>Motori e cavi elettrici<\/li>\n<\/ul>\n<p><strong>Riciclando i metalli<\/strong>, possiamo ridurre la nostra dipendenza dalle materie prime vergini e utilizzarle in un processo circolare che va a vantaggio dell&#8217;ambiente.<\/p>\n<p><strong>I rifiuti pericolosi<\/strong> richiedono un trattamento adeguato per evitare qualsiasi impatto tossico. Presso il <strong>centro rifiuti<\/strong> di <strong>Saint-Laurent-du-Var<\/strong> sono presenti strutture dedicate al trattamento dei rifiuti pericolosi in totale sicurezza. I rifiuti pericolosi comprendono:  <\/p>\n<ul>\n<li>Solventi e vernici usate<\/li>\n<li>Oli per motori e oli industriali<\/li>\n<li>Batterie usate<\/li>\n<li>Apparecchiature elettriche ed elettroniche fuori uso (RAEE)<\/li>\n<\/ul>\n<p>Affidando questi rifiuti al <strong>nostro deposito specializzato di Sclavo<\/strong>, i professionisti possono essere certi che saranno trattati secondo protocolli rigorosi.<\/p>\n<p>Anche se <strong>non sono tossici<\/strong>, i rifiuti <strong>non pericolosi<\/strong> devono essere gestiti correttamente per limitare il loro impatto ambientale. Il <strong>centro rifiuti<\/strong> <strong>Sclavo<\/strong> <strong>di Saint-Laurent-du-Var (Alpi Marittime)<\/strong> offre soluzioni per : <\/p>\n<ul>\n<li>Macerie e rifiuti edili<\/li>\n<li>Legno, pallet e rifiuti verdi<\/li>\n<li>Mobili ingombranti e usati<\/li>\n<li>Carta, cartone e plastica riciclabili<\/li>\n<\/ul>\n<p>Grazie a una rigorosa separazione e ad adeguate soluzioni di riutilizzo o riciclaggio, questi rifiuti vengono utilizzati in un nuovo ciclo di consumo.<\/p>\n<h2>Perch\u00e9 scegliere Sclavo e il suo centro rifiuti di Saint-Laurent-du-Var per gestire i tuoi rifiuti?<\/h2>\n<p>L&#8217;<strong>eco-relais\/polo<\/strong><strong> Sclavo a Saint-Laurent-du-Var<\/strong> offre molto di pi\u00f9 di un semplice servizio di base. Garantisce : <\/p>\n<ul>\n<li>Accessibilit\u00e0 ottimale, con orari di apertura prolungati e regolari.<\/li>\n<li>Un&#8217;offerta pensata per il settore professionale, con soluzioni logistiche in loco e recupero dei metalli.<\/li>\n<li>Un forte impegno nei confronti dell&#8217;ambiente, incoraggiando la differenziazione, il riciclo e il recupero dei rifiuti.<\/li>\n<li>Assistenza personalizzata, con contatti qualificati per consigliare ai professionisti le migliori soluzioni per la gestione dei rifiuti.<\/li>\n<\/ul>\n<p>Rivolgendoti a <strong>Sclavo<\/strong> e al suo <strong>centro di raccolta rifiuti di Saint-Laurent-du-Var<\/strong>, ti impegni a favore di una gestione sostenibile dei rifiuti e incoraggi un modello economico pi\u00f9 responsabile.<\/p>\n<p>Il <strong>centro rifiuti di Saint-Laurent-du-Var<\/strong> \u00e8 un eco-rapporto\/centro locale che offre ai <strong>professionisti<\/strong> soluzioni adeguate e responsabili per la gestione dei loro rifiuti. Grazie a un servizio completo, che comprende la raccolta dei metalli, il trattamento dei rifiuti pericolosi e il riciclaggio dei rifiuti non pericolosi, svolge un ruolo fondamentale nell&#8217;economia circolare e nel rafforzamento dei circuiti brevi di recupero. <\/p>\n<p>Il <strong>centro di raccolta rifiuti<\/strong> <strong>Sclavo<\/strong> di <strong>Saint-Laurent-du-Var (C\u00f4te D&#8217;azur)<\/strong> offre un servizio reattivo e personalizzabile, sia per un&#8217;esigenza singola che per un monitoraggio continuo, per garantire che il tuo riciclo sia appropriato e utile.<\/p>\n<h2>Per saperne di pi\u00f9 :<\/h2>\n<p><a>Rottamatore<\/a> <a>a Saint-Laurent-du-Var <\/a>&#8211; <a>Location de benne a Saint-Laurent-du-Var<\/a> &#8211; Recupero di materiali a Saint-Laurent-du-Var &#8211; <a>Trattamento di rifiuti a Saint-Laurent-du-Var<\/a> &#8211; <a>Distruzione di rifiuti in particolare a Saint-Laurent-du-Var<\/a><\/p>\n","protected":false},"excerpt":{"rendered":"<p>\u00c9co-Relais\/P\u00f4le Sclavo: il centro rifiuti per professionisti di Saint-Laurent-du-Var Il centro di smaltimento rifiuti di Sclavo a Saint-Laurent-du-Var svolge un ruolo fondamentale nella gestione responsabile dei rifiuti, offrendo una [&hellip;]<\/p>\n","protected":false},"author":4,"featured_media":0,"parent":0,"menu_order":301,"comment_status":"closed","ping_status":"closed","template":"","meta":{"inline_featured_image":false,"footnotes":""},"class_list":["post-6508","page","type-page","status-publish","hentry"],"yoast_head":"<!-- This site is optimized with the Yoast SEO plugin v27.6 - https:\/\/yoast.com\/product\/yoast-seo-wordpress\/ -->\n<title>Centro professionale di raccolta rifiuti a Saint-Laurent-du-Var - Sclavo - Sclavo<\/title>\n<meta name=\"description\" content=\"Centro di raccolta rifiuti professionale a Saint-Laurent-du-Var con Sclavo: ritiro, selezione, riciclaggio, rifiuti pericolosi e metalli. Servizi su misura per cantieri, artigiani e aziende.\" \/>\n<meta name=\"robots\" content=\"index, follow, max-snippet:-1, max-image-preview:large, max-video-preview:-1\" \/>\n<link rel=\"canonical\" href=\"https:\/\/www.groupesclavo.fr\/it\/centro-professionale-di-raccolta-rifiuti-a-saint-laurent-du-var-sclavo\/\" \/>\n<meta property=\"og:locale\" content=\"it_IT\" \/>\n<meta property=\"og:type\" content=\"article\" \/>\n<meta property=\"og:title\" content=\"Centro professionale di raccolta rifiuti a Saint-Laurent-du-Var - Sclavo - Sclavo\" \/>\n<meta property=\"og:description\" content=\"Centro di raccolta rifiuti professionale a Saint-Laurent-du-Var con Sclavo: ritiro, selezione, riciclaggio, rifiuti pericolosi e metalli. Servizi su misura per cantieri, artigiani e aziende.\" \/>\n<meta property=\"og:url\" content=\"https:\/\/www.groupesclavo.fr\/it\/centro-professionale-di-raccolta-rifiuti-a-saint-laurent-du-var-sclavo\/\" \/>\n<meta property=\"og:site_name\" content=\"Sclavo\" \/>\n<meta property=\"article:modified_time\" content=\"2026-05-12T07:25:51+00:00\" \/>\n<meta name=\"twitter:card\" content=\"summary_large_image\" \/>\n<meta name=\"twitter:label1\" content=\"Est. reading time\" \/>\n\t<meta name=\"twitter:data1\" content=\"4 minutes\" \/>\n<script type=\"application\/ld+json\" class=\"yoast-schema-graph\">{\"@context\":\"https:\\\/\\\/schema.org\",\"@graph\":[{\"@type\":\"WebPage\",\"@id\":\"https:\\\/\\\/www.groupesclavo.fr\\\/it\\\/centro-professionale-di-raccolta-rifiuti-a-saint-laurent-du-var-sclavo\\\/\",\"url\":\"https:\\\/\\\/www.groupesclavo.fr\\\/it\\\/centro-professionale-di-raccolta-rifiuti-a-saint-laurent-du-var-sclavo\\\/\",\"name\":\"Centro professionale di raccolta rifiuti a Saint-Laurent-du-Var - Sclavo - Sclavo\",\"isPartOf\":{\"@id\":\"https:\\\/\\\/www.groupesclavo.fr\\\/it\\\/#website\"},\"datePublished\":\"2025-06-11T10:44:38+00:00\",\"dateModified\":\"2026-05-12T07:25:51+00:00\",\"description\":\"Centro di raccolta rifiuti professionale a Saint-Laurent-du-Var con Sclavo: ritiro, selezione, riciclaggio, rifiuti pericolosi e metalli. Servizi su misura per cantieri, artigiani e aziende.\",\"breadcrumb\":{\"@id\":\"https:\\\/\\\/www.groupesclavo.fr\\\/it\\\/centro-professionale-di-raccolta-rifiuti-a-saint-laurent-du-var-sclavo\\\/#breadcrumb\"},\"inLanguage\":\"it-IT\",\"potentialAction\":[{\"@type\":\"ReadAction\",\"target\":[\"https:\\\/\\\/www.groupesclavo.fr\\\/it\\\/centro-professionale-di-raccolta-rifiuti-a-saint-laurent-du-var-sclavo\\\/\"]}]},{\"@type\":\"BreadcrumbList\",\"@id\":\"https:\\\/\\\/www.groupesclavo.fr\\\/it\\\/centro-professionale-di-raccolta-rifiuti-a-saint-laurent-du-var-sclavo\\\/#breadcrumb\",\"itemListElement\":[{\"@type\":\"ListItem\",\"position\":1,\"name\":\"Accueil\",\"item\":\"https:\\\/\\\/www.groupesclavo.fr\\\/it\\\/\"},{\"@type\":\"ListItem\",\"position\":2,\"name\":\"Centro professionale di raccolta rifiuti a Saint-Laurent-du-Var &#8211; Sclavo\"}]},{\"@type\":\"WebSite\",\"@id\":\"https:\\\/\\\/www.groupesclavo.fr\\\/it\\\/#website\",\"url\":\"https:\\\/\\\/www.groupesclavo.fr\\\/it\\\/\",\"name\":\"Sclavo\",\"description\":\"\",\"publisher\":{\"@id\":\"https:\\\/\\\/www.groupesclavo.fr\\\/it\\\/#organization\"},\"potentialAction\":[{\"@type\":\"SearchAction\",\"target\":{\"@type\":\"EntryPoint\",\"urlTemplate\":\"https:\\\/\\\/www.groupesclavo.fr\\\/it\\\/?s={search_term_string}\"},\"query-input\":{\"@type\":\"PropertyValueSpecification\",\"valueRequired\":true,\"valueName\":\"search_term_string\"}}],\"inLanguage\":\"it-IT\"},{\"@type\":\"Organization\",\"@id\":\"https:\\\/\\\/www.groupesclavo.fr\\\/it\\\/#organization\",\"name\":\"Sclavo\",\"url\":\"https:\\\/\\\/www.groupesclavo.fr\\\/it\\\/\",\"logo\":{\"@type\":\"ImageObject\",\"inLanguage\":\"it-IT\",\"@id\":\"https:\\\/\\\/www.groupesclavo.fr\\\/it\\\/#\\\/schema\\\/logo\\\/image\\\/\",\"url\":\"https:\\\/\\\/www.groupesclavo.fr\\\/wp-content\\\/uploads\\\/2024\\\/11\\\/logo-1.svg\",\"contentUrl\":\"https:\\\/\\\/www.groupesclavo.fr\\\/wp-content\\\/uploads\\\/2024\\\/11\\\/logo-1.svg\",\"width\":191,\"height\":57,\"caption\":\"Sclavo\"},\"image\":{\"@id\":\"https:\\\/\\\/www.groupesclavo.fr\\\/it\\\/#\\\/schema\\\/logo\\\/image\\\/\"}}]}<\/script>\n<!-- \/ Yoast SEO plugin. -->","yoast_head_json":{"title":"Centro professionale di raccolta rifiuti a Saint-Laurent-du-Var - Sclavo - Sclavo","description":"Centro di raccolta rifiuti professionale a Saint-Laurent-du-Var con Sclavo: ritiro, selezione, riciclaggio, rifiuti pericolosi e metalli. Servizi su misura per cantieri, artigiani e aziende.","robots":{"index":"index","follow":"follow","max-snippet":"max-snippet:-1","max-image-preview":"max-image-preview:large","max-video-preview":"max-video-preview:-1"},"canonical":"https:\/\/www.groupesclavo.fr\/it\/centro-professionale-di-raccolta-rifiuti-a-saint-laurent-du-var-sclavo\/","og_locale":"it_IT","og_type":"article","og_title":"Centro professionale di raccolta rifiuti a Saint-Laurent-du-Var - Sclavo - Sclavo","og_description":"Centro di raccolta rifiuti professionale a Saint-Laurent-du-Var con Sclavo: ritiro, selezione, riciclaggio, rifiuti pericolosi e metalli. Servizi su misura per cantieri, artigiani e aziende.","og_url":"https:\/\/www.groupesclavo.fr\/it\/centro-professionale-di-raccolta-rifiuti-a-saint-laurent-du-var-sclavo\/","og_site_name":"Sclavo","article_modified_time":"2026-05-12T07:25:51+00:00","twitter_card":"summary_large_image","twitter_misc":{"Est. reading time":"4 minutes"},"schema":{"@context":"https:\/\/schema.org","@graph":[{"@type":"WebPage","@id":"https:\/\/www.groupesclavo.fr\/it\/centro-professionale-di-raccolta-rifiuti-a-saint-laurent-du-var-sclavo\/","url":"https:\/\/www.groupesclavo.fr\/it\/centro-professionale-di-raccolta-rifiuti-a-saint-laurent-du-var-sclavo\/","name":"Centro professionale di raccolta rifiuti a Saint-Laurent-du-Var - Sclavo - Sclavo","isPartOf":{"@id":"https:\/\/www.groupesclavo.fr\/it\/#website"},"datePublished":"2025-06-11T10:44:38+00:00","dateModified":"2026-05-12T07:25:51+00:00","description":"Centro di raccolta rifiuti professionale a Saint-Laurent-du-Var con Sclavo: ritiro, selezione, riciclaggio, rifiuti pericolosi e metalli. Servizi su misura per cantieri, artigiani e aziende.","breadcrumb":{"@id":"https:\/\/www.groupesclavo.fr\/it\/centro-professionale-di-raccolta-rifiuti-a-saint-laurent-du-var-sclavo\/#breadcrumb"},"inLanguage":"it-IT","potentialAction":[{"@type":"ReadAction","target":["https:\/\/www.groupesclavo.fr\/it\/centro-professionale-di-raccolta-rifiuti-a-saint-laurent-du-var-sclavo\/"]}]},{"@type":"BreadcrumbList","@id":"https:\/\/www.groupesclavo.fr\/it\/centro-professionale-di-raccolta-rifiuti-a-saint-laurent-du-var-sclavo\/#breadcrumb","itemListElement":[{"@type":"ListItem","position":1,"name":"Accueil","item":"https:\/\/www.groupesclavo.fr\/it\/"},{"@type":"ListItem","position":2,"name":"Centro professionale di raccolta rifiuti a Saint-Laurent-du-Var &#8211; Sclavo"}]},{"@type":"WebSite","@id":"https:\/\/www.groupesclavo.fr\/it\/#website","url":"https:\/\/www.groupesclavo.fr\/it\/","name":"Sclavo","description":"","publisher":{"@id":"https:\/\/www.groupesclavo.fr\/it\/#organization"},"potentialAction":[{"@type":"SearchAction","target":{"@type":"EntryPoint","urlTemplate":"https:\/\/www.groupesclavo.fr\/it\/?s={search_term_string}"},"query-input":{"@type":"PropertyValueSpecification","valueRequired":true,"valueName":"search_term_string"}}],"inLanguage":"it-IT"},{"@type":"Organization","@id":"https:\/\/www.groupesclavo.fr\/it\/#organization","name":"Sclavo","url":"https:\/\/www.groupesclavo.fr\/it\/","logo":{"@type":"ImageObject","inLanguage":"it-IT","@id":"https:\/\/www.groupesclavo.fr\/it\/#\/schema\/logo\/image\/","url":"https:\/\/www.groupesclavo.fr\/wp-content\/uploads\/2024\/11\/logo-1.svg","contentUrl":"https:\/\/www.groupesclavo.fr\/wp-content\/uploads\/2024\/11\/logo-1.svg","width":191,"height":57,"caption":"Sclavo"},"image":{"@id":"https:\/\/www.groupesclavo.fr\/it\/#\/schema\/logo\/image\/"}}]}},"_links":{"self":[{"href":"https:\/\/www.groupesclavo.fr\/it\/wp-json\/wp\/v2\/pages\/6508","targetHints":{"allow":["GET"]}}],"collection":[{"href":"https:\/\/www.groupesclavo.fr\/it\/wp-json\/wp\/v2\/pages"}],"about":[{"href":"https:\/\/www.groupesclavo.fr\/it\/wp-json\/wp\/v2\/types\/page"}],"author":[{"embeddable":true,"href":"https:\/\/www.groupesclavo.fr\/it\/wp-json\/wp\/v2\/users\/4"}],"replies":[{"embeddable":true,"href":"https:\/\/www.groupesclavo.fr\/it\/wp-json\/wp\/v2\/comments?post=6508"}],"version-history":[{"count":2,"href":"https:\/\/www.groupesclavo.fr\/it\/wp-json\/wp\/v2\/pages\/6508\/revisions"}],"predecessor-version":[{"id":6785,"href":"https:\/\/www.groupesclavo.fr\/it\/wp-json\/wp\/v2\/pages\/6508\/revisions\/6785"}],"wp:attachment":[{"href":"https:\/\/www.groupesclavo.fr\/it\/wp-json\/wp\/v2\/media?parent=6508"}],"curies":[{"name":"wp","href":"https:\/\/api.w.org\/{rel}","templated":true}]}}