{"id":6458,"date":"2025-06-09T10:23:10","date_gmt":"2025-06-09T08:23:10","guid":{"rendered":"https:\/\/www.groupesclavo.fr\/professionisti\/"},"modified":"2026-05-12T14:12:04","modified_gmt":"2026-05-12T12:12:04","slug":"professionisti","status":"publish","type":"page","link":"https:\/\/www.groupesclavo.fr\/it\/professionisti\/","title":{"rendered":"Professionisti"},"content":{"rendered":"<div id=\"pl-6458\"  class=\"panel-layout\" ><div id=\"pg-6458-0\"  class=\"panel-grid panel-no-style\" ><div id=\"pgc-6458-0-0\"  class=\"panel-grid-cell\" ><div id=\"panel-6458-0-0-0\" class=\"so-panel widget widget_sow-editor panel-first-child panel-last-child\" data-index=\"0\" ><div\n\t\t\t\n\t\t\tclass=\"so-widget-sow-editor so-widget-sow-editor-base\"\n\t\t\t\n\t\t>\n<div class=\"siteorigin-widget-tinymce textwidget\">\n\t<h1>Gestione globale dei rifiuti professionali<\/h1>\n<p>In qualit\u00e0 di attore nel campo delle nuove risorse e promotore dell'economia circolare, il Gruppo SCLAVO ENVIRONNEMENT supporta tutti i professionisti nell'adempimento delle loro <strong>responsabilit\u00e0 nella gestione dei rifiuti pericolosi e non pericolosi<\/strong>.<\/p>\n<p>Nell'ambito del suo costante impegno per ottimizzare la gestione dei rifiuti industriali, il Gruppo SCLAVO ENVIRONNEMENT crea costantemente nuove <strong>soluzioni<\/strong> (riciclaggio di imbarcazioni da diporto) e offre nuovi servizi (distruzione di archivi, professionisti del settore automobilistico) per affrontare la grande sfida del recupero del 100% dei materiali dai rifiuti.<\/p>\n<p>Il nostro supporto a tutti i professionisti, agli artigiani dell'edilizia e dell'ingegneria civile, alle case automobilistiche, alle aziende e alle industrie di ogni tipo si basa sui valori effettivi di :<\/p>\n<ul>\n<li>Supporto per ogni professionista<\/li>\n<li>Consigli<\/li>\n<li>Prossimit\u00e0<\/li>\n<li>Reattivit\u00e0<\/li>\n<li>Facilit\u00e0 d'uso<\/li>\n<li>Realizzato su misura<\/li>\n<\/ul>\n<\/div>\n<\/div><\/div><\/div><\/div><div id=\"pg-6458-1\"  class=\"panel-grid panel-has-style\" ><div class=\"panel-row-style panel-row-style-for-6458-1\" ><div id=\"pgc-6458-1-0\"  class=\"panel-grid-cell\" ><div id=\"panel-6458-1-0-0\" class=\"so-panel widget widget_sow-editor panel-first-child panel-last-child\" data-index=\"1\" ><div class=\"panel-widget-style panel-widget-style-for-6458-1-0-0\" ><div\n\t\t\t\n\t\t\tclass=\"so-widget-sow-editor so-widget-sow-editor-base\"\n\t\t\t\n\t\t>\n<div class=\"siteorigin-widget-tinymce textwidget\">\n\t<h2>I tuoi rifiuti sono una risorsa<\/h2>\n<p>In qualit\u00e0 di partner locale dei professionisti della Costa Azzurra, il Gruppo SCLAVO ENVIRONNEMENT ha predisposto una serie di servizi per soddisfare tutte le loro esigenze.<\/p>\n<h2>RICERCA E CONSULENZA<\/h2>\n<p>Ottimizzare la gestione dei rifiuti, semplificare il modo in cui svolgi le tue mansioni e ridurre i costi sono al centro dei consigli che i nostri professionisti del settore ti forniscono dopo aver visitato la tua sede.<\/p>\n<\/div>\n<\/div><\/div><\/div><\/div><div id=\"pgc-6458-1-1\"  class=\"panel-grid-cell\" ><div id=\"panel-6458-1-1-0\" class=\"so-panel widget widget_media_image panel-first-child panel-last-child\" data-index=\"2\" ><img loading=\"lazy\" decoding=\"async\" width=\"1920\" height=\"2560\" src=\"https:\/\/www.groupesclavo.fr\/wp-content\/uploads\/2025\/12\/pro-1-scaled.jpg\" class=\"image wp-image-4988  attachment-full size-full\" alt=\"\" style=\"max-width: 100%; height: auto;\" srcset=\"https:\/\/www.groupesclavo.fr\/wp-content\/uploads\/2025\/12\/pro-1-scaled.jpg 1920w, https:\/\/www.groupesclavo.fr\/wp-content\/uploads\/2025\/12\/pro-1-scaled-225x300.jpg 225w, https:\/\/www.groupesclavo.fr\/wp-content\/uploads\/2025\/12\/pro-1-scaled-768x1024.jpg 768w\" sizes=\"auto, (max-width: 1920px) 100vw, 1920px\" \/><\/div><\/div><\/div><\/div><div id=\"pg-6458-2\"  class=\"panel-grid panel-no-style\" ><div id=\"pgc-6458-2-0\"  class=\"panel-grid-cell\" ><div id=\"panel-6458-2-0-0\" class=\"so-panel widget widget_media_image panel-first-child panel-last-child\" data-index=\"3\" ><img loading=\"lazy\" decoding=\"async\" width=\"960\" height=\"544\" src=\"https:\/\/www.groupesclavo.fr\/wp-content\/uploads\/2025\/12\/DJI_0561.png\" class=\"image wp-image-4998  attachment-full size-full\" alt=\"\" style=\"max-width: 100%; height: auto;\" srcset=\"https:\/\/www.groupesclavo.fr\/wp-content\/uploads\/2025\/12\/DJI_0561.png 960w, https:\/\/www.groupesclavo.fr\/wp-content\/uploads\/2025\/12\/DJI_0561-300x170.png 300w\" sizes=\"auto, (max-width: 960px) 100vw, 960px\" \/><\/div><\/div><div id=\"pgc-6458-2-1\"  class=\"panel-grid-cell\" ><div id=\"panel-6458-2-1-0\" class=\"so-panel widget widget_sow-editor panel-first-child panel-last-child\" data-index=\"4\" ><div\n\t\t\t\n\t\t\tclass=\"so-widget-sow-editor so-widget-sow-editor-base\"\n\t\t\t\n\t\t>\n<div class=\"siteorigin-widget-tinymce textwidget\">\n\t<div class=\"elementor-element elementor-widget elementor-widget-heading\" data-element_type=\"widget\" data-widget_type=\"heading.default\">\n<div class=\"elementor-widget-container\">\n<h2 class=\"elementor-heading-title elementor-size-default\">Consegna volontaria a pro<\/h2>\n<\/div>\n<\/div>\n<div class=\"elementor-element elementor-widget elementor-widget-text-editor\" data-element_type=\"widget\" data-widget_type=\"text-editor.default\">\n<div class=\"elementor-widget-container\">\n<div class=\"elementor-text-editor elementor-clearfix\">\n<p><strong>Un servizio globale, una presenza locale  <\/strong><\/p>\n<p>Risparmia sui costi di ritiro nelle Alpes-Maritimes, Var e C\u00f4te D'Azur.<\/p>\n<p>Risparmia tempo grazie alle zone pre-progettate per facilitare lo scarico e all'apertura 6 giorni su 7 per preservare la tua libert\u00e0 organizzativa e permetterti di operare in orari non di punta.<\/p>\n<p>La tua iscrizione automatizza le formalit\u00e0. Il tuo account PRO ti offre una serie di vantaggi. <\/p>\n<div class=\"btn_orange_fleche btn\"><a href=\"https:\/\/www.groupesclavo.fr\/it\/i-nostri-siti\/\">Trova il tuo sito locale<\/a><\/div>\n<p>&nbsp;<\/p>\n<\/div>\n<\/div>\n<\/div>\n<\/div>\n<\/div><\/div><\/div><\/div><div id=\"pg-6458-3\"  class=\"panel-grid panel-no-style\" ><div id=\"pgc-6458-3-0\"  class=\"panel-grid-cell\" ><div id=\"panel-6458-3-0-0\" class=\"so-panel widget widget_sow-editor panel-first-child panel-last-child\" data-index=\"5\" ><div\n\t\t\t\n\t\t\tclass=\"so-widget-sow-editor so-widget-sow-editor-base\"\n\t\t\t\n\t\t>\n<div class=\"siteorigin-widget-tinymce textwidget\">\n\t<h2>Acquistare carta, cartone e plastica<\/h2>\n<p><strong>Carta, cartone, plastica, vetro e legno<\/strong> fanno parte delle responsabilit\u00e0 che i produttori di rifiuti devono gestire. Questi <strong>5 flussi di rifiuti<\/strong> devono ora essere differenziati alla fonte: il Decreto 5 flussi in tutte le Alpes-Maritimes, C\u00f4te D'Azur e Monaco. <\/p>\n<p>Garantiamo una grande capacit\u00e0 di stoccaggio per gli <strong>industriali, gli artigiani, coloro che si occupano di edilizia e ingegneria civile o dell'industria automobilistica<\/strong>, e forniamo loro un imballaggio adeguato e un servizio di ritiro autorizzato.<\/p>\n<p>Puoi anche optare per il conferimento volontario presso i nostri <strong>3 Eco-Poli di riciclaggio<\/strong> (Rifiuti pericolosi, Rifiuti non pericolosi, Ferri e Metalli) e i nostri <strong>4 Eco-Relays<\/strong>.<\/p>\n<p>I nostri acquisti vengono effettuati in contanti, in base alla qualit\u00e0 e alla quantit\u00e0, a prezzi correnti.<\/p>\n<div class=\"btn_orange_fleche btn\"><a href=\"tel:0497120202\">Chiama il tuo esperto al numero 04 97 12 02 02  <\/a><\/div>\n<\/div>\n<\/div><\/div><\/div><div id=\"pgc-6458-3-1\"  class=\"panel-grid-cell\" ><div id=\"panel-6458-3-1-0\" class=\"so-panel widget widget_media_image panel-first-child panel-last-child\" data-index=\"6\" ><img loading=\"lazy\" decoding=\"async\" width=\"1024\" height=\"768\" src=\"https:\/\/www.groupesclavo.fr\/wp-content\/uploads\/2025\/06\/p1177451-1024x768-1.jpg\" class=\"image wp-image-4052  attachment-full size-full\" alt=\"\" style=\"max-width: 100%; height: auto;\" srcset=\"https:\/\/www.groupesclavo.fr\/wp-content\/uploads\/2025\/06\/p1177451-1024x768-1.jpg 1024w, https:\/\/www.groupesclavo.fr\/wp-content\/uploads\/2025\/06\/p1177451-1024x768-1-300x225.jpg 300w\" sizes=\"auto, (max-width: 1024px) 100vw, 1024px\" \/><\/div><\/div><\/div><div id=\"pg-6458-4\"  class=\"panel-grid panel-no-style\" ><div id=\"pgc-6458-4-0\"  class=\"panel-grid-cell\" ><div id=\"panel-6458-4-0-0\" class=\"so-panel widget widget_media_image panel-first-child panel-last-child\" data-index=\"7\" ><img loading=\"lazy\" decoding=\"async\" width=\"1920\" height=\"2560\" src=\"https:\/\/www.groupesclavo.fr\/wp-content\/uploads\/2025\/12\/P1199921-scaled.jpg\" class=\"image wp-image-4997  attachment-full size-full\" alt=\"\" style=\"max-width: 100%; height: auto;\" srcset=\"https:\/\/www.groupesclavo.fr\/wp-content\/uploads\/2025\/12\/P1199921-scaled.jpg 1920w, https:\/\/www.groupesclavo.fr\/wp-content\/uploads\/2025\/12\/P1199921-scaled-225x300.jpg 225w, https:\/\/www.groupesclavo.fr\/wp-content\/uploads\/2025\/12\/P1199921-scaled-768x1024.jpg 768w\" sizes=\"auto, (max-width: 1920px) 100vw, 1920px\" \/><\/div><\/div><div id=\"pgc-6458-4-1\"  class=\"panel-grid-cell\" ><div id=\"panel-6458-4-1-0\" class=\"so-panel widget widget_sow-editor panel-first-child panel-last-child\" data-index=\"8\" ><div\n\t\t\t\n\t\t\tclass=\"so-widget-sow-editor so-widget-sow-editor-base\"\n\t\t\t\n\t\t>\n<div class=\"siteorigin-widget-tinymce textwidget\">\n\t<div class=\"elementor-element elementor-widget elementor-widget-heading\" data-element_type=\"widget\" data-widget_type=\"heading.default\">\n<div class=\"elementor-widget-container\">\n<h2 class=\"elementor-heading-title elementor-size-default\">I tuoi servizi RNP<br \/>(rifiuti non pericolosi)<\/h2>\n<\/div>\n<\/div>\n<div class=\"elementor-element elementor-widget elementor-widget-text-editor\" data-element_type=\"widget\" data-widget_type=\"text-editor.default\">\n<div class=\"elementor-widget-container\">\n<div class=\"elementor-text-editor elementor-clearfix\">\n<p>Cosa fai con <strong>macerie, vetro, cartone, carta, piante, plastica, PVC, pneumatici, gesso, plastica dura<\/strong> (PP),<strong> rifiuti ingombranti, legno A \/ legno B<\/strong>... quando gestisci un'attivit\u00e0 industriale, professionale o artigianale?<\/p>\n<p>Cerca una <strong>soluzione locale<\/strong> in Provenza, Alpes-Maritimes o C\u00f4te D'azur grazie alla rete di Eco Relais o all'Eco P\u00f4le central recyclage Dechets Non Dangereux di Fr\u00e9jus.<\/p>\n<p>Le nostre soluzioni su misura sono progettate per soddisfare le tue esigenze specifiche:<\/p>\n<ul>\n<li>revisione contabile<\/li>\n<li>raccolta autorizzata da personale addestrato e veicoli attrezzati<\/li>\n<li>acquista ferri da stiro metallo carta plastica...<\/li>\n<li>Eco-cantiere o Eco-workshop<\/li>\n<\/ul>\n<\/div>\n<\/div>\n<\/div>\n<\/div>\n<\/div><\/div><\/div><\/div><div id=\"pg-6458-5\"  class=\"panel-grid panel-no-style\" ><div id=\"pgc-6458-5-0\"  class=\"panel-grid-cell\" ><div id=\"panel-6458-5-0-0\" class=\"so-panel widget widget_sow-editor panel-first-child panel-last-child\" data-index=\"9\" ><div\n\t\t\t\n\t\t\tclass=\"so-widget-sow-editor so-widget-sow-editor-base\"\n\t\t\t\n\t\t>\n<div class=\"siteorigin-widget-tinymce textwidget\">\n\t<h2>I nostri servizi sono specifici<\/h2>\n<h3>Amianto e fibrocemento legati<\/h3>\n<p>Visita una delle nostre 3 sedi locali per far <a href=\"https:\/\/www.groupesclavo.fr\/it\/i-tuoi-rifiuti\/amianto-e-piombo\/\">confluire i tuoi rifiuti di amianto in<\/a>un servizio di raccolta volontaria approvato.<\/p>\n<h3>Riciclaggio di barche da diporto<\/h3>\n<p>L'industria nautica francese \u00e8 leader in questo campo e il Gruppo Sclavo Environnement, un attore chiave sia sulla costa che tra gli eco-navigatori, \u00e8 un partner naturale<br \/>del programma <a href=\"https:\/\/www.recyclermonbateau.fr\/\" target=\"_blank\" rel=\"noopener\">APER<\/a> per la <strong>demolizione di imbarcazioni da diporto e sportive<\/strong>.<\/p>\n<p>Hai bisogno di smantellare la tua barca? <a href=\"https:\/\/www.groupesclavo.fr\/it\/chi-siamo\/\">Scopri di pi\u00f9 sul nostro processo di movimentazione<\/a> e sulle nostre soluzioni Eco Nautiche responsabili.<\/p>\n<\/div>\n<\/div><\/div><\/div><div id=\"pgc-6458-5-1\"  class=\"panel-grid-cell\" ><div id=\"panel-6458-5-1-0\" class=\"so-panel widget widget_media_image panel-first-child panel-last-child\" data-index=\"10\" ><img loading=\"lazy\" decoding=\"async\" width=\"2560\" height=\"1440\" src=\"https:\/\/www.groupesclavo.fr\/wp-content\/uploads\/2025\/12\/DSC_5879-scaled.jpg\" class=\"image wp-image-5000  attachment-full size-full\" alt=\"\" style=\"max-width: 100%; height: auto;\" srcset=\"https:\/\/www.groupesclavo.fr\/wp-content\/uploads\/2025\/12\/DSC_5879-scaled.jpg 2560w, https:\/\/www.groupesclavo.fr\/wp-content\/uploads\/2025\/12\/DSC_5879-scaled-300x169.jpg 300w, https:\/\/www.groupesclavo.fr\/wp-content\/uploads\/2025\/12\/DSC_5879-scaled-1024x576.jpg 1024w\" sizes=\"auto, (max-width: 2560px) 100vw, 2560px\" \/><\/div><\/div><\/div><div id=\"pg-6458-6\"  class=\"panel-grid panel-no-style\" ><div id=\"pgc-6458-6-0\"  class=\"panel-grid-cell\" ><div id=\"panel-6458-6-0-0\" class=\"so-panel widget widget_media_image panel-first-child panel-last-child\" data-index=\"11\" ><img loading=\"lazy\" decoding=\"async\" width=\"1024\" height=\"682\" src=\"https:\/\/www.groupesclavo.fr\/wp-content\/uploads\/2025\/06\/garage-automobile-eco-atelier-sclavo-1024x682-2.jpg\" class=\"image wp-image-4374  attachment-full size-full\" alt=\"\" style=\"max-width: 100%; height: auto;\" srcset=\"https:\/\/www.groupesclavo.fr\/wp-content\/uploads\/2025\/06\/garage-automobile-eco-atelier-sclavo-1024x682-2.jpg 1024w, https:\/\/www.groupesclavo.fr\/wp-content\/uploads\/2025\/06\/garage-automobile-eco-atelier-sclavo-1024x682-2-300x200.jpg 300w\" sizes=\"auto, (max-width: 1024px) 100vw, 1024px\" \/><\/div><\/div><div id=\"pgc-6458-6-1\"  class=\"panel-grid-cell\" ><div id=\"panel-6458-6-1-0\" class=\"so-panel widget widget_sow-editor panel-first-child panel-last-child\" data-index=\"12\" ><div\n\t\t\t\n\t\t\tclass=\"so-widget-sow-editor so-widget-sow-editor-base\"\n\t\t\t\n\t\t>\n<div class=\"siteorigin-widget-tinymce textwidget\">\n\t<h2>Eco-workshop industria automobilistica e officine<\/h2>\n<p>La riparazione e la manutenzione dei veicoli generano una grande quantit\u00e0 di rifiuti specifici, molti dei quali sono pericolosi. Il Gruppo Sclavo Environnement aiuta le <strong>officine, i concessionari e gli autoriparatori<\/strong> a gestire i loro rifiuti offrendo una soluzione specifica di <strong>preselezione, raccolta e recupero<\/strong>: l'<strong>Eco Atelier<\/strong>. Riciclare le batterie esauste o raccogliere l'olio usato?  <\/p>\n<\/div>\n<\/div><\/div><\/div><\/div><div id=\"pg-6458-7\"  class=\"panel-grid panel-no-style\" ><div id=\"pgc-6458-7-0\"  class=\"panel-grid-cell\" ><div id=\"panel-6458-7-0-0\" class=\"so-panel widget widget_sow-editor panel-first-child panel-last-child\" data-index=\"13\" ><div\n\t\t\t\n\t\t\tclass=\"so-widget-sow-editor so-widget-sow-editor-base\"\n\t\t\t\n\t\t>\n<div class=\"siteorigin-widget-tinymce textwidget\">\n\t<h2>Rifiuti EEE: un'offerta all-inclusive<\/h2>\n<p>I <strong>rifiuti di apparecchiature elettriche ed elettroniche (RAEE<\/strong> ) sono in rapida crescita nelle Alpes-Maritimes e nel Var. Il recupero o lo smaltimento a fine vita di questi prodotti \u00e8 una responsabilit\u00e0 legale che il Gruppo Sclavo Environnement pu\u00f2 aiutarti a rispettare. <\/p>\n<p>Banchieri, scuole, ospedali, aziende con grandi parchi informatici, ecc. Privati e artigiani, in particolare nel settore dell'edilizia e dell'ingegneria civile, rivenditori, ecc. Gestiamo tutti questi articoli attraverso un servizio completo di consegna volontaria presso i centri di raccolta dei rifiuti o gli Eco Relais e di raccolta occasionale presso le aziende.<\/p>\n<p>Hai bisogno di un sistema di archiviazione per ogni famiglia di prodotti?<\/p>\n<div class=\"btn_orange_fleche btn\"><a href=\"https:\/\/www.groupesclavo.fr\/it\/contattaci\/\">Contattaci<\/a><\/div>\n<\/div>\n<\/div><\/div><\/div><div id=\"pgc-6458-7-1\"  class=\"panel-grid-cell\" ><div id=\"panel-6458-7-1-0\" class=\"so-panel widget widget_media_image panel-first-child panel-last-child\" data-index=\"14\" ><img loading=\"lazy\" decoding=\"async\" width=\"1024\" height=\"680\" src=\"https:\/\/www.groupesclavo.fr\/wp-content\/uploads\/2025\/06\/DEEE-groupe-sclavo-environnement-1024x680-1.jpg\" class=\"image wp-image-4062  attachment-full size-full\" alt=\"\" style=\"max-width: 100%; height: auto;\" srcset=\"https:\/\/www.groupesclavo.fr\/wp-content\/uploads\/2025\/06\/DEEE-groupe-sclavo-environnement-1024x680-1.jpg 1024w, https:\/\/www.groupesclavo.fr\/wp-content\/uploads\/2025\/06\/DEEE-groupe-sclavo-environnement-1024x680-1-300x199.jpg 300w\" sizes=\"auto, (max-width: 1024px) 100vw, 1024px\" \/><\/div><\/div><\/div><div id=\"pg-6458-8\"  class=\"panel-grid panel-no-style\" ><div id=\"pgc-6458-8-0\"  class=\"panel-grid-cell\" ><div id=\"panel-6458-8-0-0\" class=\"so-panel widget widget_media_image panel-first-child panel-last-child\" data-index=\"15\" ><img loading=\"lazy\" decoding=\"async\" width=\"1024\" height=\"986\" src=\"https:\/\/www.groupesclavo.fr\/wp-content\/uploads\/2025\/06\/p1155489-e1663074702686-1024x986-1.jpg\" class=\"image wp-image-4063  attachment-full size-full\" alt=\"\" style=\"max-width: 100%; height: auto;\" srcset=\"https:\/\/www.groupesclavo.fr\/wp-content\/uploads\/2025\/06\/p1155489-e1663074702686-1024x986-1.jpg 1024w, https:\/\/www.groupesclavo.fr\/wp-content\/uploads\/2025\/06\/p1155489-e1663074702686-1024x986-1-300x289.jpg 300w\" sizes=\"auto, (max-width: 1024px) 100vw, 1024px\" \/><\/div><\/div><div id=\"pgc-6458-8-1\"  class=\"panel-grid-cell\" ><div id=\"panel-6458-8-1-0\" class=\"so-panel widget widget_sow-editor panel-first-child panel-last-child\" data-index=\"16\" ><div\n\t\t\t\n\t\t\tclass=\"so-widget-sow-editor so-widget-sow-editor-base\"\n\t\t\t\n\t\t>\n<div class=\"siteorigin-widget-tinymce textwidget\">\n\t<h2>Gestione complessiva dei rifiuti pericolosi in C\u00f4te D'Azur<\/h2>\n<p>Produci rifiuti di vernici, rivestimenti per facciate, imballaggi vuoti sporchi, aerosol, oli neri o commestibili, filtri dell'aria per carburanti o persino acidi e basi fitosanitarie.<\/p>\n<p>Il Gruppo Sclavo Environnement ha studiato per te soluzioni <strong>specializzate per la raccolta<\/strong> e il riciclaggio, oltre a una tracciabilit\u00e0 esemplare per garantirti il <strong>rispetto della<\/strong> legge.<\/p>\n<div class=\"btn_orange_fleche btn\"><a href=\"https:\/\/www.groupesclavo.fr\/it\/contattaci\/\">Informazioni e preventivi<\/a><\/div>\n<\/div>\n<\/div><\/div><\/div><\/div><\/div>","protected":false},"excerpt":{"rendered":"<p>Gestione globale dei rifiuti professionali In qualit\u00e0 di attore nel campo delle nuove risorse e promotore dell&#8217;economia circolare, il Gruppo SCLAVO ENVIRONNEMENT supporta tutti i professionisti nell&#8217;adempimento delle loro [&hellip;]<\/p>\n","protected":false},"author":4,"featured_media":0,"parent":0,"menu_order":386,"comment_status":"closed","ping_status":"closed","template":"","meta":{"inline_featured_image":false,"footnotes":""},"class_list":["post-6458","page","type-page","status-publish","hentry"],"yoast_head":"<!-- This site is optimized with the Yoast SEO plugin v27.6 - https:\/\/yoast.com\/product\/yoast-seo-wordpress\/ -->\n<title>Professionisti - Sclavo<\/title>\n<meta name=\"robots\" content=\"index, follow, max-snippet:-1, max-image-preview:large, max-video-preview:-1\" \/>\n<link rel=\"canonical\" href=\"https:\/\/www.groupesclavo.fr\/it\/professionisti\/\" \/>\n<meta property=\"og:locale\" content=\"it_IT\" \/>\n<meta property=\"og:type\" content=\"article\" \/>\n<meta property=\"og:title\" content=\"Professionisti - Sclavo\" \/>\n<meta property=\"og:description\" content=\"Gestione globale dei rifiuti professionali In qualit\u00e0 di attore nel campo delle nuove risorse e promotore dell&#039;economia circolare, il Gruppo SCLAVO ENVIRONNEMENT supporta tutti i professionisti nell&#039;adempimento delle loro [&hellip;]\" \/>\n<meta property=\"og:url\" content=\"https:\/\/www.groupesclavo.fr\/it\/professionisti\/\" \/>\n<meta property=\"og:site_name\" content=\"Sclavo\" \/>\n<meta property=\"article:modified_time\" content=\"2026-05-12T12:12:04+00:00\" \/>\n<meta name=\"twitter:card\" content=\"summary_large_image\" \/>\n<script type=\"application\/ld+json\" class=\"yoast-schema-graph\">{\"@context\":\"https:\\\/\\\/schema.org\",\"@graph\":[{\"@type\":\"WebPage\",\"@id\":\"https:\\\/\\\/www.groupesclavo.fr\\\/it\\\/professionisti\\\/\",\"url\":\"https:\\\/\\\/www.groupesclavo.fr\\\/it\\\/professionisti\\\/\",\"name\":\"Professionisti - Sclavo\",\"isPartOf\":{\"@id\":\"https:\\\/\\\/www.groupesclavo.fr\\\/it\\\/#website\"},\"datePublished\":\"2025-06-09T08:23:10+00:00\",\"dateModified\":\"2026-05-12T12:12:04+00:00\",\"breadcrumb\":{\"@id\":\"https:\\\/\\\/www.groupesclavo.fr\\\/it\\\/professionisti\\\/#breadcrumb\"},\"inLanguage\":\"it-IT\",\"potentialAction\":[{\"@type\":\"ReadAction\",\"target\":[\"https:\\\/\\\/www.groupesclavo.fr\\\/it\\\/professionisti\\\/\"]}]},{\"@type\":\"BreadcrumbList\",\"@id\":\"https:\\\/\\\/www.groupesclavo.fr\\\/it\\\/professionisti\\\/#breadcrumb\",\"itemListElement\":[{\"@type\":\"ListItem\",\"position\":1,\"name\":\"Accueil\",\"item\":\"https:\\\/\\\/www.groupesclavo.fr\\\/it\\\/\"},{\"@type\":\"ListItem\",\"position\":2,\"name\":\"Professionisti\"}]},{\"@type\":\"WebSite\",\"@id\":\"https:\\\/\\\/www.groupesclavo.fr\\\/it\\\/#website\",\"url\":\"https:\\\/\\\/www.groupesclavo.fr\\\/it\\\/\",\"name\":\"Sclavo\",\"description\":\"\",\"publisher\":{\"@id\":\"https:\\\/\\\/www.groupesclavo.fr\\\/it\\\/#organization\"},\"potentialAction\":[{\"@type\":\"SearchAction\",\"target\":{\"@type\":\"EntryPoint\",\"urlTemplate\":\"https:\\\/\\\/www.groupesclavo.fr\\\/it\\\/?s={search_term_string}\"},\"query-input\":{\"@type\":\"PropertyValueSpecification\",\"valueRequired\":true,\"valueName\":\"search_term_string\"}}],\"inLanguage\":\"it-IT\"},{\"@type\":\"Organization\",\"@id\":\"https:\\\/\\\/www.groupesclavo.fr\\\/it\\\/#organization\",\"name\":\"Sclavo\",\"url\":\"https:\\\/\\\/www.groupesclavo.fr\\\/it\\\/\",\"logo\":{\"@type\":\"ImageObject\",\"inLanguage\":\"it-IT\",\"@id\":\"https:\\\/\\\/www.groupesclavo.fr\\\/it\\\/#\\\/schema\\\/logo\\\/image\\\/\",\"url\":\"https:\\\/\\\/www.groupesclavo.fr\\\/wp-content\\\/uploads\\\/2024\\\/11\\\/logo-1.svg\",\"contentUrl\":\"https:\\\/\\\/www.groupesclavo.fr\\\/wp-content\\\/uploads\\\/2024\\\/11\\\/logo-1.svg\",\"width\":191,\"height\":57,\"caption\":\"Sclavo\"},\"image\":{\"@id\":\"https:\\\/\\\/www.groupesclavo.fr\\\/it\\\/#\\\/schema\\\/logo\\\/image\\\/\"}}]}<\/script>\n<!-- \/ Yoast SEO plugin. -->","yoast_head_json":{"title":"Professionisti - Sclavo","robots":{"index":"index","follow":"follow","max-snippet":"max-snippet:-1","max-image-preview":"max-image-preview:large","max-video-preview":"max-video-preview:-1"},"canonical":"https:\/\/www.groupesclavo.fr\/it\/professionisti\/","og_locale":"it_IT","og_type":"article","og_title":"Professionisti - Sclavo","og_description":"Gestione globale dei rifiuti professionali In qualit\u00e0 di attore nel campo delle nuove risorse e promotore dell'economia circolare, il Gruppo SCLAVO ENVIRONNEMENT supporta tutti i professionisti nell'adempimento delle loro [&hellip;]","og_url":"https:\/\/www.groupesclavo.fr\/it\/professionisti\/","og_site_name":"Sclavo","article_modified_time":"2026-05-12T12:12:04+00:00","twitter_card":"summary_large_image","schema":{"@context":"https:\/\/schema.org","@graph":[{"@type":"WebPage","@id":"https:\/\/www.groupesclavo.fr\/it\/professionisti\/","url":"https:\/\/www.groupesclavo.fr\/it\/professionisti\/","name":"Professionisti - Sclavo","isPartOf":{"@id":"https:\/\/www.groupesclavo.fr\/it\/#website"},"datePublished":"2025-06-09T08:23:10+00:00","dateModified":"2026-05-12T12:12:04+00:00","breadcrumb":{"@id":"https:\/\/www.groupesclavo.fr\/it\/professionisti\/#breadcrumb"},"inLanguage":"it-IT","potentialAction":[{"@type":"ReadAction","target":["https:\/\/www.groupesclavo.fr\/it\/professionisti\/"]}]},{"@type":"BreadcrumbList","@id":"https:\/\/www.groupesclavo.fr\/it\/professionisti\/#breadcrumb","itemListElement":[{"@type":"ListItem","position":1,"name":"Accueil","item":"https:\/\/www.groupesclavo.fr\/it\/"},{"@type":"ListItem","position":2,"name":"Professionisti"}]},{"@type":"WebSite","@id":"https:\/\/www.groupesclavo.fr\/it\/#website","url":"https:\/\/www.groupesclavo.fr\/it\/","name":"Sclavo","description":"","publisher":{"@id":"https:\/\/www.groupesclavo.fr\/it\/#organization"},"potentialAction":[{"@type":"SearchAction","target":{"@type":"EntryPoint","urlTemplate":"https:\/\/www.groupesclavo.fr\/it\/?s={search_term_string}"},"query-input":{"@type":"PropertyValueSpecification","valueRequired":true,"valueName":"search_term_string"}}],"inLanguage":"it-IT"},{"@type":"Organization","@id":"https:\/\/www.groupesclavo.fr\/it\/#organization","name":"Sclavo","url":"https:\/\/www.groupesclavo.fr\/it\/","logo":{"@type":"ImageObject","inLanguage":"it-IT","@id":"https:\/\/www.groupesclavo.fr\/it\/#\/schema\/logo\/image\/","url":"https:\/\/www.groupesclavo.fr\/wp-content\/uploads\/2024\/11\/logo-1.svg","contentUrl":"https:\/\/www.groupesclavo.fr\/wp-content\/uploads\/2024\/11\/logo-1.svg","width":191,"height":57,"caption":"Sclavo"},"image":{"@id":"https:\/\/www.groupesclavo.fr\/it\/#\/schema\/logo\/image\/"}}]}},"_links":{"self":[{"href":"https:\/\/www.groupesclavo.fr\/it\/wp-json\/wp\/v2\/pages\/6458","targetHints":{"allow":["GET"]}}],"collection":[{"href":"https:\/\/www.groupesclavo.fr\/it\/wp-json\/wp\/v2\/pages"}],"about":[{"href":"https:\/\/www.groupesclavo.fr\/it\/wp-json\/wp\/v2\/types\/page"}],"author":[{"embeddable":true,"href":"https:\/\/www.groupesclavo.fr\/it\/wp-json\/wp\/v2\/users\/4"}],"replies":[{"embeddable":true,"href":"https:\/\/www.groupesclavo.fr\/it\/wp-json\/wp\/v2\/comments?post=6458"}],"version-history":[{"count":1,"href":"https:\/\/www.groupesclavo.fr\/it\/wp-json\/wp\/v2\/pages\/6458\/revisions"}],"predecessor-version":[{"id":6474,"href":"https:\/\/www.groupesclavo.fr\/it\/wp-json\/wp\/v2\/pages\/6458\/revisions\/6474"}],"wp:attachment":[{"href":"https:\/\/www.groupesclavo.fr\/it\/wp-json\/wp\/v2\/media?parent=6458"}],"curies":[{"name":"wp","href":"https:\/\/api.w.org\/{rel}","templated":true}]}}