{"id":6432,"date":"2025-06-06T12:02:08","date_gmt":"2025-06-06T10:02:08","guid":{"rendered":"https:\/\/www.groupesclavo.fr\/acquista-ferri-e-metalli\/"},"modified":"2026-05-05T13:09:32","modified_gmt":"2026-05-05T11:09:32","slug":"acquista-ferri-e-metalli","status":"publish","type":"page","link":"https:\/\/www.groupesclavo.fr\/it\/acquista-ferri-e-metalli\/","title":{"rendered":"Acquista ferri e metalli"},"content":{"rendered":"<div id=\"pl-6432\"  class=\"panel-layout\" ><div id=\"pg-6432-0\"  class=\"panel-grid panel-no-style\" ><div id=\"pgc-6432-0-0\"  class=\"panel-grid-cell\" ><div id=\"panel-6432-0-0-0\" class=\"so-panel widget widget_sow-editor panel-first-child panel-last-child\" data-index=\"0\" ><div\n\t\t\t\n\t\t\tclass=\"so-widget-sow-editor so-widget-sow-editor-base\"\n\t\t\t\n\t\t>\n<div class=\"siteorigin-widget-tinymce textwidget\">\n\t<div class=\"h1-like\" style=\"text-align: center;\">Rivendi i tuoi metalli in 4 passi<\/div>\n<\/div>\n<\/div><\/div><\/div><\/div><div id=\"pg-6432-1\"  class=\"panel-grid panel-has-style blocs_chiffre-nc-wrap\" ><div class=\"blocs_chiffre siteorigin-panels-stretch panel-row-style panel-row-style-for-6432-1\" data-stretch-type=\"full\" ><div id=\"pgc-6432-1-0\"  class=\"panel-grid-cell\" ><div id=\"panel-6432-1-0-0\" class=\"so-panel widget widget_sow-editor panel-first-child\" data-index=\"1\" ><div class=\"chiffre panel-widget-style panel-widget-style-for-6432-1-0-0\" ><div\n\t\t\t\n\t\t\tclass=\"so-widget-sow-editor so-widget-sow-editor-base\"\n\t\t\t\n\t\t>\n<div class=\"siteorigin-widget-tinymce textwidget\">\n\t<p>1<\/p>\n<\/div>\n<\/div><\/div><\/div><div id=\"panel-6432-1-0-1\" class=\"so-panel widget widget_sow-editor panel-last-child\" data-index=\"2\" ><div class=\"texte panel-widget-style panel-widget-style-for-6432-1-0-1\" ><div\n\t\t\t\n\t\t\tclass=\"so-widget-sow-editor so-widget-sow-editor-base\"\n\t\t\t\n\t\t>\n<div class=\"siteorigin-widget-tinymce textwidget\">\n\t<p>Presentazione della scala adattata alle quantit\u00e0<\/p>\n<\/div>\n<\/div><\/div><\/div><\/div><div id=\"pgc-6432-1-1\"  class=\"panel-grid-cell\" ><div id=\"panel-6432-1-1-0\" class=\"so-panel widget widget_sow-editor panel-first-child\" data-index=\"3\" ><div class=\"chiffre panel-widget-style panel-widget-style-for-6432-1-1-0\" ><div\n\t\t\t\n\t\t\tclass=\"so-widget-sow-editor so-widget-sow-editor-base\"\n\t\t\t\n\t\t>\n<div class=\"siteorigin-widget-tinymce textwidget\">\n\t<p>2<\/p>\n<\/div>\n<\/div><\/div><\/div><div id=\"panel-6432-1-1-1\" class=\"so-panel widget widget_sow-editor panel-last-child\" data-index=\"4\" ><div class=\"texte panel-widget-style panel-widget-style-for-6432-1-1-1\" ><div\n\t\t\t\n\t\t\tclass=\"so-widget-sow-editor so-widget-sow-editor-base\"\n\t\t\t\n\t\t>\n<div class=\"siteorigin-widget-tinymce textwidget\">\n\t<p>Controllo qualit\u00e0 e pesatura<\/p>\n<\/div>\n<\/div><\/div><\/div><\/div><div id=\"pgc-6432-1-2\"  class=\"panel-grid-cell\" ><div id=\"panel-6432-1-2-0\" class=\"so-panel widget widget_sow-editor panel-first-child\" data-index=\"5\" ><div class=\"chiffre panel-widget-style panel-widget-style-for-6432-1-2-0\" ><div\n\t\t\t\n\t\t\tclass=\"so-widget-sow-editor so-widget-sow-editor-base\"\n\t\t\t\n\t\t>\n<div class=\"siteorigin-widget-tinymce textwidget\">\n\t<p>3<\/p>\n<\/div>\n<\/div><\/div><\/div><div id=\"panel-6432-1-2-1\" class=\"so-panel widget widget_sow-editor panel-last-child\" data-index=\"6\" ><div class=\"texte panel-widget-style panel-widget-style-for-6432-1-2-1\" ><div\n\t\t\t\n\t\t\tclass=\"so-widget-sow-editor so-widget-sow-editor-base\"\n\t\t\t\n\t\t>\n<div class=\"siteorigin-widget-tinymce textwidget\">\n\t<p>Registrazione<\/p>\n<\/div>\n<\/div><\/div><\/div><\/div><div id=\"pgc-6432-1-3\"  class=\"panel-grid-cell\" ><div id=\"panel-6432-1-3-0\" class=\"so-panel widget widget_sow-editor panel-first-child\" data-index=\"7\" ><div class=\"chiffre panel-widget-style panel-widget-style-for-6432-1-3-0\" ><div\n\t\t\t\n\t\t\tclass=\"so-widget-sow-editor so-widget-sow-editor-base\"\n\t\t\t\n\t\t>\n<div class=\"siteorigin-widget-tinymce textwidget\">\n\t<p>4<\/p>\n<\/div>\n<\/div><\/div><\/div><div id=\"panel-6432-1-3-1\" class=\"so-panel widget widget_sow-editor panel-last-child\" data-index=\"8\" ><div class=\"texte panel-widget-style panel-widget-style-for-6432-1-3-1\" ><div\n\t\t\t\n\t\t\tclass=\"so-widget-sow-editor so-widget-sow-editor-base\"\n\t\t\t\n\t\t>\n<div class=\"siteorigin-widget-tinymce textwidget\">\n\t<p>Pagamento<\/p>\n<\/div>\n<\/div><\/div><\/div><\/div><\/div><\/div><div id=\"pg-6432-2\"  class=\"panel-grid panel-no-style\" ><div id=\"pgc-6432-2-0\"  class=\"panel-grid-cell\" ><div id=\"panel-6432-2-0-0\" class=\"so-panel widget widget_sow-editor panel-first-child panel-last-child\" data-index=\"9\" ><div\n\t\t\t\n\t\t\tclass=\"so-widget-sow-editor so-widget-sow-editor-base\"\n\t\t\t\n\t\t>\n<div class=\"siteorigin-widget-tinymce textwidget\">\n\t<p><img loading=\"lazy\" decoding=\"async\" class=\"alignnone wp-image-4127 size-full\" src=\"https:\/\/www.groupesclavo.fr\/wp-content\/uploads\/2025\/06\/tournure_alu.jpg\" alt=\"\" width=\"500\" height=\"333\" srcset=\"https:\/\/www.groupesclavo.fr\/wp-content\/uploads\/2025\/06\/tournure_alu.jpg 500w, https:\/\/www.groupesclavo.fr\/wp-content\/uploads\/2025\/06\/tournure_alu-300x200.jpg 300w\" sizes=\"auto, (max-width: 500px) 100vw, 500px\" \/><\/p>\n<\/div>\n<\/div><\/div><\/div><div id=\"pgc-6432-2-1\"  class=\"panel-grid-cell\" ><div id=\"panel-6432-2-1-0\" class=\"so-panel widget widget_sow-editor panel-first-child panel-last-child\" data-index=\"10\" ><div\n\t\t\t\n\t\t\tclass=\"so-widget-sow-editor so-widget-sow-editor-base\"\n\t\t\t\n\t\t>\n<div class=\"siteorigin-widget-tinymce textwidget\">\n\t<div class=\"h1-like\">Recupero e riciclaggio di ferro e metalli<\/div>\n<p>Il Gruppo SCLAVO ENVIRONNEMENT \u00e8 leader nell'acquisto di ferro e metalli perch\u00e9 \u00e8 uno dei principali attori nella raccolta e nel riciclo dei rifiuti, un motore dell'economia circolare e un partner locale al servizio di professionisti e privati. Il riacquisto dei rottami metallici e il recupero dei metalli con pagamento immediato sono due leve importanti per il riciclo dei rifiuti a vantaggio dell'ambiente.<br \/>Professionisti, artigiani, professionisti dell'edilizia e dell'ingegneria civile, privati... risparmiano sui costi di raccolta:<br \/>I nostri sportelli di acquisto di rottami metallici e metalli, in 83 e 06, assicurano l'acquisto rapido e pratico di tutti i tipi di metallo, senza limiti di volume. La logistica delle nostre piattaforme locali, aperte 6 giorni su 7, limita il tempo del tuo passaggio. <\/p>\n<div class=\"btn_bleu_fleche btn\"><a href=\"https:\/\/www.groupesclavo.fr\/it\/contattaci\/\">Rivendita di ferro e metalli<\/a><\/div>\n<\/div>\n<\/div><\/div><\/div><\/div><div id=\"pg-6432-3\"  class=\"panel-grid panel-no-style\" ><div id=\"pgc-6432-3-0\"  class=\"panel-grid-cell\" ><div id=\"panel-6432-3-0-0\" class=\"so-panel widget widget_sow-editor panel-first-child\" data-index=\"11\" ><div\n\t\t\t\n\t\t\tclass=\"so-widget-sow-editor so-widget-sow-editor-base\"\n\t\t\t\n\t\t>\n<div class=\"siteorigin-widget-tinymce textwidget\">\n\t<p><img loading=\"lazy\" decoding=\"async\" class=\"alignnone size-full wp-image-3631 aligncenter\" src=\"https:\/\/www.groupesclavo.fr\/wp-content\/uploads\/2024\/12\/camion.svg\" alt=\"\" width=\"94\" height=\"88\"><\/p>\n<\/div>\n<\/div><\/div><div id=\"panel-6432-3-0-1\" class=\"so-panel widget widget_sow-editor panel-last-child\" data-index=\"12\" ><div class=\"font_itc panel-widget-style panel-widget-style-for-6432-3-0-1\" ><div\n\t\t\t\n\t\t\tclass=\"so-widget-sow-editor so-widget-sow-editor-base\"\n\t\t\t\n\t\t>\n<div class=\"siteorigin-widget-tinymce textwidget\">\n\t<p style=\"text-align: center;\">Veloce<\/p>\n<\/div>\n<\/div><\/div><\/div><\/div><div id=\"pgc-6432-3-1\"  class=\"panel-grid-cell\" ><div id=\"panel-6432-3-1-0\" class=\"so-panel widget widget_sow-editor panel-first-child\" data-index=\"13\" ><div\n\t\t\t\n\t\t\tclass=\"so-widget-sow-editor so-widget-sow-editor-base\"\n\t\t\t\n\t\t>\n<div class=\"siteorigin-widget-tinymce textwidget\">\n\t<p style=\"text-align: center;\"><img loading=\"lazy\" decoding=\"async\" class=\"alignnone wp-image-3632 size-full\" src=\"https:\/\/www.groupesclavo.fr\/wp-content\/uploads\/2024\/12\/Group.svg\" alt=\"\" width=\"94\" height=\"88\"><\/p>\n<\/div>\n<\/div><\/div><div id=\"panel-6432-3-1-1\" class=\"so-panel widget widget_sow-editor panel-last-child\" data-index=\"14\" ><div class=\"font_itc panel-widget-style panel-widget-style-for-6432-3-1-1\" ><div\n\t\t\t\n\t\t\tclass=\"so-widget-sow-editor so-widget-sow-editor-base\"\n\t\t\t\n\t\t>\n<div class=\"siteorigin-widget-tinymce textwidget\">\n\t<p style=\"text-align: center;\">Semplice<\/p>\n<\/div>\n<\/div><\/div><\/div><\/div><div id=\"pgc-6432-3-2\"  class=\"panel-grid-cell\" ><div id=\"panel-6432-3-2-0\" class=\"so-panel widget widget_sow-editor panel-first-child\" data-index=\"15\" ><div\n\t\t\t\n\t\t\tclass=\"so-widget-sow-editor so-widget-sow-editor-base\"\n\t\t\t\n\t\t>\n<div class=\"siteorigin-widget-tinymce textwidget\">\n\t<p><img loading=\"lazy\" decoding=\"async\" class=\"alignnone size-full wp-image-3629 aligncenter\" src=\"https:\/\/www.groupesclavo.fr\/wp-content\/uploads\/2024\/12\/Eco.svg\" alt=\"\" width=\"94\" height=\"88\"><\/p>\n<\/div>\n<\/div><\/div><div id=\"panel-6432-3-2-1\" class=\"so-panel widget widget_sow-editor panel-last-child\" data-index=\"16\" ><div class=\"font_itc panel-widget-style panel-widget-style-for-6432-3-2-1\" ><div\n\t\t\t\n\t\t\tclass=\"so-widget-sow-editor so-widget-sow-editor-base\"\n\t\t\t\n\t\t>\n<div class=\"siteorigin-widget-tinymce textwidget\">\n\t<p style=\"text-align: center;\">Un sito responsabile<\/p>\n<\/div>\n<\/div><\/div><\/div><\/div><div id=\"pgc-6432-3-3\"  class=\"panel-grid-cell\" ><div id=\"panel-6432-3-3-0\" class=\"so-panel widget widget_sow-editor panel-first-child\" data-index=\"17\" ><div\n\t\t\t\n\t\t\tclass=\"so-widget-sow-editor so-widget-sow-editor-base\"\n\t\t\t\n\t\t>\n<div class=\"siteorigin-widget-tinymce textwidget\">\n\t<p><img loading=\"lazy\" decoding=\"async\" class=\"alignnone size-full wp-image-3628 aligncenter\" src=\"https:\/\/www.groupesclavo.fr\/wp-content\/uploads\/2024\/12\/Audit1.svg\" alt=\"\" width=\"94\" height=\"88\"><\/p>\n<\/div>\n<\/div><\/div><div id=\"panel-6432-3-3-1\" class=\"so-panel widget widget_sow-editor panel-last-child\" data-index=\"18\" ><div class=\"font_itc panel-widget-style panel-widget-style-for-6432-3-3-1\" ><div\n\t\t\t\n\t\t\tclass=\"so-widget-sow-editor so-widget-sow-editor-base\"\n\t\t\t\n\t\t>\n<div class=\"siteorigin-widget-tinymce textwidget\">\n\t<p style=\"text-align: center;\">Tracciabilit\u00e0 garantita<\/p>\n<\/div>\n<\/div><\/div><\/div><\/div><\/div><div id=\"pg-6432-4\"  class=\"panel-grid panel-has-style bloc_image_full-nc-wrap\" ><div class=\"bloc_image_full panel-row-style panel-row-style-for-6432-4\" ><div id=\"pgc-6432-4-0\"  class=\"panel-grid-cell\" ><div id=\"panel-6432-4-0-0\" class=\"so-panel widget widget_sow-editor panel-first-child panel-last-child\" data-index=\"19\" ><div class=\"panel-widget-style panel-widget-style-for-6432-4-0-0\" ><div\n\t\t\t\n\t\t\tclass=\"so-widget-sow-editor so-widget-sow-editor-base\"\n\t\t\t\n\t\t>\n<div class=\"siteorigin-widget-tinymce textwidget\">\n\t<div class=\"sous_titre_orange\">Professionisti, artigiani, professionisti dell'edilizia e dell'ingegneria civile, privati<\/div>\n<div class=\"h1-like\">Risparmia sui costi di raccolta:<\/div>\n<p>I nostri punti vendita di rottami metallici negli 83 e 06 dipartimenti offrono un acquisto rapido e conveniente di tutti i tipi di metallo, senza limiti di volume. La logistica delle nostre piattaforme locali, aperte 6 giorni su 7, limita i tempi di transito. <\/p>\n<ul>\n<li><strong>Ritiro e pesatura immediati<\/strong> in loco<\/li>\n<li><strong>Acquisto in contanti<\/strong> a tassi correnti<\/li>\n<li><strong>Pagamento immediato in loco<br \/><\/strong> <a href=\"#\">(pagamento con assegno, legge n\u00b02011-900 del 29\/07\/11)<\/a><\/li>\n<\/ul>\n<div class=\"btn_orange_fleche btn\"><a href=\"https:\/\/www.groupesclavo.fr\/it\/contattaci\/\">Contatta il tuo esperto<\/a><\/div>\n<\/div>\n<\/div><\/div><\/div><\/div><div id=\"pgc-6432-4-1\"  class=\"panel-grid-cell\" ><div id=\"panel-6432-4-1-0\" class=\"so-panel widget widget_sow-editor panel-first-child panel-last-child\" data-index=\"20\" ><div class=\"panel-widget-style panel-widget-style-for-6432-4-1-0\" ><div\n\t\t\t\n\t\t\tclass=\"so-widget-sow-editor so-widget-sow-editor-base\"\n\t\t\t\n\t\t>\n<div class=\"siteorigin-widget-tinymce textwidget\">\n\t<\/div>\n<\/div><\/div><\/div><\/div><\/div><\/div><div id=\"pg-6432-5\"  class=\"panel-grid panel-has-style\" ><div class=\"panel-row-style panel-row-style-for-6432-5\" ><div id=\"pgc-6432-5-0\"  class=\"panel-grid-cell\" ><div id=\"panel-6432-5-0-0\" class=\"so-panel widget widget_sow-editor panel-first-child panel-last-child\" data-index=\"21\" ><div\n\t\t\t\n\t\t\tclass=\"so-widget-sow-editor so-widget-sow-editor-base\"\n\t\t\t\n\t\t>\n<div class=\"siteorigin-widget-tinymce textwidget\">\n\t<div class=\"h1-like\">Sei un professionista?<\/div>\n<p>La vendita di metallo a peso pu\u00f2 essere molto redditizia presso i centri di raccolta professionali, che garantiscono la tracciabilit\u00e0 dei rifiuti. Il Gruppo SCLAVO ENVIRONNEMENT facilita il recupero dei metalli e del ferro nelle regioni del Var e delle Alpes-Maritimes, collocando i suoi 5 punti vendita e centri di raccolta autorizzati il pi\u00f9 vicino possibile alle aree commerciali.   <\/p>\n<\/div>\n<\/div><\/div><\/div><div id=\"pgc-6432-5-1\"  class=\"panel-grid-cell\" ><div id=\"panel-6432-5-1-0\" class=\"so-panel widget widget_sow-editor panel-first-child panel-last-child\" data-index=\"22\" ><div\n\t\t\t\n\t\t\tclass=\"so-widget-sow-editor so-widget-sow-editor-base\"\n\t\t\t\n\t\t>\n<div class=\"siteorigin-widget-tinymce textwidget\">\n\t<div class=\"btn_orange_fleche btn\" style=\"text-align: center;\"><a href=\"https:\/\/www.groupesclavo.fr\/it\/i-nostri-siti\/\">I nostri banchi d'acquisto<\/a><\/div>\n<\/div>\n<\/div><\/div><\/div><\/div><\/div><div id=\"pg-6432-6\"  class=\"panel-grid panel-has-style bloc_autre_service_page-nc-wrap\" ><div class=\"bloc_autre_service_page siteorigin-panels-stretch panel-row-style panel-row-style-for-6432-6\" data-stretch-type=\"full\" ><div id=\"pgc-6432-6-0\"  class=\"panel-grid-cell\" ><div id=\"panel-6432-6-0-0\" class=\"so-panel widget widget_sow-editor panel-first-child\" data-index=\"23\" ><div\n\t\t\t\n\t\t\tclass=\"so-widget-sow-editor so-widget-sow-editor-base\"\n\t\t\t\n\t\t>\n<div class=\"siteorigin-widget-tinymce textwidget\">\n\t<div class=\"h1-like\" style=\"text-align: center;\">I nostri altri servizi<\/div>\n<\/div>\n<\/div><\/div>\t\t<!-- not cached-link-it-widget --><div id=\"panel-6432-6-0-1\" class=\"so-panel widget widget_netconcept_link_it panel-last-child\" data-index=\"24\" ><div id=\"pl-6939\"  class=\"panel-layout\" ><div id=\"pg-6939-0\"  class=\"panel-grid panel-has-style bloc_5picto-nc-wrap\" ><div class=\"bloc_5picto panel-row-style panel-row-style-for-6939-0\" ><div id=\"pgc-6939-0-0\"  class=\"panel-grid-cell\" ><div id=\"panel-6939-0-0-0\" class=\"so-panel widget widget_encart-text-img-link2 panel-first-child panel-last-child\" data-index=\"0\" ><div\n\t\t\t\n\t\t\tclass=\"so-widget-encart-text-img-link2 so-widget-encart-text-img-link2-base\"\n\t\t\t\n\t\t><div class=\"etil-block-container\">\n    <a href=\"https:\/\/www.groupesclavo.fr\/it\/acquista-ferri-e-metalli\/\" class=\"etil-block-link\" title=\"\">\t<img decoding=\"async\" class=\"etil-img style-svg\" src=\"\" alt=\"\" \/>\n        <div class=\"etil-block-text\">\n            <p><img loading=\"lazy\" decoding=\"async\" class=\"alignnone wp-image-4624 size-full\" src=\"https:\/\/www.groupesclavo.fr\/wp-content\/uploads\/2024\/11\/icon-fermetaux.png\" alt=\"\" width=\"66\" height=\"57\" \/><\/p>\n<p>Vendere i miei ferri<br \/>\ne i miei metalli<\/p>\n        <\/div>\n    <\/a>        \n<\/div>\n<\/div><\/div><\/div><div id=\"pgc-6939-0-1\"  class=\"panel-grid-cell\" ><div id=\"panel-6939-0-1-0\" class=\"so-panel widget widget_encart-text-img-link2 panel-first-child panel-last-child\" data-index=\"1\" ><div\n\t\t\t\n\t\t\tclass=\"so-widget-encart-text-img-link2 so-widget-encart-text-img-link2-base\"\n\t\t\t\n\t\t><div class=\"etil-block-container\">\n    <a href=\"https:\/\/www.groupesclavo.fr\/it\/i-tuoi-rifiuti\/rifiuti-non-pericolosi\/\" class=\"etil-block-link\" title=\"\">\t<img decoding=\"async\" class=\"etil-img style-svg\" src=\"\" alt=\"\" \/>\n        <div class=\"etil-block-text\">\n            <p><img loading=\"lazy\" decoding=\"async\" class=\"alignnone size-full wp-image-3544\" src=\"https:\/\/www.groupesclavo.fr\/wp-content\/uploads\/2024\/11\/recyclage.svg\" alt=\"\" width=\"58\" height=\"56\" \/><\/p>\n<p>Smaltire i miei rifiuti<br \/>\nnon pericolosi<\/p>\n        <\/div>\n    <\/a>        \n<\/div>\n<\/div><\/div><\/div><div id=\"pgc-6939-0-2\"  class=\"panel-grid-cell\" ><div id=\"panel-6939-0-2-0\" class=\"so-panel widget widget_encart-text-img-link2 panel-first-child panel-last-child\" data-index=\"2\" ><div\n\t\t\t\n\t\t\tclass=\"so-widget-encart-text-img-link2 so-widget-encart-text-img-link2-base\"\n\t\t\t\n\t\t><div class=\"etil-block-container\">\n    <a href=\"https:\/\/www.groupesclavo.fr\/it\/le-nostre-soluzioni\/noleggio-container\/\" class=\"etil-block-link\" title=\"\">\t<img decoding=\"async\" class=\"etil-img style-svg\" src=\"\" alt=\"\" \/>\n        <div class=\"etil-block-text\">\n            <p><img loading=\"lazy\" decoding=\"async\" class=\"alignnone wp-image-3544\" src=\"https:\/\/www.groupesclavo.fr\/wp-content\/uploads\/2024\/11\/PICTOS-SCLAVO_Bennes-multibenne-1.png\" alt=\"\" width=\"118\" height=\"77\" \/><br \/>\nNoleggio cassoni e<br \/>\ncontenitori<\/p>\n        <\/div>\n    <\/a>        \n<\/div>\n<\/div><\/div><\/div><div id=\"pgc-6939-0-3\"  class=\"panel-grid-cell\" ><div id=\"panel-6939-0-3-0\" class=\"so-panel widget widget_encart-text-img-link2 panel-first-child panel-last-child\" data-index=\"3\" ><div\n\t\t\t\n\t\t\tclass=\"so-widget-encart-text-img-link2 so-widget-encart-text-img-link2-base\"\n\t\t\t\n\t\t><div class=\"etil-block-container\">\n    <a href=\"https:\/\/www.groupesclavo.fr\/it\/i-tuoi-rifiuti\/rifiuti-pericolosi\/\" class=\"etil-block-link\" title=\"\">\t<img decoding=\"async\" class=\"etil-img style-svg\" src=\"\" alt=\"\" \/>\n        <div class=\"etil-block-text\">\n            <p><img loading=\"lazy\" decoding=\"async\" class=\"alignnone size-full wp-image-3542\" src=\"https:\/\/www.groupesclavo.fr\/wp-content\/uploads\/2024\/11\/danger.svg\" alt=\"\" width=\"57\" height=\"56\" \/><\/p>\n<p>Gestire i miei rifiuti<br \/>\npericolosi, l'amianto e il piombo<\/p>\n        <\/div>\n    <\/a>        \n<\/div>\n<\/div><\/div><\/div><div id=\"pgc-6939-0-4\"  class=\"panel-grid-cell\" ><div id=\"panel-6939-0-4-0\" class=\"so-panel widget widget_encart-text-img-link2 panel-first-child panel-last-child\" data-index=\"4\" ><div\n\t\t\t\n\t\t\tclass=\"so-widget-encart-text-img-link2 so-widget-encart-text-img-link2-base\"\n\t\t\t\n\t\t><div class=\"etil-block-container\">\n    <a href=\"https:\/\/www.groupesclavo.fr\/it\/contattaci\/\" class=\"etil-block-link\" title=\"\">\t<img decoding=\"async\" class=\"etil-img style-svg\" src=\"\" alt=\"\" \/>\n        <div class=\"etil-block-text\">\n            <p><img loading=\"lazy\" decoding=\"async\" class=\"alignnone size-full wp-image-3543\" src=\"https:\/\/www.groupesclavo.fr\/wp-content\/uploads\/2024\/11\/Audit.svg\" alt=\"\" width=\"57\" height=\"56\" \/><\/p>\n<p>Richiedere una verifica dei<br \/>\nrifiuti<\/p>\n        <\/div>\n    <\/a>        \n<\/div>\n<\/div><\/div><\/div><\/div><\/div><\/div><\/div><!-- not cached-link-it-widget --><\/div><\/div><\/div><\/div>","protected":false},"excerpt":{"rendered":"<p>Rivendi i tuoi metalli in 4 passi 1 Presentazione della scala adattata alle quantit\u00e0 2 Controllo qualit\u00e0 e pesatura 3 Registrazione 4 Pagamento<\/p>\n","protected":false},"author":4,"featured_media":0,"parent":0,"menu_order":447,"comment_status":"closed","ping_status":"closed","template":"","meta":{"inline_featured_image":false,"footnotes":""},"class_list":["post-6432","page","type-page","status-publish","hentry"],"yoast_head":"<!-- This site is optimized with the Yoast SEO plugin v27.6 - https:\/\/yoast.com\/product\/yoast-seo-wordpress\/ -->\n<title>Acquista ferri e metalli - Sclavo<\/title>\n<meta name=\"robots\" content=\"index, follow, max-snippet:-1, max-image-preview:large, max-video-preview:-1\" \/>\n<link rel=\"canonical\" href=\"https:\/\/www.groupesclavo.fr\/it\/acquista-ferri-e-metalli\/\" \/>\n<meta property=\"og:locale\" content=\"it_IT\" \/>\n<meta property=\"og:type\" content=\"article\" \/>\n<meta property=\"og:title\" content=\"Acquista ferri e metalli - Sclavo\" \/>\n<meta property=\"og:description\" content=\"Rivendi i tuoi metalli in 4 passi 1 Presentazione della scala adattata alle quantit\u00e0 2 Controllo qualit\u00e0 e pesatura 3 Registrazione 4 Pagamento\" \/>\n<meta property=\"og:url\" content=\"https:\/\/www.groupesclavo.fr\/it\/acquista-ferri-e-metalli\/\" \/>\n<meta property=\"og:site_name\" content=\"Sclavo\" \/>\n<meta property=\"article:modified_time\" content=\"2026-05-05T11:09:32+00:00\" \/>\n<meta name=\"twitter:card\" content=\"summary_large_image\" \/>\n<script type=\"application\/ld+json\" class=\"yoast-schema-graph\">{\"@context\":\"https:\\\/\\\/schema.org\",\"@graph\":[{\"@type\":\"WebPage\",\"@id\":\"https:\\\/\\\/www.groupesclavo.fr\\\/it\\\/acquista-ferri-e-metalli\\\/\",\"url\":\"https:\\\/\\\/www.groupesclavo.fr\\\/it\\\/acquista-ferri-e-metalli\\\/\",\"name\":\"Acquista ferri e metalli - Sclavo\",\"isPartOf\":{\"@id\":\"https:\\\/\\\/www.groupesclavo.fr\\\/it\\\/#website\"},\"datePublished\":\"2025-06-06T10:02:08+00:00\",\"dateModified\":\"2026-05-05T11:09:32+00:00\",\"breadcrumb\":{\"@id\":\"https:\\\/\\\/www.groupesclavo.fr\\\/it\\\/acquista-ferri-e-metalli\\\/#breadcrumb\"},\"inLanguage\":\"it-IT\",\"potentialAction\":[{\"@type\":\"ReadAction\",\"target\":[\"https:\\\/\\\/www.groupesclavo.fr\\\/it\\\/acquista-ferri-e-metalli\\\/\"]}]},{\"@type\":\"BreadcrumbList\",\"@id\":\"https:\\\/\\\/www.groupesclavo.fr\\\/it\\\/acquista-ferri-e-metalli\\\/#breadcrumb\",\"itemListElement\":[{\"@type\":\"ListItem\",\"position\":1,\"name\":\"Accueil\",\"item\":\"https:\\\/\\\/www.groupesclavo.fr\\\/it\\\/\"},{\"@type\":\"ListItem\",\"position\":2,\"name\":\"Acquista ferri e metalli\"}]},{\"@type\":\"WebSite\",\"@id\":\"https:\\\/\\\/www.groupesclavo.fr\\\/it\\\/#website\",\"url\":\"https:\\\/\\\/www.groupesclavo.fr\\\/it\\\/\",\"name\":\"Sclavo\",\"description\":\"\",\"publisher\":{\"@id\":\"https:\\\/\\\/www.groupesclavo.fr\\\/it\\\/#organization\"},\"potentialAction\":[{\"@type\":\"SearchAction\",\"target\":{\"@type\":\"EntryPoint\",\"urlTemplate\":\"https:\\\/\\\/www.groupesclavo.fr\\\/it\\\/?s={search_term_string}\"},\"query-input\":{\"@type\":\"PropertyValueSpecification\",\"valueRequired\":true,\"valueName\":\"search_term_string\"}}],\"inLanguage\":\"it-IT\"},{\"@type\":\"Organization\",\"@id\":\"https:\\\/\\\/www.groupesclavo.fr\\\/it\\\/#organization\",\"name\":\"Sclavo\",\"url\":\"https:\\\/\\\/www.groupesclavo.fr\\\/it\\\/\",\"logo\":{\"@type\":\"ImageObject\",\"inLanguage\":\"it-IT\",\"@id\":\"https:\\\/\\\/www.groupesclavo.fr\\\/it\\\/#\\\/schema\\\/logo\\\/image\\\/\",\"url\":\"https:\\\/\\\/www.groupesclavo.fr\\\/wp-content\\\/uploads\\\/2024\\\/11\\\/logo-1.svg\",\"contentUrl\":\"https:\\\/\\\/www.groupesclavo.fr\\\/wp-content\\\/uploads\\\/2024\\\/11\\\/logo-1.svg\",\"width\":191,\"height\":57,\"caption\":\"Sclavo\"},\"image\":{\"@id\":\"https:\\\/\\\/www.groupesclavo.fr\\\/it\\\/#\\\/schema\\\/logo\\\/image\\\/\"}}]}<\/script>\n<!-- \/ Yoast SEO plugin. -->","yoast_head_json":{"title":"Acquista ferri e metalli - Sclavo","robots":{"index":"index","follow":"follow","max-snippet":"max-snippet:-1","max-image-preview":"max-image-preview:large","max-video-preview":"max-video-preview:-1"},"canonical":"https:\/\/www.groupesclavo.fr\/it\/acquista-ferri-e-metalli\/","og_locale":"it_IT","og_type":"article","og_title":"Acquista ferri e metalli - Sclavo","og_description":"Rivendi i tuoi metalli in 4 passi 1 Presentazione della scala adattata alle quantit\u00e0 2 Controllo qualit\u00e0 e pesatura 3 Registrazione 4 Pagamento","og_url":"https:\/\/www.groupesclavo.fr\/it\/acquista-ferri-e-metalli\/","og_site_name":"Sclavo","article_modified_time":"2026-05-05T11:09:32+00:00","twitter_card":"summary_large_image","schema":{"@context":"https:\/\/schema.org","@graph":[{"@type":"WebPage","@id":"https:\/\/www.groupesclavo.fr\/it\/acquista-ferri-e-metalli\/","url":"https:\/\/www.groupesclavo.fr\/it\/acquista-ferri-e-metalli\/","name":"Acquista ferri e metalli - Sclavo","isPartOf":{"@id":"https:\/\/www.groupesclavo.fr\/it\/#website"},"datePublished":"2025-06-06T10:02:08+00:00","dateModified":"2026-05-05T11:09:32+00:00","breadcrumb":{"@id":"https:\/\/www.groupesclavo.fr\/it\/acquista-ferri-e-metalli\/#breadcrumb"},"inLanguage":"it-IT","potentialAction":[{"@type":"ReadAction","target":["https:\/\/www.groupesclavo.fr\/it\/acquista-ferri-e-metalli\/"]}]},{"@type":"BreadcrumbList","@id":"https:\/\/www.groupesclavo.fr\/it\/acquista-ferri-e-metalli\/#breadcrumb","itemListElement":[{"@type":"ListItem","position":1,"name":"Accueil","item":"https:\/\/www.groupesclavo.fr\/it\/"},{"@type":"ListItem","position":2,"name":"Acquista ferri e metalli"}]},{"@type":"WebSite","@id":"https:\/\/www.groupesclavo.fr\/it\/#website","url":"https:\/\/www.groupesclavo.fr\/it\/","name":"Sclavo","description":"","publisher":{"@id":"https:\/\/www.groupesclavo.fr\/it\/#organization"},"potentialAction":[{"@type":"SearchAction","target":{"@type":"EntryPoint","urlTemplate":"https:\/\/www.groupesclavo.fr\/it\/?s={search_term_string}"},"query-input":{"@type":"PropertyValueSpecification","valueRequired":true,"valueName":"search_term_string"}}],"inLanguage":"it-IT"},{"@type":"Organization","@id":"https:\/\/www.groupesclavo.fr\/it\/#organization","name":"Sclavo","url":"https:\/\/www.groupesclavo.fr\/it\/","logo":{"@type":"ImageObject","inLanguage":"it-IT","@id":"https:\/\/www.groupesclavo.fr\/it\/#\/schema\/logo\/image\/","url":"https:\/\/www.groupesclavo.fr\/wp-content\/uploads\/2024\/11\/logo-1.svg","contentUrl":"https:\/\/www.groupesclavo.fr\/wp-content\/uploads\/2024\/11\/logo-1.svg","width":191,"height":57,"caption":"Sclavo"},"image":{"@id":"https:\/\/www.groupesclavo.fr\/it\/#\/schema\/logo\/image\/"}}]}},"_links":{"self":[{"href":"https:\/\/www.groupesclavo.fr\/it\/wp-json\/wp\/v2\/pages\/6432","targetHints":{"allow":["GET"]}}],"collection":[{"href":"https:\/\/www.groupesclavo.fr\/it\/wp-json\/wp\/v2\/pages"}],"about":[{"href":"https:\/\/www.groupesclavo.fr\/it\/wp-json\/wp\/v2\/types\/page"}],"author":[{"embeddable":true,"href":"https:\/\/www.groupesclavo.fr\/it\/wp-json\/wp\/v2\/users\/4"}],"replies":[{"embeddable":true,"href":"https:\/\/www.groupesclavo.fr\/it\/wp-json\/wp\/v2\/comments?post=6432"}],"version-history":[{"count":1,"href":"https:\/\/www.groupesclavo.fr\/it\/wp-json\/wp\/v2\/pages\/6432\/revisions"}],"predecessor-version":[{"id":6435,"href":"https:\/\/www.groupesclavo.fr\/it\/wp-json\/wp\/v2\/pages\/6432\/revisions\/6435"}],"wp:attachment":[{"href":"https:\/\/www.groupesclavo.fr\/it\/wp-json\/wp\/v2\/media?parent=6432"}],"curies":[{"name":"wp","href":"https:\/\/api.w.org\/{rel}","templated":true}]}}