{"id":6425,"date":"2025-06-11T12:29:37","date_gmt":"2025-06-11T10:29:37","guid":{"rendered":"https:\/\/www.groupesclavo.fr\/centro-professionale-di-raccolta-rifiuti-a-la-roquette-sur-siagne-sclavo\/"},"modified":"2026-05-12T09:25:44","modified_gmt":"2026-05-12T07:25:44","slug":"centro-professionale-di-raccolta-rifiuti-a-la-roquette-sur-siagne-sclavo","status":"publish","type":"page","link":"https:\/\/www.groupesclavo.fr\/it\/centro-professionale-di-raccolta-rifiuti-a-la-roquette-sur-siagne-sclavo\/","title":{"rendered":"Centro professionale di raccolta rifiuti a La-Roquette-sur-Siagne &#8211; Sclavo"},"content":{"rendered":"<h1>\u00c9co-Relais\/P\u00f4le Sclavo: il centro rifiuti di La-Roquette-sur-Siagne, una struttura per professionisti<\/h1>\n<p>Il <strong>centro di raccolta rifiuti<\/strong> <strong>Sclavo<\/strong> <strong>di La-Roquette-sur-Siagne<\/strong> svolge un ruolo fondamentale nella gestione responsabile dei rifiuti, offrendo una soluzione efficace per gli artigiani e gli industriali che cercano un trattamento conforme alle norme vigenti. <a><strong>Sclavo Environnement<\/strong><\/a> si impegna a fornire un punto di accoglienza professionale, dando a tutti la possibilit\u00e0 di accedere a soluzioni mirate, tra cui: la raccolta professionale dei rifiuti, il riciclaggio dei metalli, il trattamento dei rifiuti regolamentati o convenzionali e la fornitura di cassoni per i cantieri.<\/p>\n<p>Grazie agli orari di apertura flessibili e alle modalit\u00e0 di ritiro ottimizzate, <strong>Sclavo<\/strong> e il suo <strong>centro di raccolta rifiuti di La-Roquette-sur-Siagne (06)<\/strong> garantiscono un servizio rapido, conforme e rispettoso dell&#8217;ambiente.<\/p>\n<h2>Centro rifiuti di La-Roquette-sur-Siagne: un eco-relais\/polo dedicato ai professionisti<\/h2>\n<p><strong>La gestione professionale dei rifiuti<\/strong> \u00e8 un obbligo strategico per aziende, artigiani e industrie che cercano soluzioni affidabili, legali e sostenibili. <strong>Sclavo Environnement<\/strong> mette a disposizione un <strong>centro di raccolta rifiuti a La-Roquette-sur-Siagne<\/strong>, progettato per soddisfare le esigenze specifiche delle imprese commerciali, industriali e artigianali.<\/p>\n<p>Grazie a servizi su misura, tra cui la fornitura di contenitori adeguati, la raccolta dei metalli, la gestione dei rifiuti pericolosi e la selezione dei rifiuti non pericolosi, il <strong>centro di raccolta rifiuti di La-Roquette-sur-Siagne (Alpes-Maritimes <\/strong>) offre un servizio completo e sicuro, garantendo uno smaltimento efficiente.<\/p>\n<h2>Perch\u00e9 i professionisti si affidano a Sclavo e al suo centro di smaltimento rifiuti di La-Roquette-sur-Siagne?<\/h2>\n<p>Il <strong>centro di raccolta rifiuti di La-Roquette-sur-Siagne<\/strong> \u00e8 molto pi\u00f9 di un tradizionale punto di raccolta. \u00c8 un servizio di gestione locale per professionisti con esigenze specifiche di gestione dei rifiuti. <\/p>\n<ul>\n<li><strong>Un servizio rapido ed efficiente<\/strong>: accesso semplificato e orari di apertura estesi per adattarsi ai ritmi dei cantieri e delle attivit\u00e0 professionali.<\/li>\n<li><strong>Infrastrutture adeguate<\/strong>: aree di smistamento dedicate, attrezzature di pesatura e aree sicure.<\/li>\n<li><strong>Supporto su misura<\/strong>: una guida personalizzata per migliorare la gestione dei rifiuti, garantendo al contempo la conformit\u00e0 legale.<\/li>\n<\/ul>\n<p>Con il <strong>centro di raccolta rifiuti<\/strong> di <strong>Sclavo<\/strong> <strong>a La-Roquette-sur-Siagne (C\u00f4te D&#8217;azur)<\/strong>, le aziende hanno a disposizione un supporto esperto per la loro gestione ambientale, garantendo un servizio conforme, veloce e sostenibile.<\/p>\n<h2>Quali sono i tipi di rifiuti accettati dal centro di raccolta rifiuti di La-Roquette-sur-Siagne?<\/h2>\n<p>Il <strong>centro di raccolta rifiuti<\/strong> <strong>Sclavo<\/strong> <strong>di La-Roquette-sur-Siagne<\/strong> gestisce diverse categorie di rifiuti, per garantire che siano trattati nel rispetto delle normative vigenti.<\/p>\n<p><strong>I metalli<\/strong> sono risorse completamente recuperabili. Presso il nostro <strong>centro di raccolta rifiuti di La-Roquette-sur-Siagne ([CODE_DEP)]<\/strong>) \u00e8 stato allestito uno sportello per l&#8217;acquisto di ferro e metalli che consente ai <strong>professionisti<\/strong> di riciclare i propri materiali metallici nel pieno rispetto delle norme. I metalli recuperati comprendono :  <\/p>\n<ul>\n<li>Rottami metallici e acciaio<\/li>\n<li>Alluminio e rame<\/li>\n<li>Ottone, zinco e acciaio inossidabile<\/li>\n<li>Motori e cavi elettrici<\/li>\n<\/ul>\n<p>Il <strong>riciclo dei metalli<\/strong> preserva le risorse minerarie e permette di reinserirle in una nuova catena di produzione.<\/p>\n<p><strong>I rifiuti pericolosi<\/strong> richiedono protocolli di gestione rigorosi per evitare qualsiasi impatto tossico. Presso il <strong>centro rifiuti di La-Roquette-sur-Siagne<\/strong>, strutture dedicate ne consentono il trattamento in totale sicurezza. I rifiuti pericolosi comprendono:  <\/p>\n<ul>\n<li>Solventi e vernici usate<\/li>\n<li>Oli per motori e oli industriali<\/li>\n<li>Batterie usate<\/li>\n<li>Apparecchiature elettriche ed elettroniche fuori uso (RAEE)<\/li>\n<\/ul>\n<p>Affidando questi rifiuti al <strong>nostro deposito specializzato di Sclavo<\/strong>, i professionisti possono essere certi che saranno gestiti nel rispetto dei requisiti normativi.<\/p>\n<p>Anche se <strong>non sono tossici<\/strong>, i rifiuti <strong>non pericolosi<\/strong> devono essere selezionati e riciclati per proteggere l&#8217;ambiente. Il <strong>centro di raccolta rifiuti<\/strong> di <strong>Sclavo<\/strong> <strong>a La-Roquette-sur-Siagne (Alpi Marittime)<\/strong> fornisce soluzioni per : <\/p>\n<ul>\n<li>Macerie e rifiuti edili<\/li>\n<li>Legno, pallet e rifiuti verdi<\/li>\n<li>Mobili ingombranti e usati<\/li>\n<li>Carta, cartone e plastica riciclabili<\/li>\n<\/ul>\n<p>Grazie a un sistema di trattamento ottimizzato e ad adeguate soluzioni di riutilizzo o riciclaggio, questi rifiuti vengono utilizzati in un nuovo ciclo di consumo.<\/p>\n<h2>Perch\u00e9 scegliere Sclavo e il suo centro rifiuti di La-Roquette-sur-Siagne per le tue esigenze di gestione dei rifiuti?<\/h2>\n<p>L&#8217;<strong>eco-relais\/polo<\/strong><strong> Sclavo a La-Roquette-sur-Siagne<\/strong> offre molto di pi\u00f9 di un tradizionale punto di consegna. Garantisce : <\/p>\n<ul>\n<li>Accessibilit\u00e0 ottimale, con un&#8217;ampia gamma di orari di apertura.<\/li>\n<li>Servizi su misura per le aziende, con fornitura di contenitori e selezione dei metalli riciclabili.<\/li>\n<li>Un forte impegno nei confronti dell&#8217;ambiente, incoraggiando la riduzione, il riutilizzo e il riciclaggio.<\/li>\n<li>Assistenza professionale, con personale formato per guidare le aziende verso le opzioni pi\u00f9 sostenibili ed efficaci.<\/li>\n<\/ul>\n<p>Rivolgendoti a <strong>Sclavo<\/strong> e al suo <strong>centro di raccolta rifiuti di La-Roquette-sur-Siagne<\/strong>, contribuirai attivamente a ridurre la tua impronta ecologica, sostenendo un&#8217;economia circolare locale.<\/p>\n<p>Il <strong>centro rifiuti di La-Roquette-sur-Siagne<\/strong> \u00e8 un centro di gestione ambientale locale che offre ai <strong>professionisti<\/strong> servizi mirati e conformi per la gestione dei loro rifiuti. Grazie alla gestione integrata, che comprende la raccolta dei metalli, il trattamento dei rifiuti pericolosi e il riciclaggio di quelli non pericolosi, svolge un ruolo tangibile nella riduzione dell&#8217;impatto ecologico e nello sviluppo di un&#8217;economia pi\u00f9 sostenibile. <\/p>\n<p>Che si tratti di un&#8217;operazione una tantum o di un monitoraggio continuo, il <strong>centro di raccolta rifiuti<\/strong> di <strong>Sclavo<\/strong> <strong>a La-Roquette-sur-Siagne (C\u00f4te D&#8217;azur)<\/strong> offre servizi flessibili ed efficienti, garantendo una selezione e un riciclaggio ottimali dei materiali.<\/p>\n<h2>Per saperne di pi\u00f9 :<\/h2>\n<p><a>Rottamatore a \u00e0 La-Roquette-sur-Siagne <\/a>&#8211; <a>Location de benne \u00e0 La-Roquette-sur-Siagne<\/a> &#8211; <a>R\u00e9cup\u00e9ration des m\u00e9taux \u00e0 La-Roquette-sur-Siagne<\/a> &#8211; <a>Traitement des d\u00e9chets \u00e0 La-Roquette-sur-Siagne<\/a> &#8211; <a>D\u00e9chetterie pour particuliers \u00e0 La-Roquette-sur-Siagne &#8211; Centro di smaltimento rifiuti per privati a La-Roquette-sur-Siagne<\/a><\/p>\n","protected":false},"excerpt":{"rendered":"<p>\u00c9co-Relais\/P\u00f4le Sclavo: il centro rifiuti di La-Roquette-sur-Siagne, una struttura per professionisti Il centro di raccolta rifiuti Sclavo di La-Roquette-sur-Siagne svolge un ruolo fondamentale nella gestione responsabile dei rifiuti, offrendo [&hellip;]<\/p>\n","protected":false},"author":4,"featured_media":0,"parent":0,"menu_order":315,"comment_status":"closed","ping_status":"closed","template":"","meta":{"inline_featured_image":false,"footnotes":""},"class_list":["post-6425","page","type-page","status-publish","hentry"],"yoast_head":"<!-- This site is optimized with the Yoast SEO plugin v27.6 - https:\/\/yoast.com\/product\/yoast-seo-wordpress\/ -->\n<title>Centro professionale di raccolta rifiuti a La-Roquette-sur-Siagne - Sclavo - Sclavo<\/title>\n<meta name=\"description\" content=\"Centro di raccolta rifiuti professionale a La-Roquette-sur-Siagne con Sclavo: ritiro, selezione, riciclaggio, rifiuti pericolosi e metalli. Servizi su misura per cantieri, artigiani e aziende.\" \/>\n<meta name=\"robots\" content=\"index, follow, max-snippet:-1, max-image-preview:large, max-video-preview:-1\" \/>\n<link rel=\"canonical\" href=\"https:\/\/www.groupesclavo.fr\/it\/centro-professionale-di-raccolta-rifiuti-a-la-roquette-sur-siagne-sclavo\/\" \/>\n<meta property=\"og:locale\" content=\"it_IT\" \/>\n<meta property=\"og:type\" content=\"article\" \/>\n<meta property=\"og:title\" content=\"Centro professionale di raccolta rifiuti a La-Roquette-sur-Siagne - Sclavo - Sclavo\" \/>\n<meta property=\"og:description\" content=\"Centro di raccolta rifiuti professionale a La-Roquette-sur-Siagne con Sclavo: ritiro, selezione, riciclaggio, rifiuti pericolosi e metalli. Servizi su misura per cantieri, artigiani e aziende.\" \/>\n<meta property=\"og:url\" content=\"https:\/\/www.groupesclavo.fr\/it\/centro-professionale-di-raccolta-rifiuti-a-la-roquette-sur-siagne-sclavo\/\" \/>\n<meta property=\"og:site_name\" content=\"Sclavo\" \/>\n<meta property=\"article:modified_time\" content=\"2026-05-12T07:25:44+00:00\" \/>\n<meta name=\"twitter:card\" content=\"summary_large_image\" \/>\n<meta name=\"twitter:label1\" content=\"Est. reading time\" \/>\n\t<meta name=\"twitter:data1\" content=\"4 minutes\" \/>\n<script type=\"application\/ld+json\" class=\"yoast-schema-graph\">{\"@context\":\"https:\\\/\\\/schema.org\",\"@graph\":[{\"@type\":\"WebPage\",\"@id\":\"https:\\\/\\\/www.groupesclavo.fr\\\/it\\\/centro-professionale-di-raccolta-rifiuti-a-la-roquette-sur-siagne-sclavo\\\/\",\"url\":\"https:\\\/\\\/www.groupesclavo.fr\\\/it\\\/centro-professionale-di-raccolta-rifiuti-a-la-roquette-sur-siagne-sclavo\\\/\",\"name\":\"Centro professionale di raccolta rifiuti a La-Roquette-sur-Siagne - Sclavo - Sclavo\",\"isPartOf\":{\"@id\":\"https:\\\/\\\/www.groupesclavo.fr\\\/it\\\/#website\"},\"datePublished\":\"2025-06-11T10:29:37+00:00\",\"dateModified\":\"2026-05-12T07:25:44+00:00\",\"description\":\"Centro di raccolta rifiuti professionale a La-Roquette-sur-Siagne con Sclavo: ritiro, selezione, riciclaggio, rifiuti pericolosi e metalli. Servizi su misura per cantieri, artigiani e aziende.\",\"breadcrumb\":{\"@id\":\"https:\\\/\\\/www.groupesclavo.fr\\\/it\\\/centro-professionale-di-raccolta-rifiuti-a-la-roquette-sur-siagne-sclavo\\\/#breadcrumb\"},\"inLanguage\":\"it-IT\",\"potentialAction\":[{\"@type\":\"ReadAction\",\"target\":[\"https:\\\/\\\/www.groupesclavo.fr\\\/it\\\/centro-professionale-di-raccolta-rifiuti-a-la-roquette-sur-siagne-sclavo\\\/\"]}]},{\"@type\":\"BreadcrumbList\",\"@id\":\"https:\\\/\\\/www.groupesclavo.fr\\\/it\\\/centro-professionale-di-raccolta-rifiuti-a-la-roquette-sur-siagne-sclavo\\\/#breadcrumb\",\"itemListElement\":[{\"@type\":\"ListItem\",\"position\":1,\"name\":\"Accueil\",\"item\":\"https:\\\/\\\/www.groupesclavo.fr\\\/it\\\/\"},{\"@type\":\"ListItem\",\"position\":2,\"name\":\"Centro professionale di raccolta rifiuti a La-Roquette-sur-Siagne &#8211; Sclavo\"}]},{\"@type\":\"WebSite\",\"@id\":\"https:\\\/\\\/www.groupesclavo.fr\\\/it\\\/#website\",\"url\":\"https:\\\/\\\/www.groupesclavo.fr\\\/it\\\/\",\"name\":\"Sclavo\",\"description\":\"\",\"publisher\":{\"@id\":\"https:\\\/\\\/www.groupesclavo.fr\\\/it\\\/#organization\"},\"potentialAction\":[{\"@type\":\"SearchAction\",\"target\":{\"@type\":\"EntryPoint\",\"urlTemplate\":\"https:\\\/\\\/www.groupesclavo.fr\\\/it\\\/?s={search_term_string}\"},\"query-input\":{\"@type\":\"PropertyValueSpecification\",\"valueRequired\":true,\"valueName\":\"search_term_string\"}}],\"inLanguage\":\"it-IT\"},{\"@type\":\"Organization\",\"@id\":\"https:\\\/\\\/www.groupesclavo.fr\\\/it\\\/#organization\",\"name\":\"Sclavo\",\"url\":\"https:\\\/\\\/www.groupesclavo.fr\\\/it\\\/\",\"logo\":{\"@type\":\"ImageObject\",\"inLanguage\":\"it-IT\",\"@id\":\"https:\\\/\\\/www.groupesclavo.fr\\\/it\\\/#\\\/schema\\\/logo\\\/image\\\/\",\"url\":\"https:\\\/\\\/www.groupesclavo.fr\\\/wp-content\\\/uploads\\\/2024\\\/11\\\/logo-1.svg\",\"contentUrl\":\"https:\\\/\\\/www.groupesclavo.fr\\\/wp-content\\\/uploads\\\/2024\\\/11\\\/logo-1.svg\",\"width\":191,\"height\":57,\"caption\":\"Sclavo\"},\"image\":{\"@id\":\"https:\\\/\\\/www.groupesclavo.fr\\\/it\\\/#\\\/schema\\\/logo\\\/image\\\/\"}}]}<\/script>\n<!-- \/ Yoast SEO plugin. -->","yoast_head_json":{"title":"Centro professionale di raccolta rifiuti a La-Roquette-sur-Siagne - Sclavo - Sclavo","description":"Centro di raccolta rifiuti professionale a La-Roquette-sur-Siagne con Sclavo: ritiro, selezione, riciclaggio, rifiuti pericolosi e metalli. Servizi su misura per cantieri, artigiani e aziende.","robots":{"index":"index","follow":"follow","max-snippet":"max-snippet:-1","max-image-preview":"max-image-preview:large","max-video-preview":"max-video-preview:-1"},"canonical":"https:\/\/www.groupesclavo.fr\/it\/centro-professionale-di-raccolta-rifiuti-a-la-roquette-sur-siagne-sclavo\/","og_locale":"it_IT","og_type":"article","og_title":"Centro professionale di raccolta rifiuti a La-Roquette-sur-Siagne - Sclavo - Sclavo","og_description":"Centro di raccolta rifiuti professionale a La-Roquette-sur-Siagne con Sclavo: ritiro, selezione, riciclaggio, rifiuti pericolosi e metalli. Servizi su misura per cantieri, artigiani e aziende.","og_url":"https:\/\/www.groupesclavo.fr\/it\/centro-professionale-di-raccolta-rifiuti-a-la-roquette-sur-siagne-sclavo\/","og_site_name":"Sclavo","article_modified_time":"2026-05-12T07:25:44+00:00","twitter_card":"summary_large_image","twitter_misc":{"Est. reading time":"4 minutes"},"schema":{"@context":"https:\/\/schema.org","@graph":[{"@type":"WebPage","@id":"https:\/\/www.groupesclavo.fr\/it\/centro-professionale-di-raccolta-rifiuti-a-la-roquette-sur-siagne-sclavo\/","url":"https:\/\/www.groupesclavo.fr\/it\/centro-professionale-di-raccolta-rifiuti-a-la-roquette-sur-siagne-sclavo\/","name":"Centro professionale di raccolta rifiuti a La-Roquette-sur-Siagne - Sclavo - Sclavo","isPartOf":{"@id":"https:\/\/www.groupesclavo.fr\/it\/#website"},"datePublished":"2025-06-11T10:29:37+00:00","dateModified":"2026-05-12T07:25:44+00:00","description":"Centro di raccolta rifiuti professionale a La-Roquette-sur-Siagne con Sclavo: ritiro, selezione, riciclaggio, rifiuti pericolosi e metalli. Servizi su misura per cantieri, artigiani e aziende.","breadcrumb":{"@id":"https:\/\/www.groupesclavo.fr\/it\/centro-professionale-di-raccolta-rifiuti-a-la-roquette-sur-siagne-sclavo\/#breadcrumb"},"inLanguage":"it-IT","potentialAction":[{"@type":"ReadAction","target":["https:\/\/www.groupesclavo.fr\/it\/centro-professionale-di-raccolta-rifiuti-a-la-roquette-sur-siagne-sclavo\/"]}]},{"@type":"BreadcrumbList","@id":"https:\/\/www.groupesclavo.fr\/it\/centro-professionale-di-raccolta-rifiuti-a-la-roquette-sur-siagne-sclavo\/#breadcrumb","itemListElement":[{"@type":"ListItem","position":1,"name":"Accueil","item":"https:\/\/www.groupesclavo.fr\/it\/"},{"@type":"ListItem","position":2,"name":"Centro professionale di raccolta rifiuti a La-Roquette-sur-Siagne &#8211; Sclavo"}]},{"@type":"WebSite","@id":"https:\/\/www.groupesclavo.fr\/it\/#website","url":"https:\/\/www.groupesclavo.fr\/it\/","name":"Sclavo","description":"","publisher":{"@id":"https:\/\/www.groupesclavo.fr\/it\/#organization"},"potentialAction":[{"@type":"SearchAction","target":{"@type":"EntryPoint","urlTemplate":"https:\/\/www.groupesclavo.fr\/it\/?s={search_term_string}"},"query-input":{"@type":"PropertyValueSpecification","valueRequired":true,"valueName":"search_term_string"}}],"inLanguage":"it-IT"},{"@type":"Organization","@id":"https:\/\/www.groupesclavo.fr\/it\/#organization","name":"Sclavo","url":"https:\/\/www.groupesclavo.fr\/it\/","logo":{"@type":"ImageObject","inLanguage":"it-IT","@id":"https:\/\/www.groupesclavo.fr\/it\/#\/schema\/logo\/image\/","url":"https:\/\/www.groupesclavo.fr\/wp-content\/uploads\/2024\/11\/logo-1.svg","contentUrl":"https:\/\/www.groupesclavo.fr\/wp-content\/uploads\/2024\/11\/logo-1.svg","width":191,"height":57,"caption":"Sclavo"},"image":{"@id":"https:\/\/www.groupesclavo.fr\/it\/#\/schema\/logo\/image\/"}}]}},"_links":{"self":[{"href":"https:\/\/www.groupesclavo.fr\/it\/wp-json\/wp\/v2\/pages\/6425","targetHints":{"allow":["GET"]}}],"collection":[{"href":"https:\/\/www.groupesclavo.fr\/it\/wp-json\/wp\/v2\/pages"}],"about":[{"href":"https:\/\/www.groupesclavo.fr\/it\/wp-json\/wp\/v2\/types\/page"}],"author":[{"embeddable":true,"href":"https:\/\/www.groupesclavo.fr\/it\/wp-json\/wp\/v2\/users\/4"}],"replies":[{"embeddable":true,"href":"https:\/\/www.groupesclavo.fr\/it\/wp-json\/wp\/v2\/comments?post=6425"}],"version-history":[{"count":2,"href":"https:\/\/www.groupesclavo.fr\/it\/wp-json\/wp\/v2\/pages\/6425\/revisions"}],"predecessor-version":[{"id":6771,"href":"https:\/\/www.groupesclavo.fr\/it\/wp-json\/wp\/v2\/pages\/6425\/revisions\/6771"}],"wp:attachment":[{"href":"https:\/\/www.groupesclavo.fr\/it\/wp-json\/wp\/v2\/media?parent=6425"}],"curies":[{"name":"wp","href":"https:\/\/api.w.org\/{rel}","templated":true}]}}