{"id":6417,"date":"2025-06-11T12:21:27","date_gmt":"2025-06-11T10:21:27","guid":{"rendered":"https:\/\/www.groupesclavo.fr\/centro-professionale-di-raccolta-rifiuti-in-drap-sclavo\/"},"modified":"2026-05-12T09:25:43","modified_gmt":"2026-05-12T07:25:43","slug":"centro-professionale-di-raccolta-rifiuti-in-drap-sclavo","status":"publish","type":"page","link":"https:\/\/www.groupesclavo.fr\/it\/centro-professionale-di-raccolta-rifiuti-in-drap-sclavo\/","title":{"rendered":"Centro professionale di raccolta rifiuti in Drap &#8211; Sclavo"},"content":{"rendered":"<h1>\u00c9co-Relais\/P\u00f4le Sclavo: il centro di raccolta rifiuti di Drap, una struttura per professionisti<\/h1>\n<p>Il <strong>centro di raccolta rifiuti<\/strong> <strong>Sclavo<\/strong> <strong>di Drap<\/strong> svolge un ruolo chiave nella catena di selezione dei rifiuti professionali, offrendo una soluzione efficace ai professionisti che desiderano smaltire i propri materiali nel rispetto delle normative. <a><strong>Sclavo Environnement<\/strong><\/a> si impegna a fornire un centro di trattamento locale, dando a tutti la possibilit\u00e0 di accedere a una gamma completa di servizi, tra cui: raccolta di rifiuti professionali, recupero di materiali metallici, trattamento di rifiuti regolamentati o convenzionali e noleggio di container per i siti professionali.<\/p>\n<p>Grazie ai comodi orari di apertura e alla raccolta ottimizzata, <strong>Sclavo<\/strong> e il suo <strong>centro di raccolta rifiuti di Drap (06)<\/strong> garantiscono un servizio rapido, conforme e rispettoso dell&#8217;ambiente.<\/p>\n<h2>Centro rifiuti Drap: Un eco-relais\/polo dedicato ai professionisti<\/h2>\n<p><strong>La gestione professionale dei rifiuti<\/strong> \u00e8 un aspetto fondamentale per le aziende, gli artigiani e le industrie che cercano soluzioni ottimizzate, sicure ed ecologiche. <strong>Sclavo Environnement<\/strong> offre alle aziende un <strong>centro di raccolta rifiuti a Drap<\/strong>, progettato per soddisfare le esigenze specifiche di siti produttivi, punti vendita e aree di lavoro.<\/p>\n<p>Grazie a soluzioni personalizzate, tra cui la fornitura di contenitori adatti, il recupero di materiali metallici, la gestione di rifiuti pericolosi e la selezione di rifiuti non pericolosi, il <strong>centro rifiuti di Drap (Alpes-Maritimes <\/strong>) offre una gestione controllata e regolamentare, garantendo uno smaltimento efficiente.<\/p>\n<h2>Perch\u00e9 i professionisti si affidano a Sclavo e al suo centro di smaltimento rifiuti di Drap?<\/h2>\n<p>Il <strong>centro di raccolta rifiuti di Drap<\/strong> \u00e8 molto pi\u00f9 di un normale punto di raccolta. \u00c8 un servizio di gestione locale per i professionisti che hanno esigenze particolari in termini di smaltimento dei rifiuti. <\/p>\n<ul>\n<li><strong>Un servizio rapido ed efficiente<\/strong>: disponibilit\u00e0 flessibile con un&#8217;ampia gamma di orari per adattarsi ai ritmi dei cantieri e delle attivit\u00e0 professionali.<\/li>\n<li><strong>Infrastrutture adeguate<\/strong>: aree di smistamento dedicate, attrezzature di pesatura e aree sicure.<\/li>\n<li><strong>Supporto su misura<\/strong>: una guida personalizzata per migliorare la gestione dei rifiuti, nel rispetto delle normative vigenti.<\/li>\n<\/ul>\n<p>Con il <strong>centro di raccolta rifiuti<\/strong> di <strong>Sclavo<\/strong> <strong>a Drap (C\u00f4te D&#8217;azur)<\/strong>, le aziende hanno a disposizione una soluzione professionale, locale ed efficiente che garantisce una gestione dei rifiuti efficiente e responsabile.<\/p>\n<h2>Quali sono i tipi di rifiuti accettati dal centro di raccolta rifiuti di Drap?<\/h2>\n<p>Il <strong>centro rifiuti di Drap<\/strong> de <strong>Sclavo<\/strong> gestisce diverse categorie di rifiuti, per garantire una gestione ottimale in conformit\u00e0 alle normative vigenti.<\/p>\n<p>I <strong>metalli<\/strong> sono infinitamente riciclabili. Presso il nostro <strong>centro di raccolta rifiuti di Drap ([CODE_DEP)]<\/strong>), abbiamo allestito un&#8217;area per la consegna e il ritiro dei metalli dove <strong>i professionisti<\/strong> possono consegnare e vendere i loro rifiuti metallici. I metalli recuperati includono  <\/p>\n<ul>\n<li>Rottami metallici e acciaio<\/li>\n<li>Alluminio e rame<\/li>\n<li>Ottone, zinco e acciaio inossidabile<\/li>\n<li>Motori e cavi elettrici<\/li>\n<\/ul>\n<p>Il <strong>riciclo dei metalli<\/strong> preserva le risorse minerarie e consente di utilizzarle in un processo circolare a vantaggio dell&#8217;ambiente.<\/p>\n<p><strong>I rifiuti pericolosi<\/strong> richiedono una gestione speciale per evitare rischi ambientali. Presso il <strong>centro di raccolta rifiuti di Drap<\/strong>, strutture dedicate assicurano che questi rifiuti vengano raccolti e gestiti in modo sicuro. I rifiuti pericolosi comprendono:  <\/p>\n<ul>\n<li>Solventi e vernici usate<\/li>\n<li>Oli per motori e oli industriali<\/li>\n<li>Batterie usate<\/li>\n<li>Apparecchiature elettriche ed elettroniche fuori uso (RAEE)<\/li>\n<\/ul>\n<p>Affidando questi rifiuti al <strong>nostro deposito specializzato di Sclavo<\/strong>, i professionisti possono essere certi che saranno trattati secondo protocolli rigorosi.<\/p>\n<p>Anche se <strong>non tossici<\/strong>, i rifiuti <strong>non pericolosi<\/strong> devono essere selezionati e riciclati per limitare il loro impatto ambientale. Il <strong>centro rifiuti<\/strong> <strong>Sclavo<\/strong> <strong>di Drap (Alpes-Maritimes)<\/strong> dispone di aree speciali per : <\/p>\n<ul>\n<li>Macerie e rifiuti edili<\/li>\n<li>Legno, pallet e rifiuti verdi<\/li>\n<li>Mobili ingombranti e usati<\/li>\n<li>Carta, cartone e plastica riciclabili<\/li>\n<\/ul>\n<p>Grazie a un&#8217;efficace selezione e a efficienti processi di recupero, questi rifiuti vengono reintrodotti nella catena produttiva.<\/p>\n<h2>Perch\u00e9 scegliere Sclavo e il suo centro rifiuti di Drap per la gestione dei tuoi rifiuti?<\/h2>\n<p>L&#8217;<strong>eco-relais\/polo<\/strong><strong> Sclavo di Drap<\/strong> offre molto di pi\u00f9 di un semplice servizio di base. Garantisce : <\/p>\n<ul>\n<li>Accesso facile e comodo, con orari di apertura prolungati e regolari.<\/li>\n<li>Servizi su misura per le aziende, tra cui il noleggio di cassoni e il recupero di metalli.<\/li>\n<li>Un forte impegno nei confronti dell&#8217;ambiente, incoraggiando la riduzione, il riutilizzo e il riciclaggio.<\/li>\n<li>Assistenza professionale, con personale formato per guidare le aziende verso la strategia di trattamento pi\u00f9 adatta alle loro specifiche esigenze.<\/li>\n<\/ul>\n<p>Rivolgendoti a <strong>Sclavo<\/strong> e al suo <strong>centro di raccolta rifiuti di Drap<\/strong>, adotterai un approccio ambientale concreto, sfruttando al meglio le risorse locali.<\/p>\n<p>Il <strong>centro rifiuti di Drap<\/strong> \u00e8 un centro di gestione ambientale locale che offre ai <strong>professionisti<\/strong> servizi completi ed efficienti per la gestione dei loro rifiuti. Grazie alla gestione integrata, che comprende la raccolta dei metalli, il trattamento dei rifiuti pericolosi e il riciclaggio di quelli non pericolosi, svolge un ruolo tangibile nella riduzione dell&#8217;impatto ecologico e nel sostegno alle industrie locali. <\/p>\n<p>Che si tratti di un&#8217;operazione una tantum o di un monitoraggio continuo, il <strong>centro di raccolta rifiuti<\/strong> di <strong>Sclavo<\/strong> <strong>a Drap (C\u00f4te D&#8217;azur)<\/strong> offre soluzioni professionali e performanti, garantendo una selezione e un recupero ottimali dei materiali.<\/p>\n<h2>Per saperne di pi\u00f9 :<\/h2>\n<p><a>Rottamatore a Drap <\/a>&#8211; <a>Localizzazione di beni a Drap<\/a> &#8211; <a>Recupero di materiali a Drap<\/a> &#8211; <a>Trattamento di rifiuti a Drap<\/a> &#8211; <a>Saccheggio di particolari a Drap<\/a><\/p>\n","protected":false},"excerpt":{"rendered":"<p>\u00c9co-Relais\/P\u00f4le Sclavo: il centro di raccolta rifiuti di Drap, una struttura per professionisti Il centro di raccolta rifiuti Sclavo di Drap svolge un ruolo chiave nella catena di selezione [&hellip;]<\/p>\n","protected":false},"author":4,"featured_media":0,"parent":0,"menu_order":323,"comment_status":"closed","ping_status":"closed","template":"","meta":{"inline_featured_image":false,"footnotes":""},"class_list":["post-6417","page","type-page","status-publish","hentry"],"yoast_head":"<!-- This site is optimized with the Yoast SEO plugin v27.6 - https:\/\/yoast.com\/product\/yoast-seo-wordpress\/ -->\n<title>Centro professionale di raccolta rifiuti in Drap - Sclavo - Sclavo<\/title>\n<meta name=\"description\" content=\"Centro professionale di raccolta rifiuti in Drap con Sclavo: ritiro, selezione, riciclaggio, rifiuti pericolosi e metalli. Servizi su misura per cantieri, artigiani e aziende.\" \/>\n<meta name=\"robots\" content=\"index, follow, max-snippet:-1, max-image-preview:large, max-video-preview:-1\" \/>\n<link rel=\"canonical\" href=\"https:\/\/www.groupesclavo.fr\/it\/centro-professionale-di-raccolta-rifiuti-in-drap-sclavo\/\" \/>\n<meta property=\"og:locale\" content=\"it_IT\" \/>\n<meta property=\"og:type\" content=\"article\" \/>\n<meta property=\"og:title\" content=\"Centro professionale di raccolta rifiuti in Drap - Sclavo - Sclavo\" \/>\n<meta property=\"og:description\" content=\"Centro professionale di raccolta rifiuti in Drap con Sclavo: ritiro, selezione, riciclaggio, rifiuti pericolosi e metalli. Servizi su misura per cantieri, artigiani e aziende.\" \/>\n<meta property=\"og:url\" content=\"https:\/\/www.groupesclavo.fr\/it\/centro-professionale-di-raccolta-rifiuti-in-drap-sclavo\/\" \/>\n<meta property=\"og:site_name\" content=\"Sclavo\" \/>\n<meta property=\"article:modified_time\" content=\"2026-05-12T07:25:43+00:00\" \/>\n<meta name=\"twitter:card\" content=\"summary_large_image\" \/>\n<meta name=\"twitter:label1\" content=\"Est. reading time\" \/>\n\t<meta name=\"twitter:data1\" content=\"4 minutes\" \/>\n<script type=\"application\/ld+json\" class=\"yoast-schema-graph\">{\"@context\":\"https:\\\/\\\/schema.org\",\"@graph\":[{\"@type\":\"WebPage\",\"@id\":\"https:\\\/\\\/www.groupesclavo.fr\\\/it\\\/centro-professionale-di-raccolta-rifiuti-in-drap-sclavo\\\/\",\"url\":\"https:\\\/\\\/www.groupesclavo.fr\\\/it\\\/centro-professionale-di-raccolta-rifiuti-in-drap-sclavo\\\/\",\"name\":\"Centro professionale di raccolta rifiuti in Drap - Sclavo - Sclavo\",\"isPartOf\":{\"@id\":\"https:\\\/\\\/www.groupesclavo.fr\\\/it\\\/#website\"},\"datePublished\":\"2025-06-11T10:21:27+00:00\",\"dateModified\":\"2026-05-12T07:25:43+00:00\",\"description\":\"Centro professionale di raccolta rifiuti in Drap con Sclavo: ritiro, selezione, riciclaggio, rifiuti pericolosi e metalli. Servizi su misura per cantieri, artigiani e aziende.\",\"breadcrumb\":{\"@id\":\"https:\\\/\\\/www.groupesclavo.fr\\\/it\\\/centro-professionale-di-raccolta-rifiuti-in-drap-sclavo\\\/#breadcrumb\"},\"inLanguage\":\"it-IT\",\"potentialAction\":[{\"@type\":\"ReadAction\",\"target\":[\"https:\\\/\\\/www.groupesclavo.fr\\\/it\\\/centro-professionale-di-raccolta-rifiuti-in-drap-sclavo\\\/\"]}]},{\"@type\":\"BreadcrumbList\",\"@id\":\"https:\\\/\\\/www.groupesclavo.fr\\\/it\\\/centro-professionale-di-raccolta-rifiuti-in-drap-sclavo\\\/#breadcrumb\",\"itemListElement\":[{\"@type\":\"ListItem\",\"position\":1,\"name\":\"Accueil\",\"item\":\"https:\\\/\\\/www.groupesclavo.fr\\\/it\\\/\"},{\"@type\":\"ListItem\",\"position\":2,\"name\":\"Centro professionale di raccolta rifiuti in Drap &#8211; Sclavo\"}]},{\"@type\":\"WebSite\",\"@id\":\"https:\\\/\\\/www.groupesclavo.fr\\\/it\\\/#website\",\"url\":\"https:\\\/\\\/www.groupesclavo.fr\\\/it\\\/\",\"name\":\"Sclavo\",\"description\":\"\",\"publisher\":{\"@id\":\"https:\\\/\\\/www.groupesclavo.fr\\\/it\\\/#organization\"},\"potentialAction\":[{\"@type\":\"SearchAction\",\"target\":{\"@type\":\"EntryPoint\",\"urlTemplate\":\"https:\\\/\\\/www.groupesclavo.fr\\\/it\\\/?s={search_term_string}\"},\"query-input\":{\"@type\":\"PropertyValueSpecification\",\"valueRequired\":true,\"valueName\":\"search_term_string\"}}],\"inLanguage\":\"it-IT\"},{\"@type\":\"Organization\",\"@id\":\"https:\\\/\\\/www.groupesclavo.fr\\\/it\\\/#organization\",\"name\":\"Sclavo\",\"url\":\"https:\\\/\\\/www.groupesclavo.fr\\\/it\\\/\",\"logo\":{\"@type\":\"ImageObject\",\"inLanguage\":\"it-IT\",\"@id\":\"https:\\\/\\\/www.groupesclavo.fr\\\/it\\\/#\\\/schema\\\/logo\\\/image\\\/\",\"url\":\"https:\\\/\\\/www.groupesclavo.fr\\\/wp-content\\\/uploads\\\/2024\\\/11\\\/logo-1.svg\",\"contentUrl\":\"https:\\\/\\\/www.groupesclavo.fr\\\/wp-content\\\/uploads\\\/2024\\\/11\\\/logo-1.svg\",\"width\":191,\"height\":57,\"caption\":\"Sclavo\"},\"image\":{\"@id\":\"https:\\\/\\\/www.groupesclavo.fr\\\/it\\\/#\\\/schema\\\/logo\\\/image\\\/\"}}]}<\/script>\n<!-- \/ Yoast SEO plugin. -->","yoast_head_json":{"title":"Centro professionale di raccolta rifiuti in Drap - Sclavo - Sclavo","description":"Centro professionale di raccolta rifiuti in Drap con Sclavo: ritiro, selezione, riciclaggio, rifiuti pericolosi e metalli. Servizi su misura per cantieri, artigiani e aziende.","robots":{"index":"index","follow":"follow","max-snippet":"max-snippet:-1","max-image-preview":"max-image-preview:large","max-video-preview":"max-video-preview:-1"},"canonical":"https:\/\/www.groupesclavo.fr\/it\/centro-professionale-di-raccolta-rifiuti-in-drap-sclavo\/","og_locale":"it_IT","og_type":"article","og_title":"Centro professionale di raccolta rifiuti in Drap - Sclavo - Sclavo","og_description":"Centro professionale di raccolta rifiuti in Drap con Sclavo: ritiro, selezione, riciclaggio, rifiuti pericolosi e metalli. Servizi su misura per cantieri, artigiani e aziende.","og_url":"https:\/\/www.groupesclavo.fr\/it\/centro-professionale-di-raccolta-rifiuti-in-drap-sclavo\/","og_site_name":"Sclavo","article_modified_time":"2026-05-12T07:25:43+00:00","twitter_card":"summary_large_image","twitter_misc":{"Est. reading time":"4 minutes"},"schema":{"@context":"https:\/\/schema.org","@graph":[{"@type":"WebPage","@id":"https:\/\/www.groupesclavo.fr\/it\/centro-professionale-di-raccolta-rifiuti-in-drap-sclavo\/","url":"https:\/\/www.groupesclavo.fr\/it\/centro-professionale-di-raccolta-rifiuti-in-drap-sclavo\/","name":"Centro professionale di raccolta rifiuti in Drap - Sclavo - Sclavo","isPartOf":{"@id":"https:\/\/www.groupesclavo.fr\/it\/#website"},"datePublished":"2025-06-11T10:21:27+00:00","dateModified":"2026-05-12T07:25:43+00:00","description":"Centro professionale di raccolta rifiuti in Drap con Sclavo: ritiro, selezione, riciclaggio, rifiuti pericolosi e metalli. Servizi su misura per cantieri, artigiani e aziende.","breadcrumb":{"@id":"https:\/\/www.groupesclavo.fr\/it\/centro-professionale-di-raccolta-rifiuti-in-drap-sclavo\/#breadcrumb"},"inLanguage":"it-IT","potentialAction":[{"@type":"ReadAction","target":["https:\/\/www.groupesclavo.fr\/it\/centro-professionale-di-raccolta-rifiuti-in-drap-sclavo\/"]}]},{"@type":"BreadcrumbList","@id":"https:\/\/www.groupesclavo.fr\/it\/centro-professionale-di-raccolta-rifiuti-in-drap-sclavo\/#breadcrumb","itemListElement":[{"@type":"ListItem","position":1,"name":"Accueil","item":"https:\/\/www.groupesclavo.fr\/it\/"},{"@type":"ListItem","position":2,"name":"Centro professionale di raccolta rifiuti in Drap &#8211; Sclavo"}]},{"@type":"WebSite","@id":"https:\/\/www.groupesclavo.fr\/it\/#website","url":"https:\/\/www.groupesclavo.fr\/it\/","name":"Sclavo","description":"","publisher":{"@id":"https:\/\/www.groupesclavo.fr\/it\/#organization"},"potentialAction":[{"@type":"SearchAction","target":{"@type":"EntryPoint","urlTemplate":"https:\/\/www.groupesclavo.fr\/it\/?s={search_term_string}"},"query-input":{"@type":"PropertyValueSpecification","valueRequired":true,"valueName":"search_term_string"}}],"inLanguage":"it-IT"},{"@type":"Organization","@id":"https:\/\/www.groupesclavo.fr\/it\/#organization","name":"Sclavo","url":"https:\/\/www.groupesclavo.fr\/it\/","logo":{"@type":"ImageObject","inLanguage":"it-IT","@id":"https:\/\/www.groupesclavo.fr\/it\/#\/schema\/logo\/image\/","url":"https:\/\/www.groupesclavo.fr\/wp-content\/uploads\/2024\/11\/logo-1.svg","contentUrl":"https:\/\/www.groupesclavo.fr\/wp-content\/uploads\/2024\/11\/logo-1.svg","width":191,"height":57,"caption":"Sclavo"},"image":{"@id":"https:\/\/www.groupesclavo.fr\/it\/#\/schema\/logo\/image\/"}}]}},"_links":{"self":[{"href":"https:\/\/www.groupesclavo.fr\/it\/wp-json\/wp\/v2\/pages\/6417","targetHints":{"allow":["GET"]}}],"collection":[{"href":"https:\/\/www.groupesclavo.fr\/it\/wp-json\/wp\/v2\/pages"}],"about":[{"href":"https:\/\/www.groupesclavo.fr\/it\/wp-json\/wp\/v2\/types\/page"}],"author":[{"embeddable":true,"href":"https:\/\/www.groupesclavo.fr\/it\/wp-json\/wp\/v2\/users\/4"}],"replies":[{"embeddable":true,"href":"https:\/\/www.groupesclavo.fr\/it\/wp-json\/wp\/v2\/comments?post=6417"}],"version-history":[{"count":2,"href":"https:\/\/www.groupesclavo.fr\/it\/wp-json\/wp\/v2\/pages\/6417\/revisions"}],"predecessor-version":[{"id":6770,"href":"https:\/\/www.groupesclavo.fr\/it\/wp-json\/wp\/v2\/pages\/6417\/revisions\/6770"}],"wp:attachment":[{"href":"https:\/\/www.groupesclavo.fr\/it\/wp-json\/wp\/v2\/media?parent=6417"}],"curies":[{"name":"wp","href":"https:\/\/api.w.org\/{rel}","templated":true}]}}