{"id":6413,"date":"2025-06-11T12:26:31","date_gmt":"2025-06-11T10:26:31","guid":{"rendered":"https:\/\/www.groupesclavo.fr\/centro-professionale-di-raccolta-rifiuti-a-frejus-sclavo\/"},"modified":"2026-05-12T09:25:46","modified_gmt":"2026-05-12T07:25:46","slug":"centro-professionale-di-raccolta-rifiuti-a-frejus-sclavo","status":"publish","type":"page","link":"https:\/\/www.groupesclavo.fr\/it\/centro-professionale-di-raccolta-rifiuti-a-frejus-sclavo\/","title":{"rendered":"Centro professionale di raccolta rifiuti a Fr\u00e9jus &#8211; Sclavo"},"content":{"rendered":"<h1>\u00c9co-Relais\/P\u00f4le Sclavo: il centro rifiuti del Fr\u00e9jus, una struttura per professionisti<\/h1>\n<p>Il <strong>centro rifiuti Fr\u00e9jus<\/strong> <strong>di Sclavo<\/strong> svolge un ruolo chiave nella catena di selezione dei rifiuti professionali, offrendo un servizio strutturato per i professionisti che desiderano smaltire i propri materiali nel pieno rispetto delle norme. <a><strong>Sclavo Environnement<\/strong><\/a> si impegna a fornire un punto di accoglienza professionale, dando a tutti la possibilit\u00e0 di accedere a una gamma completa di servizi, tra cui: la raccolta dei rifiuti professionali, il riciclaggio dei metalli, il trattamento dei rifiuti regolamentati o convenzionali e il noleggio di container per i siti professionali.<\/p>\n<p>Grazie a comodi orari di apertura e a una logistica efficiente, <strong>Sclavo<\/strong> e il suo <strong>deposito di Fr\u00e9jus (83)<\/strong> garantiscono un servizio rapido, conforme e rispettoso dell&#8217;ambiente.<\/p>\n<h2>Centro rifiuti del Fr\u00e9jus: un eco-relais\/polo dedicato ai professionisti<\/h2>\n<p><strong>La gestione dei rifiuti aziendali<\/strong> \u00e8 un obbligo strategico per gli operatori economici, che sono alla ricerca di soluzioni efficaci che rispettino le normative e l&#8217;ambiente. <strong>Sclavo Environnement<\/strong> mette a disposizione delle aziende un <strong>centro di raccolta rifiuti a Fr\u00e9jus<\/strong>, progettato per adattarsi ai vincoli locali, che si tratti di siti produttivi, punti vendita o cantieri.<\/p>\n<p>Grazie a soluzioni personalizzate, tra cui la fornitura di contenitori adeguati, la raccolta dei metalli, la gestione dei rifiuti pericolosi e la selezione dei rifiuti non pericolosi, il <strong>centro rifiuti di Fr\u00e9jus (Var) <\/strong>offre un supporto completo e conforme, ottimizzando la gestione dei rifiuti professionali.<\/p>\n<h2>Perch\u00e9 i professionisti si affidano a Sclavo e al suo centro rifiuti di Fr\u00e9jus?<\/h2>\n<p>Il <strong>centro rifiuti del Fr\u00e9jus<\/strong> \u00e8 molto pi\u00f9 di un normale punto di raccolta. \u00c8 un efficace punto di raccolta locale per i professionisti con esigenze specifiche di gestione dei rifiuti. <\/p>\n<ul>\n<li><strong>Un servizio rapido ed efficiente<\/strong>: accesso semplificato e orari di apertura estesi, per facilitare la consegna dei tuoi articoli quando \u00e8 necessario.<\/li>\n<li><strong>Infrastrutture adattate<\/strong>: strumenti e strutture progettate per specifici tipi di rifiuti.<\/li>\n<li><strong>Assistenza su misura<\/strong>: supporto tecnico per lo smistamento, il recupero e la conformit\u00e0 agli standard, garantendo al contempo la conformit\u00e0 legale.<\/li>\n<\/ul>\n<p>Il <strong>deposito<\/strong> di <strong>Sclavo<\/strong> <strong>a Fr\u00e9jus (C\u00f4te D&#8217;azur)<\/strong> offre alle aziende una soluzione professionale, locale ed efficiente, garantendo un servizio conforme, veloce e sostenibile.<\/p>\n<h2>Quali sono i tipi di rifiuti accettati dal centro di raccolta del Fr\u00e9jus?<\/h2>\n<p>Il <strong>centro di raccolta rifiuti<\/strong> <strong>Sclavo<\/strong> <strong>di Fr\u00e9jus<\/strong> gestisce diversi tipi di materiali, per garantire una gestione ottimale in linea con gli standard ambientali.<\/p>\n<p><strong>I metalli<\/strong> possono essere riciclati senza alterarne le propriet\u00e0. Presso il nostro <strong>deposito di Fr\u00e9jus ([CODE_DEP)]<\/strong>), abbiamo allestito un&#8217;area per la consegna e il ritiro dei metalli dove <strong>i professionisti<\/strong> possono consegnare e vendere i loro rifiuti metallici. I metalli recuperati includono  <\/p>\n<ul>\n<li>Rottami metallici e acciaio<\/li>\n<li>Alluminio e rame<\/li>\n<li>Ottone, zinco e acciaio inossidabile<\/li>\n<li>Motori e cavi elettrici<\/li>\n<\/ul>\n<p><strong>Riciclando i metalli<\/strong>, possiamo ridurre la nostra dipendenza dalle materie prime vergini e utilizzarle in un processo circolare che va a vantaggio dell&#8217;ambiente.<\/p>\n<p><strong>I rifiuti pericolosi<\/strong> richiedono una gestione speciale per evitare qualsiasi impatto tossico. Presso il <strong>centro rifiuti del Fr\u00e9jus<\/strong>, strutture dedicate assicurano che i rifiuti pericolosi vengano raccolti e gestiti in modo sicuro. I rifiuti pericolosi comprendono:  <\/p>\n<ul>\n<li>Solventi e vernici usate<\/li>\n<li>Oli per motori e oli industriali<\/li>\n<li>Batterie usate<\/li>\n<li>Apparecchiature elettriche ed elettroniche fuori uso (RAEE)<\/li>\n<\/ul>\n<p>Affidando questi rifiuti al <strong>nostro deposito specializzato di Sclavo<\/strong>, i professionisti possono essere certi che verranno gestiti secondo le norme vigenti.<\/p>\n<p>Anche se <strong>non sono tossici<\/strong>, i rifiuti <strong>non pericolosi<\/strong> devono essere gestiti in modo efficiente per evitare inutili discariche. Il <strong>centro rifiuti di<\/strong> <strong>Sclavo<\/strong> <strong>, a Fr\u00e9jus (Var),<\/strong> offre aree speciali per : <\/p>\n<ul>\n<li>Macerie e rifiuti edili<\/li>\n<li>Legno, pallet e rifiuti verdi<\/li>\n<li>Mobili ingombranti e usati<\/li>\n<li>Carta, cartone e plastica riciclabili<\/li>\n<\/ul>\n<p>Grazie a un&#8217;efficiente selezione e ad adeguate soluzioni di riutilizzo o riciclaggio, questi rifiuti vengono reintrodotti nella catena produttiva.<\/p>\n<h2>Perch\u00e9 scegliere Sclavo e il suo centro rifiuti di Fr\u00e9jus per la gestione dei tuoi rifiuti?<\/h2>\n<p>L&#8217;<strong>eco-relais\/polo<\/strong><strong> Sclavo a Fr\u00e9jus<\/strong> offre molto di pi\u00f9 di un semplice servizio di base. Garantisce : <\/p>\n<ul>\n<li>Condizioni di accoglienza agevoli, con ampi orari di apertura tutto l&#8217;anno.<\/li>\n<li>Una gamma di servizi pensati per il settore professionale, tra cui il noleggio di cassoni e il recupero di metalli.<\/li>\n<li>Un forte impegno nei confronti dell&#8217;ambiente, incoraggiando la differenziazione, il riciclo e il recupero dei rifiuti.<\/li>\n<li>Assistenza professionale, con team dedicati che guidano gli utenti verso le opzioni pi\u00f9 sostenibili ed efficaci.<\/li>\n<\/ul>\n<p>Rivolgendoti a <strong>Sclavo<\/strong> e al suo <strong>centro di raccolta rifiuti<\/strong> di <strong>Fr\u00e9jus<\/strong>, adotterai un approccio ambientale concreto, incoraggiando al contempo un modello economico pi\u00f9 responsabile.<\/p>\n<p>Il <strong>centro rifiuti del Fr\u00e9jus<\/strong> \u00e8 un centro di gestione ambientale locale che offre ai <strong>professionisti<\/strong> soluzioni adeguate e responsabili per la gestione dei loro rifiuti. Grazie alla gestione integrata, che comprende la raccolta dei metalli, il trattamento dei rifiuti pericolosi e il riciclaggio di quelli non pericolosi, svolge un ruolo tangibile nella riduzione dell&#8217;impatto ecologico e nel rafforzamento dei circuiti brevi di recupero. <\/p>\n<p>Il <strong>centro di raccolta rifiuti<\/strong> di <strong>Sclavo<\/strong> a <strong>Fr\u00e9jus (C\u00f4te D&#8217;azur)<\/strong> offre soluzioni professionali e performanti per le esigenze di riciclaggio sia singole che ricorrenti.<\/p>\n<h2>Per saperne di pi\u00f9 :<\/h2>\n<p><a>Rivenditore di rottami metallici a Fr\u00e9jus <\/a>&#8211; <a>Noleggio cassonetti a Fr\u00e9jus<\/a> &#8211; <a>Recupero di metalli a Fr\u00e9jus<\/a> &#8211; <a>Trattamento dei rifiuti a Fr\u00e9jus<\/a> &#8211; <a>Centro di raccolta rifiuti per privati a Fr\u00e9jus<\/a><\/p>\n","protected":false},"excerpt":{"rendered":"<p>\u00c9co-Relais\/P\u00f4le Sclavo: il centro rifiuti del Fr\u00e9jus, una struttura per professionisti Il centro rifiuti Fr\u00e9jus di Sclavo svolge un ruolo chiave nella catena di selezione dei rifiuti professionali, offrendo [&hellip;]<\/p>\n","protected":false},"author":4,"featured_media":0,"parent":0,"menu_order":321,"comment_status":"closed","ping_status":"closed","template":"","meta":{"inline_featured_image":false,"footnotes":""},"class_list":["post-6413","page","type-page","status-publish","hentry"],"yoast_head":"<!-- This site is optimized with the Yoast SEO plugin v27.6 - https:\/\/yoast.com\/product\/yoast-seo-wordpress\/ -->\n<title>Centro professionale di raccolta rifiuti a Fr\u00e9jus - Sclavo - Sclavo<\/title>\n<meta name=\"description\" content=\"Centro di raccolta rifiuti professionale a Fr\u00e9jus con Sclavo: ritiro, selezione, riciclaggio, rifiuti pericolosi e metalli. Servizi su misura per cantieri, artigiani e aziende.\" \/>\n<meta name=\"robots\" content=\"index, follow, max-snippet:-1, max-image-preview:large, max-video-preview:-1\" \/>\n<link rel=\"canonical\" href=\"https:\/\/www.groupesclavo.fr\/it\/centro-professionale-di-raccolta-rifiuti-a-frejus-sclavo\/\" \/>\n<meta property=\"og:locale\" content=\"it_IT\" \/>\n<meta property=\"og:type\" content=\"article\" \/>\n<meta property=\"og:title\" content=\"Centro professionale di raccolta rifiuti a Fr\u00e9jus - Sclavo - Sclavo\" \/>\n<meta property=\"og:description\" content=\"Centro di raccolta rifiuti professionale a Fr\u00e9jus con Sclavo: ritiro, selezione, riciclaggio, rifiuti pericolosi e metalli. Servizi su misura per cantieri, artigiani e aziende.\" \/>\n<meta property=\"og:url\" content=\"https:\/\/www.groupesclavo.fr\/it\/centro-professionale-di-raccolta-rifiuti-a-frejus-sclavo\/\" \/>\n<meta property=\"og:site_name\" content=\"Sclavo\" \/>\n<meta property=\"article:modified_time\" content=\"2026-05-12T07:25:46+00:00\" \/>\n<meta name=\"twitter:card\" content=\"summary_large_image\" \/>\n<meta name=\"twitter:label1\" content=\"Est. reading time\" \/>\n\t<meta name=\"twitter:data1\" content=\"4 minutes\" \/>\n<script type=\"application\/ld+json\" class=\"yoast-schema-graph\">{\"@context\":\"https:\\\/\\\/schema.org\",\"@graph\":[{\"@type\":\"WebPage\",\"@id\":\"https:\\\/\\\/www.groupesclavo.fr\\\/it\\\/centro-professionale-di-raccolta-rifiuti-a-frejus-sclavo\\\/\",\"url\":\"https:\\\/\\\/www.groupesclavo.fr\\\/it\\\/centro-professionale-di-raccolta-rifiuti-a-frejus-sclavo\\\/\",\"name\":\"Centro professionale di raccolta rifiuti a Fr\u00e9jus - Sclavo - Sclavo\",\"isPartOf\":{\"@id\":\"https:\\\/\\\/www.groupesclavo.fr\\\/it\\\/#website\"},\"datePublished\":\"2025-06-11T10:26:31+00:00\",\"dateModified\":\"2026-05-12T07:25:46+00:00\",\"description\":\"Centro di raccolta rifiuti professionale a Fr\u00e9jus con Sclavo: ritiro, selezione, riciclaggio, rifiuti pericolosi e metalli. Servizi su misura per cantieri, artigiani e aziende.\",\"breadcrumb\":{\"@id\":\"https:\\\/\\\/www.groupesclavo.fr\\\/it\\\/centro-professionale-di-raccolta-rifiuti-a-frejus-sclavo\\\/#breadcrumb\"},\"inLanguage\":\"it-IT\",\"potentialAction\":[{\"@type\":\"ReadAction\",\"target\":[\"https:\\\/\\\/www.groupesclavo.fr\\\/it\\\/centro-professionale-di-raccolta-rifiuti-a-frejus-sclavo\\\/\"]}]},{\"@type\":\"BreadcrumbList\",\"@id\":\"https:\\\/\\\/www.groupesclavo.fr\\\/it\\\/centro-professionale-di-raccolta-rifiuti-a-frejus-sclavo\\\/#breadcrumb\",\"itemListElement\":[{\"@type\":\"ListItem\",\"position\":1,\"name\":\"Accueil\",\"item\":\"https:\\\/\\\/www.groupesclavo.fr\\\/it\\\/\"},{\"@type\":\"ListItem\",\"position\":2,\"name\":\"Centro professionale di raccolta rifiuti a Fr\u00e9jus &#8211; Sclavo\"}]},{\"@type\":\"WebSite\",\"@id\":\"https:\\\/\\\/www.groupesclavo.fr\\\/it\\\/#website\",\"url\":\"https:\\\/\\\/www.groupesclavo.fr\\\/it\\\/\",\"name\":\"Sclavo\",\"description\":\"\",\"publisher\":{\"@id\":\"https:\\\/\\\/www.groupesclavo.fr\\\/it\\\/#organization\"},\"potentialAction\":[{\"@type\":\"SearchAction\",\"target\":{\"@type\":\"EntryPoint\",\"urlTemplate\":\"https:\\\/\\\/www.groupesclavo.fr\\\/it\\\/?s={search_term_string}\"},\"query-input\":{\"@type\":\"PropertyValueSpecification\",\"valueRequired\":true,\"valueName\":\"search_term_string\"}}],\"inLanguage\":\"it-IT\"},{\"@type\":\"Organization\",\"@id\":\"https:\\\/\\\/www.groupesclavo.fr\\\/it\\\/#organization\",\"name\":\"Sclavo\",\"url\":\"https:\\\/\\\/www.groupesclavo.fr\\\/it\\\/\",\"logo\":{\"@type\":\"ImageObject\",\"inLanguage\":\"it-IT\",\"@id\":\"https:\\\/\\\/www.groupesclavo.fr\\\/it\\\/#\\\/schema\\\/logo\\\/image\\\/\",\"url\":\"https:\\\/\\\/www.groupesclavo.fr\\\/wp-content\\\/uploads\\\/2024\\\/11\\\/logo-1.svg\",\"contentUrl\":\"https:\\\/\\\/www.groupesclavo.fr\\\/wp-content\\\/uploads\\\/2024\\\/11\\\/logo-1.svg\",\"width\":191,\"height\":57,\"caption\":\"Sclavo\"},\"image\":{\"@id\":\"https:\\\/\\\/www.groupesclavo.fr\\\/it\\\/#\\\/schema\\\/logo\\\/image\\\/\"}}]}<\/script>\n<!-- \/ Yoast SEO plugin. -->","yoast_head_json":{"title":"Centro professionale di raccolta rifiuti a Fr\u00e9jus - Sclavo - Sclavo","description":"Centro di raccolta rifiuti professionale a Fr\u00e9jus con Sclavo: ritiro, selezione, riciclaggio, rifiuti pericolosi e metalli. Servizi su misura per cantieri, artigiani e aziende.","robots":{"index":"index","follow":"follow","max-snippet":"max-snippet:-1","max-image-preview":"max-image-preview:large","max-video-preview":"max-video-preview:-1"},"canonical":"https:\/\/www.groupesclavo.fr\/it\/centro-professionale-di-raccolta-rifiuti-a-frejus-sclavo\/","og_locale":"it_IT","og_type":"article","og_title":"Centro professionale di raccolta rifiuti a Fr\u00e9jus - Sclavo - Sclavo","og_description":"Centro di raccolta rifiuti professionale a Fr\u00e9jus con Sclavo: ritiro, selezione, riciclaggio, rifiuti pericolosi e metalli. Servizi su misura per cantieri, artigiani e aziende.","og_url":"https:\/\/www.groupesclavo.fr\/it\/centro-professionale-di-raccolta-rifiuti-a-frejus-sclavo\/","og_site_name":"Sclavo","article_modified_time":"2026-05-12T07:25:46+00:00","twitter_card":"summary_large_image","twitter_misc":{"Est. reading time":"4 minutes"},"schema":{"@context":"https:\/\/schema.org","@graph":[{"@type":"WebPage","@id":"https:\/\/www.groupesclavo.fr\/it\/centro-professionale-di-raccolta-rifiuti-a-frejus-sclavo\/","url":"https:\/\/www.groupesclavo.fr\/it\/centro-professionale-di-raccolta-rifiuti-a-frejus-sclavo\/","name":"Centro professionale di raccolta rifiuti a Fr\u00e9jus - Sclavo - Sclavo","isPartOf":{"@id":"https:\/\/www.groupesclavo.fr\/it\/#website"},"datePublished":"2025-06-11T10:26:31+00:00","dateModified":"2026-05-12T07:25:46+00:00","description":"Centro di raccolta rifiuti professionale a Fr\u00e9jus con Sclavo: ritiro, selezione, riciclaggio, rifiuti pericolosi e metalli. Servizi su misura per cantieri, artigiani e aziende.","breadcrumb":{"@id":"https:\/\/www.groupesclavo.fr\/it\/centro-professionale-di-raccolta-rifiuti-a-frejus-sclavo\/#breadcrumb"},"inLanguage":"it-IT","potentialAction":[{"@type":"ReadAction","target":["https:\/\/www.groupesclavo.fr\/it\/centro-professionale-di-raccolta-rifiuti-a-frejus-sclavo\/"]}]},{"@type":"BreadcrumbList","@id":"https:\/\/www.groupesclavo.fr\/it\/centro-professionale-di-raccolta-rifiuti-a-frejus-sclavo\/#breadcrumb","itemListElement":[{"@type":"ListItem","position":1,"name":"Accueil","item":"https:\/\/www.groupesclavo.fr\/it\/"},{"@type":"ListItem","position":2,"name":"Centro professionale di raccolta rifiuti a Fr\u00e9jus &#8211; Sclavo"}]},{"@type":"WebSite","@id":"https:\/\/www.groupesclavo.fr\/it\/#website","url":"https:\/\/www.groupesclavo.fr\/it\/","name":"Sclavo","description":"","publisher":{"@id":"https:\/\/www.groupesclavo.fr\/it\/#organization"},"potentialAction":[{"@type":"SearchAction","target":{"@type":"EntryPoint","urlTemplate":"https:\/\/www.groupesclavo.fr\/it\/?s={search_term_string}"},"query-input":{"@type":"PropertyValueSpecification","valueRequired":true,"valueName":"search_term_string"}}],"inLanguage":"it-IT"},{"@type":"Organization","@id":"https:\/\/www.groupesclavo.fr\/it\/#organization","name":"Sclavo","url":"https:\/\/www.groupesclavo.fr\/it\/","logo":{"@type":"ImageObject","inLanguage":"it-IT","@id":"https:\/\/www.groupesclavo.fr\/it\/#\/schema\/logo\/image\/","url":"https:\/\/www.groupesclavo.fr\/wp-content\/uploads\/2024\/11\/logo-1.svg","contentUrl":"https:\/\/www.groupesclavo.fr\/wp-content\/uploads\/2024\/11\/logo-1.svg","width":191,"height":57,"caption":"Sclavo"},"image":{"@id":"https:\/\/www.groupesclavo.fr\/it\/#\/schema\/logo\/image\/"}}]}},"_links":{"self":[{"href":"https:\/\/www.groupesclavo.fr\/it\/wp-json\/wp\/v2\/pages\/6413","targetHints":{"allow":["GET"]}}],"collection":[{"href":"https:\/\/www.groupesclavo.fr\/it\/wp-json\/wp\/v2\/pages"}],"about":[{"href":"https:\/\/www.groupesclavo.fr\/it\/wp-json\/wp\/v2\/types\/page"}],"author":[{"embeddable":true,"href":"https:\/\/www.groupesclavo.fr\/it\/wp-json\/wp\/v2\/users\/4"}],"replies":[{"embeddable":true,"href":"https:\/\/www.groupesclavo.fr\/it\/wp-json\/wp\/v2\/comments?post=6413"}],"version-history":[{"count":2,"href":"https:\/\/www.groupesclavo.fr\/it\/wp-json\/wp\/v2\/pages\/6413\/revisions"}],"predecessor-version":[{"id":6775,"href":"https:\/\/www.groupesclavo.fr\/it\/wp-json\/wp\/v2\/pages\/6413\/revisions\/6775"}],"wp:attachment":[{"href":"https:\/\/www.groupesclavo.fr\/it\/wp-json\/wp\/v2\/media?parent=6413"}],"curies":[{"name":"wp","href":"https:\/\/api.w.org\/{rel}","templated":true}]}}