{"id":6380,"date":"2025-06-09T17:00:45","date_gmt":"2025-06-09T15:00:45","guid":{"rendered":"https:\/\/www.groupesclavo.fr\/noleggio-di-cassoni-scarrabili-a-pignans-sclavo\/"},"modified":"2026-05-12T09:25:33","modified_gmt":"2026-05-12T07:25:33","slug":"noleggio-di-cassoni-scarrabili-a-pignans-sclavo","status":"publish","type":"page","link":"https:\/\/www.groupesclavo.fr\/it\/noleggio-di-cassoni-scarrabili-a-pignans-sclavo\/","title":{"rendered":"Noleggio di cassoni scarrabili a Pignans &#8211; Sclavo"},"content":{"rendered":"<div id=\"pl-6380\"  class=\"panel-layout\" ><div id=\"pg-6380-0\"  class=\"panel-grid panel-no-style\" ><div id=\"pgc-6380-0-0\"  class=\"panel-grid-cell\" ><div id=\"panel-6380-0-0-0\" class=\"so-panel widget widget_sow-editor panel-first-child panel-last-child\" data-index=\"0\" ><div\n\t\t\t\n\t\t\tclass=\"so-widget-sow-editor so-widget-sow-editor-base\"\n\t\t\t\n\t\t>\n<div class=\"siteorigin-widget-tinymce textwidget\">\n\t<h1>Noleggio di cassoni scarrabili a Pignans<\/h1>\n<p><strong>Noleggiare un cassone a Pignans<\/strong> \u00e8 una scelta saggia se vuoi gestire i tuoi rifiuti edili o verdi in modo efficiente e in totale tranquillit\u00e0. Che tu sia un privato, un'azienda o un ente pubblico, <a><strong>Sclavo<\/strong><\/a> \u00e8 in grado di fornirti una gamma di cassoni adatti ai tuoi volumi. Utilizza le nostre soluzioni di noleggio cassoni e gestisci i tuoi rifiuti con facilit\u00e0.  <\/p>\n<h2>Perch\u00e9 scegliere di noleggiare un cassone a Pignans?<\/h2>\n<p>Che si tratti di un progetto edile, di pulizie di primavera o di rimozione di calcinacci, il <strong>noleggio cassoni a Pignans (83)<\/strong> \u00e8 una soluzione pratica ed efficiente. Ti permette di organizzare la raccolta dei rifiuti in tutta tranquillit\u00e0, senza ingombrare il tuo spazio di lavoro o causare inutili spostamenti. <\/p>\n<p>Quando ti rivolgi a un'azienda specializzata come Sclavo, puoi beneficiare di un servizio su misura per te, con una consegna rapida del cassone nel luogo da te scelto e il ritiro immediato una volta riempito. Inoltre, ti garantiamo che i tuoi rifiuti saranno trattati in conformit\u00e0 con la legislazione vigente, assicurandoti che vengano riciclati nel rispetto dell'ambiente. <\/p>\n<p>Che si tratti di un privato che esegue lavori di ristrutturazione, di un professionista dell'edilizia e dell'ingegneria civile o di un ente locale con esigenze specifiche, i nostri cassonetti sono perfettamente adatti ai tuoi volumi.<br \/>Grazie alla nostra ampia gamma di cassonetti, possiamo aiutarti a ottimizzare la gestione dei rifiuti contenendo i costi.<\/p>\n<h2>Che tipo di rifiuti posso smaltire con un noleggio cassoni a Pignans?<\/h2>\n<p>Quando opti per i servizi di<strong> noleggio cassoni a Pignans<\/strong> offerti da Sclavo, puoi smaltire diverse tipologie di rifiuti in totale sicurezza e nel rispetto delle normative vigenti. Per garantire il massimo recupero, ti forniamo soluzioni mirate per ogni categoria di rifiuti. <\/p>\n<p><strong>Noleggiando un cassone a Pignans (Var)<\/strong>, potrai smaltire i rifiuti non pericolosi, principalmente quelli derivanti da lavori di costruzione, ristrutturazione o stoccaggio, compresi i seguenti materiali comuni:<\/p>\n<ul>\n<li><strong>Ghiaia<\/strong> (cemento, mattoni, piastrelle, pietra)<\/li>\n<li><strong>Rifiuti verdi<\/strong> (piante provenienti dalla manutenzione degli spazi verdi)<\/li>\n<li><strong>Legno<\/strong> (componenti in legno non trattato o trattato)<\/li>\n<li><strong>Plastica, cartone e carta<\/strong> (imballaggi, pellicole, film plastici)<\/li>\n<li><strong>Articoli ingombranti<\/strong> (articoli ingombranti o usati da buttare)<\/li>\n<\/ul>\n<p>Grazie alle nostre attrezzature appositamente adattate, puoi smaltire questi rifiuti in modo semplice, rispettando le istruzioni per la raccolta differenziata.<\/p>\n<p>Alcuni tipi di rifiuti, come quelli <strong>pericolosi<\/strong>, richiedono una gestione speciale a causa del loro impatto ambientale. Offriamo soluzioni su misura per gestirli nel rispetto delle normative: <\/p>\n<ul>\n<li>Pitture, solventi e vernici<\/li>\n<li>Oli esausti e idrocarburi<\/li>\n<li>Amianto (in condizioni specifiche)<\/li>\n<li>Prodotti chimici, cosmetici e farmaceutici<\/li>\n<li>Rifiuti industriali speciali<\/li>\n<\/ul>\n<p>Il nostro team pu\u00f2 aiutarti a implementare soluzioni sicure, utilizzando attrezzature certificate per questo tipo di rifiuti.<\/p>\n<p>Infine, il <strong>riciclaggio dei metalli<\/strong> \u00e8 essenziale per limitare l'estrazione di risorse naturali dai rifiuti generati nei cantieri o nelle officine. Possiamo fornire <strong>un servizio di noleggio cassoni a Pignans<\/strong> dedicato a questo tipo di rifiuti: <\/p>\n<ul>\n<li>Rottami metallici e acciaio<\/li>\n<li>Alluminio, rame, zinco e altri metalli non ferrosi<\/li>\n<li>Cavi elettrici e componenti metallici usati<\/li>\n<\/ul>\n<p>Questi materiali vengono poi inviati alle piattaforme di riciclaggio, dove possono essere riciclati in nuovi prodotti.<\/p>\n<h2>I nostri tipi di noleggio cassoni a Pignans sono disponibili<\/h2>\n<p>Noi di <strong>Sclavo<\/strong> offriamo il <strong>noleggio di cassoni a Pignans (C\u00f4te D'azur)<\/strong> per aiutarti a gestire i tuoi rifiuti in modo efficiente e corretto. Che tu sia un artigiano, un'azienda o un privato, abbiamo la soluzione giusta per il tuo progetto. <\/p>\n<ul>\n<li><strong>Ribaltatori per lavori pubblici<\/strong><\/li>\n<\/ul>\n<p>Ideali per lavori pubblici e cantieri di grandi dimensioni, questi cassoni sono progettati per la rimozione di macerie, terra e materiali pesanti. Affidabili e maneggevoli, garantiscono una gestione ottimale dei rifiuti pesanti. <\/p>\n<ul>\n<li><strong>Ribaltatori Ampliroll<\/strong><\/li>\n<\/ul>\n<p>Questi praticissimi cassonetti sono progettati per essere caricati frequentemente e facilitano la raccolta grazie al sistema di sollevamento a braccio idraulico. Sono ideali per i professionisti con esigenze regolari, che richiedono raccolte frequenti e ottimizzate. <\/p>\n<ul>\n<li><strong>Il compattatore<\/strong><\/li>\n<\/ul>\n<p>La soluzione ideale per ottimizzare la gestione dei rifiuti leggeri, il compattatore riduce il volume dei rifiuti, riducendo cos\u00ec la frequenza delle raccolte. \u00c8 particolarmente indicato per le industrie e le grandi aziende che generano grandi quantit\u00e0 di rifiuti. <\/p>\n<ul>\n<li><strong>Scatole (da 30 L a 65 L)<\/strong><\/li>\n<\/ul>\n<p>Queste scatole a basso volume sono ideali per quantit\u00e0 limitate. Ideali per un uso temporaneo, sono adatte sia ai privati che ai professionisti. <\/p>\n<ul>\n<li><strong>Fusti (da 60 L a 220 L)<\/strong><\/li>\n<\/ul>\n<p>Progettati per l'utilizzo di sostanze pericolose o tossiche, i fusti omologati garantiscono una maggiore protezione per la gestione sicura di questi rifiuti. Sono particolarmente utili negli ambienti sensibili. <\/p>\n<ul>\n<li><strong>Scatole per pallet (da 600 L a 1400 L)<\/strong><\/li>\n<\/ul>\n<p>Robuste e versatili, queste casse sono resistenti. Sono ideali per i settori della logistica, dell'industria e del riciclaggio. <\/p>\n<ul>\n<li><strong>Vasche (da 600 L a 1000 L)<\/strong><\/li>\n<\/ul>\n<p>Progettate appositamente per i fluidi industriali, le cisterne sono utilizzate nei settori agricolo, industriale e chimico. Garantiscono un trasporto sicuro. <\/p>\n<h2>Come funziona il noleggio di un cassone di Sclavo a Pignans?<\/h2>\n<p>Noi di <strong>Sclavo<\/strong> facciamo del nostro meglio per offrirti una soluzione reattiva, chiara e pratica <strong>per il noleggio di cassoni a Pignans<\/strong>. Che tu lavori nell'edilizia, nell'industria o come privato, il nostro processo \u00e8 pensato per rispondere a ogni situazione. <\/p>\n<p>Offriamo un'ampia gamma di contenitori, da <strong>1 a 35 m\u00b3<\/strong>, per diversi tipi di materiali: calcinacci, rifiuti verdi, rottami metallici, oggetti ingombranti, rifiuti industriali, ecc:<\/p>\n<ul>\n<li>un'esigenza temporanea per un progetto specifico,<\/li>\n<li>o un servizio regolare per un'attivit\u00e0 che richiede una raccolta frequente.<\/li>\n<\/ul>\n<p>Noi di <strong>Sclavo<\/strong> sappiamo che hai bisogno di soluzioni rapide. Ecco perch\u00e9 ci impegniamo a gestire la tua richiesta entro 24 ore. Una volta definite le tue esigenze di <strong>noleggio di cassoni ribaltabili a Pignans<\/strong> <strong>(83)<\/strong>, programmeremo una consegna rapida nel luogo da te scelto, in modo che tu possa iniziare il tuo lavoro senza ritardi.  <\/p>\n<p>Ci occupiamo anche dell'installazione in loco e del ritiro al termine del periodo di noleggio, cos\u00ec puoi essere certo di una gestione semplice e chiavi in mano. Puoi anche optare per una frequenza di raccolta personalizzata, a seconda del volume dei tuoi rifiuti e dei tempi di consegna. <\/p>\n<p>Hai bisogno di<strong> noleggiare un cassone a Pignans (Var)?<\/strong> Richiedi subito il tuo preventivo gratuito e ottieni un servizio all'altezza delle tue aspettative, al miglior prezzo possibile.<\/p>\n<h2>Per saperne di pi\u00f9:;<\/h2>\n<p><a>Centro di raccolta rifiuti per professionisti e privati a Pignans<\/a> - <a>Rottamatore a Pignans<\/a> - <a>Recupero metalli a Pignans<\/a> - <a>Trattamento rifiuti a Pignans<\/a><\/p>\n<\/div>\n<\/div><\/div><\/div><\/div><\/div>","protected":false},"excerpt":{"rendered":"<p>Noleggio di cassoni scarrabili a Pignans Noleggiare un cassone a Pignans \u00e8 una scelta saggia se vuoi gestire i tuoi rifiuti edili o verdi in modo efficiente e in [&hellip;]<\/p>\n","protected":false},"author":4,"featured_media":0,"parent":0,"menu_order":341,"comment_status":"closed","ping_status":"closed","template":"","meta":{"inline_featured_image":false,"footnotes":""},"class_list":["post-6380","page","type-page","status-publish","hentry"],"yoast_head":"<!-- This site is optimized with the Yoast SEO plugin v27.6 - https:\/\/yoast.com\/product\/yoast-seo-wordpress\/ -->\n<title>Noleggio di cassoni scarrabili a Pignans - Sclavo - Sclavo<\/title>\n<meta name=\"description\" content=\"Noleggio cassoni ribaltabili a Pignans con Sclavo: macerie, rifiuti verdi, rifiuti industriali... Consegna rapida, cassoni adatti, servizio professionale per tutte le tue esigenze.\" \/>\n<meta name=\"robots\" content=\"index, follow, max-snippet:-1, max-image-preview:large, max-video-preview:-1\" \/>\n<link rel=\"canonical\" href=\"https:\/\/www.groupesclavo.fr\/it\/noleggio-di-cassoni-scarrabili-a-pignans-sclavo\/\" \/>\n<meta property=\"og:locale\" content=\"it_IT\" \/>\n<meta property=\"og:type\" content=\"article\" \/>\n<meta property=\"og:title\" content=\"Noleggio di cassoni scarrabili a Pignans - Sclavo - Sclavo\" \/>\n<meta property=\"og:description\" content=\"Noleggio cassoni ribaltabili a Pignans con Sclavo: macerie, rifiuti verdi, rifiuti industriali... Consegna rapida, cassoni adatti, servizio professionale per tutte le tue esigenze.\" \/>\n<meta property=\"og:url\" content=\"https:\/\/www.groupesclavo.fr\/it\/noleggio-di-cassoni-scarrabili-a-pignans-sclavo\/\" \/>\n<meta property=\"og:site_name\" content=\"Sclavo\" \/>\n<meta property=\"article:modified_time\" content=\"2026-05-12T07:25:33+00:00\" \/>\n<meta name=\"twitter:card\" content=\"summary_large_image\" \/>\n<script type=\"application\/ld+json\" class=\"yoast-schema-graph\">{\"@context\":\"https:\\\/\\\/schema.org\",\"@graph\":[{\"@type\":\"WebPage\",\"@id\":\"https:\\\/\\\/www.groupesclavo.fr\\\/it\\\/noleggio-di-cassoni-scarrabili-a-pignans-sclavo\\\/\",\"url\":\"https:\\\/\\\/www.groupesclavo.fr\\\/it\\\/noleggio-di-cassoni-scarrabili-a-pignans-sclavo\\\/\",\"name\":\"Noleggio di cassoni scarrabili a Pignans - Sclavo - Sclavo\",\"isPartOf\":{\"@id\":\"https:\\\/\\\/www.groupesclavo.fr\\\/it\\\/#website\"},\"datePublished\":\"2025-06-09T15:00:45+00:00\",\"dateModified\":\"2026-05-12T07:25:33+00:00\",\"description\":\"Noleggio cassoni ribaltabili a Pignans con Sclavo: macerie, rifiuti verdi, rifiuti industriali... Consegna rapida, cassoni adatti, servizio professionale per tutte le tue esigenze.\",\"breadcrumb\":{\"@id\":\"https:\\\/\\\/www.groupesclavo.fr\\\/it\\\/noleggio-di-cassoni-scarrabili-a-pignans-sclavo\\\/#breadcrumb\"},\"inLanguage\":\"it-IT\",\"potentialAction\":[{\"@type\":\"ReadAction\",\"target\":[\"https:\\\/\\\/www.groupesclavo.fr\\\/it\\\/noleggio-di-cassoni-scarrabili-a-pignans-sclavo\\\/\"]}]},{\"@type\":\"BreadcrumbList\",\"@id\":\"https:\\\/\\\/www.groupesclavo.fr\\\/it\\\/noleggio-di-cassoni-scarrabili-a-pignans-sclavo\\\/#breadcrumb\",\"itemListElement\":[{\"@type\":\"ListItem\",\"position\":1,\"name\":\"Accueil\",\"item\":\"https:\\\/\\\/www.groupesclavo.fr\\\/it\\\/\"},{\"@type\":\"ListItem\",\"position\":2,\"name\":\"Noleggio di cassoni scarrabili a Pignans &#8211; Sclavo\"}]},{\"@type\":\"WebSite\",\"@id\":\"https:\\\/\\\/www.groupesclavo.fr\\\/it\\\/#website\",\"url\":\"https:\\\/\\\/www.groupesclavo.fr\\\/it\\\/\",\"name\":\"Sclavo\",\"description\":\"\",\"publisher\":{\"@id\":\"https:\\\/\\\/www.groupesclavo.fr\\\/it\\\/#organization\"},\"potentialAction\":[{\"@type\":\"SearchAction\",\"target\":{\"@type\":\"EntryPoint\",\"urlTemplate\":\"https:\\\/\\\/www.groupesclavo.fr\\\/it\\\/?s={search_term_string}\"},\"query-input\":{\"@type\":\"PropertyValueSpecification\",\"valueRequired\":true,\"valueName\":\"search_term_string\"}}],\"inLanguage\":\"it-IT\"},{\"@type\":\"Organization\",\"@id\":\"https:\\\/\\\/www.groupesclavo.fr\\\/it\\\/#organization\",\"name\":\"Sclavo\",\"url\":\"https:\\\/\\\/www.groupesclavo.fr\\\/it\\\/\",\"logo\":{\"@type\":\"ImageObject\",\"inLanguage\":\"it-IT\",\"@id\":\"https:\\\/\\\/www.groupesclavo.fr\\\/it\\\/#\\\/schema\\\/logo\\\/image\\\/\",\"url\":\"https:\\\/\\\/www.groupesclavo.fr\\\/wp-content\\\/uploads\\\/2024\\\/11\\\/logo-1.svg\",\"contentUrl\":\"https:\\\/\\\/www.groupesclavo.fr\\\/wp-content\\\/uploads\\\/2024\\\/11\\\/logo-1.svg\",\"width\":191,\"height\":57,\"caption\":\"Sclavo\"},\"image\":{\"@id\":\"https:\\\/\\\/www.groupesclavo.fr\\\/it\\\/#\\\/schema\\\/logo\\\/image\\\/\"}}]}<\/script>\n<!-- \/ Yoast SEO plugin. -->","yoast_head_json":{"title":"Noleggio di cassoni scarrabili a Pignans - Sclavo - Sclavo","description":"Noleggio cassoni ribaltabili a Pignans con Sclavo: macerie, rifiuti verdi, rifiuti industriali... Consegna rapida, cassoni adatti, servizio professionale per tutte le tue esigenze.","robots":{"index":"index","follow":"follow","max-snippet":"max-snippet:-1","max-image-preview":"max-image-preview:large","max-video-preview":"max-video-preview:-1"},"canonical":"https:\/\/www.groupesclavo.fr\/it\/noleggio-di-cassoni-scarrabili-a-pignans-sclavo\/","og_locale":"it_IT","og_type":"article","og_title":"Noleggio di cassoni scarrabili a Pignans - Sclavo - Sclavo","og_description":"Noleggio cassoni ribaltabili a Pignans con Sclavo: macerie, rifiuti verdi, rifiuti industriali... Consegna rapida, cassoni adatti, servizio professionale per tutte le tue esigenze.","og_url":"https:\/\/www.groupesclavo.fr\/it\/noleggio-di-cassoni-scarrabili-a-pignans-sclavo\/","og_site_name":"Sclavo","article_modified_time":"2026-05-12T07:25:33+00:00","twitter_card":"summary_large_image","schema":{"@context":"https:\/\/schema.org","@graph":[{"@type":"WebPage","@id":"https:\/\/www.groupesclavo.fr\/it\/noleggio-di-cassoni-scarrabili-a-pignans-sclavo\/","url":"https:\/\/www.groupesclavo.fr\/it\/noleggio-di-cassoni-scarrabili-a-pignans-sclavo\/","name":"Noleggio di cassoni scarrabili a Pignans - Sclavo - Sclavo","isPartOf":{"@id":"https:\/\/www.groupesclavo.fr\/it\/#website"},"datePublished":"2025-06-09T15:00:45+00:00","dateModified":"2026-05-12T07:25:33+00:00","description":"Noleggio cassoni ribaltabili a Pignans con Sclavo: macerie, rifiuti verdi, rifiuti industriali... Consegna rapida, cassoni adatti, servizio professionale per tutte le tue esigenze.","breadcrumb":{"@id":"https:\/\/www.groupesclavo.fr\/it\/noleggio-di-cassoni-scarrabili-a-pignans-sclavo\/#breadcrumb"},"inLanguage":"it-IT","potentialAction":[{"@type":"ReadAction","target":["https:\/\/www.groupesclavo.fr\/it\/noleggio-di-cassoni-scarrabili-a-pignans-sclavo\/"]}]},{"@type":"BreadcrumbList","@id":"https:\/\/www.groupesclavo.fr\/it\/noleggio-di-cassoni-scarrabili-a-pignans-sclavo\/#breadcrumb","itemListElement":[{"@type":"ListItem","position":1,"name":"Accueil","item":"https:\/\/www.groupesclavo.fr\/it\/"},{"@type":"ListItem","position":2,"name":"Noleggio di cassoni scarrabili a Pignans &#8211; Sclavo"}]},{"@type":"WebSite","@id":"https:\/\/www.groupesclavo.fr\/it\/#website","url":"https:\/\/www.groupesclavo.fr\/it\/","name":"Sclavo","description":"","publisher":{"@id":"https:\/\/www.groupesclavo.fr\/it\/#organization"},"potentialAction":[{"@type":"SearchAction","target":{"@type":"EntryPoint","urlTemplate":"https:\/\/www.groupesclavo.fr\/it\/?s={search_term_string}"},"query-input":{"@type":"PropertyValueSpecification","valueRequired":true,"valueName":"search_term_string"}}],"inLanguage":"it-IT"},{"@type":"Organization","@id":"https:\/\/www.groupesclavo.fr\/it\/#organization","name":"Sclavo","url":"https:\/\/www.groupesclavo.fr\/it\/","logo":{"@type":"ImageObject","inLanguage":"it-IT","@id":"https:\/\/www.groupesclavo.fr\/it\/#\/schema\/logo\/image\/","url":"https:\/\/www.groupesclavo.fr\/wp-content\/uploads\/2024\/11\/logo-1.svg","contentUrl":"https:\/\/www.groupesclavo.fr\/wp-content\/uploads\/2024\/11\/logo-1.svg","width":191,"height":57,"caption":"Sclavo"},"image":{"@id":"https:\/\/www.groupesclavo.fr\/it\/#\/schema\/logo\/image\/"}}]}},"_links":{"self":[{"href":"https:\/\/www.groupesclavo.fr\/it\/wp-json\/wp\/v2\/pages\/6380","targetHints":{"allow":["GET"]}}],"collection":[{"href":"https:\/\/www.groupesclavo.fr\/it\/wp-json\/wp\/v2\/pages"}],"about":[{"href":"https:\/\/www.groupesclavo.fr\/it\/wp-json\/wp\/v2\/types\/page"}],"author":[{"embeddable":true,"href":"https:\/\/www.groupesclavo.fr\/it\/wp-json\/wp\/v2\/users\/4"}],"replies":[{"embeddable":true,"href":"https:\/\/www.groupesclavo.fr\/it\/wp-json\/wp\/v2\/comments?post=6380"}],"version-history":[{"count":1,"href":"https:\/\/www.groupesclavo.fr\/it\/wp-json\/wp\/v2\/pages\/6380\/revisions"}],"predecessor-version":[{"id":6382,"href":"https:\/\/www.groupesclavo.fr\/it\/wp-json\/wp\/v2\/pages\/6380\/revisions\/6382"}],"wp:attachment":[{"href":"https:\/\/www.groupesclavo.fr\/it\/wp-json\/wp\/v2\/media?parent=6380"}],"curies":[{"name":"wp","href":"https:\/\/api.w.org\/{rel}","templated":true}]}}