{"id":6375,"date":"2025-06-09T16:29:23","date_gmt":"2025-06-09T14:29:23","guid":{"rendered":"https:\/\/www.groupesclavo.fr\/noleggio-ribaltabile-a-monaco-sclavo\/"},"modified":"2026-05-12T09:25:33","modified_gmt":"2026-05-12T07:25:33","slug":"noleggio-ribaltabile-a-monaco-sclavo","status":"publish","type":"page","link":"https:\/\/www.groupesclavo.fr\/it\/noleggio-ribaltabile-a-monaco-sclavo\/","title":{"rendered":"Noleggio ribaltabile a Monaco &#8211; Sclavo"},"content":{"rendered":"<div id=\"pl-6375\"  class=\"panel-layout\" ><div id=\"pg-6375-0\"  class=\"panel-grid panel-no-style\" ><div id=\"pgc-6375-0-0\"  class=\"panel-grid-cell\" ><div id=\"panel-6375-0-0-0\" class=\"so-panel widget widget_sow-editor panel-first-child panel-last-child\" data-index=\"0\" ><div\n\t\t\t\n\t\t\tclass=\"so-widget-sow-editor so-widget-sow-editor-base\"\n\t\t\t\n\t\t>\n<div class=\"siteorigin-widget-tinymce textwidget\">\n\t<h1>Noleggio di cassoni scarrabili a Monaco<\/h1>\n<p><strong>Noleggiare un cassone a Monaco<\/strong> \u00e8 una scelta saggia per gestire con facilit\u00e0 le tue macerie, gli oggetti ingombranti o i rifiuti verdi. Che tu sia un fai-da-te, un artigiano o un ente pubblico, <a><strong>Sclavo<\/strong><\/a> offre una variet\u00e0 di contenitori adatti ad ogni situazione. Utilizza le nostre soluzioni di noleggio cassoni e risparmia tempo nella gestione dei tuoi rifiuti.  <\/p>\n<h2>Perch\u00e9 scegliere il noleggio di ribaltabili a Monaco?<\/h2>\n<p>Che si tratti di un progetto edile, di pulizie di primavera o di rimozione di macerie, il <strong>noleggio di un cassone a Monaco ()<\/strong> \u00e8 un'opzione semplice ed efficace. Ti permette di organizzare la raccolta dei rifiuti in tutta tranquillit\u00e0, senza ingombrare il tuo spazio di lavoro o aumentare il numero di viaggi da e verso i centri di raccolta. <\/p>\n<p>Quando ti rivolgi a un'azienda specializzata come Sclavo, puoi beneficiare di un servizio su misura per te, con una consegna rapida del cassone nel luogo da te scelto e un recupero programmato una volta che il cassone \u00e8 stato utilizzato. Inoltre, ti garantiamo uno smaltimento ecologico. <\/p>\n<p>Che tu sia un professionista del fai-da-te che esegue lavori di costruzione, un professionista dell'edilizia e dei lavori pubblici o un ente pubblico alla ricerca di un servizio logistico, i nostri cassonetti sono perfettamente adatti ai tuoi volumi.<br \/>Grazie alla nostra gamma diversificata, possiamo aiutarti a ottimizzare la gestione dei rifiuti, tenendo sotto controllo il tuo budget.<\/p>\n<h2>Che tipo di rifiuti posso smaltire con un cassone a noleggio a Monaco?<\/h2>\n<p>Quando scegli di <strong>noleggiare un cassone a Monaco<\/strong> da Sclavo, puoi smaltire diversi tipi di rifiuti in tutta tranquillit\u00e0, in linea con i requisiti normativi vigenti. Per garantire una separazione ottimale dei materiali, ti forniamo contenitori specifici in base al tipo di rifiuto. <\/p>\n<p>Con il tuo <strong>noleggio di cassoni scarrabili a Monaco ()<\/strong>, puoi smaltire i rifiuti non pericolosi, principalmente quelli derivanti da costruzioni, ristrutturazioni o depositi, compresi i seguenti materiali comuni:<\/p>\n<ul>\n<li><strong>Ghiaia<\/strong> (detriti di cantiere come cemento e mattoni)<\/li>\n<li><strong>Rifiuti verdi<\/strong> (rami, foglie, erba tagliata)<\/li>\n<li><strong>Legno<\/strong> (componenti in legno non trattato o trattato)<\/li>\n<li><strong>Plastica, cartone e carta<\/strong> (imballaggi, pellicole, film plastici)<\/li>\n<li><strong>Oggetti ingombranti<\/strong> (mobili, pallet, divisori in cartongesso, ecc.)<\/li>\n<\/ul>\n<p>Grazie alla nostra flotta di cassoni specializzati, potrai gestire questi materiali senza alcun vincolo, facilitando il loro riciclo.<\/p>\n<p>Alcuni tipi di rifiuti, come quelli <strong>pericolosi<\/strong>, sono soggetti a regole severe a causa del loro impatto ambientale. Offriamo soluzioni su misura per la raccolta e lo smaltimento di questi materiali nel pieno rispetto delle norme: <\/p>\n<ul>\n<li>Pitture, solventi e vernici<\/li>\n<li>Oli esausti e idrocarburi<\/li>\n<li>Amianto (in condizioni specifiche)<\/li>\n<li>Prodotti chimici, cosmetici e farmaceutici<\/li>\n<li>Rifiuti industriali speciali<\/li>\n<\/ul>\n<p>Il nostro team ti consiglier\u00e0 nella scelta del dispositivo giusto, con una logistica conforme ai requisiti normativi.<\/p>\n<p>Infine, il <strong>riciclaggio dei metalli<\/strong> \u00e8 fondamentale per l'economia circolare dei rifiuti provenienti da attivit\u00e0 edilizie e industriali. Offriamo <strong>un servizio di noleggio cassoni a Monaco<\/strong> dedicato a questo tipo di rifiuti: <\/p>\n<ul>\n<li>Rottami metallici e acciaio<\/li>\n<li>Alluminio, rame, zinco e altri metalli non ferrosi<\/li>\n<li>Cavi elettrici e componenti metallici usati<\/li>\n<\/ul>\n<p>Questi materiali vengono poi inviati alle piattaforme di riciclaggio, dove possono essere riciclati in nuovi prodotti.<\/p>\n<h2>I nostri tipi di noleggio cassoni a Monaco disponibili<\/h2>\n<p>Noi di <strong>Sclavo<\/strong> offriamo il <strong>noleggio di cassoni a Monaco ()<\/strong> per soddisfare tutte le tue esigenze di gestione dei rifiuti. Che tu sia un artigiano, un'azienda o un privato, abbiamo il contenitore di cui hai bisogno. <\/p>\n<ul>\n<li><strong>Ribaltatori per lavori pubblici<\/strong><\/li>\n<\/ul>\n<p>Ideali per lavori pubblici e cantieri di grandi dimensioni, questi cassoni sono progettati per la rimozione di macerie, terra e materiali pesanti. Robusti e pratici, consentono di gestire in modo efficiente i rifiuti del cantiere. <\/p>\n<ul>\n<li><strong>Ribaltatori Ampliroll<\/strong><\/li>\n<\/ul>\n<p>Questi cassoni multifunzionali sono ideali per grandi quantit\u00e0 di rifiuti e facilitano la raccolta grazie al sistema di sollevamento a braccio idraulico. Sono ideali per le imprese di costruzione e di lavori pubblici, per le aziende industriali e per gli enti locali che hanno bisogno di ruotare i cassoni rapidamente. <\/p>\n<ul>\n<li><strong>Il compattatore<\/strong><\/li>\n<\/ul>\n<p>La soluzione ideale per ottimizzare la gestione dei rifiuti leggeri, il compattatore riduce notevolmente lo spazio occupato, tagliando i costi della logistica. \u00c8 particolarmente adatto alle aziende che producono rifiuti a bassa densit\u00e0. <\/p>\n<ul>\n<li><strong>Scatole (da 30 L a 65 L)<\/strong><\/li>\n<\/ul>\n<p>Queste scatole a basso volume sono ideali per lo smistamento su piccola scala. Facili da maneggiare, sono adatte sia ai privati che ai professionisti. <\/p>\n<ul>\n<li><strong>Fusti (da 60 L a 220 L)<\/strong><\/li>\n<\/ul>\n<p>Progettati per materiali sensibili, i fusti omologati garantiscono una tenuta perfetta per la gestione dei rifiuti nel rispetto delle normative. Sono particolarmente utili negli ambienti sensibili. <\/p>\n<ul>\n<li><strong>Scatole per pallet (da 600 L a 1400 L)<\/strong><\/li>\n<\/ul>\n<p>Robuste e versatili, queste cassette sono robuste. Sono ideali per contenere rifiuti secchi o ingombranti in attesa di trattamento. <\/p>\n<ul>\n<li><strong>Vasche (da 600 L a 1000 L)<\/strong><\/li>\n<\/ul>\n<p>Appositamente progettati per i fluidi industriali, i serbatoi sono utilizzati in ambienti in cui la sicurezza \u00e8 fondamentale. Garantiscono una gestione senza rischi. <\/p>\n<h2>Come funziona il noleggio di un cassone a Monaco da Sclavo?<\/h2>\n<p>Noi di <strong>Sclavo<\/strong> facciamo tutto il possibile per garantire che il tuo <strong>noleggio di cassoni a Monaco<\/strong> avvenga in modo fluido, veloce e senza vincoli. Che tu sia un privato o un professionista, il nostro processo \u00e8 ottimizzato per garantire una gestione efficiente dei rifiuti. <\/p>\n<p>Offriamo un'ampia gamma di contenitori, da <strong>1 a 35 m\u00b3<\/strong>, per diversi tipi di materiali: calcinacci, rifiuti verdi, rottami metallici, oggetti ingombranti, rifiuti industriali, ecc:<\/p>\n<ul>\n<li>un intervento rapido e limitato nel tempo,<\/li>\n<li>o una soluzione ricorrente per un volume costante di rifiuti.<\/li>\n<\/ul>\n<p>Noi di <strong>Sclavo<\/strong> sappiamo che la reattivit\u00e0 \u00e8 fondamentale. Ecco perch\u00e9 ci impegniamo a gestire la tua richiesta nel pi\u00f9 breve tempo possibile. Una volta definita la tua esigenza di <strong>noleggio cassoni a Monaco<\/strong> <strong>()<\/strong>, pianificheremo la sua rapida consegna nel luogo da te scelto, in modo che tu possa occuparti dei tuoi rifiuti il giorno stesso.  <\/p>\n<p>Ci occuperemo anche dell'installazione e della rimozione del cassone, garantendoti un servizio completo e senza stress. Puoi anche optare per una frequenza di raccolta personalizzata, a seconda del volume dei rifiuti e degli orari di raccolta. <\/p>\n<p>Hai bisogno di<strong> noleggiare un cassone a Monaco ()?<\/strong> Richiedi subito il tuo preventivo gratuito e approfitta di un'assistenza personalizzata, reattiva e competente.<\/p>\n<h2>Per saperne di pi\u00f9:;<\/h2>\n<p><a>Centro di raccolta rifiuti per professionisti e privati a Monaco<\/a> - <a>Rottamatore a Monaco<\/a> - <a>Recupero metalli a Monaco<\/a> - <a>Trattamento rifiuti a Monaco<\/a><\/p>\n<\/div>\n<\/div><\/div><\/div><\/div><\/div>","protected":false},"excerpt":{"rendered":"<p>Noleggio di cassoni scarrabili a Monaco Noleggiare un cassone a Monaco \u00e8 una scelta saggia per gestire con facilit\u00e0 le tue macerie, gli oggetti ingombranti o i rifiuti verdi. [&hellip;]<\/p>\n","protected":false},"author":4,"featured_media":0,"parent":0,"menu_order":351,"comment_status":"closed","ping_status":"closed","template":"","meta":{"inline_featured_image":false,"footnotes":""},"class_list":["post-6375","page","type-page","status-publish","hentry"],"yoast_head":"<!-- This site is optimized with the Yoast SEO plugin v27.6 - https:\/\/yoast.com\/product\/yoast-seo-wordpress\/ -->\n<title>Noleggio ribaltabile a Monaco - Sclavo - Sclavo<\/title>\n<meta name=\"description\" content=\"Noleggio cassoni scarrabili a Monaco con Sclavo: macerie, rifiuti verdi, rifiuti industriali... Consegna rapida, cassoni adattati, servizio professionale per tutte le tue esigenze.\" \/>\n<meta name=\"robots\" content=\"index, follow, max-snippet:-1, max-image-preview:large, max-video-preview:-1\" \/>\n<link rel=\"canonical\" href=\"https:\/\/www.groupesclavo.fr\/it\/noleggio-ribaltabile-a-monaco-sclavo\/\" \/>\n<meta property=\"og:locale\" content=\"it_IT\" \/>\n<meta property=\"og:type\" content=\"article\" \/>\n<meta property=\"og:title\" content=\"Noleggio ribaltabile a Monaco - Sclavo - Sclavo\" \/>\n<meta property=\"og:description\" content=\"Noleggio cassoni scarrabili a Monaco con Sclavo: macerie, rifiuti verdi, rifiuti industriali... Consegna rapida, cassoni adattati, servizio professionale per tutte le tue esigenze.\" \/>\n<meta property=\"og:url\" content=\"https:\/\/www.groupesclavo.fr\/it\/noleggio-ribaltabile-a-monaco-sclavo\/\" \/>\n<meta property=\"og:site_name\" content=\"Sclavo\" \/>\n<meta property=\"article:modified_time\" content=\"2026-05-12T07:25:33+00:00\" \/>\n<meta name=\"twitter:card\" content=\"summary_large_image\" \/>\n<script type=\"application\/ld+json\" class=\"yoast-schema-graph\">{\"@context\":\"https:\\\/\\\/schema.org\",\"@graph\":[{\"@type\":\"WebPage\",\"@id\":\"https:\\\/\\\/www.groupesclavo.fr\\\/it\\\/noleggio-ribaltabile-a-monaco-sclavo\\\/\",\"url\":\"https:\\\/\\\/www.groupesclavo.fr\\\/it\\\/noleggio-ribaltabile-a-monaco-sclavo\\\/\",\"name\":\"Noleggio ribaltabile a Monaco - Sclavo - Sclavo\",\"isPartOf\":{\"@id\":\"https:\\\/\\\/www.groupesclavo.fr\\\/it\\\/#website\"},\"datePublished\":\"2025-06-09T14:29:23+00:00\",\"dateModified\":\"2026-05-12T07:25:33+00:00\",\"description\":\"Noleggio cassoni scarrabili a Monaco con Sclavo: macerie, rifiuti verdi, rifiuti industriali... Consegna rapida, cassoni adattati, servizio professionale per tutte le tue esigenze.\",\"breadcrumb\":{\"@id\":\"https:\\\/\\\/www.groupesclavo.fr\\\/it\\\/noleggio-ribaltabile-a-monaco-sclavo\\\/#breadcrumb\"},\"inLanguage\":\"it-IT\",\"potentialAction\":[{\"@type\":\"ReadAction\",\"target\":[\"https:\\\/\\\/www.groupesclavo.fr\\\/it\\\/noleggio-ribaltabile-a-monaco-sclavo\\\/\"]}]},{\"@type\":\"BreadcrumbList\",\"@id\":\"https:\\\/\\\/www.groupesclavo.fr\\\/it\\\/noleggio-ribaltabile-a-monaco-sclavo\\\/#breadcrumb\",\"itemListElement\":[{\"@type\":\"ListItem\",\"position\":1,\"name\":\"Accueil\",\"item\":\"https:\\\/\\\/www.groupesclavo.fr\\\/it\\\/\"},{\"@type\":\"ListItem\",\"position\":2,\"name\":\"Noleggio ribaltabile a Monaco &#8211; Sclavo\"}]},{\"@type\":\"WebSite\",\"@id\":\"https:\\\/\\\/www.groupesclavo.fr\\\/it\\\/#website\",\"url\":\"https:\\\/\\\/www.groupesclavo.fr\\\/it\\\/\",\"name\":\"Sclavo\",\"description\":\"\",\"publisher\":{\"@id\":\"https:\\\/\\\/www.groupesclavo.fr\\\/it\\\/#organization\"},\"potentialAction\":[{\"@type\":\"SearchAction\",\"target\":{\"@type\":\"EntryPoint\",\"urlTemplate\":\"https:\\\/\\\/www.groupesclavo.fr\\\/it\\\/?s={search_term_string}\"},\"query-input\":{\"@type\":\"PropertyValueSpecification\",\"valueRequired\":true,\"valueName\":\"search_term_string\"}}],\"inLanguage\":\"it-IT\"},{\"@type\":\"Organization\",\"@id\":\"https:\\\/\\\/www.groupesclavo.fr\\\/it\\\/#organization\",\"name\":\"Sclavo\",\"url\":\"https:\\\/\\\/www.groupesclavo.fr\\\/it\\\/\",\"logo\":{\"@type\":\"ImageObject\",\"inLanguage\":\"it-IT\",\"@id\":\"https:\\\/\\\/www.groupesclavo.fr\\\/it\\\/#\\\/schema\\\/logo\\\/image\\\/\",\"url\":\"https:\\\/\\\/www.groupesclavo.fr\\\/wp-content\\\/uploads\\\/2024\\\/11\\\/logo-1.svg\",\"contentUrl\":\"https:\\\/\\\/www.groupesclavo.fr\\\/wp-content\\\/uploads\\\/2024\\\/11\\\/logo-1.svg\",\"width\":191,\"height\":57,\"caption\":\"Sclavo\"},\"image\":{\"@id\":\"https:\\\/\\\/www.groupesclavo.fr\\\/it\\\/#\\\/schema\\\/logo\\\/image\\\/\"}}]}<\/script>\n<!-- \/ Yoast SEO plugin. -->","yoast_head_json":{"title":"Noleggio ribaltabile a Monaco - Sclavo - Sclavo","description":"Noleggio cassoni scarrabili a Monaco con Sclavo: macerie, rifiuti verdi, rifiuti industriali... Consegna rapida, cassoni adattati, servizio professionale per tutte le tue esigenze.","robots":{"index":"index","follow":"follow","max-snippet":"max-snippet:-1","max-image-preview":"max-image-preview:large","max-video-preview":"max-video-preview:-1"},"canonical":"https:\/\/www.groupesclavo.fr\/it\/noleggio-ribaltabile-a-monaco-sclavo\/","og_locale":"it_IT","og_type":"article","og_title":"Noleggio ribaltabile a Monaco - Sclavo - Sclavo","og_description":"Noleggio cassoni scarrabili a Monaco con Sclavo: macerie, rifiuti verdi, rifiuti industriali... Consegna rapida, cassoni adattati, servizio professionale per tutte le tue esigenze.","og_url":"https:\/\/www.groupesclavo.fr\/it\/noleggio-ribaltabile-a-monaco-sclavo\/","og_site_name":"Sclavo","article_modified_time":"2026-05-12T07:25:33+00:00","twitter_card":"summary_large_image","schema":{"@context":"https:\/\/schema.org","@graph":[{"@type":"WebPage","@id":"https:\/\/www.groupesclavo.fr\/it\/noleggio-ribaltabile-a-monaco-sclavo\/","url":"https:\/\/www.groupesclavo.fr\/it\/noleggio-ribaltabile-a-monaco-sclavo\/","name":"Noleggio ribaltabile a Monaco - Sclavo - Sclavo","isPartOf":{"@id":"https:\/\/www.groupesclavo.fr\/it\/#website"},"datePublished":"2025-06-09T14:29:23+00:00","dateModified":"2026-05-12T07:25:33+00:00","description":"Noleggio cassoni scarrabili a Monaco con Sclavo: macerie, rifiuti verdi, rifiuti industriali... Consegna rapida, cassoni adattati, servizio professionale per tutte le tue esigenze.","breadcrumb":{"@id":"https:\/\/www.groupesclavo.fr\/it\/noleggio-ribaltabile-a-monaco-sclavo\/#breadcrumb"},"inLanguage":"it-IT","potentialAction":[{"@type":"ReadAction","target":["https:\/\/www.groupesclavo.fr\/it\/noleggio-ribaltabile-a-monaco-sclavo\/"]}]},{"@type":"BreadcrumbList","@id":"https:\/\/www.groupesclavo.fr\/it\/noleggio-ribaltabile-a-monaco-sclavo\/#breadcrumb","itemListElement":[{"@type":"ListItem","position":1,"name":"Accueil","item":"https:\/\/www.groupesclavo.fr\/it\/"},{"@type":"ListItem","position":2,"name":"Noleggio ribaltabile a Monaco &#8211; Sclavo"}]},{"@type":"WebSite","@id":"https:\/\/www.groupesclavo.fr\/it\/#website","url":"https:\/\/www.groupesclavo.fr\/it\/","name":"Sclavo","description":"","publisher":{"@id":"https:\/\/www.groupesclavo.fr\/it\/#organization"},"potentialAction":[{"@type":"SearchAction","target":{"@type":"EntryPoint","urlTemplate":"https:\/\/www.groupesclavo.fr\/it\/?s={search_term_string}"},"query-input":{"@type":"PropertyValueSpecification","valueRequired":true,"valueName":"search_term_string"}}],"inLanguage":"it-IT"},{"@type":"Organization","@id":"https:\/\/www.groupesclavo.fr\/it\/#organization","name":"Sclavo","url":"https:\/\/www.groupesclavo.fr\/it\/","logo":{"@type":"ImageObject","inLanguage":"it-IT","@id":"https:\/\/www.groupesclavo.fr\/it\/#\/schema\/logo\/image\/","url":"https:\/\/www.groupesclavo.fr\/wp-content\/uploads\/2024\/11\/logo-1.svg","contentUrl":"https:\/\/www.groupesclavo.fr\/wp-content\/uploads\/2024\/11\/logo-1.svg","width":191,"height":57,"caption":"Sclavo"},"image":{"@id":"https:\/\/www.groupesclavo.fr\/it\/#\/schema\/logo\/image\/"}}]}},"_links":{"self":[{"href":"https:\/\/www.groupesclavo.fr\/it\/wp-json\/wp\/v2\/pages\/6375","targetHints":{"allow":["GET"]}}],"collection":[{"href":"https:\/\/www.groupesclavo.fr\/it\/wp-json\/wp\/v2\/pages"}],"about":[{"href":"https:\/\/www.groupesclavo.fr\/it\/wp-json\/wp\/v2\/types\/page"}],"author":[{"embeddable":true,"href":"https:\/\/www.groupesclavo.fr\/it\/wp-json\/wp\/v2\/users\/4"}],"replies":[{"embeddable":true,"href":"https:\/\/www.groupesclavo.fr\/it\/wp-json\/wp\/v2\/comments?post=6375"}],"version-history":[{"count":1,"href":"https:\/\/www.groupesclavo.fr\/it\/wp-json\/wp\/v2\/pages\/6375\/revisions"}],"predecessor-version":[{"id":6377,"href":"https:\/\/www.groupesclavo.fr\/it\/wp-json\/wp\/v2\/pages\/6375\/revisions\/6377"}],"wp:attachment":[{"href":"https:\/\/www.groupesclavo.fr\/it\/wp-json\/wp\/v2\/media?parent=6375"}],"curies":[{"name":"wp","href":"https:\/\/api.w.org\/{rel}","templated":true}]}}