{"id":6352,"date":"2025-06-09T16:18:12","date_gmt":"2025-06-09T14:18:12","guid":{"rendered":"https:\/\/www.groupesclavo.fr\/noleggio-cassoni-scarrabili-a-frejus-sclavo\/"},"modified":"2026-05-12T09:24:54","modified_gmt":"2026-05-12T07:24:54","slug":"noleggio-cassoni-scarrabili-a-frejus-sclavo","status":"publish","type":"page","link":"https:\/\/www.groupesclavo.fr\/it\/noleggio-cassoni-scarrabili-a-frejus-sclavo\/","title":{"rendered":"Noleggio cassoni scarrabili a Fr\u00e9jus &#8211; Sclavo"},"content":{"rendered":"<div id=\"pl-6352\"  class=\"panel-layout\" ><div id=\"pg-6352-0\"  class=\"panel-grid panel-no-style\" ><div id=\"pgc-6352-0-0\"  class=\"panel-grid-cell\" ><div id=\"panel-6352-0-0-0\" class=\"so-panel widget widget_sow-editor panel-first-child panel-last-child\" data-index=\"0\" ><div\n\t\t\t\n\t\t\tclass=\"so-widget-sow-editor so-widget-sow-editor-base\"\n\t\t\t\n\t\t>\n<div class=\"siteorigin-widget-tinymce textwidget\">\n\t<h1>Noleggio di cassoni scarrabili a Fr\u00e9jus<\/h1>\n<p><strong>Il noleggio di un cassone a Fr\u00e9jus<\/strong> \u00e8 una soluzione pratica per gestire i tuoi rifiuti edili o verdi in modo efficiente e in tutta tranquillit\u00e0. Che tu sia un privato, un'azienda o un ente pubblico, <a><strong>Sclavo<\/strong><\/a> \u00e8 in grado di fornirti una gamma di cassonetti adatti ai tuoi volumi. Utilizza le nostre soluzioni di noleggio cassoni e gestisci i tuoi rifiuti con facilit\u00e0.  <\/p>\n<h2>Perch\u00e9 scegliere il noleggio di ribaltabili a Fr\u00e9jus?<\/h2>\n<p>Che si tratti di un cantiere, di una grande pulizia o della rimozione di rifiuti ingombranti, il <strong>noleggio di cassonetti a Fr\u00e9jus (83)<\/strong> \u00e8 una soluzione rapida e adeguata. Ti permette di gestire i tuoi rifiuti in totale sicurezza, senza ingombrare il tuo spazio di lavoro o causare inutili spostamenti. <\/p>\n<p>Quando ti rivolgi a un'azienda specializzata come Sclavo, puoi beneficiare di un servizio su misura per te, con il cassone consegnato rapidamente all'indirizzo richiesto e ritirato subito dopo il riempimento. Inoltre, ti garantiamo una gestione dei rifiuti conforme alle normative vigenti, assicurandoti che i rifiuti vengano riciclati nel rispetto dell'ambiente. <\/p>\n<p>Che tu sia un privato nel bel mezzo di un progetto di ristrutturazione, un costruttore o un ente locale con esigenze occasionali, i nostri cassonetti possono essere adattati a tutte le tue esigenze.<br \/>Grazie alla nostra ampia gamma di dimensioni dei cassonetti, possiamo aiutarti a razionalizzare le tue operazioni di raccolta, offrendoti il miglior prezzo possibile.<\/p>\n<h2>Che tipo di rifiuti posso smaltire con un cassone a noleggio a Fr\u00e9jus?<\/h2>\n<p>Scegliendo la nostra soluzione di <strong>noleggio cassoni a Fr\u00e9jus<\/strong>, potrai gestire i tuoi rifiuti in modo efficiente, sicuro e nel rispetto degli standard ambientali. Per garantire una separazione ottimale dei materiali, ti forniamo cassoni adatti alla natura dei materiali. <\/p>\n<p>Con il tuo <strong>noleggio di cassoni scarrabili a Fr\u00e9jus (Var)<\/strong>, potrai gestire i rifiuti tradizionali, principalmente quelli derivanti da costruzioni, ristrutturazioni o depositi, compresi i seguenti materiali comuni:<\/p>\n<ul>\n<li><strong>Ghiaia<\/strong> (cemento, mattoni, piastrelle, pietra)<\/li>\n<li><strong>Rifiuti verdi<\/strong> (rami, foglie, erba tagliata)<\/li>\n<li><strong>Legno<\/strong> (componenti in legno non trattato o trattato)<\/li>\n<li><strong>Plastica, cartone e carta<\/strong> (imballaggi, pellicole, film plastici)<\/li>\n<li><strong>Articoli ingombranti<\/strong> (articoli ingombranti o usati da buttare)<\/li>\n<\/ul>\n<p>Grazie ai nostri cassonetti dedicati, puoi liberarti di questi rifiuti in modo rapido, rispettando le istruzioni per la raccolta differenziata.<\/p>\n<p>Alcuni rifiuti, come quelli <strong>pericolosi<\/strong>, richiedono un trattamento speciale a causa della loro tossicit\u00e0. Offriamo un servizio su misura per raccogliere e smaltire questi materiali nel pieno rispetto delle norme: <\/p>\n<ul>\n<li>Pitture, solventi e vernici<\/li>\n<li>Oli esausti e idrocarburi<\/li>\n<li>Amianto (in condizioni specifiche)<\/li>\n<li>Prodotti chimici, cosmetici e farmaceutici<\/li>\n<li>Rifiuti industriali speciali<\/li>\n<\/ul>\n<p>Il nostro team ti aiuter\u00e0 a organizzare lo smaltimento nelle migliori condizioni possibili, utilizzando attrezzature certificate per questo tipo di rifiuti.<\/p>\n<p>Infine, il <strong>riciclaggio dei metalli<\/strong> \u00e8 fondamentale per ridurre l'impatto ecologico dei rifiuti generati nei cantieri o nelle officine. Forniamo <strong>un servizio di noleggio cassoni a Fr\u00e9jus<\/strong> dedicato a questo tipo di rifiuti: <\/p>\n<ul>\n<li>Rottami metallici e acciaio<\/li>\n<li>Alluminio, rame, zinco e altri metalli non ferrosi<\/li>\n<li>Cavi elettrici e componenti metallici usati<\/li>\n<\/ul>\n<p>Questi materiali vengono poi inviati alle piattaforme di riciclaggio per essere riciclati e riutilizzati in vari settori industriali.<\/p>\n<h2>I nostri tipi di noleggio cassoni a Fr\u00e9jus sono disponibili<\/h2>\n<p>Noi di <strong>Sclavo<\/strong> offriamo il <strong>noleggio di cassoni scarrabili a Fr\u00e9jus (C\u00f4te D'azur)<\/strong> per soddisfare tutte le tue esigenze di gestione dei rifiuti. Che tu operi nel settore dell'edilizia o dei lavori pubblici, nell'industria o semplicemente come privato, abbiamo un'offerta personalizzata che si adatta alle tue esigenze. <\/p>\n<ul>\n<li><strong>Ribaltatori per lavori pubblici<\/strong><\/li>\n<\/ul>\n<p>Progettati per i cantieri di demolizione e di costruzione pesante, questi cassoni sono ideali per rimuovere macerie, terra e materiali pesanti. Affidabili e maneggevoli, garantiscono una gestione ottimale dei rifiuti pesanti. <\/p>\n<ul>\n<li><strong>Ribaltatori Ampliroll<\/strong><\/li>\n<\/ul>\n<p>Questi cassoni multifunzionali sono progettati per gestire grandi volumi di rifiuti e facilitano la raccolta grazie a un sistema di movimentazione rapido e semplice. Sono ideali per le imprese di costruzione e di lavori pubblici, per le aziende industriali e per gli enti locali che hanno bisogno di ruotare i cassonetti rapidamente. <\/p>\n<ul>\n<li><strong>Il compattatore<\/strong><\/li>\n<\/ul>\n<p>Utile per ridurre i rifiuti comprimibili, il compattatore riduce notevolmente lo spazio occupato, riducendo cos\u00ec la frequenza delle raccolte. \u00c8 particolarmente adatto alle organizzazioni che desiderano razionalizzare la gestione dei rifiuti. <\/p>\n<ul>\n<li><strong>Scatole (da 30 L a 65 L)<\/strong><\/li>\n<\/ul>\n<p>Questi piccoli contenitori sono ideali per raccogliere piccole quantit\u00e0 di rifiuti. Ideali per un uso temporaneo, sono ideali per chi ha bisogno di uno stoccaggio a breve termine prima della rimozione. <\/p>\n<ul>\n<li><strong>Fusti (da 60 L a 220 L)<\/strong><\/li>\n<\/ul>\n<p>Progettati per i rifiuti liquidi, chimici o pericolosi, i fusti omologati garantiscono una sicurezza ottimale nella gestione dei rifiuti nel rispetto delle normative. Sono particolarmente apprezzati dalle aziende chimiche e farmaceutiche. <\/p>\n<ul>\n<li><strong>Scatole per pallet (da 600 L a 1400 L)<\/strong><\/li>\n<\/ul>\n<p>Robuste e versatili, queste cassette si adattano ai vincoli industriali. Sono adatte a contenere rifiuti secchi o ingombranti in attesa di trattamento. <\/p>\n<ul>\n<li><strong>Vasche (da 600 L a 1000 L)<\/strong><\/li>\n<\/ul>\n<p>Appositamente progettati per materiali pericolosi o sensibili, i serbatoi sono utilizzati in ambienti in cui la sicurezza \u00e8 fondamentale. Garantiscono una gestione conforme alle norme vigenti. <\/p>\n<h2>Come funziona il noleggio di un cassone di Sclavo in Fr\u00e9jus?<\/h2>\n<p>Noi di <strong>Sclavo<\/strong> ci impegniamo al massimo per offrirti un <strong>noleggio di cassonetti a Fr\u00e9jus<\/strong> senza intoppi, veloce e senza vincoli. Che tu lavori nell'edilizia, nell'industria o come privato, il nostro processo \u00e8 pensato per soddisfare le tue esigenze. <\/p>\n<p>Offriamo un'ampia gamma di contenitori, da <strong>1 a 35 m\u00b3<\/strong>, per una variet\u00e0 di tipi di rifiuti: calcinacci, rifiuti verdi, rottami metallici, oggetti ingombranti, rifiuti industriali, ecc:<\/p>\n<ul>\n<li>un intervento rapido e limitato nel tempo,<\/li>\n<li>o una soluzione ricorrente per un volume costante di rifiuti.<\/li>\n<\/ul>\n<p>Noi di <strong>Sclavo<\/strong> sappiamo che hai bisogno di soluzioni rapide. Ecco perch\u00e9 ci impegniamo a gestire la tua richiesta nel pi\u00f9 breve tempo possibile. Una volta individuata la tua necessit\u00e0 di <strong>noleggio cassoni a Fr\u00e9jus<\/strong> <strong>(83)<\/strong>, organizzeremo una consegna rapida nel luogo da te scelto, in modo che tu possa iniziare subito i lavori.  <\/p>\n<p>Inoltre, consegniamo, consegniamo e ritiriamo il cassone, garantendoti una gestione semplice e chiavi in mano. Puoi anche optare per una frequenza di raccolta personalizzata, a seconda della natura delle tue esigenze e dei tuoi tempi di consegna. <\/p>\n<p>Hai bisogno di<strong> noleggiare un cassone a Fr\u00e9jus (Var)?<\/strong> Contattaci oggi stesso per avere un preventivo personalizzato e per usufruire di un servizio professionale e affidabile, adatto alle tue esigenze.<\/p>\n<h2>Per saperne di pi\u00f9:;<\/h2>\n<p><a>Centro di raccolta rifiuti per professionisti e privati a Fr\u00e9jus<\/a> - <a>Rottamatore a Fr\u00e9jus<\/a> - <a>Recupero metalli a Fr\u00e9jus<\/a> - <a>Trattamento rifiuti a Fr\u00e9jus<\/a><\/p>\n<\/div>\n<\/div><\/div><\/div><\/div><\/div>","protected":false},"excerpt":{"rendered":"<p>Noleggio di cassoni scarrabili a Fr\u00e9jus Il noleggio di un cassone a Fr\u00e9jus \u00e8 una soluzione pratica per gestire i tuoi rifiuti edili o verdi in modo efficiente e [&hellip;]<\/p>\n","protected":false},"author":4,"featured_media":0,"parent":0,"menu_order":361,"comment_status":"closed","ping_status":"closed","template":"","meta":{"inline_featured_image":false,"footnotes":""},"class_list":["post-6352","page","type-page","status-publish","hentry"],"yoast_head":"<!-- This site is optimized with the Yoast SEO plugin v27.6 - https:\/\/yoast.com\/product\/yoast-seo-wordpress\/ -->\n<title>Noleggio cassoni scarrabili a Fr\u00e9jus - Sclavo - Sclavo<\/title>\n<meta name=\"description\" content=\"Noleggio cassoni ribaltabili a Fr\u00e9jus con Sclavo: macerie, rifiuti verdi, rifiuti industriali... Consegna rapida, cassoni adattati, servizio professionale per tutte le tue esigenze.\" \/>\n<meta name=\"robots\" content=\"index, follow, max-snippet:-1, max-image-preview:large, max-video-preview:-1\" \/>\n<link rel=\"canonical\" href=\"https:\/\/www.groupesclavo.fr\/it\/noleggio-cassoni-scarrabili-a-frejus-sclavo\/\" \/>\n<meta property=\"og:locale\" content=\"it_IT\" \/>\n<meta property=\"og:type\" content=\"article\" \/>\n<meta property=\"og:title\" content=\"Noleggio cassoni scarrabili a Fr\u00e9jus - Sclavo - Sclavo\" \/>\n<meta property=\"og:description\" content=\"Noleggio cassoni ribaltabili a Fr\u00e9jus con Sclavo: macerie, rifiuti verdi, rifiuti industriali... Consegna rapida, cassoni adattati, servizio professionale per tutte le tue esigenze.\" \/>\n<meta property=\"og:url\" content=\"https:\/\/www.groupesclavo.fr\/it\/noleggio-cassoni-scarrabili-a-frejus-sclavo\/\" \/>\n<meta property=\"og:site_name\" content=\"Sclavo\" \/>\n<meta property=\"article:modified_time\" content=\"2026-05-12T07:24:54+00:00\" \/>\n<meta name=\"twitter:card\" content=\"summary_large_image\" \/>\n<script type=\"application\/ld+json\" class=\"yoast-schema-graph\">{\"@context\":\"https:\\\/\\\/schema.org\",\"@graph\":[{\"@type\":\"WebPage\",\"@id\":\"https:\\\/\\\/www.groupesclavo.fr\\\/it\\\/noleggio-cassoni-scarrabili-a-frejus-sclavo\\\/\",\"url\":\"https:\\\/\\\/www.groupesclavo.fr\\\/it\\\/noleggio-cassoni-scarrabili-a-frejus-sclavo\\\/\",\"name\":\"Noleggio cassoni scarrabili a Fr\u00e9jus - Sclavo - Sclavo\",\"isPartOf\":{\"@id\":\"https:\\\/\\\/www.groupesclavo.fr\\\/it\\\/#website\"},\"datePublished\":\"2025-06-09T14:18:12+00:00\",\"dateModified\":\"2026-05-12T07:24:54+00:00\",\"description\":\"Noleggio cassoni ribaltabili a Fr\u00e9jus con Sclavo: macerie, rifiuti verdi, rifiuti industriali... Consegna rapida, cassoni adattati, servizio professionale per tutte le tue esigenze.\",\"breadcrumb\":{\"@id\":\"https:\\\/\\\/www.groupesclavo.fr\\\/it\\\/noleggio-cassoni-scarrabili-a-frejus-sclavo\\\/#breadcrumb\"},\"inLanguage\":\"it-IT\",\"potentialAction\":[{\"@type\":\"ReadAction\",\"target\":[\"https:\\\/\\\/www.groupesclavo.fr\\\/it\\\/noleggio-cassoni-scarrabili-a-frejus-sclavo\\\/\"]}]},{\"@type\":\"BreadcrumbList\",\"@id\":\"https:\\\/\\\/www.groupesclavo.fr\\\/it\\\/noleggio-cassoni-scarrabili-a-frejus-sclavo\\\/#breadcrumb\",\"itemListElement\":[{\"@type\":\"ListItem\",\"position\":1,\"name\":\"Accueil\",\"item\":\"https:\\\/\\\/www.groupesclavo.fr\\\/it\\\/\"},{\"@type\":\"ListItem\",\"position\":2,\"name\":\"Noleggio cassoni scarrabili a Fr\u00e9jus &#8211; Sclavo\"}]},{\"@type\":\"WebSite\",\"@id\":\"https:\\\/\\\/www.groupesclavo.fr\\\/it\\\/#website\",\"url\":\"https:\\\/\\\/www.groupesclavo.fr\\\/it\\\/\",\"name\":\"Sclavo\",\"description\":\"\",\"publisher\":{\"@id\":\"https:\\\/\\\/www.groupesclavo.fr\\\/it\\\/#organization\"},\"potentialAction\":[{\"@type\":\"SearchAction\",\"target\":{\"@type\":\"EntryPoint\",\"urlTemplate\":\"https:\\\/\\\/www.groupesclavo.fr\\\/it\\\/?s={search_term_string}\"},\"query-input\":{\"@type\":\"PropertyValueSpecification\",\"valueRequired\":true,\"valueName\":\"search_term_string\"}}],\"inLanguage\":\"it-IT\"},{\"@type\":\"Organization\",\"@id\":\"https:\\\/\\\/www.groupesclavo.fr\\\/it\\\/#organization\",\"name\":\"Sclavo\",\"url\":\"https:\\\/\\\/www.groupesclavo.fr\\\/it\\\/\",\"logo\":{\"@type\":\"ImageObject\",\"inLanguage\":\"it-IT\",\"@id\":\"https:\\\/\\\/www.groupesclavo.fr\\\/it\\\/#\\\/schema\\\/logo\\\/image\\\/\",\"url\":\"https:\\\/\\\/www.groupesclavo.fr\\\/wp-content\\\/uploads\\\/2024\\\/11\\\/logo-1.svg\",\"contentUrl\":\"https:\\\/\\\/www.groupesclavo.fr\\\/wp-content\\\/uploads\\\/2024\\\/11\\\/logo-1.svg\",\"width\":191,\"height\":57,\"caption\":\"Sclavo\"},\"image\":{\"@id\":\"https:\\\/\\\/www.groupesclavo.fr\\\/it\\\/#\\\/schema\\\/logo\\\/image\\\/\"}}]}<\/script>\n<!-- \/ Yoast SEO plugin. -->","yoast_head_json":{"title":"Noleggio cassoni scarrabili a Fr\u00e9jus - Sclavo - Sclavo","description":"Noleggio cassoni ribaltabili a Fr\u00e9jus con Sclavo: macerie, rifiuti verdi, rifiuti industriali... Consegna rapida, cassoni adattati, servizio professionale per tutte le tue esigenze.","robots":{"index":"index","follow":"follow","max-snippet":"max-snippet:-1","max-image-preview":"max-image-preview:large","max-video-preview":"max-video-preview:-1"},"canonical":"https:\/\/www.groupesclavo.fr\/it\/noleggio-cassoni-scarrabili-a-frejus-sclavo\/","og_locale":"it_IT","og_type":"article","og_title":"Noleggio cassoni scarrabili a Fr\u00e9jus - Sclavo - Sclavo","og_description":"Noleggio cassoni ribaltabili a Fr\u00e9jus con Sclavo: macerie, rifiuti verdi, rifiuti industriali... Consegna rapida, cassoni adattati, servizio professionale per tutte le tue esigenze.","og_url":"https:\/\/www.groupesclavo.fr\/it\/noleggio-cassoni-scarrabili-a-frejus-sclavo\/","og_site_name":"Sclavo","article_modified_time":"2026-05-12T07:24:54+00:00","twitter_card":"summary_large_image","schema":{"@context":"https:\/\/schema.org","@graph":[{"@type":"WebPage","@id":"https:\/\/www.groupesclavo.fr\/it\/noleggio-cassoni-scarrabili-a-frejus-sclavo\/","url":"https:\/\/www.groupesclavo.fr\/it\/noleggio-cassoni-scarrabili-a-frejus-sclavo\/","name":"Noleggio cassoni scarrabili a Fr\u00e9jus - Sclavo - Sclavo","isPartOf":{"@id":"https:\/\/www.groupesclavo.fr\/it\/#website"},"datePublished":"2025-06-09T14:18:12+00:00","dateModified":"2026-05-12T07:24:54+00:00","description":"Noleggio cassoni ribaltabili a Fr\u00e9jus con Sclavo: macerie, rifiuti verdi, rifiuti industriali... Consegna rapida, cassoni adattati, servizio professionale per tutte le tue esigenze.","breadcrumb":{"@id":"https:\/\/www.groupesclavo.fr\/it\/noleggio-cassoni-scarrabili-a-frejus-sclavo\/#breadcrumb"},"inLanguage":"it-IT","potentialAction":[{"@type":"ReadAction","target":["https:\/\/www.groupesclavo.fr\/it\/noleggio-cassoni-scarrabili-a-frejus-sclavo\/"]}]},{"@type":"BreadcrumbList","@id":"https:\/\/www.groupesclavo.fr\/it\/noleggio-cassoni-scarrabili-a-frejus-sclavo\/#breadcrumb","itemListElement":[{"@type":"ListItem","position":1,"name":"Accueil","item":"https:\/\/www.groupesclavo.fr\/it\/"},{"@type":"ListItem","position":2,"name":"Noleggio cassoni scarrabili a Fr\u00e9jus &#8211; Sclavo"}]},{"@type":"WebSite","@id":"https:\/\/www.groupesclavo.fr\/it\/#website","url":"https:\/\/www.groupesclavo.fr\/it\/","name":"Sclavo","description":"","publisher":{"@id":"https:\/\/www.groupesclavo.fr\/it\/#organization"},"potentialAction":[{"@type":"SearchAction","target":{"@type":"EntryPoint","urlTemplate":"https:\/\/www.groupesclavo.fr\/it\/?s={search_term_string}"},"query-input":{"@type":"PropertyValueSpecification","valueRequired":true,"valueName":"search_term_string"}}],"inLanguage":"it-IT"},{"@type":"Organization","@id":"https:\/\/www.groupesclavo.fr\/it\/#organization","name":"Sclavo","url":"https:\/\/www.groupesclavo.fr\/it\/","logo":{"@type":"ImageObject","inLanguage":"it-IT","@id":"https:\/\/www.groupesclavo.fr\/it\/#\/schema\/logo\/image\/","url":"https:\/\/www.groupesclavo.fr\/wp-content\/uploads\/2024\/11\/logo-1.svg","contentUrl":"https:\/\/www.groupesclavo.fr\/wp-content\/uploads\/2024\/11\/logo-1.svg","width":191,"height":57,"caption":"Sclavo"},"image":{"@id":"https:\/\/www.groupesclavo.fr\/it\/#\/schema\/logo\/image\/"}}]}},"_links":{"self":[{"href":"https:\/\/www.groupesclavo.fr\/it\/wp-json\/wp\/v2\/pages\/6352","targetHints":{"allow":["GET"]}}],"collection":[{"href":"https:\/\/www.groupesclavo.fr\/it\/wp-json\/wp\/v2\/pages"}],"about":[{"href":"https:\/\/www.groupesclavo.fr\/it\/wp-json\/wp\/v2\/types\/page"}],"author":[{"embeddable":true,"href":"https:\/\/www.groupesclavo.fr\/it\/wp-json\/wp\/v2\/users\/4"}],"replies":[{"embeddable":true,"href":"https:\/\/www.groupesclavo.fr\/it\/wp-json\/wp\/v2\/comments?post=6352"}],"version-history":[{"count":1,"href":"https:\/\/www.groupesclavo.fr\/it\/wp-json\/wp\/v2\/pages\/6352\/revisions"}],"predecessor-version":[{"id":6354,"href":"https:\/\/www.groupesclavo.fr\/it\/wp-json\/wp\/v2\/pages\/6352\/revisions\/6354"}],"wp:attachment":[{"href":"https:\/\/www.groupesclavo.fr\/it\/wp-json\/wp\/v2\/media?parent=6352"}],"curies":[{"name":"wp","href":"https:\/\/api.w.org\/{rel}","templated":true}]}}