{"id":6348,"date":"2025-06-09T16:02:00","date_gmt":"2025-06-09T14:02:00","guid":{"rendered":"https:\/\/www.groupesclavo.fr\/noleggio-cassoni-scarrabili-a-draguignan-sclavo\/"},"modified":"2026-05-12T09:24:46","modified_gmt":"2026-05-12T07:24:46","slug":"noleggio-cassoni-scarrabili-a-draguignan-sclavo","status":"publish","type":"page","link":"https:\/\/www.groupesclavo.fr\/it\/noleggio-cassoni-scarrabili-a-draguignan-sclavo\/","title":{"rendered":"Noleggio cassoni scarrabili a Draguignan &#8211; Sclavo"},"content":{"rendered":"<div id=\"pl-6348\"  class=\"panel-layout\" ><div id=\"pg-6348-0\"  class=\"panel-grid panel-no-style\" ><div id=\"pgc-6348-0-0\"  class=\"panel-grid-cell\" ><div id=\"panel-6348-0-0-0\" class=\"so-panel widget widget_sow-editor panel-first-child panel-last-child\" data-index=\"0\" ><div\n\t\t\t\n\t\t\tclass=\"so-widget-sow-editor so-widget-sow-editor-base\"\n\t\t\t\n\t\t>\n<div class=\"siteorigin-widget-tinymce textwidget\">\n\t<h1>Noleggio di cassoni scarrabili a Draguignan<\/h1>\n<p><strong>Noleggiare un cassone a Draguignan<\/strong> \u00e8 una scelta saggia per gestire i tuoi rifiuti edili o verdi in modo efficiente e semplice. Che tu sia un appassionato di fai da te, un artigiano o un ente pubblico, <a><strong>Sclavo<\/strong><\/a> ha una gamma di contenitori adatti ad ogni situazione. Utilizza le nostre soluzioni di noleggio cassoni e risparmia tempo nella gestione dei tuoi rifiuti.  <\/p>\n<h2>Perch\u00e9 scegliere di noleggiare un cassone a Draguignan?<\/h2>\n<p>Che si tratti di un progetto edile, di pulizie di primavera o di rimozione di macerie, il <strong>noleggio di cassoni a Draguignan (83)<\/strong> \u00e8 una soluzione pratica ed efficiente. Ti permette di organizzare la raccolta dei rifiuti in tutta tranquillit\u00e0, senza interrompere la tua zona di lavoro o causare spostamenti inutili. <\/p>\n<p>Rivolgendoti a un'azienda specializzata come Sclavo, potrai beneficiare di un servizio su misura per le tue esigenze, con una consegna rapida del cassone nel luogo da te scelto e un recupero programmato una volta che il cassone \u00e8 stato utilizzato. Inoltre, ti garantiamo che i tuoi rifiuti saranno trattati in conformit\u00e0 con la legislazione vigente, assicurandoti un approccio totalmente responsabile nei confronti dell'ambiente. <\/p>\n<p>Che tu sia un appassionato di bricolage, un imprenditore in un cantiere o un ente locale alla ricerca di una soluzione adeguata, i nostri cassonetti soddisferanno tutte le tue esigenze.<br \/>Con un'ampia gamma di contenitori disponibili, possiamo aiutarti a razionalizzare le operazioni di raccolta, tenendo sotto controllo il tuo budget.<\/p>\n<h2>Che tipo di rifiuti posso smaltire con un cassone a noleggio a Draguignan?<\/h2>\n<p>Se scegli di <strong>noleggiare un cassone a Draguignan<\/strong> da Sclavo, potrai gestire i tuoi rifiuti in modo efficiente, in totale tranquillit\u00e0 e nel rispetto delle normative vigenti. Per garantire il massimo recupero, ti forniamo cassoni adatti alla natura dei materiali. <\/p>\n<p>Con il tuo <strong>noleggio cassoni a Draguignan (Var)<\/strong>, potrai smaltire rifiuti non pericolosi, provenienti principalmente dal settore delle costruzioni, delle ristrutturazioni o degli sgomberi, comprese categorie di rifiuti come :<\/p>\n<ul>\n<li><strong>Ghiaia<\/strong> (detriti di cantiere come cemento e mattoni)<\/li>\n<li><strong>Rifiuti verdi<\/strong> (rami, foglie, erba tagliata)<\/li>\n<li><strong>Legno<\/strong> (componenti in legno non trattato o trattato)<\/li>\n<li><strong>Plastica, cartone e carta<\/strong> (materiali leggeri e riciclabili)<\/li>\n<li><strong>Articoli ingombranti<\/strong> (articoli ingombranti o usati da buttare)<\/li>\n<\/ul>\n<p>Grazie alla nostra flotta di cassoni specializzati, puoi sbarazzarti di questi rifiuti rapidamente, favorendo il riciclaggio.<\/p>\n<p>Alcuni tipi di rifiuti, come quelli <strong>pericolosi<\/strong>, sono soggetti a regole severe a causa del loro impatto ambientale. Offriamo un servizio su misura per raccogliere e smaltire questi materiali nel pieno rispetto delle norme: <\/p>\n<ul>\n<li>Pitture, solventi e vernici<\/li>\n<li>Oli esausti e idrocarburi<\/li>\n<li>Amianto (in condizioni specifiche)<\/li>\n<li>Prodotti chimici, cosmetici e farmaceutici<\/li>\n<li>Rifiuti industriali speciali<\/li>\n<\/ul>\n<p>Il nostro team pu\u00f2 aiutarti a implementare soluzioni sicure, con apparecchiature conformi agli standard attuali.<\/p>\n<p>Infine, il <strong>riciclaggio dei metalli<\/strong> \u00e8 fondamentale per limitare l'estrazione di risorse naturali dai rifiuti industriali ed edili. Offriamo <strong>un servizio di noleggio cassoni a Draguignan<\/strong> dedicato a questo tipo di rifiuti: <\/p>\n<ul>\n<li>Rottami metallici e acciaio<\/li>\n<li>Alluminio, rame, zinco e altri metalli non ferrosi<\/li>\n<li>Cavi elettrici e componenti metallici usati<\/li>\n<\/ul>\n<p>Questi materiali vengono poi trasportati in centri specializzati per essere riciclati e riutilizzati in vari settori industriali.<\/p>\n<h2>I nostri tipi di noleggio cassoni a Draguignan disponibili<\/h2>\n<p>Noi di <strong>Sclavo<\/strong> offriamo il <strong>noleggio di cassoni a Draguignan (C\u00f4te D'azur)<\/strong> per soddisfare tutte le tue esigenze di gestione dei rifiuti. Che tu sia un professionista dell'edilizia, un industriale o un privato, abbiamo il cassone di cui hai bisogno. <\/p>\n<ul>\n<li><strong>Ribaltatori per lavori pubblici<\/strong><\/li>\n<\/ul>\n<p>Perfetti per i grandi cantieri e le operazioni di movimento terra, questi ribaltabili sono progettati per la rimozione di macerie, terra e materiali pesanti. Affidabili e maneggevoli, semplificano la logistica del cantiere. <\/p>\n<ul>\n<li><strong>Ribaltatori Ampliroll<\/strong><\/li>\n<\/ul>\n<p>Questi cassonetti multifunzionali sono progettati per gestire grandi volumi di rifiuti e facilitano la raccolta grazie a un sistema di movimentazione semplice e veloce. Sono ideali per i professionisti con esigenze regolari, che richiedono uno smaltimento quotidiano. <\/p>\n<ul>\n<li><strong>Il compattatore<\/strong><\/li>\n<\/ul>\n<p>Utile per ridurre i rifiuti comprimibili, il compattatore riduce notevolmente lo spazio occupato, riducendo cos\u00ec la frequenza delle raccolte. \u00c8 particolarmente adatto alle industrie e alle grandi aziende che producono grandi quantit\u00e0 di rifiuti. <\/p>\n<ul>\n<li><strong>Scatole (da 30 L a 65 L)<\/strong><\/li>\n<\/ul>\n<p>Questi contenitori a basso volume sono ideali per raccogliere piccole quantit\u00e0 di rifiuti. Facili da maneggiare, sono ideali per artigiani, uffici o famiglie. <\/p>\n<ul>\n<li><strong>Fusti (da 60 L a 220 L)<\/strong><\/li>\n<\/ul>\n<p>Progettati per materiali sensibili, i fusti omologati garantiscono una sicurezza ottimale per lo stoccaggio e il trasporto di questi rifiuti. Sono particolarmente apprezzati dalle aziende chimiche e farmaceutiche. <\/p>\n<ul>\n<li><strong>Scatole per pallet (da 600 L a 1400 L)<\/strong><\/li>\n<\/ul>\n<p>Progettate per la movimentazione e il trasporto di rifiuti sfusi, queste casse sono resistenti. Sono adatte per rifiuti industriali, riciclabili e pezzi di ricambio. <\/p>\n<ul>\n<li><strong>Vasche (da 600 L a 1000 L)<\/strong><\/li>\n<\/ul>\n<p>Progettate appositamente per materiali pericolosi o sensibili, le cisterne sono utilizzate nei settori agricolo, industriale e chimico. Garantiscono una gestione conforme alle norme vigenti. <\/p>\n<h2>Come funziona il noleggio di un cassone di Sclavo a Draguignan?<\/h2>\n<p>Noi di <strong>Sclavo<\/strong> facciamo del nostro meglio per offrirti un servizio di <strong>noleggio cassoni<\/strong> semplice, veloce ed efficiente <strong>a Draguignan<\/strong>. Che tu sia un'azienda o un privato, il nostro processo \u00e8 ottimizzato per garantire una gestione efficiente dei rifiuti. <\/p>\n<p>Offriamo volumi adatti a tutte le esigenze, da <strong>1 a 35 m\u00b3<\/strong>, per tutti i tipi di rifiuti: calcinacci, rifiuti verdi, rottami metallici, oggetti ingombranti, rifiuti industriali, etc. Puoi anche scegliere il periodo di noleggio pi\u00f9 adatto a te, sia che si tratti di :<\/p>\n<ul>\n<li>noleggio a breve termine per un cantiere unico,<\/li>\n<li>o un servizio regolare per un'attivit\u00e0 che richiede una raccolta frequente.<\/li>\n<\/ul>\n<p>Noi di <strong>Sclavo<\/strong> sappiamo che la reattivit\u00e0 \u00e8 fondamentale. Ecco perch\u00e9 ci impegniamo a massimizzare la nostra reattivit\u00e0 fin dal primo contatto. Una volta definite le tue esigenze di <strong>noleggio cassoni a Draguignan<\/strong> <strong>(83)<\/strong>, programmiamo il cassone per metterlo a disposizione dove ti serve, in modo che tu possa gestire i tuoi rifiuti il giorno stesso.  <\/p>\n<p>Ci occuperemo anche dell'installazione e della rimozione del cassone, per offrirti una soluzione completa e senza preoccupazioni. Puoi anche optare per un servizio di raccolta una tantum o ricorrente, a seconda del volume dei rifiuti e del tuo programma di raccolta. <\/p>\n<p>Hai bisogno di<strong> noleggiare un cassone a Draguignan (Var)?<\/strong> Chiamaci per un rapido preventivo e approfitta di un servizio all'altezza delle tue aspettative, al miglior prezzo.<\/p>\n<h2>Per saperne di pi\u00f9:;<\/h2>\n<p><a>Centro di raccolta rifiuti per professionisti e privati a Draguignan<\/a> - <a>Rottamatore a Draguignan<\/a> - <a>Recupero metalli a Draguignan<\/a> - <a>Trattamento rifiuti a Draguignan<\/a><\/p>\n<\/div>\n<\/div><\/div><\/div><\/div><\/div>","protected":false},"excerpt":{"rendered":"<p>Noleggio di cassoni scarrabili a Draguignan Noleggiare un cassone a Draguignan \u00e8 una scelta saggia per gestire i tuoi rifiuti edili o verdi in modo efficiente e semplice. Che [&hellip;]<\/p>\n","protected":false},"author":4,"featured_media":0,"parent":0,"menu_order":369,"comment_status":"closed","ping_status":"closed","template":"","meta":{"inline_featured_image":false,"footnotes":""},"class_list":["post-6348","page","type-page","status-publish","hentry"],"yoast_head":"<!-- This site is optimized with the Yoast SEO plugin v27.6 - https:\/\/yoast.com\/product\/yoast-seo-wordpress\/ -->\n<title>Noleggio cassoni scarrabili a Draguignan - Sclavo - Sclavo<\/title>\n<meta name=\"description\" content=\"Noleggio cassoni ribaltabili a Draguignan con Sclavo: macerie, rifiuti verdi, rifiuti industriali... Consegna rapida, cassoni adatti, servizio professionale per tutte le tue esigenze.\" \/>\n<meta name=\"robots\" content=\"index, follow, max-snippet:-1, max-image-preview:large, max-video-preview:-1\" \/>\n<link rel=\"canonical\" href=\"https:\/\/www.groupesclavo.fr\/it\/noleggio-cassoni-scarrabili-a-draguignan-sclavo\/\" \/>\n<meta property=\"og:locale\" content=\"it_IT\" \/>\n<meta property=\"og:type\" content=\"article\" \/>\n<meta property=\"og:title\" content=\"Noleggio cassoni scarrabili a Draguignan - Sclavo - Sclavo\" \/>\n<meta property=\"og:description\" content=\"Noleggio cassoni ribaltabili a Draguignan con Sclavo: macerie, rifiuti verdi, rifiuti industriali... Consegna rapida, cassoni adatti, servizio professionale per tutte le tue esigenze.\" \/>\n<meta property=\"og:url\" content=\"https:\/\/www.groupesclavo.fr\/it\/noleggio-cassoni-scarrabili-a-draguignan-sclavo\/\" \/>\n<meta property=\"og:site_name\" content=\"Sclavo\" \/>\n<meta property=\"article:modified_time\" content=\"2026-05-12T07:24:46+00:00\" \/>\n<meta name=\"twitter:card\" content=\"summary_large_image\" \/>\n<script type=\"application\/ld+json\" class=\"yoast-schema-graph\">{\"@context\":\"https:\\\/\\\/schema.org\",\"@graph\":[{\"@type\":\"WebPage\",\"@id\":\"https:\\\/\\\/www.groupesclavo.fr\\\/it\\\/noleggio-cassoni-scarrabili-a-draguignan-sclavo\\\/\",\"url\":\"https:\\\/\\\/www.groupesclavo.fr\\\/it\\\/noleggio-cassoni-scarrabili-a-draguignan-sclavo\\\/\",\"name\":\"Noleggio cassoni scarrabili a Draguignan - Sclavo - Sclavo\",\"isPartOf\":{\"@id\":\"https:\\\/\\\/www.groupesclavo.fr\\\/it\\\/#website\"},\"datePublished\":\"2025-06-09T14:02:00+00:00\",\"dateModified\":\"2026-05-12T07:24:46+00:00\",\"description\":\"Noleggio cassoni ribaltabili a Draguignan con Sclavo: macerie, rifiuti verdi, rifiuti industriali... Consegna rapida, cassoni adatti, servizio professionale per tutte le tue esigenze.\",\"breadcrumb\":{\"@id\":\"https:\\\/\\\/www.groupesclavo.fr\\\/it\\\/noleggio-cassoni-scarrabili-a-draguignan-sclavo\\\/#breadcrumb\"},\"inLanguage\":\"it-IT\",\"potentialAction\":[{\"@type\":\"ReadAction\",\"target\":[\"https:\\\/\\\/www.groupesclavo.fr\\\/it\\\/noleggio-cassoni-scarrabili-a-draguignan-sclavo\\\/\"]}]},{\"@type\":\"BreadcrumbList\",\"@id\":\"https:\\\/\\\/www.groupesclavo.fr\\\/it\\\/noleggio-cassoni-scarrabili-a-draguignan-sclavo\\\/#breadcrumb\",\"itemListElement\":[{\"@type\":\"ListItem\",\"position\":1,\"name\":\"Accueil\",\"item\":\"https:\\\/\\\/www.groupesclavo.fr\\\/it\\\/\"},{\"@type\":\"ListItem\",\"position\":2,\"name\":\"Noleggio cassoni scarrabili a Draguignan &#8211; Sclavo\"}]},{\"@type\":\"WebSite\",\"@id\":\"https:\\\/\\\/www.groupesclavo.fr\\\/it\\\/#website\",\"url\":\"https:\\\/\\\/www.groupesclavo.fr\\\/it\\\/\",\"name\":\"Sclavo\",\"description\":\"\",\"publisher\":{\"@id\":\"https:\\\/\\\/www.groupesclavo.fr\\\/it\\\/#organization\"},\"potentialAction\":[{\"@type\":\"SearchAction\",\"target\":{\"@type\":\"EntryPoint\",\"urlTemplate\":\"https:\\\/\\\/www.groupesclavo.fr\\\/it\\\/?s={search_term_string}\"},\"query-input\":{\"@type\":\"PropertyValueSpecification\",\"valueRequired\":true,\"valueName\":\"search_term_string\"}}],\"inLanguage\":\"it-IT\"},{\"@type\":\"Organization\",\"@id\":\"https:\\\/\\\/www.groupesclavo.fr\\\/it\\\/#organization\",\"name\":\"Sclavo\",\"url\":\"https:\\\/\\\/www.groupesclavo.fr\\\/it\\\/\",\"logo\":{\"@type\":\"ImageObject\",\"inLanguage\":\"it-IT\",\"@id\":\"https:\\\/\\\/www.groupesclavo.fr\\\/it\\\/#\\\/schema\\\/logo\\\/image\\\/\",\"url\":\"https:\\\/\\\/www.groupesclavo.fr\\\/wp-content\\\/uploads\\\/2024\\\/11\\\/logo-1.svg\",\"contentUrl\":\"https:\\\/\\\/www.groupesclavo.fr\\\/wp-content\\\/uploads\\\/2024\\\/11\\\/logo-1.svg\",\"width\":191,\"height\":57,\"caption\":\"Sclavo\"},\"image\":{\"@id\":\"https:\\\/\\\/www.groupesclavo.fr\\\/it\\\/#\\\/schema\\\/logo\\\/image\\\/\"}}]}<\/script>\n<!-- \/ Yoast SEO plugin. -->","yoast_head_json":{"title":"Noleggio cassoni scarrabili a Draguignan - Sclavo - Sclavo","description":"Noleggio cassoni ribaltabili a Draguignan con Sclavo: macerie, rifiuti verdi, rifiuti industriali... Consegna rapida, cassoni adatti, servizio professionale per tutte le tue esigenze.","robots":{"index":"index","follow":"follow","max-snippet":"max-snippet:-1","max-image-preview":"max-image-preview:large","max-video-preview":"max-video-preview:-1"},"canonical":"https:\/\/www.groupesclavo.fr\/it\/noleggio-cassoni-scarrabili-a-draguignan-sclavo\/","og_locale":"it_IT","og_type":"article","og_title":"Noleggio cassoni scarrabili a Draguignan - Sclavo - Sclavo","og_description":"Noleggio cassoni ribaltabili a Draguignan con Sclavo: macerie, rifiuti verdi, rifiuti industriali... Consegna rapida, cassoni adatti, servizio professionale per tutte le tue esigenze.","og_url":"https:\/\/www.groupesclavo.fr\/it\/noleggio-cassoni-scarrabili-a-draguignan-sclavo\/","og_site_name":"Sclavo","article_modified_time":"2026-05-12T07:24:46+00:00","twitter_card":"summary_large_image","schema":{"@context":"https:\/\/schema.org","@graph":[{"@type":"WebPage","@id":"https:\/\/www.groupesclavo.fr\/it\/noleggio-cassoni-scarrabili-a-draguignan-sclavo\/","url":"https:\/\/www.groupesclavo.fr\/it\/noleggio-cassoni-scarrabili-a-draguignan-sclavo\/","name":"Noleggio cassoni scarrabili a Draguignan - Sclavo - Sclavo","isPartOf":{"@id":"https:\/\/www.groupesclavo.fr\/it\/#website"},"datePublished":"2025-06-09T14:02:00+00:00","dateModified":"2026-05-12T07:24:46+00:00","description":"Noleggio cassoni ribaltabili a Draguignan con Sclavo: macerie, rifiuti verdi, rifiuti industriali... Consegna rapida, cassoni adatti, servizio professionale per tutte le tue esigenze.","breadcrumb":{"@id":"https:\/\/www.groupesclavo.fr\/it\/noleggio-cassoni-scarrabili-a-draguignan-sclavo\/#breadcrumb"},"inLanguage":"it-IT","potentialAction":[{"@type":"ReadAction","target":["https:\/\/www.groupesclavo.fr\/it\/noleggio-cassoni-scarrabili-a-draguignan-sclavo\/"]}]},{"@type":"BreadcrumbList","@id":"https:\/\/www.groupesclavo.fr\/it\/noleggio-cassoni-scarrabili-a-draguignan-sclavo\/#breadcrumb","itemListElement":[{"@type":"ListItem","position":1,"name":"Accueil","item":"https:\/\/www.groupesclavo.fr\/it\/"},{"@type":"ListItem","position":2,"name":"Noleggio cassoni scarrabili a Draguignan &#8211; Sclavo"}]},{"@type":"WebSite","@id":"https:\/\/www.groupesclavo.fr\/it\/#website","url":"https:\/\/www.groupesclavo.fr\/it\/","name":"Sclavo","description":"","publisher":{"@id":"https:\/\/www.groupesclavo.fr\/it\/#organization"},"potentialAction":[{"@type":"SearchAction","target":{"@type":"EntryPoint","urlTemplate":"https:\/\/www.groupesclavo.fr\/it\/?s={search_term_string}"},"query-input":{"@type":"PropertyValueSpecification","valueRequired":true,"valueName":"search_term_string"}}],"inLanguage":"it-IT"},{"@type":"Organization","@id":"https:\/\/www.groupesclavo.fr\/it\/#organization","name":"Sclavo","url":"https:\/\/www.groupesclavo.fr\/it\/","logo":{"@type":"ImageObject","inLanguage":"it-IT","@id":"https:\/\/www.groupesclavo.fr\/it\/#\/schema\/logo\/image\/","url":"https:\/\/www.groupesclavo.fr\/wp-content\/uploads\/2024\/11\/logo-1.svg","contentUrl":"https:\/\/www.groupesclavo.fr\/wp-content\/uploads\/2024\/11\/logo-1.svg","width":191,"height":57,"caption":"Sclavo"},"image":{"@id":"https:\/\/www.groupesclavo.fr\/it\/#\/schema\/logo\/image\/"}}]}},"_links":{"self":[{"href":"https:\/\/www.groupesclavo.fr\/it\/wp-json\/wp\/v2\/pages\/6348","targetHints":{"allow":["GET"]}}],"collection":[{"href":"https:\/\/www.groupesclavo.fr\/it\/wp-json\/wp\/v2\/pages"}],"about":[{"href":"https:\/\/www.groupesclavo.fr\/it\/wp-json\/wp\/v2\/types\/page"}],"author":[{"embeddable":true,"href":"https:\/\/www.groupesclavo.fr\/it\/wp-json\/wp\/v2\/users\/4"}],"replies":[{"embeddable":true,"href":"https:\/\/www.groupesclavo.fr\/it\/wp-json\/wp\/v2\/comments?post=6348"}],"version-history":[{"count":1,"href":"https:\/\/www.groupesclavo.fr\/it\/wp-json\/wp\/v2\/pages\/6348\/revisions"}],"predecessor-version":[{"id":6350,"href":"https:\/\/www.groupesclavo.fr\/it\/wp-json\/wp\/v2\/pages\/6348\/revisions\/6350"}],"wp:attachment":[{"href":"https:\/\/www.groupesclavo.fr\/it\/wp-json\/wp\/v2\/media?parent=6348"}],"curies":[{"name":"wp","href":"https:\/\/api.w.org\/{rel}","templated":true}]}}