{"id":6343,"date":"2025-06-09T15:21:51","date_gmt":"2025-06-09T13:21:51","guid":{"rendered":"https:\/\/www.groupesclavo.fr\/noleggio-ribaltabile-a-cannes-sclavo\/"},"modified":"2026-05-12T09:24:46","modified_gmt":"2026-05-12T07:24:46","slug":"noleggio-ribaltabile-a-cannes-sclavo","status":"publish","type":"page","link":"https:\/\/www.groupesclavo.fr\/it\/noleggio-ribaltabile-a-cannes-sclavo\/","title":{"rendered":"Noleggio ribaltabile a Cannes &#8211; Sclavo"},"content":{"rendered":"<div id=\"pl-6343\"  class=\"panel-layout\" ><div id=\"pg-6343-0\"  class=\"panel-grid panel-no-style\" ><div id=\"pgc-6343-0-0\"  class=\"panel-grid-cell\" ><div id=\"panel-6343-0-0-0\" class=\"so-panel widget widget_sow-editor panel-first-child panel-last-child\" data-index=\"0\" ><div\n\t\t\t\n\t\t\tclass=\"so-widget-sow-editor so-widget-sow-editor-base\"\n\t\t\t\n\t\t>\n<div class=\"siteorigin-widget-tinymce textwidget\">\n\t<h1>Noleggio di cassoni scarrabili a Cannes<\/h1>\n<p><strong>Il noleggio di un cassone a Cannes<\/strong> \u00e8 una soluzione pratica per gestire in tutta tranquillit\u00e0 le tue macerie, gli oggetti ingombranti o i rifiuti verdi. Che tu sia un privato, un'azienda o un ente pubblico, <a href=\"https:\/\/www.groupesclavo.fr\/it\/\"><strong>Sclavo<\/strong><\/a> \u00e8 in grado di fornirti una variet\u00e0 di contenitori adatti ad ogni situazione. Approfitta del nostro servizio di noleggio cassoni e risparmia tempo nella gestione dei tuoi rifiuti.  <\/p>\n<h2>Perch\u00e9 scegliere il noleggio di cassoni scarrabili a Cannes?<\/h2>\n<p>Che si tratti di un cantiere, di una grande pulizia o della rimozione di rifiuti ingombranti, il <strong>noleggio cassoni a Cannes (06)<\/strong> \u00e8 una soluzione pratica ed efficiente. Ti permette di smaltire i tuoi rifiuti senza vincoli, senza ingombrare il tuo spazio di lavoro o causare inutili spostamenti. <\/p>\n<p>Quando ti rivolgi a Sclavo, esperto nel noleggio di cassoni scarrabili, puoi beneficiare di un servizio su misura per te, con fornitura espressa in loco e ritiro non appena il cassone \u00e8 pieno. Inoltre, ti garantiamo una gestione dei rifiuti conforme alle normative vigenti, assicurandoti un trattamento rispettoso dell'ambiente. <\/p>\n<p>Che si tratti di un privato che esegue lavori di ristrutturazione, di un professionista dell'edilizia e dell'ingegneria civile o di un ente locale con esigenze specifiche, i nostri cassonetti possono essere adattati a tutte le tue necessit\u00e0.<br \/>Grazie alla nostra ampia gamma di cassonetti, possiamo aiutarti a ottimizzare la gestione dei rifiuti contenendo i costi.<\/p>\n<h2>Che tipo di rifiuti posso smaltire con un cassone a noleggio a Cannes?<\/h2>\n<p>Scegliendo i servizi di<strong> noleggio cassoni<\/strong> di Sclavo<strong> a Cannes<\/strong>, potrai smaltire diversi tipi di rifiuti in modo sicuro e nel rispetto delle norme ambientali. Per garantire una separazione ottimale dei materiali, ti forniamo contenitori specifici in base al tipo di rifiuto. <\/p>\n<p><strong>Noleggiando un cassone a Cannes (Alpes-Maritimes)<\/strong>, potrai gestire i rifiuti tradizionali, principalmente quelli provenienti da cantieri, ristrutturazioni o pulizie di spazi, compresi i seguenti materiali comuni:<\/p>\n<ul>\n<li><strong>Ghiaia<\/strong> (detriti di cantiere come cemento e mattoni)<\/li>\n<li><strong>Rifiuti verdi<\/strong> (rami, foglie, erba tagliata)<\/li>\n<li><strong>Legno<\/strong> (pallet, assi, travi, ecc.)<\/li>\n<li><strong>Plastica, cartone e carta<\/strong> (materiali leggeri e riciclabili)<\/li>\n<li><strong>Articoli ingombranti<\/strong> (articoli ingombranti o usati da buttare)<\/li>\n<\/ul>\n<p>Grazie ai nostri cassonetti dedicati, puoi gestire questi materiali senza alcun vincolo, facilitando il loro riciclo.<\/p>\n<p>Alcuni tipi di rifiuti, come quelli <strong>pericolosi<\/strong>, richiedono una gestione speciale a causa del loro impatto ambientale. Offriamo un servizio su misura per gestirli nel rispetto delle normative: <\/p>\n<ul>\n<li>Pitture, solventi e vernici<\/li>\n<li>Oli esausti e idrocarburi<\/li>\n<li>Amianto (in condizioni specifiche)<\/li>\n<li>Prodotti chimici, cosmetici e farmaceutici<\/li>\n<li>Rifiuti industriali speciali<\/li>\n<\/ul>\n<p>Il nostro team ti consiglier\u00e0 sulla scelta dell'attrezzatura adeguata, utilizzando materiale certificato per questo tipo di rifiuti.<\/p>\n<p>Infine, il <strong>riciclaggio dei metalli<\/strong> \u00e8 fondamentale per ridurre l'impatto ecologico dei rifiuti provenienti da attivit\u00e0 edilizie e industriali. Offriamo <strong>un servizio di noleggio cassoni a Cannes<\/strong> dedicato a questo tipo di rifiuti: <\/p>\n<ul>\n<li>Rottami metallici e acciaio<\/li>\n<li>Alluminio, rame, zinco e altri metalli non ferrosi<\/li>\n<li>Cavi elettrici e componenti metallici usati<\/li>\n<\/ul>\n<p>Questi materiali vengono poi inviati alle piattaforme di riciclaggio per essere riciclati e riutilizzati in vari settori industriali.<\/p>\n<h2>I nostri tipi di noleggio cassoni a Cannes disponibili<\/h2>\n<p>Noi di <strong>Sclavo<\/strong> offriamo il <strong>noleggio di cassoni a Cannes (C\u00f4te D'azur)<\/strong> per soddisfare tutte le tue esigenze di gestione dei rifiuti. Che tu sia un artigiano, un'azienda o un privato, abbiamo un'offerta personalizzata per soddisfare le tue esigenze. <\/p>\n<ul>\n<li><strong>Ribaltatori per lavori pubblici<\/strong><\/li>\n<\/ul>\n<p>Progettati per i cantieri di demolizione e di costruzione pesante, questi cassoni sono ideali per il trasporto dei materiali di demolizione. Robusti e facili da maneggiare, consentono una gestione efficiente dei rifiuti del cantiere. <\/p>\n<ul>\n<li><strong>Ribaltatori Ampliroll<\/strong><\/li>\n<\/ul>\n<p>Questi cassoni multifunzionali sono progettati per essere caricati frequentemente e facilitano la raccolta grazie a un sistema di movimentazione rapido e semplice. Sono ideali per tutte le organizzazioni che gestiscono grandi volumi di rifiuti e che necessitano di raccolte frequenti e ottimizzate. <\/p>\n<ul>\n<li><strong>Il compattatore<\/strong><\/li>\n<\/ul>\n<p>La soluzione ideale per ottimizzare la gestione dei rifiuti leggeri, il compattatore riduce notevolmente lo spazio occupato, tagliando i costi della logistica. \u00c8 particolarmente adatto alle aziende che producono rifiuti a bassa densit\u00e0. <\/p>\n<ul>\n<li><strong>Scatole (da 30 L a 65 L)<\/strong><\/li>\n<\/ul>\n<p>Questi piccoli contenitori sono ideali per quantit\u00e0 limitate. Ideali per un uso temporaneo, sono adatti per artigiani, uffici o famiglie. <\/p>\n<ul>\n<li><strong>Fusti (da 60 L a 220 L)<\/strong><\/li>\n<\/ul>\n<p>Destinati ai rifiuti liquidi, chimici o pericolosi, i fusti omologati garantiscono una maggiore protezione per la gestione sicura di questi rifiuti. Sono particolarmente utili in ambienti sensibili. <\/p>\n<ul>\n<li><strong>Scatole per pallet (da 600 L a 1400 L)<\/strong><\/li>\n<\/ul>\n<p>Progettate per la movimentazione e il trasporto di rifiuti sfusi, queste casse sono resistenti. Sono adatte ai settori della logistica, dell'industria e del riciclaggio. <\/p>\n<ul>\n<li><strong>Vasche (da 600 L a 1000 L)<\/strong><\/li>\n<\/ul>\n<p>Appositamente progettati per materiali pericolosi o sensibili, i serbatoi sono utilizzati in ambienti in cui la sicurezza \u00e8 fondamentale. Garantiscono una movimentazione priva di rischi. <\/p>\n<h2>Come funziona il noleggio di un cassone a Cannes da Sclavo?<\/h2>\n<p>Noi di <strong>Sclavo<\/strong> facciamo del nostro meglio per offrirti un servizio di <strong>noleggio cassoni<\/strong> semplice, veloce ed efficiente <strong>a Cannes<\/strong>. Che tu sia un privato o un professionista, il nostro processo \u00e8 pensato per rispondere a tutte le situazioni. <\/p>\n<p>Offriamo un'ampia gamma di contenitori, da <strong>1 a 35 m\u00b3<\/strong>, per diversi tipi di materiali: calcinacci, rifiuti verdi, rottami metallici, oggetti ingombranti, rifiuti industriali, ecc:<\/p>\n<ul>\n<li>un'esigenza temporanea per un progetto specifico,<\/li>\n<li>o un supporto a lungo termine.<\/li>\n<\/ul>\n<p>Noi di <strong>Sclavo<\/strong> sappiamo che il tempo \u00e8 prezioso. Ecco perch\u00e9 ci impegniamo a massimizzare la nostra reattivit\u00e0 fin dal primo contatto. Una volta definite le tue esigenze di <strong>noleggio cassoni a Cannes<\/strong> <strong>(06)<\/strong>, programmeremo il cassone per metterlo a disposizione dove ti serve, in modo che tu possa iniziare il tuo lavoro senza ritardi.  <\/p>\n<p>Ci occupiamo anche dell'installazione in loco e del ritiro al termine del periodo di noleggio, garantendoti una soluzione all-in-one senza preoccupazioni. Puoi anche optare per un servizio di ritiro una tantum o ricorrente, a seconda dei tuoi vincoli logistici e dei tempi di consegna. <\/p>\n<p>Hai bisogno di<strong> noleggiare un cassone a Cannes (Alpes-Maritimes)?<\/strong> Richiedi subito il tuo preventivo gratuito e approfitta di un servizio professionale e affidabile, studiato su misura per le tue esigenze.<\/p>\n<h2>Per saperne di pi\u00f9:;<\/h2>\n<p><a href=\"https:\/\/www.groupesclavo.fr\/it\/centro-di-raccolta-rifiuti-per-privati-e-professionisti-a-cannes-sclavo\/\">Centro di raccolta rifiuti per professionisti e privati a Cannes<\/a> - <a href=\"https:\/\/www.groupesclavo.fr\/it\/ferrailleur-a-cannes-sclavo\/\">Rottamatore a Cannes<\/a> - <a href=\"https:\/\/www.groupesclavo.fr\/it\/?page_id=6681\">Recupero metalli a Cannes<\/a> - <a href=\"https:\/\/www.groupesclavo.fr\/it\/?page_id=6620\">Trattamento rifiuti a Cannes<\/a><\/p>\n<\/div>\n<\/div><\/div><\/div><\/div><\/div>","protected":false},"excerpt":{"rendered":"<p>Noleggio di cassoni scarrabili a Cannes Il noleggio di un cassone a Cannes \u00e8 una soluzione pratica per gestire in tutta tranquillit\u00e0 le tue macerie, gli oggetti ingombranti o [&hellip;]<\/p>\n","protected":false},"author":4,"featured_media":0,"parent":0,"menu_order":377,"comment_status":"closed","ping_status":"closed","template":"","meta":{"inline_featured_image":false,"footnotes":""},"class_list":["post-6343","page","type-page","status-publish","hentry"],"yoast_head":"<!-- This site is optimized with the Yoast SEO plugin v27.6 - https:\/\/yoast.com\/product\/yoast-seo-wordpress\/ -->\n<title>Noleggio ribaltabile a Cannes - Sclavo - Sclavo<\/title>\n<meta name=\"description\" content=\"Noleggio cassoni scarrabili a Cannes con Sclavo: macerie, rifiuti verdi, rifiuti industriali... Consegna rapida, cassoni adattati, servizio professionale per tutte le tue esigenze.\" \/>\n<meta name=\"robots\" content=\"index, follow, max-snippet:-1, max-image-preview:large, max-video-preview:-1\" \/>\n<link rel=\"canonical\" href=\"https:\/\/www.groupesclavo.fr\/it\/noleggio-ribaltabile-a-cannes-sclavo\/\" \/>\n<meta property=\"og:locale\" content=\"it_IT\" \/>\n<meta property=\"og:type\" content=\"article\" \/>\n<meta property=\"og:title\" content=\"Noleggio ribaltabile a Cannes - Sclavo - Sclavo\" \/>\n<meta property=\"og:description\" content=\"Noleggio cassoni scarrabili a Cannes con Sclavo: macerie, rifiuti verdi, rifiuti industriali... Consegna rapida, cassoni adattati, servizio professionale per tutte le tue esigenze.\" \/>\n<meta property=\"og:url\" content=\"https:\/\/www.groupesclavo.fr\/it\/noleggio-ribaltabile-a-cannes-sclavo\/\" \/>\n<meta property=\"og:site_name\" content=\"Sclavo\" \/>\n<meta property=\"article:modified_time\" content=\"2026-05-12T07:24:46+00:00\" \/>\n<meta name=\"twitter:card\" content=\"summary_large_image\" \/>\n<script type=\"application\/ld+json\" class=\"yoast-schema-graph\">{\"@context\":\"https:\\\/\\\/schema.org\",\"@graph\":[{\"@type\":\"WebPage\",\"@id\":\"https:\\\/\\\/www.groupesclavo.fr\\\/it\\\/noleggio-ribaltabile-a-cannes-sclavo\\\/\",\"url\":\"https:\\\/\\\/www.groupesclavo.fr\\\/it\\\/noleggio-ribaltabile-a-cannes-sclavo\\\/\",\"name\":\"Noleggio ribaltabile a Cannes - Sclavo - Sclavo\",\"isPartOf\":{\"@id\":\"https:\\\/\\\/www.groupesclavo.fr\\\/it\\\/#website\"},\"datePublished\":\"2025-06-09T13:21:51+00:00\",\"dateModified\":\"2026-05-12T07:24:46+00:00\",\"description\":\"Noleggio cassoni scarrabili a Cannes con Sclavo: macerie, rifiuti verdi, rifiuti industriali... Consegna rapida, cassoni adattati, servizio professionale per tutte le tue esigenze.\",\"breadcrumb\":{\"@id\":\"https:\\\/\\\/www.groupesclavo.fr\\\/it\\\/noleggio-ribaltabile-a-cannes-sclavo\\\/#breadcrumb\"},\"inLanguage\":\"it-IT\",\"potentialAction\":[{\"@type\":\"ReadAction\",\"target\":[\"https:\\\/\\\/www.groupesclavo.fr\\\/it\\\/noleggio-ribaltabile-a-cannes-sclavo\\\/\"]}]},{\"@type\":\"BreadcrumbList\",\"@id\":\"https:\\\/\\\/www.groupesclavo.fr\\\/it\\\/noleggio-ribaltabile-a-cannes-sclavo\\\/#breadcrumb\",\"itemListElement\":[{\"@type\":\"ListItem\",\"position\":1,\"name\":\"Accueil\",\"item\":\"https:\\\/\\\/www.groupesclavo.fr\\\/it\\\/\"},{\"@type\":\"ListItem\",\"position\":2,\"name\":\"Noleggio ribaltabile a Cannes &#8211; Sclavo\"}]},{\"@type\":\"WebSite\",\"@id\":\"https:\\\/\\\/www.groupesclavo.fr\\\/it\\\/#website\",\"url\":\"https:\\\/\\\/www.groupesclavo.fr\\\/it\\\/\",\"name\":\"Sclavo\",\"description\":\"\",\"publisher\":{\"@id\":\"https:\\\/\\\/www.groupesclavo.fr\\\/it\\\/#organization\"},\"potentialAction\":[{\"@type\":\"SearchAction\",\"target\":{\"@type\":\"EntryPoint\",\"urlTemplate\":\"https:\\\/\\\/www.groupesclavo.fr\\\/it\\\/?s={search_term_string}\"},\"query-input\":{\"@type\":\"PropertyValueSpecification\",\"valueRequired\":true,\"valueName\":\"search_term_string\"}}],\"inLanguage\":\"it-IT\"},{\"@type\":\"Organization\",\"@id\":\"https:\\\/\\\/www.groupesclavo.fr\\\/it\\\/#organization\",\"name\":\"Sclavo\",\"url\":\"https:\\\/\\\/www.groupesclavo.fr\\\/it\\\/\",\"logo\":{\"@type\":\"ImageObject\",\"inLanguage\":\"it-IT\",\"@id\":\"https:\\\/\\\/www.groupesclavo.fr\\\/it\\\/#\\\/schema\\\/logo\\\/image\\\/\",\"url\":\"https:\\\/\\\/www.groupesclavo.fr\\\/wp-content\\\/uploads\\\/2024\\\/11\\\/logo-1.svg\",\"contentUrl\":\"https:\\\/\\\/www.groupesclavo.fr\\\/wp-content\\\/uploads\\\/2024\\\/11\\\/logo-1.svg\",\"width\":191,\"height\":57,\"caption\":\"Sclavo\"},\"image\":{\"@id\":\"https:\\\/\\\/www.groupesclavo.fr\\\/it\\\/#\\\/schema\\\/logo\\\/image\\\/\"}}]}<\/script>\n<!-- \/ Yoast SEO plugin. -->","yoast_head_json":{"title":"Noleggio ribaltabile a Cannes - Sclavo - Sclavo","description":"Noleggio cassoni scarrabili a Cannes con Sclavo: macerie, rifiuti verdi, rifiuti industriali... Consegna rapida, cassoni adattati, servizio professionale per tutte le tue esigenze.","robots":{"index":"index","follow":"follow","max-snippet":"max-snippet:-1","max-image-preview":"max-image-preview:large","max-video-preview":"max-video-preview:-1"},"canonical":"https:\/\/www.groupesclavo.fr\/it\/noleggio-ribaltabile-a-cannes-sclavo\/","og_locale":"it_IT","og_type":"article","og_title":"Noleggio ribaltabile a Cannes - Sclavo - Sclavo","og_description":"Noleggio cassoni scarrabili a Cannes con Sclavo: macerie, rifiuti verdi, rifiuti industriali... Consegna rapida, cassoni adattati, servizio professionale per tutte le tue esigenze.","og_url":"https:\/\/www.groupesclavo.fr\/it\/noleggio-ribaltabile-a-cannes-sclavo\/","og_site_name":"Sclavo","article_modified_time":"2026-05-12T07:24:46+00:00","twitter_card":"summary_large_image","schema":{"@context":"https:\/\/schema.org","@graph":[{"@type":"WebPage","@id":"https:\/\/www.groupesclavo.fr\/it\/noleggio-ribaltabile-a-cannes-sclavo\/","url":"https:\/\/www.groupesclavo.fr\/it\/noleggio-ribaltabile-a-cannes-sclavo\/","name":"Noleggio ribaltabile a Cannes - Sclavo - Sclavo","isPartOf":{"@id":"https:\/\/www.groupesclavo.fr\/it\/#website"},"datePublished":"2025-06-09T13:21:51+00:00","dateModified":"2026-05-12T07:24:46+00:00","description":"Noleggio cassoni scarrabili a Cannes con Sclavo: macerie, rifiuti verdi, rifiuti industriali... Consegna rapida, cassoni adattati, servizio professionale per tutte le tue esigenze.","breadcrumb":{"@id":"https:\/\/www.groupesclavo.fr\/it\/noleggio-ribaltabile-a-cannes-sclavo\/#breadcrumb"},"inLanguage":"it-IT","potentialAction":[{"@type":"ReadAction","target":["https:\/\/www.groupesclavo.fr\/it\/noleggio-ribaltabile-a-cannes-sclavo\/"]}]},{"@type":"BreadcrumbList","@id":"https:\/\/www.groupesclavo.fr\/it\/noleggio-ribaltabile-a-cannes-sclavo\/#breadcrumb","itemListElement":[{"@type":"ListItem","position":1,"name":"Accueil","item":"https:\/\/www.groupesclavo.fr\/it\/"},{"@type":"ListItem","position":2,"name":"Noleggio ribaltabile a Cannes &#8211; Sclavo"}]},{"@type":"WebSite","@id":"https:\/\/www.groupesclavo.fr\/it\/#website","url":"https:\/\/www.groupesclavo.fr\/it\/","name":"Sclavo","description":"","publisher":{"@id":"https:\/\/www.groupesclavo.fr\/it\/#organization"},"potentialAction":[{"@type":"SearchAction","target":{"@type":"EntryPoint","urlTemplate":"https:\/\/www.groupesclavo.fr\/it\/?s={search_term_string}"},"query-input":{"@type":"PropertyValueSpecification","valueRequired":true,"valueName":"search_term_string"}}],"inLanguage":"it-IT"},{"@type":"Organization","@id":"https:\/\/www.groupesclavo.fr\/it\/#organization","name":"Sclavo","url":"https:\/\/www.groupesclavo.fr\/it\/","logo":{"@type":"ImageObject","inLanguage":"it-IT","@id":"https:\/\/www.groupesclavo.fr\/it\/#\/schema\/logo\/image\/","url":"https:\/\/www.groupesclavo.fr\/wp-content\/uploads\/2024\/11\/logo-1.svg","contentUrl":"https:\/\/www.groupesclavo.fr\/wp-content\/uploads\/2024\/11\/logo-1.svg","width":191,"height":57,"caption":"Sclavo"},"image":{"@id":"https:\/\/www.groupesclavo.fr\/it\/#\/schema\/logo\/image\/"}}]}},"_links":{"self":[{"href":"https:\/\/www.groupesclavo.fr\/it\/wp-json\/wp\/v2\/pages\/6343","targetHints":{"allow":["GET"]}}],"collection":[{"href":"https:\/\/www.groupesclavo.fr\/it\/wp-json\/wp\/v2\/pages"}],"about":[{"href":"https:\/\/www.groupesclavo.fr\/it\/wp-json\/wp\/v2\/types\/page"}],"author":[{"embeddable":true,"href":"https:\/\/www.groupesclavo.fr\/it\/wp-json\/wp\/v2\/users\/4"}],"replies":[{"embeddable":true,"href":"https:\/\/www.groupesclavo.fr\/it\/wp-json\/wp\/v2\/comments?post=6343"}],"version-history":[{"count":1,"href":"https:\/\/www.groupesclavo.fr\/it\/wp-json\/wp\/v2\/pages\/6343\/revisions"}],"predecessor-version":[{"id":6345,"href":"https:\/\/www.groupesclavo.fr\/it\/wp-json\/wp\/v2\/pages\/6343\/revisions\/6345"}],"wp:attachment":[{"href":"https:\/\/www.groupesclavo.fr\/it\/wp-json\/wp\/v2\/media?parent=6343"}],"curies":[{"name":"wp","href":"https:\/\/api.w.org\/{rel}","templated":true}]}}