{"id":6326,"date":"2025-06-09T10:58:37","date_gmt":"2025-06-09T08:58:37","guid":{"rendered":"https:\/\/www.groupesclavo.fr\/individui\/"},"modified":"2026-05-12T14:14:58","modified_gmt":"2026-05-12T12:14:58","slug":"individui","status":"publish","type":"page","link":"https:\/\/www.groupesclavo.fr\/it\/individui\/","title":{"rendered":"Individui"},"content":{"rendered":"<div id=\"pl-6326\"  class=\"panel-layout\" ><div id=\"pg-6326-0\"  class=\"panel-grid panel-has-style\" ><div class=\"animate-6a04c49a33b85905638162 panels-animation-hide panel-row-style panel-row-style-for-6326-0\" data-so-animation=\"{&quot;selector&quot;:&quot;.animate-6a04c49a33b85905638162&quot;,&quot;animation&quot;:&quot;fadeInUp&quot;,&quot;breakpoint&quot;:&quot;950px&quot;,&quot;duration&quot;:1,&quot;repeat&quot;:0,&quot;hide&quot;:1,&quot;disableAnimationMobile&quot;:0,&quot;finalState&quot;:&quot;visible&quot;,&quot;delay&quot;:0,&quot;debounce&quot;:0.1,&quot;event&quot;:&quot;enter&quot;,&quot;offset&quot;:0}\" ><div id=\"pgc-6326-0-0\"  class=\"panel-grid-cell\" ><div id=\"panel-6326-0-0-0\" class=\"so-panel widget widget_sow-editor panel-first-child panel-last-child\" data-index=\"0\" ><div\n\t\t\t\n\t\t\tclass=\"so-widget-sow-editor so-widget-sow-editor-base\"\n\t\t\t\n\t\t>\n<div class=\"siteorigin-widget-tinymce textwidget\">\n\t<h1>Soluzione globale per i rifiuti speciali<\/h1>\n<p>Il Gruppo SCLAVO ENVIRONNEMENT \u00e8 specializzato nel recupero, nella raccolta, nel trattamento e nel riciclaggio dei rifiuti domestici in tutto il Var e nelle Alpes-Maritimes.<\/p>\n<p>Da quasi 100 anni, il Gruppo SCLAVO ENVIRONNEMENT aiuta i privati a gestire e riciclare i propri rifiuti.<br \/>In qualit\u00e0 di attore storico nella raccolta e nel trattamento dei rifiuti nella regione PACA, il Gruppo ha creato una rete strutturata di punti di conferimento, comprendente \u00c9co Relais ed \u00c9co P\u00f4les, per promuovere una gestione responsabile e sostenibile dei rifiuti.<br \/>Questa rete locale copre l'intera regione, da Saint-Laurent-du-Var a Tolone, contribuendo a proteggere l'ambiente e a promuovere l'economia circolare locale.<\/p>\n<p>&nbsp;<\/p>\n<\/div>\n<\/div><\/div><\/div><\/div><\/div><div id=\"pg-6326-1\"  class=\"panel-grid panel-has-style\" ><div class=\"animate-6a04c49a35ef1095926012 panels-animation-hide panel-row-style panel-row-style-for-6326-1\" data-so-animation=\"{&quot;selector&quot;:&quot;.animate-6a04c49a35ef1095926012&quot;,&quot;animation&quot;:&quot;fadeInUp&quot;,&quot;breakpoint&quot;:&quot;950px&quot;,&quot;duration&quot;:1,&quot;repeat&quot;:0,&quot;hide&quot;:1,&quot;disableAnimationMobile&quot;:0,&quot;finalState&quot;:&quot;visible&quot;,&quot;delay&quot;:0,&quot;debounce&quot;:0.1,&quot;event&quot;:&quot;enter&quot;,&quot;offset&quot;:0}\" ><div id=\"pgc-6326-1-0\"  class=\"panel-grid-cell\" ><div id=\"panel-6326-1-0-0\" class=\"so-panel widget widget_sow-editor panel-first-child panel-last-child\" data-index=\"1\" ><div\n\t\t\t\n\t\t\tclass=\"so-widget-sow-editor so-widget-sow-editor-base\"\n\t\t\t\n\t\t>\n<div class=\"siteorigin-widget-tinymce textwidget\">\n\t<p>Le famiglie generano un'ampia gamma di rifiuti, tra cui rottami metallici, metallo, macerie, legno e materiali provenienti da lavori di ristrutturazione, conversione e costruzione.<br \/>Il Gruppo SCLAVO ENVIRONNEMENT raccoglie, seleziona e ricicla questi rifiuti in modo che possano essere trasformati in risorse, nell'ambito di un approccio di economia circolare e di gestione sostenibile dei rifiuti.<\/p>\n<p>In quanto promotore dell'economia circolare, il Gruppo SCLAVO ENVIRONNEMENT non reinventa la ruota, ma lavora quotidianamente al fianco di professionisti, aziende e privati per migliorare continuamente le proprie soluzioni, ottimizzare i propri processi e creare nuovi servizi.<\/p>\n<p>Che tu sia un professionista, un commerciante, un'impresa edile o un privato, scopri i vantaggi del nostro servizio completo di gestione dei rifiuti per privati a Nice, Cannes, Cagnes sur mer, Tolone, Sisteron, Saint-Rapha\u00ebl, Villefranche sur mer, Hy\u00e8res...<\/p>\n<p>Tutte le nostre soluzioni e innovazioni di ogni tipo del Gruppo SCLAVO ENVIRONNEMENT hanno come obiettivo il recupero del 100% dei materiali.<\/p>\n<div class=\"btn_orange_fleche btn\"><a href=\"https:\/\/www.groupesclavo.fr\/it\/i-nostri-siti\/\">Trova il tuo sito locale<\/a><\/div>\n<\/div>\n<\/div><\/div><\/div><div id=\"pgc-6326-1-1\"  class=\"panel-grid-cell\" ><div id=\"panel-6326-1-1-0\" class=\"so-panel widget widget_media_image panel-first-child panel-last-child\" data-index=\"2\" ><img loading=\"lazy\" decoding=\"async\" width=\"951\" height=\"1024\" src=\"https:\/\/www.groupesclavo.fr\/wp-content\/uploads\/2025\/06\/p1144760-e1663074920470-951x1024-1.jpg\" class=\"image wp-image-4068  attachment-full size-full\" alt=\"\" style=\"max-width: 100%; height: auto;\" srcset=\"https:\/\/www.groupesclavo.fr\/wp-content\/uploads\/2025\/06\/p1144760-e1663074920470-951x1024-1.jpg 951w, https:\/\/www.groupesclavo.fr\/wp-content\/uploads\/2025\/06\/p1144760-e1663074920470-951x1024-1-279x300.jpg 279w\" sizes=\"auto, (max-width: 951px) 100vw, 951px\" \/><\/div><\/div><\/div><\/div><div id=\"pg-6326-2\"  class=\"panel-grid panel-has-style\" ><div class=\"animate-6a04c49a36955305763110 panels-animation-hide panel-row-style panel-row-style-for-6326-2\" data-so-animation=\"{&quot;selector&quot;:&quot;.animate-6a04c49a36955305763110&quot;,&quot;animation&quot;:&quot;fadeInUp&quot;,&quot;breakpoint&quot;:&quot;950px&quot;,&quot;duration&quot;:1,&quot;repeat&quot;:0,&quot;hide&quot;:1,&quot;disableAnimationMobile&quot;:0,&quot;finalState&quot;:&quot;visible&quot;,&quot;delay&quot;:0,&quot;debounce&quot;:0.1,&quot;event&quot;:&quot;enter&quot;,&quot;offset&quot;:0}\" ><div id=\"pgc-6326-2-0\"  class=\"panel-grid-cell\" ><div id=\"panel-6326-2-0-0\" class=\"so-panel widget widget_media_image panel-first-child panel-last-child\" data-index=\"3\" ><img loading=\"lazy\" decoding=\"async\" width=\"1920\" height=\"2560\" src=\"https:\/\/www.groupesclavo.fr\/wp-content\/uploads\/2025\/12\/P1299268-scaled.jpg\" class=\"image wp-image-5006  attachment-full size-full\" alt=\"\" style=\"max-width: 100%; height: auto;\" srcset=\"https:\/\/www.groupesclavo.fr\/wp-content\/uploads\/2025\/12\/P1299268-scaled.jpg 1920w, https:\/\/www.groupesclavo.fr\/wp-content\/uploads\/2025\/12\/P1299268-scaled-225x300.jpg 225w, https:\/\/www.groupesclavo.fr\/wp-content\/uploads\/2025\/12\/P1299268-scaled-768x1024.jpg 768w\" sizes=\"auto, (max-width: 1920px) 100vw, 1920px\" \/><\/div><\/div><div id=\"pgc-6326-2-1\"  class=\"panel-grid-cell\" ><div id=\"panel-6326-2-1-0\" class=\"so-panel widget widget_sow-editor panel-first-child panel-last-child\" data-index=\"4\" ><div\n\t\t\t\n\t\t\tclass=\"so-widget-sow-editor so-widget-sow-editor-base\"\n\t\t\t\n\t\t>\n<div class=\"siteorigin-widget-tinymce textwidget\">\n\t<div class=\"elementor-element elementor-widget elementor-widget-heading\" data-element_type=\"widget\" data-widget_type=\"heading.default\">\n<div class=\"elementor-widget-container\">\n<h2 class=\"elementor-heading-title elementor-size-default\">Diventa parte di<br \/>una seconda vita<\/h2>\n<\/div>\n<\/div>\n<div class=\"elementor-element elementor-widget elementor-widget-text-editor\" data-element_type=\"widget\" data-widget_type=\"text-editor.default\">\n<div class=\"elementor-widget-container\">\n<div class=\"elementor-text-editor elementor-clearfix\">\n<p>Il Gruppo SCLAVO ENVIRONNEMENT offre servizi di qualit\u00e0 vicino a te:<\/p>\n<h3>Acquisto di ferri e metalli<\/h3>\n<p>Il recupero e il riciclo di metalli ferrosi e non ferrosi fa parte del DNA del Gruppo SCLAVO ENVIRONNEMENT fin dalla sua fondazione.<br \/>In qualit\u00e0 di specialista nel riciclo dei metalli, il Gruppo offre l'acquisto di ferro e metalli su base volontaria, garantendo al contempo una rigorosa tracciabilit\u00e0 e un bilancio del recupero all'interno dei canali locali e di prossimit\u00e0, in un'ottica di gestione sostenibile delle risorse e di economia circolare.<\/p>\n<p>Il servizio di acquisto di ferro e metalli del Gruppo SCLAVO ENVIRONNEMENT \u00e8 pensato per garantire reattivit\u00e0, vicinanza, semplicit\u00e0 di organizzazione e di orari, aiuto per lo scarico se necessario e contenitori di stoccaggio per uno smistamento ottimale e, in definitiva, la tua redditivit\u00e0.<\/p>\n<p><strong>Come puoi monetizzare i tuoi ferri e i tuoi metalli?<\/strong><\/p>\n<p>&nbsp;<\/p>\n<\/div>\n<\/div>\n<\/div>\n<div class=\"btn_orange_fleche btn\"><a href=\"https:\/\/www.groupesclavo.fr\/it\/contattaci\/\">Contattaci<\/a><\/div>\n<\/div>\n<\/div><\/div><\/div><\/div><\/div><\/div>","protected":false},"excerpt":{"rendered":"<p>Soluzione globale per i rifiuti speciali Il Gruppo SCLAVO ENVIRONNEMENT \u00e8 specializzato nel recupero, nella raccolta, nel trattamento e nel riciclaggio dei rifiuti domestici in tutto il Var e [&hellip;]<\/p>\n","protected":false},"author":4,"featured_media":0,"parent":0,"menu_order":385,"comment_status":"closed","ping_status":"closed","template":"","meta":{"inline_featured_image":false,"footnotes":""},"class_list":["post-6326","page","type-page","status-publish","hentry"],"yoast_head":"<!-- This site is optimized with the Yoast SEO plugin v27.6 - https:\/\/yoast.com\/product\/yoast-seo-wordpress\/ -->\n<title>Individui - Sclavo<\/title>\n<meta name=\"robots\" content=\"index, follow, max-snippet:-1, max-image-preview:large, max-video-preview:-1\" \/>\n<link rel=\"canonical\" href=\"https:\/\/www.groupesclavo.fr\/it\/individui\/\" \/>\n<meta property=\"og:locale\" content=\"it_IT\" \/>\n<meta property=\"og:type\" content=\"article\" \/>\n<meta property=\"og:title\" content=\"Individui - Sclavo\" \/>\n<meta property=\"og:description\" content=\"Soluzione globale per i rifiuti speciali Il Gruppo SCLAVO ENVIRONNEMENT \u00e8 specializzato nel recupero, nella raccolta, nel trattamento e nel riciclaggio dei rifiuti domestici in tutto il Var e [&hellip;]\" \/>\n<meta property=\"og:url\" content=\"https:\/\/www.groupesclavo.fr\/it\/individui\/\" \/>\n<meta property=\"og:site_name\" content=\"Sclavo\" \/>\n<meta property=\"article:modified_time\" content=\"2026-05-12T12:14:58+00:00\" \/>\n<meta name=\"twitter:card\" content=\"summary_large_image\" \/>\n<script type=\"application\/ld+json\" class=\"yoast-schema-graph\">{\"@context\":\"https:\\\/\\\/schema.org\",\"@graph\":[{\"@type\":\"WebPage\",\"@id\":\"https:\\\/\\\/www.groupesclavo.fr\\\/it\\\/individui\\\/\",\"url\":\"https:\\\/\\\/www.groupesclavo.fr\\\/it\\\/individui\\\/\",\"name\":\"Individui - Sclavo\",\"isPartOf\":{\"@id\":\"https:\\\/\\\/www.groupesclavo.fr\\\/it\\\/#website\"},\"datePublished\":\"2025-06-09T08:58:37+00:00\",\"dateModified\":\"2026-05-12T12:14:58+00:00\",\"breadcrumb\":{\"@id\":\"https:\\\/\\\/www.groupesclavo.fr\\\/it\\\/individui\\\/#breadcrumb\"},\"inLanguage\":\"it-IT\",\"potentialAction\":[{\"@type\":\"ReadAction\",\"target\":[\"https:\\\/\\\/www.groupesclavo.fr\\\/it\\\/individui\\\/\"]}]},{\"@type\":\"BreadcrumbList\",\"@id\":\"https:\\\/\\\/www.groupesclavo.fr\\\/it\\\/individui\\\/#breadcrumb\",\"itemListElement\":[{\"@type\":\"ListItem\",\"position\":1,\"name\":\"Accueil\",\"item\":\"https:\\\/\\\/www.groupesclavo.fr\\\/it\\\/\"},{\"@type\":\"ListItem\",\"position\":2,\"name\":\"Individui\"}]},{\"@type\":\"WebSite\",\"@id\":\"https:\\\/\\\/www.groupesclavo.fr\\\/it\\\/#website\",\"url\":\"https:\\\/\\\/www.groupesclavo.fr\\\/it\\\/\",\"name\":\"Sclavo\",\"description\":\"\",\"publisher\":{\"@id\":\"https:\\\/\\\/www.groupesclavo.fr\\\/it\\\/#organization\"},\"potentialAction\":[{\"@type\":\"SearchAction\",\"target\":{\"@type\":\"EntryPoint\",\"urlTemplate\":\"https:\\\/\\\/www.groupesclavo.fr\\\/it\\\/?s={search_term_string}\"},\"query-input\":{\"@type\":\"PropertyValueSpecification\",\"valueRequired\":true,\"valueName\":\"search_term_string\"}}],\"inLanguage\":\"it-IT\"},{\"@type\":\"Organization\",\"@id\":\"https:\\\/\\\/www.groupesclavo.fr\\\/it\\\/#organization\",\"name\":\"Sclavo\",\"url\":\"https:\\\/\\\/www.groupesclavo.fr\\\/it\\\/\",\"logo\":{\"@type\":\"ImageObject\",\"inLanguage\":\"it-IT\",\"@id\":\"https:\\\/\\\/www.groupesclavo.fr\\\/it\\\/#\\\/schema\\\/logo\\\/image\\\/\",\"url\":\"https:\\\/\\\/www.groupesclavo.fr\\\/wp-content\\\/uploads\\\/2024\\\/11\\\/logo-1.svg\",\"contentUrl\":\"https:\\\/\\\/www.groupesclavo.fr\\\/wp-content\\\/uploads\\\/2024\\\/11\\\/logo-1.svg\",\"width\":191,\"height\":57,\"caption\":\"Sclavo\"},\"image\":{\"@id\":\"https:\\\/\\\/www.groupesclavo.fr\\\/it\\\/#\\\/schema\\\/logo\\\/image\\\/\"}}]}<\/script>\n<!-- \/ Yoast SEO plugin. -->","yoast_head_json":{"title":"Individui - Sclavo","robots":{"index":"index","follow":"follow","max-snippet":"max-snippet:-1","max-image-preview":"max-image-preview:large","max-video-preview":"max-video-preview:-1"},"canonical":"https:\/\/www.groupesclavo.fr\/it\/individui\/","og_locale":"it_IT","og_type":"article","og_title":"Individui - Sclavo","og_description":"Soluzione globale per i rifiuti speciali Il Gruppo SCLAVO ENVIRONNEMENT \u00e8 specializzato nel recupero, nella raccolta, nel trattamento e nel riciclaggio dei rifiuti domestici in tutto il Var e [&hellip;]","og_url":"https:\/\/www.groupesclavo.fr\/it\/individui\/","og_site_name":"Sclavo","article_modified_time":"2026-05-12T12:14:58+00:00","twitter_card":"summary_large_image","schema":{"@context":"https:\/\/schema.org","@graph":[{"@type":"WebPage","@id":"https:\/\/www.groupesclavo.fr\/it\/individui\/","url":"https:\/\/www.groupesclavo.fr\/it\/individui\/","name":"Individui - Sclavo","isPartOf":{"@id":"https:\/\/www.groupesclavo.fr\/it\/#website"},"datePublished":"2025-06-09T08:58:37+00:00","dateModified":"2026-05-12T12:14:58+00:00","breadcrumb":{"@id":"https:\/\/www.groupesclavo.fr\/it\/individui\/#breadcrumb"},"inLanguage":"it-IT","potentialAction":[{"@type":"ReadAction","target":["https:\/\/www.groupesclavo.fr\/it\/individui\/"]}]},{"@type":"BreadcrumbList","@id":"https:\/\/www.groupesclavo.fr\/it\/individui\/#breadcrumb","itemListElement":[{"@type":"ListItem","position":1,"name":"Accueil","item":"https:\/\/www.groupesclavo.fr\/it\/"},{"@type":"ListItem","position":2,"name":"Individui"}]},{"@type":"WebSite","@id":"https:\/\/www.groupesclavo.fr\/it\/#website","url":"https:\/\/www.groupesclavo.fr\/it\/","name":"Sclavo","description":"","publisher":{"@id":"https:\/\/www.groupesclavo.fr\/it\/#organization"},"potentialAction":[{"@type":"SearchAction","target":{"@type":"EntryPoint","urlTemplate":"https:\/\/www.groupesclavo.fr\/it\/?s={search_term_string}"},"query-input":{"@type":"PropertyValueSpecification","valueRequired":true,"valueName":"search_term_string"}}],"inLanguage":"it-IT"},{"@type":"Organization","@id":"https:\/\/www.groupesclavo.fr\/it\/#organization","name":"Sclavo","url":"https:\/\/www.groupesclavo.fr\/it\/","logo":{"@type":"ImageObject","inLanguage":"it-IT","@id":"https:\/\/www.groupesclavo.fr\/it\/#\/schema\/logo\/image\/","url":"https:\/\/www.groupesclavo.fr\/wp-content\/uploads\/2024\/11\/logo-1.svg","contentUrl":"https:\/\/www.groupesclavo.fr\/wp-content\/uploads\/2024\/11\/logo-1.svg","width":191,"height":57,"caption":"Sclavo"},"image":{"@id":"https:\/\/www.groupesclavo.fr\/it\/#\/schema\/logo\/image\/"}}]}},"_links":{"self":[{"href":"https:\/\/www.groupesclavo.fr\/it\/wp-json\/wp\/v2\/pages\/6326","targetHints":{"allow":["GET"]}}],"collection":[{"href":"https:\/\/www.groupesclavo.fr\/it\/wp-json\/wp\/v2\/pages"}],"about":[{"href":"https:\/\/www.groupesclavo.fr\/it\/wp-json\/wp\/v2\/types\/page"}],"author":[{"embeddable":true,"href":"https:\/\/www.groupesclavo.fr\/it\/wp-json\/wp\/v2\/users\/4"}],"replies":[{"embeddable":true,"href":"https:\/\/www.groupesclavo.fr\/it\/wp-json\/wp\/v2\/comments?post=6326"}],"version-history":[{"count":1,"href":"https:\/\/www.groupesclavo.fr\/it\/wp-json\/wp\/v2\/pages\/6326\/revisions"}],"predecessor-version":[{"id":6995,"href":"https:\/\/www.groupesclavo.fr\/it\/wp-json\/wp\/v2\/pages\/6326\/revisions\/6995"}],"wp:attachment":[{"href":"https:\/\/www.groupesclavo.fr\/it\/wp-json\/wp\/v2\/media?parent=6326"}],"curies":[{"name":"wp","href":"https:\/\/api.w.org\/{rel}","templated":true}]}}