{"id":6285,"date":"2025-06-09T11:08:13","date_gmt":"2025-06-09T09:08:13","guid":{"rendered":"https:\/\/www.groupesclavo.fr\/autorita-locali\/"},"modified":"2026-05-05T12:02:51","modified_gmt":"2026-05-05T10:02:51","slug":"autorita-locali","status":"publish","type":"page","link":"https:\/\/www.groupesclavo.fr\/it\/autorita-locali\/","title":{"rendered":"Autorit\u00e0 locali"},"content":{"rendered":"<div id=\"pl-6285\"  class=\"panel-layout\" ><div id=\"pg-6285-0\"  class=\"panel-grid panel-no-style\" ><div id=\"pgc-6285-0-0\"  class=\"panel-grid-cell\" ><div id=\"panel-6285-0-0-0\" class=\"so-panel widget widget_sow-editor panel-first-child panel-last-child\" data-index=\"0\" ><div\n\t\t\t\n\t\t\tclass=\"so-widget-sow-editor so-widget-sow-editor-base\"\n\t\t\t\n\t\t>\n<div class=\"siteorigin-widget-tinymce textwidget\">\n\t<h1>Gestione globale personalizzata dei rifiuti urbani<\/h1>\n<p>Il Gruppo SCLAVO ENVIRONNEMENT, leader regionale nei dipartimenti delle Alpes-Maritimes e del Var, supporta le autorit\u00e0 locali nell'adempimento delle loro responsabilit\u00e0 in materia di gestione dei rifiuti.<\/p>\n<p>Da oltre un secolo, il Gruppo SCLAVO ENVIRONNEMENT \u00e8 un partner storico dell'ecologia territoriale a vantaggio dell'economia circolare sulla costa del Var e nelle Alpes-Maritimes.<\/p>\n<\/div>\n<\/div><\/div><\/div><\/div><div id=\"pg-6285-1\"  class=\"panel-grid panel-has-style\" ><div class=\"animate-6a04c51a270c0370852779 panels-animation-hide panel-row-style panel-row-style-for-6285-1\" data-so-animation=\"{&quot;selector&quot;:&quot;.animate-6a04c51a270c0370852779&quot;,&quot;animation&quot;:&quot;fadeInLeft&quot;,&quot;breakpoint&quot;:&quot;950px&quot;,&quot;duration&quot;:1,&quot;repeat&quot;:0,&quot;hide&quot;:1,&quot;disableAnimationMobile&quot;:0,&quot;finalState&quot;:&quot;visible&quot;,&quot;delay&quot;:0,&quot;debounce&quot;:0.1,&quot;event&quot;:&quot;enter&quot;,&quot;offset&quot;:0}\" ><div id=\"pgc-6285-1-0\"  class=\"panel-grid-cell\" ><div id=\"panel-6285-1-0-0\" class=\"so-panel widget widget_sow-editor panel-first-child panel-last-child\" data-index=\"1\" ><div\n\t\t\t\n\t\t\tclass=\"so-widget-sow-editor so-widget-sow-editor-base\"\n\t\t\t\n\t\t>\n<div class=\"siteorigin-widget-tinymce textwidget\">\n\t<p>Offre <strong>servizi su misura<\/strong> per verificare le tue esigenze, raccogliere i rifiuti dell'ufficio, noleggiare cassonetti e contenitori, fornire un servizio di raccolta approvato e offrire soluzioni Eco-Site, oltre a innovazioni di grande impatto come la distruzione degli archivi.<\/p>\n<p>Questa gamma di soluzioni dedicate supporta le autorit\u00e0 locali, le imprese e gli enti locali da Drap a Saint-Jeannet, da La Roquette Siagne, da Fr\u00e9jus a Pignans nella loro missione di gestire il servizio pubblico dei rifiuti e promuovere il recupero dei materiali.<\/p>\n<\/div>\n<\/div><\/div><\/div><div id=\"pgc-6285-1-1\"  class=\"panel-grid-cell\" ><div id=\"panel-6285-1-1-0\" class=\"so-panel widget widget_media_image panel-first-child panel-last-child\" data-index=\"2\" ><img loading=\"lazy\" decoding=\"async\" width=\"760\" height=\"506\" src=\"https:\/\/www.groupesclavo.fr\/wp-content\/uploads\/2025\/12\/vue-grand-angle-de-split-dalmatie-croatie-scaled-1024x682.jpg\" class=\"image wp-image-5008  attachment-large size-large\" alt=\"\" style=\"max-width: 100%; height: auto;\" srcset=\"https:\/\/www.groupesclavo.fr\/wp-content\/uploads\/2025\/12\/vue-grand-angle-de-split-dalmatie-croatie-scaled-1024x682.jpg 1024w, https:\/\/www.groupesclavo.fr\/wp-content\/uploads\/2025\/12\/vue-grand-angle-de-split-dalmatie-croatie-scaled-300x200.jpg 300w\" sizes=\"auto, (max-width: 760px) 100vw, 760px\" \/><\/div><\/div><\/div><\/div><div id=\"pg-6285-2\"  class=\"panel-grid panel-has-style\" ><div class=\"animate-6a04c51a28319397100075 panels-animation-hide panel-row-style panel-row-style-for-6285-2\" data-so-animation=\"{&quot;selector&quot;:&quot;.animate-6a04c51a28319397100075&quot;,&quot;animation&quot;:&quot;fadeInRight&quot;,&quot;breakpoint&quot;:&quot;950px&quot;,&quot;duration&quot;:1,&quot;repeat&quot;:0,&quot;hide&quot;:1,&quot;disableAnimationMobile&quot;:0,&quot;finalState&quot;:&quot;visible&quot;,&quot;delay&quot;:0,&quot;debounce&quot;:0.1,&quot;event&quot;:&quot;enter&quot;,&quot;offset&quot;:0}\" ><div id=\"pgc-6285-2-0\"  class=\"panel-grid-cell\" ><div id=\"panel-6285-2-0-0\" class=\"so-panel widget widget_media_image panel-first-child panel-last-child\" data-index=\"3\" ><img loading=\"lazy\" decoding=\"async\" width=\"2560\" height=\"1920\" src=\"https:\/\/www.groupesclavo.fr\/wp-content\/uploads\/2025\/11\/P1200522-scaled.jpg\" class=\"image wp-image-4803  attachment-full size-full\" alt=\"\" style=\"max-width: 100%; height: auto;\" srcset=\"https:\/\/www.groupesclavo.fr\/wp-content\/uploads\/2025\/11\/P1200522-scaled.jpg 2560w, https:\/\/www.groupesclavo.fr\/wp-content\/uploads\/2025\/11\/P1200522-scaled-300x225.jpg 300w, https:\/\/www.groupesclavo.fr\/wp-content\/uploads\/2025\/11\/P1200522-scaled-1024x768.jpg 1024w\" sizes=\"auto, (max-width: 2560px) 100vw, 2560px\" \/><\/div><\/div><div id=\"pgc-6285-2-1\"  class=\"panel-grid-cell\" ><div id=\"panel-6285-2-1-0\" class=\"so-panel widget widget_sow-editor panel-first-child panel-last-child\" data-index=\"4\" ><div\n\t\t\t\n\t\t\tclass=\"so-widget-sow-editor so-widget-sow-editor-base\"\n\t\t\t\n\t\t>\n<div class=\"siteorigin-widget-tinymce textwidget\">\n\t<h2>Audit dei rifiuti delle autorit\u00e0 locali<\/h2>\n<p>Un servizio su misura che consente di valutare con precisione le esigenze di ogni organizzazione, per garantire che essa adempia alle proprie responsabilit\u00e0 di produttore di rifiuti nella propria area al miglior costo possibile.<\/p>\n<p>Un sopralluogo sul posto, seguito da una diagnosi preliminare da parte dei nostri esperti operativi, ci permetter\u00e0 di stabilire se \u00e8 necessario effettuare una pre-selezione a monte, se \u00e8 necessario ricorrere alla raccolta, se \u00e8 necessario creare un'officina ecologica o un cantiere ecologico... o se \u00e8 necessario ottimizzare la soluzione esistente.<\/p>\n<p><strong>Unisci il risparmio economico alla riduzione dell'impatto ambientale!<\/strong><\/p>\n<div class=\"btn_orange_fleche btn\"><a href=\"https:\/\/www.groupesclavo.fr\/it\/contattaci\/\">Contattaci<\/a><\/div>\n<\/div>\n<\/div><\/div><\/div><\/div><\/div><div id=\"pg-6285-3\"  class=\"panel-grid panel-has-style\" ><div class=\"animate-6a04c51a297b9993576817 panels-animation-hide panel-row-style panel-row-style-for-6285-3\" data-so-animation=\"{&quot;selector&quot;:&quot;.animate-6a04c51a297b9993576817&quot;,&quot;animation&quot;:&quot;fadeInLeft&quot;,&quot;breakpoint&quot;:&quot;950px&quot;,&quot;duration&quot;:1,&quot;repeat&quot;:0,&quot;hide&quot;:1,&quot;disableAnimationMobile&quot;:0,&quot;finalState&quot;:&quot;visible&quot;,&quot;delay&quot;:0,&quot;debounce&quot;:0.1,&quot;event&quot;:&quot;enter&quot;,&quot;offset&quot;:0}\" ><div id=\"pgc-6285-3-0\"  class=\"panel-grid-cell\" ><div id=\"panel-6285-3-0-0\" class=\"so-panel widget widget_sow-editor panel-first-child panel-last-child\" data-index=\"5\" ><div\n\t\t\t\n\t\t\tclass=\"so-widget-sow-editor so-widget-sow-editor-base\"\n\t\t\t\n\t\t>\n<div class=\"siteorigin-widget-tinymce textwidget\">\n\t<h2>Un forte senso del servizio territoriale<\/h2>\n<p>Il Gruppo SCLAVO ENVIRONNEMENT ha sviluppato un <strong>servizio completo di centri di raccolta rifiuti professionali locali<\/strong>, da Nice Ouest e Cannes a Fr\u00e9jus, St Laurent-du-var e vicino a Tolone.<\/p>\n<p>Trova un servizio rifiuti vicino al tuo comune nella regione PACA.<\/p>\n<\/div>\n<\/div><\/div><\/div><div id=\"pgc-6285-3-1\"  class=\"panel-grid-cell\" ><div id=\"panel-6285-3-1-0\" class=\"so-panel widget widget_media_image panel-first-child panel-last-child\" data-index=\"6\" ><img loading=\"lazy\" decoding=\"async\" width=\"1024\" height=\"642\" src=\"https:\/\/www.groupesclavo.fr\/wp-content\/uploads\/2025\/06\/p1155308-e1663076557243-1024x642-1.jpg\" class=\"image wp-image-4075  attachment-full size-full\" alt=\"\" style=\"max-width: 100%; height: auto;\" srcset=\"https:\/\/www.groupesclavo.fr\/wp-content\/uploads\/2025\/06\/p1155308-e1663076557243-1024x642-1.jpg 1024w, https:\/\/www.groupesclavo.fr\/wp-content\/uploads\/2025\/06\/p1155308-e1663076557243-1024x642-1-300x188.jpg 300w\" sizes=\"auto, (max-width: 1024px) 100vw, 1024px\" \/><\/div><\/div><\/div><\/div><div id=\"pg-6285-4\"  class=\"panel-grid panel-has-style\" ><div class=\"animate-6a04c51a2a2c9768742470 panels-animation-hide panel-row-style panel-row-style-for-6285-4\" data-so-animation=\"{&quot;selector&quot;:&quot;.animate-6a04c51a2a2c9768742470&quot;,&quot;animation&quot;:&quot;fadeInRight&quot;,&quot;breakpoint&quot;:&quot;950px&quot;,&quot;duration&quot;:1,&quot;repeat&quot;:0,&quot;hide&quot;:1,&quot;disableAnimationMobile&quot;:0,&quot;finalState&quot;:&quot;visible&quot;,&quot;delay&quot;:0,&quot;debounce&quot;:0.1,&quot;event&quot;:&quot;enter&quot;,&quot;offset&quot;:0}\" ><div id=\"pgc-6285-4-0\"  class=\"panel-grid-cell\" ><div id=\"panel-6285-4-0-0\" class=\"so-panel widget widget_media_image panel-first-child panel-last-child\" data-index=\"7\" ><img loading=\"lazy\" decoding=\"async\" width=\"1024\" height=\"768\" src=\"https:\/\/www.groupesclavo.fr\/wp-content\/uploads\/2025\/06\/p1144698-1024x768-1.jpg\" class=\"image wp-image-4076  attachment-full size-full\" alt=\"\" style=\"max-width: 100%; height: auto;\" srcset=\"https:\/\/www.groupesclavo.fr\/wp-content\/uploads\/2025\/06\/p1144698-1024x768-1.jpg 1024w, https:\/\/www.groupesclavo.fr\/wp-content\/uploads\/2025\/06\/p1144698-1024x768-1-300x225.jpg 300w\" sizes=\"auto, (max-width: 1024px) 100vw, 1024px\" \/><\/div><\/div><div id=\"pgc-6285-4-1\"  class=\"panel-grid-cell\" ><div id=\"panel-6285-4-1-0\" class=\"so-panel widget widget_sow-editor panel-first-child panel-last-child\" data-index=\"8\" ><div\n\t\t\t\n\t\t\tclass=\"so-widget-sow-editor so-widget-sow-editor-base\"\n\t\t\t\n\t\t>\n<div class=\"siteorigin-widget-tinymce textwidget\">\n\t<h2>Soluzioni di raccolta e contenitori per le autorit\u00e0 locali<\/h2>\n<p><strong>Raccogliamo, trattiamo e ricicliamo i rifiuti delle autorit\u00e0 locali<\/strong> in tutto il Var e le Alpes-Maritimes.<\/p>\n<p>Potrai usufruire di una gamma di contenitori personalizzati per ogni tipo di rifiuto e disponibili per soddisfare al meglio le tue esigenze.<\/p>\n<p>Hai bisogno di un servizio <strong>altamente reattivo<\/strong>? Noleggiare un <strong>cassonetto<\/strong> dovrebbe essere semplice? \u00c8 essenziale avere una scelta di contenitori (cassette, fusti, pallet, cisterne, ecc.) a seconda del tipo di rifiuti e del loro volume? Il <strong>periodo di noleggio<\/strong> deve essere molto flessibile?   <\/p>\n<p>Specializzato in servizi per gli enti locali, il Gruppo SCLAVO ENVIRONNEMENT offre anche un <strong>servizio di raccolta autorizzato<\/strong>.<\/p>\n<p>Chiedi della nostra efficienza: installiamo e ritiriamo noi stessi i cassonetti e i contenitori. Per servirti al meglio, il nostro servizio di raccolta pu\u00f2 essere <strong>una tantum<\/strong> o <strong>ricorrente<\/strong><b>.<\/b> <\/p>\n<div class=\"btn_orange_fleche btn\"><a href=\"https:\/\/www.groupesclavo.fr\/it\/contattaci\/\">Contattaci<\/a><\/div>\n<\/div>\n<\/div><\/div><\/div><\/div><\/div><div id=\"pg-6285-5\"  class=\"panel-grid panel-has-style\" ><div class=\"animate-6a04c51a2b7b8712099947 panels-animation-hide panel-row-style panel-row-style-for-6285-5\" data-so-animation=\"{&quot;selector&quot;:&quot;.animate-6a04c51a2b7b8712099947&quot;,&quot;animation&quot;:&quot;fadeInLeft&quot;,&quot;breakpoint&quot;:&quot;950px&quot;,&quot;duration&quot;:1,&quot;repeat&quot;:0,&quot;hide&quot;:1,&quot;disableAnimationMobile&quot;:0,&quot;finalState&quot;:&quot;visible&quot;,&quot;delay&quot;:0,&quot;debounce&quot;:0.1,&quot;event&quot;:&quot;enter&quot;,&quot;offset&quot;:0}\" ><div id=\"pgc-6285-5-0\"  class=\"panel-grid-cell\" ><div id=\"panel-6285-5-0-0\" class=\"so-panel widget widget_sow-editor panel-first-child panel-last-child\" data-index=\"9\" ><div\n\t\t\t\n\t\t\tclass=\"so-widget-sow-editor so-widget-sow-editor-base\"\n\t\t\t\n\t\t>\n<div class=\"siteorigin-widget-tinymce textwidget\">\n\t<h2>Distruzione<br \/>di archivi riservati<br \/>100% sicuro<\/h2>\n<p>Un nuovo servizio con un processo dedicato e altamente sicuro e una risposta standardizzata per i dipartimenti governativi, le banche, gli studi notarili, gli studi legali, gli ospedali e il pubblico in generale che desiderano la distruzione totale di dati e documenti riservati.<\/p>\n<\/div>\n<\/div><\/div><\/div><div id=\"pgc-6285-5-1\"  class=\"panel-grid-cell\" ><div id=\"panel-6285-5-1-0\" class=\"so-panel widget widget_media_image panel-first-child panel-last-child\" data-index=\"10\" ><img loading=\"lazy\" decoding=\"async\" width=\"1024\" height=\"768\" src=\"https:\/\/www.groupesclavo.fr\/wp-content\/uploads\/2025\/06\/p1155226-1024x768-1.jpg\" class=\"image wp-image-4077  attachment-full size-full\" alt=\"\" style=\"max-width: 100%; height: auto;\" srcset=\"https:\/\/www.groupesclavo.fr\/wp-content\/uploads\/2025\/06\/p1155226-1024x768-1.jpg 1024w, https:\/\/www.groupesclavo.fr\/wp-content\/uploads\/2025\/06\/p1155226-1024x768-1-300x225.jpg 300w\" sizes=\"auto, (max-width: 1024px) 100vw, 1024px\" \/><\/div><\/div><\/div><\/div><div id=\"pg-6285-6\"  class=\"panel-grid panel-has-style\" ><div class=\"animate-6a04c51a2c892096811556 panels-animation-hide panel-row-style panel-row-style-for-6285-6\" data-so-animation=\"{&quot;selector&quot;:&quot;.animate-6a04c51a2c892096811556&quot;,&quot;animation&quot;:&quot;fadeInRight&quot;,&quot;breakpoint&quot;:&quot;950px&quot;,&quot;duration&quot;:1,&quot;repeat&quot;:0,&quot;hide&quot;:1,&quot;disableAnimationMobile&quot;:0,&quot;finalState&quot;:&quot;visible&quot;,&quot;delay&quot;:0,&quot;debounce&quot;:0.1,&quot;event&quot;:&quot;enter&quot;,&quot;offset&quot;:0}\" ><div id=\"pgc-6285-6-0\"  class=\"panel-grid-cell\" ><div id=\"panel-6285-6-0-0\" class=\"so-panel widget widget_media_image panel-first-child panel-last-child\" data-index=\"11\" ><img loading=\"lazy\" decoding=\"async\" width=\"2560\" height=\"2560\" src=\"https:\/\/www.groupesclavo.fr\/wp-content\/uploads\/2025\/12\/concept-de-recyclage-ecologique-scaled.jpg\" class=\"image wp-image-5012  attachment-full size-full\" alt=\"\" style=\"max-width: 100%; height: auto;\" srcset=\"https:\/\/www.groupesclavo.fr\/wp-content\/uploads\/2025\/12\/concept-de-recyclage-ecologique-scaled.jpg 2560w, https:\/\/www.groupesclavo.fr\/wp-content\/uploads\/2025\/12\/concept-de-recyclage-ecologique-scaled-150x150.jpg 150w, https:\/\/www.groupesclavo.fr\/wp-content\/uploads\/2025\/12\/concept-de-recyclage-ecologique-scaled-300x300.jpg 300w, https:\/\/www.groupesclavo.fr\/wp-content\/uploads\/2025\/12\/concept-de-recyclage-ecologique-scaled-1024x1024.jpg 1024w\" sizes=\"auto, (max-width: 2560px) 100vw, 2560px\" \/><\/div><\/div><div id=\"pgc-6285-6-1\"  class=\"panel-grid-cell\" ><div id=\"panel-6285-6-1-0\" class=\"so-panel widget widget_sow-editor panel-first-child panel-last-child\" data-index=\"12\" ><div\n\t\t\t\n\t\t\tclass=\"so-widget-sow-editor so-widget-sow-editor-base\"\n\t\t\t\n\t\t>\n<div class=\"siteorigin-widget-tinymce textwidget\">\n\t<h2>Soluzioni per cantieri ecologici<\/h2>\n<p>E se la preselezione dei <strong>rifiuti<\/strong> alla fonte ti permettesse di ridurre i costi di trattamento, di rafforzare la tua<strong> responsabilit\u00e0 ambientale<\/strong> e di risparmiare fino al 40%, recuperando i rifiuti riutilizzabili e diventando parte di un approccio sostenibile e certificato alla gestione dei rifiuti?<\/p>\n<div class=\"btn_orange_fleche btn\"><a href=\"https:\/\/www.groupesclavo.fr\/it\/contattaci\/\">Inizia il tuo supporto<\/a><\/div>\n<\/div>\n<\/div><\/div><\/div><\/div><\/div><div id=\"pg-6285-7\"  class=\"panel-grid panel-has-style\" ><div class=\"animate-6a04c51a2d97c218433719 panels-animation-hide panel-row-style panel-row-style-for-6285-7\" data-so-animation=\"{&quot;selector&quot;:&quot;.animate-6a04c51a2d97c218433719&quot;,&quot;animation&quot;:&quot;fadeInLeft&quot;,&quot;breakpoint&quot;:&quot;950px&quot;,&quot;duration&quot;:1,&quot;repeat&quot;:0,&quot;hide&quot;:1,&quot;disableAnimationMobile&quot;:0,&quot;finalState&quot;:&quot;visible&quot;,&quot;delay&quot;:0,&quot;debounce&quot;:0.1,&quot;event&quot;:&quot;enter&quot;,&quot;offset&quot;:0}\" ><div id=\"pgc-6285-7-0\"  class=\"panel-grid-cell\" ><div id=\"panel-6285-7-0-0\" class=\"so-panel widget widget_sow-editor panel-first-child panel-last-child\" data-index=\"13\" ><div\n\t\t\t\n\t\t\tclass=\"so-widget-sow-editor so-widget-sow-editor-base\"\n\t\t\t\n\t\t>\n<div class=\"siteorigin-widget-tinymce textwidget\">\n\t<div class=\"elementor-element elementor-widget elementor-widget-heading\" data-element_type=\"widget\" data-widget_type=\"heading.default\">\n<div class=\"elementor-widget-container\">\n<div class=\"elementor-element elementor-widget elementor-widget-heading\" data-element_type=\"widget\" data-widget_type=\"heading.default\">\n<div class=\"elementor-widget-container\">\n<div class=\"elementor-container elementor-column-gap-default\">\n<div class=\"elementor-row\">\n<div class=\"elementor-element elementor-column elementor-col-50 elementor-top-column\" data-element_type=\"column\">\n<div class=\"elementor-column-wrap elementor-element-populated\">\n<div class=\"elementor-widget-wrap\">\n<div class=\"elementor-element elementor-widget elementor-widget-heading\" data-element_type=\"widget\" data-widget_type=\"heading.default\">\n<div class=\"elementor-widget-container\">\n<div class=\"elementor-element elementor-widget elementor-widget-heading\" data-element_type=\"widget\" data-widget_type=\"heading.default\">\n<div class=\"elementor-widget-container\">\n<div class=\"elementor-element elementor-widget elementor-widget-heading\" data-element_type=\"widget\" data-widget_type=\"heading.default\">\n<div class=\"elementor-widget-container\">\n<h2 class=\"elementor-heading-title elementor-size-default\">Rifiuti da ufficio:<br \/>introduzione della raccolta differenziata a 5 flussi<\/h2>\n<\/div>\n<\/div>\n<div class=\"elementor-element elementor-widget elementor-widget-text-editor\" data-element_type=\"widget\" data-widget_type=\"text-editor.default\">\n<div class=\"elementor-widget-container\">\n<div class=\"elementor-text-editor elementor-clearfix\">\n<p><strong>E se facessi una cernita alla fonte per creare nuove risorse?  <\/strong><\/p>\n<p>Il Gruppo SCLAVO ENVIRONNEMENT assiste le autorit\u00e0 pubbliche e gli enti locali che producono rifiuti di <strong>carta, vetro, cartone, legno, metallo e plastica<\/strong> nell'adempimento delle loro responsabilit\u00e0.<\/p>\n<p>I nostri servizi modulari ci permettono di valutare le tue esigenze, di fornire i contenitori necessari e di stabilire il calendario di raccolta, in modo da <strong>fornirti un'assistenza<\/strong> <strong>massima<\/strong>, <strong>semplice<\/strong> ed <strong>efficace<\/strong>.<\/p>\n<\/div>\n<\/div>\n<\/div>\n<\/div>\n<\/div>\n<\/div>\n<\/div>\n<\/div>\n<\/div>\n<\/div>\n<\/div>\n<\/div>\n<\/div>\n<\/div>\n<\/div>\n<\/div>\n<\/div>\n<\/div><\/div><\/div><div id=\"pgc-6285-7-1\"  class=\"panel-grid-cell\" ><div id=\"panel-6285-7-1-0\" class=\"so-panel widget widget_media_image panel-first-child panel-last-child\" data-index=\"14\" ><img loading=\"lazy\" decoding=\"async\" width=\"420\" height=\"320\" src=\"https:\/\/www.groupesclavo.fr\/wp-content\/uploads\/2025\/12\/dechet-bureau-1.png\" class=\"image wp-image-5042  attachment-full size-full\" alt=\"\" style=\"max-width: 100%; height: auto;\" srcset=\"https:\/\/www.groupesclavo.fr\/wp-content\/uploads\/2025\/12\/dechet-bureau-1.png 420w, https:\/\/www.groupesclavo.fr\/wp-content\/uploads\/2025\/12\/dechet-bureau-1-300x229.png 300w\" sizes=\"auto, (max-width: 420px) 100vw, 420px\" \/><\/div><\/div><\/div><\/div><\/div>","protected":false},"excerpt":{"rendered":"<p>Gestione globale personalizzata dei rifiuti urbani Il Gruppo SCLAVO ENVIRONNEMENT, leader regionale nei dipartimenti delle Alpes-Maritimes e del Var, supporta le autorit\u00e0 locali nell&#8217;adempimento delle loro responsabilit\u00e0 in materia [&hellip;]<\/p>\n","protected":false},"author":4,"featured_media":0,"parent":0,"menu_order":379,"comment_status":"closed","ping_status":"closed","template":"","meta":{"inline_featured_image":false,"footnotes":""},"class_list":["post-6285","page","type-page","status-publish","hentry"],"yoast_head":"<!-- This site is optimized with the Yoast SEO plugin v27.6 - https:\/\/yoast.com\/product\/yoast-seo-wordpress\/ -->\n<title>Autorit\u00e0 locali - Sclavo<\/title>\n<meta name=\"robots\" content=\"index, follow, max-snippet:-1, max-image-preview:large, max-video-preview:-1\" \/>\n<link rel=\"canonical\" href=\"https:\/\/www.groupesclavo.fr\/it\/autorita-locali\/\" \/>\n<meta property=\"og:locale\" content=\"it_IT\" \/>\n<meta property=\"og:type\" content=\"article\" \/>\n<meta property=\"og:title\" content=\"Autorit\u00e0 locali - Sclavo\" \/>\n<meta property=\"og:description\" content=\"Gestione globale personalizzata dei rifiuti urbani Il Gruppo SCLAVO ENVIRONNEMENT, leader regionale nei dipartimenti delle Alpes-Maritimes e del Var, supporta le autorit\u00e0 locali nell&#039;adempimento delle loro responsabilit\u00e0 in materia [&hellip;]\" \/>\n<meta property=\"og:url\" content=\"https:\/\/www.groupesclavo.fr\/it\/autorita-locali\/\" \/>\n<meta property=\"og:site_name\" content=\"Sclavo\" \/>\n<meta property=\"article:modified_time\" content=\"2026-05-05T10:02:51+00:00\" \/>\n<meta name=\"twitter:card\" content=\"summary_large_image\" \/>\n<script type=\"application\/ld+json\" class=\"yoast-schema-graph\">{\"@context\":\"https:\\\/\\\/schema.org\",\"@graph\":[{\"@type\":\"WebPage\",\"@id\":\"https:\\\/\\\/www.groupesclavo.fr\\\/it\\\/autorita-locali\\\/\",\"url\":\"https:\\\/\\\/www.groupesclavo.fr\\\/it\\\/autorita-locali\\\/\",\"name\":\"Autorit\u00e0 locali - Sclavo\",\"isPartOf\":{\"@id\":\"https:\\\/\\\/www.groupesclavo.fr\\\/it\\\/#website\"},\"datePublished\":\"2025-06-09T09:08:13+00:00\",\"dateModified\":\"2026-05-05T10:02:51+00:00\",\"breadcrumb\":{\"@id\":\"https:\\\/\\\/www.groupesclavo.fr\\\/it\\\/autorita-locali\\\/#breadcrumb\"},\"inLanguage\":\"it-IT\",\"potentialAction\":[{\"@type\":\"ReadAction\",\"target\":[\"https:\\\/\\\/www.groupesclavo.fr\\\/it\\\/autorita-locali\\\/\"]}]},{\"@type\":\"BreadcrumbList\",\"@id\":\"https:\\\/\\\/www.groupesclavo.fr\\\/it\\\/autorita-locali\\\/#breadcrumb\",\"itemListElement\":[{\"@type\":\"ListItem\",\"position\":1,\"name\":\"Accueil\",\"item\":\"https:\\\/\\\/www.groupesclavo.fr\\\/it\\\/\"},{\"@type\":\"ListItem\",\"position\":2,\"name\":\"Autorit\u00e0 locali\"}]},{\"@type\":\"WebSite\",\"@id\":\"https:\\\/\\\/www.groupesclavo.fr\\\/it\\\/#website\",\"url\":\"https:\\\/\\\/www.groupesclavo.fr\\\/it\\\/\",\"name\":\"Sclavo\",\"description\":\"\",\"publisher\":{\"@id\":\"https:\\\/\\\/www.groupesclavo.fr\\\/it\\\/#organization\"},\"potentialAction\":[{\"@type\":\"SearchAction\",\"target\":{\"@type\":\"EntryPoint\",\"urlTemplate\":\"https:\\\/\\\/www.groupesclavo.fr\\\/it\\\/?s={search_term_string}\"},\"query-input\":{\"@type\":\"PropertyValueSpecification\",\"valueRequired\":true,\"valueName\":\"search_term_string\"}}],\"inLanguage\":\"it-IT\"},{\"@type\":\"Organization\",\"@id\":\"https:\\\/\\\/www.groupesclavo.fr\\\/it\\\/#organization\",\"name\":\"Sclavo\",\"url\":\"https:\\\/\\\/www.groupesclavo.fr\\\/it\\\/\",\"logo\":{\"@type\":\"ImageObject\",\"inLanguage\":\"it-IT\",\"@id\":\"https:\\\/\\\/www.groupesclavo.fr\\\/it\\\/#\\\/schema\\\/logo\\\/image\\\/\",\"url\":\"https:\\\/\\\/www.groupesclavo.fr\\\/wp-content\\\/uploads\\\/2024\\\/11\\\/logo-1.svg\",\"contentUrl\":\"https:\\\/\\\/www.groupesclavo.fr\\\/wp-content\\\/uploads\\\/2024\\\/11\\\/logo-1.svg\",\"width\":191,\"height\":57,\"caption\":\"Sclavo\"},\"image\":{\"@id\":\"https:\\\/\\\/www.groupesclavo.fr\\\/it\\\/#\\\/schema\\\/logo\\\/image\\\/\"}}]}<\/script>\n<!-- \/ Yoast SEO plugin. -->","yoast_head_json":{"title":"Autorit\u00e0 locali - Sclavo","robots":{"index":"index","follow":"follow","max-snippet":"max-snippet:-1","max-image-preview":"max-image-preview:large","max-video-preview":"max-video-preview:-1"},"canonical":"https:\/\/www.groupesclavo.fr\/it\/autorita-locali\/","og_locale":"it_IT","og_type":"article","og_title":"Autorit\u00e0 locali - Sclavo","og_description":"Gestione globale personalizzata dei rifiuti urbani Il Gruppo SCLAVO ENVIRONNEMENT, leader regionale nei dipartimenti delle Alpes-Maritimes e del Var, supporta le autorit\u00e0 locali nell'adempimento delle loro responsabilit\u00e0 in materia [&hellip;]","og_url":"https:\/\/www.groupesclavo.fr\/it\/autorita-locali\/","og_site_name":"Sclavo","article_modified_time":"2026-05-05T10:02:51+00:00","twitter_card":"summary_large_image","schema":{"@context":"https:\/\/schema.org","@graph":[{"@type":"WebPage","@id":"https:\/\/www.groupesclavo.fr\/it\/autorita-locali\/","url":"https:\/\/www.groupesclavo.fr\/it\/autorita-locali\/","name":"Autorit\u00e0 locali - Sclavo","isPartOf":{"@id":"https:\/\/www.groupesclavo.fr\/it\/#website"},"datePublished":"2025-06-09T09:08:13+00:00","dateModified":"2026-05-05T10:02:51+00:00","breadcrumb":{"@id":"https:\/\/www.groupesclavo.fr\/it\/autorita-locali\/#breadcrumb"},"inLanguage":"it-IT","potentialAction":[{"@type":"ReadAction","target":["https:\/\/www.groupesclavo.fr\/it\/autorita-locali\/"]}]},{"@type":"BreadcrumbList","@id":"https:\/\/www.groupesclavo.fr\/it\/autorita-locali\/#breadcrumb","itemListElement":[{"@type":"ListItem","position":1,"name":"Accueil","item":"https:\/\/www.groupesclavo.fr\/it\/"},{"@type":"ListItem","position":2,"name":"Autorit\u00e0 locali"}]},{"@type":"WebSite","@id":"https:\/\/www.groupesclavo.fr\/it\/#website","url":"https:\/\/www.groupesclavo.fr\/it\/","name":"Sclavo","description":"","publisher":{"@id":"https:\/\/www.groupesclavo.fr\/it\/#organization"},"potentialAction":[{"@type":"SearchAction","target":{"@type":"EntryPoint","urlTemplate":"https:\/\/www.groupesclavo.fr\/it\/?s={search_term_string}"},"query-input":{"@type":"PropertyValueSpecification","valueRequired":true,"valueName":"search_term_string"}}],"inLanguage":"it-IT"},{"@type":"Organization","@id":"https:\/\/www.groupesclavo.fr\/it\/#organization","name":"Sclavo","url":"https:\/\/www.groupesclavo.fr\/it\/","logo":{"@type":"ImageObject","inLanguage":"it-IT","@id":"https:\/\/www.groupesclavo.fr\/it\/#\/schema\/logo\/image\/","url":"https:\/\/www.groupesclavo.fr\/wp-content\/uploads\/2024\/11\/logo-1.svg","contentUrl":"https:\/\/www.groupesclavo.fr\/wp-content\/uploads\/2024\/11\/logo-1.svg","width":191,"height":57,"caption":"Sclavo"},"image":{"@id":"https:\/\/www.groupesclavo.fr\/it\/#\/schema\/logo\/image\/"}}]}},"_links":{"self":[{"href":"https:\/\/www.groupesclavo.fr\/it\/wp-json\/wp\/v2\/pages\/6285","targetHints":{"allow":["GET"]}}],"collection":[{"href":"https:\/\/www.groupesclavo.fr\/it\/wp-json\/wp\/v2\/pages"}],"about":[{"href":"https:\/\/www.groupesclavo.fr\/it\/wp-json\/wp\/v2\/types\/page"}],"author":[{"embeddable":true,"href":"https:\/\/www.groupesclavo.fr\/it\/wp-json\/wp\/v2\/users\/4"}],"replies":[{"embeddable":true,"href":"https:\/\/www.groupesclavo.fr\/it\/wp-json\/wp\/v2\/comments?post=6285"}],"version-history":[{"count":0,"href":"https:\/\/www.groupesclavo.fr\/it\/wp-json\/wp\/v2\/pages\/6285\/revisions"}],"wp:attachment":[{"href":"https:\/\/www.groupesclavo.fr\/it\/wp-json\/wp\/v2\/media?parent=6285"}],"curies":[{"name":"wp","href":"https:\/\/api.w.org\/{rel}","templated":true}]}}