{"id":5945,"date":"2025-05-22T14:23:38","date_gmt":"2025-05-22T12:23:38","guid":{"rendered":"https:\/\/www.groupesclavo.fr\/le-nostre-soluzioni\/raccolta-dedicata\/"},"modified":"2026-05-05T10:29:48","modified_gmt":"2026-05-05T08:29:48","slug":"raccolta-dedicata","status":"publish","type":"page","link":"https:\/\/www.groupesclavo.fr\/it\/le-nostre-soluzioni\/raccolta-dedicata\/","title":{"rendered":"Raccolta dedicata"},"content":{"rendered":"<div id=\"pl-5945\"  class=\"panel-layout\" ><div id=\"pg-5945-0\"  class=\"panel-grid panel-no-style\" ><div id=\"pgc-5945-0-0\"  class=\"panel-grid-cell\" ><div id=\"panel-5945-0-0-0\" class=\"so-panel widget widget_sow-editor panel-first-child panel-last-child\" data-index=\"0\" ><div class=\"animate-6a04c73c7c500301001577 panels-animation-hide panel-widget-style panel-widget-style-for-5945-0-0-0\" data-so-animation=\"{&quot;selector&quot;:&quot;.animate-6a04c73c7c500301001577&quot;,&quot;animation&quot;:&quot;slideInLeft&quot;,&quot;breakpoint&quot;:&quot;950px&quot;,&quot;duration&quot;:1,&quot;repeat&quot;:0,&quot;hide&quot;:1,&quot;disableAnimationMobile&quot;:0,&quot;finalState&quot;:&quot;visible&quot;,&quot;delay&quot;:0,&quot;debounce&quot;:0.1,&quot;event&quot;:&quot;enter&quot;,&quot;offset&quot;:0}\" ><div\n\t\t\t\n\t\t\tclass=\"so-widget-sow-editor so-widget-sow-editor-base\"\n\t\t\t\n\t\t>\n<div class=\"siteorigin-widget-tinymce textwidget\">\n\t<p><img loading=\"lazy\" decoding=\"async\" class=\"alignnone wp-image-4074 size-full\" src=\"https:\/\/www.groupesclavo.fr\/wp-content\/uploads\/2025\/06\/p1199199-e1663076227698-945x1024-1.jpg\" alt=\"\" width=\"945\" height=\"1024\" srcset=\"https:\/\/www.groupesclavo.fr\/wp-content\/uploads\/2025\/06\/p1199199-e1663076227698-945x1024-1.jpg 945w, https:\/\/www.groupesclavo.fr\/wp-content\/uploads\/2025\/06\/p1199199-e1663076227698-945x1024-1-277x300.jpg 277w\" sizes=\"auto, (max-width: 945px) 100vw, 945px\" \/><\/p>\n<\/div>\n<\/div><\/div><\/div><\/div><div id=\"pgc-5945-0-1\"  class=\"panel-grid-cell\" ><div id=\"panel-5945-0-1-0\" class=\"so-panel widget widget_sow-editor panel-first-child panel-last-child\" data-index=\"1\" ><div class=\"animate-6a04c73c7fbba072126514 panels-animation-hide panel-widget-style panel-widget-style-for-5945-0-1-0\" data-so-animation=\"{&quot;selector&quot;:&quot;.animate-6a04c73c7fbba072126514&quot;,&quot;animation&quot;:&quot;slideInRight&quot;,&quot;breakpoint&quot;:&quot;950px&quot;,&quot;duration&quot;:1,&quot;repeat&quot;:0,&quot;hide&quot;:1,&quot;disableAnimationMobile&quot;:0,&quot;finalState&quot;:&quot;visible&quot;,&quot;delay&quot;:0,&quot;debounce&quot;:0.1,&quot;event&quot;:&quot;enter&quot;,&quot;offset&quot;:0}\" ><div\n\t\t\t\n\t\t\tclass=\"so-widget-sow-editor so-widget-sow-editor-base\"\n\t\t\t\n\t\t>\n<div class=\"siteorigin-widget-tinymce textwidget\">\n\t<h1>Raccolta dedicata:<br \/>una soluzione su misura e trasparente<\/h1>\n<p>All'interno del Gruppo SCLAVO Environnement, abbiamo optato per una raccolta dedicata per garantire ai nostri clienti una tracciabilit\u00e0 ottimale e una fatturazione equa<br \/>Mentre alcune soluzioni si basano sulla raccolta in comune, con i rifiuti di diversi siti raggruppati nello stesso camion compattatore, noi preferiamo operare su base individuale: ogni cliente ha il proprio contenitore, raccolto separatamente.<\/p>\n<div class=\"show_more\"><p class=\"wpsm-show\" style=\"color: #cc0000; font-size: 100%; text-align: left;\"> Cliquer ici pour afficher plus<\/p><div class=\"wpsm-content\"><\/p>\n<p>Questo approccio evita qualsiasi rischio di miscelazione o contaminazione tra i flussi, assicura una perfetta coerenza tra i volumi raccolti e i dati di tracciabilit\u00e0 e consente un monitoraggio rigoroso in linea con i requisiti normativi.<br \/>Grazie a questa soluzione su misura, i nostri clienti beneficiano di una visibilit\u00e0 completa della propria produzione di rifiuti.<br \/>\u00c8 un approccio trasparente, preciso e impegnato nella responsabilit\u00e0 ambientale.<\/p>\n<p class=\"x_MsoNormal\">Perch\u00e9 un punto di raccolta dedicato?<\/p>\n<ul type=\"disc\">\n<li class=\"x_MsoNormal\">Chiara identificazione dei contenitori da parte del cliente<\/li>\n<li class=\"x_MsoNormal\">Nessuna confusione tra i volumi o i tipi di rifiuti provenienti da siti diversi<\/li>\n<li class=\"x_MsoNormal\">Pesatura precisa di ogni prelievo<\/li>\n<li class=\"x_MsoNormal\">Fatturazione coerente: paghi solo per ci\u00f2 che produci effettivamente<\/li>\n<li class=\"x_MsoNormal\">Tracciabilit\u00e0 migliorata, essenziale per le tue procedure normative e per gli impegni di CSR<\/li>\n<\/ul>\n<h2>Trasparenza e performance<\/h2>\n<p>Scegliendo la raccolta individuale, garantiamo l'affidabilit\u00e0 dei dati sulla gestione dei rifiuti e facilitiamo la tua rendicontazione ambientale. \u00c8 una scelta che riflette il nostro impegno per il rigore, la fiducia e la professionalit\u00e0. <\/p>\n<p> <p class=\"wpsm-hide\" style=\"color: #cc0000; font-size: 100%; text-align: left;\"> Afficher moins<\/p><\/div><\/div>\n<\/div>\n<\/div><\/div><\/div><\/div><\/div><div id=\"pg-5945-1\"  class=\"panel-grid panel-has-style bloc_autre_service_page-nc-wrap\" ><div class=\"bloc_autre_service_page siteorigin-panels-stretch panel-row-style panel-row-style-for-5945-1\" data-stretch-type=\"full\" ><div id=\"pgc-5945-1-0\"  class=\"panel-grid-cell\" ><div id=\"panel-5945-1-0-0\" class=\"so-panel widget widget_sow-editor panel-first-child\" data-index=\"2\" ><div\n\t\t\t\n\t\t\tclass=\"so-widget-sow-editor so-widget-sow-editor-base\"\n\t\t\t\n\t\t>\n<div class=\"siteorigin-widget-tinymce textwidget\">\n\t<div class=\"h1-like\" style=\"text-align: center;\">I nostri altri servizi<\/div>\n<\/div>\n<\/div><\/div>\t\t<!-- not cached-link-it-widget --><div id=\"panel-5945-1-0-1\" class=\"so-panel widget widget_netconcept_link_it panel-last-child\" data-index=\"3\" ><div id=\"pl-6939\"  class=\"panel-layout\" ><div id=\"pg-6939-0\"  class=\"panel-grid panel-has-style bloc_5picto-nc-wrap\" ><div class=\"bloc_5picto panel-row-style panel-row-style-for-6939-0\" ><div id=\"pgc-6939-0-0\"  class=\"panel-grid-cell\" ><div id=\"panel-6939-0-0-0\" class=\"so-panel widget widget_encart-text-img-link2 panel-first-child panel-last-child\" data-index=\"0\" ><div\n\t\t\t\n\t\t\tclass=\"so-widget-encart-text-img-link2 so-widget-encart-text-img-link2-base\"\n\t\t\t\n\t\t><div class=\"etil-block-container\">\n    <a href=\"https:\/\/www.groupesclavo.fr\/it\/acquista-ferri-e-metalli\/\" class=\"etil-block-link\" title=\"\">\t<img decoding=\"async\" class=\"etil-img style-svg\" src=\"\" alt=\"\" \/>\n        <div class=\"etil-block-text\">\n            <p><img loading=\"lazy\" decoding=\"async\" class=\"alignnone wp-image-4624 size-full\" src=\"https:\/\/www.groupesclavo.fr\/wp-content\/uploads\/2024\/11\/icon-fermetaux.png\" alt=\"\" width=\"66\" height=\"57\" \/><\/p>\n<p>Vendere i miei ferri<br \/>\ne i miei metalli<\/p>\n        <\/div>\n    <\/a>        \n<\/div>\n<\/div><\/div><\/div><div id=\"pgc-6939-0-1\"  class=\"panel-grid-cell\" ><div id=\"panel-6939-0-1-0\" class=\"so-panel widget widget_encart-text-img-link2 panel-first-child panel-last-child\" data-index=\"1\" ><div\n\t\t\t\n\t\t\tclass=\"so-widget-encart-text-img-link2 so-widget-encart-text-img-link2-base\"\n\t\t\t\n\t\t><div class=\"etil-block-container\">\n    <a href=\"https:\/\/www.groupesclavo.fr\/it\/i-tuoi-rifiuti\/rifiuti-non-pericolosi\/\" class=\"etil-block-link\" title=\"\">\t<img decoding=\"async\" class=\"etil-img style-svg\" src=\"\" alt=\"\" \/>\n        <div class=\"etil-block-text\">\n            <p><img loading=\"lazy\" decoding=\"async\" class=\"alignnone size-full wp-image-3544\" src=\"https:\/\/www.groupesclavo.fr\/wp-content\/uploads\/2024\/11\/recyclage.svg\" alt=\"\" width=\"58\" height=\"56\" \/><\/p>\n<p>Smaltire i miei rifiuti<br \/>\nnon pericolosi<\/p>\n        <\/div>\n    <\/a>        \n<\/div>\n<\/div><\/div><\/div><div id=\"pgc-6939-0-2\"  class=\"panel-grid-cell\" ><div id=\"panel-6939-0-2-0\" class=\"so-panel widget widget_encart-text-img-link2 panel-first-child panel-last-child\" data-index=\"2\" ><div\n\t\t\t\n\t\t\tclass=\"so-widget-encart-text-img-link2 so-widget-encart-text-img-link2-base\"\n\t\t\t\n\t\t><div class=\"etil-block-container\">\n    <a href=\"https:\/\/www.groupesclavo.fr\/it\/le-nostre-soluzioni\/noleggio-container\/\" class=\"etil-block-link\" title=\"\">\t<img decoding=\"async\" class=\"etil-img style-svg\" src=\"\" alt=\"\" \/>\n        <div class=\"etil-block-text\">\n            <p><img loading=\"lazy\" decoding=\"async\" class=\"alignnone wp-image-3544\" src=\"https:\/\/www.groupesclavo.fr\/wp-content\/uploads\/2024\/11\/PICTOS-SCLAVO_Bennes-multibenne-1.png\" alt=\"\" width=\"118\" height=\"77\" \/><br \/>\nNoleggio cassoni e<br \/>\ncontenitori<\/p>\n        <\/div>\n    <\/a>        \n<\/div>\n<\/div><\/div><\/div><div id=\"pgc-6939-0-3\"  class=\"panel-grid-cell\" ><div id=\"panel-6939-0-3-0\" class=\"so-panel widget widget_encart-text-img-link2 panel-first-child panel-last-child\" data-index=\"3\" ><div\n\t\t\t\n\t\t\tclass=\"so-widget-encart-text-img-link2 so-widget-encart-text-img-link2-base\"\n\t\t\t\n\t\t><div class=\"etil-block-container\">\n    <a href=\"https:\/\/www.groupesclavo.fr\/it\/i-tuoi-rifiuti\/rifiuti-pericolosi\/\" class=\"etil-block-link\" title=\"\">\t<img decoding=\"async\" class=\"etil-img style-svg\" src=\"\" alt=\"\" \/>\n        <div class=\"etil-block-text\">\n            <p><img loading=\"lazy\" decoding=\"async\" class=\"alignnone size-full wp-image-3542\" src=\"https:\/\/www.groupesclavo.fr\/wp-content\/uploads\/2024\/11\/danger.svg\" alt=\"\" width=\"57\" height=\"56\" \/><\/p>\n<p>Gestire i miei rifiuti<br \/>\npericolosi, l'amianto e il piombo<\/p>\n        <\/div>\n    <\/a>        \n<\/div>\n<\/div><\/div><\/div><div id=\"pgc-6939-0-4\"  class=\"panel-grid-cell\" ><div id=\"panel-6939-0-4-0\" class=\"so-panel widget widget_encart-text-img-link2 panel-first-child panel-last-child\" data-index=\"4\" ><div\n\t\t\t\n\t\t\tclass=\"so-widget-encart-text-img-link2 so-widget-encart-text-img-link2-base\"\n\t\t\t\n\t\t><div class=\"etil-block-container\">\n    <a href=\"https:\/\/www.groupesclavo.fr\/it\/contattaci\/\" class=\"etil-block-link\" title=\"\">\t<img decoding=\"async\" class=\"etil-img style-svg\" src=\"\" alt=\"\" \/>\n        <div class=\"etil-block-text\">\n            <p><img loading=\"lazy\" decoding=\"async\" class=\"alignnone size-full wp-image-3543\" src=\"https:\/\/www.groupesclavo.fr\/wp-content\/uploads\/2024\/11\/Audit.svg\" alt=\"\" width=\"57\" height=\"56\" \/><\/p>\n<p>Richiedere una verifica dei<br \/>\nrifiuti<\/p>\n        <\/div>\n    <\/a>        \n<\/div>\n<\/div><\/div><\/div><\/div><\/div><\/div><\/div><!-- not cached-link-it-widget --><\/div><\/div><\/div><\/div>","protected":false},"excerpt":{"rendered":"<p>Raccolta dedicata:una soluzione su misura e trasparente All&#8217;interno del Gruppo SCLAVO Environnement, abbiamo optato per una raccolta dedicata per garantire ai nostri clienti una tracciabilit\u00e0 ottimale e una fatturazione [&hellip;]<\/p>\n","protected":false},"author":4,"featured_media":0,"parent":5687,"menu_order":462,"comment_status":"closed","ping_status":"closed","template":"","meta":{"inline_featured_image":false,"footnotes":""},"class_list":["post-5945","page","type-page","status-publish","hentry"],"yoast_head":"<!-- This site is optimized with the Yoast SEO plugin v27.6 - https:\/\/yoast.com\/product\/yoast-seo-wordpress\/ -->\n<title>Raccolta dedicata - Sclavo<\/title>\n<meta name=\"robots\" content=\"index, follow, max-snippet:-1, max-image-preview:large, max-video-preview:-1\" \/>\n<link rel=\"canonical\" href=\"https:\/\/www.groupesclavo.fr\/it\/le-nostre-soluzioni\/raccolta-dedicata\/\" \/>\n<meta property=\"og:locale\" content=\"it_IT\" \/>\n<meta property=\"og:type\" content=\"article\" \/>\n<meta property=\"og:title\" content=\"Raccolta dedicata - Sclavo\" \/>\n<meta property=\"og:description\" content=\"Raccolta dedicata:una soluzione su misura e trasparente All&#039;interno del Gruppo SCLAVO Environnement, abbiamo optato per una raccolta dedicata per garantire ai nostri clienti una tracciabilit\u00e0 ottimale e una fatturazione [&hellip;]\" \/>\n<meta property=\"og:url\" content=\"https:\/\/www.groupesclavo.fr\/it\/le-nostre-soluzioni\/raccolta-dedicata\/\" \/>\n<meta property=\"og:site_name\" content=\"Sclavo\" \/>\n<meta property=\"article:modified_time\" content=\"2026-05-05T08:29:48+00:00\" \/>\n<meta name=\"twitter:card\" content=\"summary_large_image\" \/>\n<script type=\"application\/ld+json\" class=\"yoast-schema-graph\">{\"@context\":\"https:\\\/\\\/schema.org\",\"@graph\":[{\"@type\":\"WebPage\",\"@id\":\"https:\\\/\\\/www.groupesclavo.fr\\\/it\\\/le-nostre-soluzioni\\\/raccolta-dedicata\\\/\",\"url\":\"https:\\\/\\\/www.groupesclavo.fr\\\/it\\\/le-nostre-soluzioni\\\/raccolta-dedicata\\\/\",\"name\":\"Raccolta dedicata - Sclavo\",\"isPartOf\":{\"@id\":\"https:\\\/\\\/www.groupesclavo.fr\\\/it\\\/#website\"},\"datePublished\":\"2025-05-22T12:23:38+00:00\",\"dateModified\":\"2026-05-05T08:29:48+00:00\",\"breadcrumb\":{\"@id\":\"https:\\\/\\\/www.groupesclavo.fr\\\/it\\\/le-nostre-soluzioni\\\/raccolta-dedicata\\\/#breadcrumb\"},\"inLanguage\":\"it-IT\",\"potentialAction\":[{\"@type\":\"ReadAction\",\"target\":[\"https:\\\/\\\/www.groupesclavo.fr\\\/it\\\/le-nostre-soluzioni\\\/raccolta-dedicata\\\/\"]}]},{\"@type\":\"BreadcrumbList\",\"@id\":\"https:\\\/\\\/www.groupesclavo.fr\\\/it\\\/le-nostre-soluzioni\\\/raccolta-dedicata\\\/#breadcrumb\",\"itemListElement\":[{\"@type\":\"ListItem\",\"position\":1,\"name\":\"Accueil\",\"item\":\"https:\\\/\\\/www.groupesclavo.fr\\\/it\\\/\"},{\"@type\":\"ListItem\",\"position\":2,\"name\":\"Le nostre soluzioni\",\"item\":\"https:\\\/\\\/www.groupesclavo.fr\\\/it\\\/le-nostre-soluzioni\\\/\"},{\"@type\":\"ListItem\",\"position\":3,\"name\":\"Raccolta dedicata\"}]},{\"@type\":\"WebSite\",\"@id\":\"https:\\\/\\\/www.groupesclavo.fr\\\/it\\\/#website\",\"url\":\"https:\\\/\\\/www.groupesclavo.fr\\\/it\\\/\",\"name\":\"Sclavo\",\"description\":\"\",\"publisher\":{\"@id\":\"https:\\\/\\\/www.groupesclavo.fr\\\/it\\\/#organization\"},\"potentialAction\":[{\"@type\":\"SearchAction\",\"target\":{\"@type\":\"EntryPoint\",\"urlTemplate\":\"https:\\\/\\\/www.groupesclavo.fr\\\/it\\\/?s={search_term_string}\"},\"query-input\":{\"@type\":\"PropertyValueSpecification\",\"valueRequired\":true,\"valueName\":\"search_term_string\"}}],\"inLanguage\":\"it-IT\"},{\"@type\":\"Organization\",\"@id\":\"https:\\\/\\\/www.groupesclavo.fr\\\/it\\\/#organization\",\"name\":\"Sclavo\",\"url\":\"https:\\\/\\\/www.groupesclavo.fr\\\/it\\\/\",\"logo\":{\"@type\":\"ImageObject\",\"inLanguage\":\"it-IT\",\"@id\":\"https:\\\/\\\/www.groupesclavo.fr\\\/it\\\/#\\\/schema\\\/logo\\\/image\\\/\",\"url\":\"https:\\\/\\\/www.groupesclavo.fr\\\/wp-content\\\/uploads\\\/2024\\\/11\\\/logo-1.svg\",\"contentUrl\":\"https:\\\/\\\/www.groupesclavo.fr\\\/wp-content\\\/uploads\\\/2024\\\/11\\\/logo-1.svg\",\"width\":191,\"height\":57,\"caption\":\"Sclavo\"},\"image\":{\"@id\":\"https:\\\/\\\/www.groupesclavo.fr\\\/it\\\/#\\\/schema\\\/logo\\\/image\\\/\"}}]}<\/script>\n<!-- \/ Yoast SEO plugin. -->","yoast_head_json":{"title":"Raccolta dedicata - Sclavo","robots":{"index":"index","follow":"follow","max-snippet":"max-snippet:-1","max-image-preview":"max-image-preview:large","max-video-preview":"max-video-preview:-1"},"canonical":"https:\/\/www.groupesclavo.fr\/it\/le-nostre-soluzioni\/raccolta-dedicata\/","og_locale":"it_IT","og_type":"article","og_title":"Raccolta dedicata - Sclavo","og_description":"Raccolta dedicata:una soluzione su misura e trasparente All'interno del Gruppo SCLAVO Environnement, abbiamo optato per una raccolta dedicata per garantire ai nostri clienti una tracciabilit\u00e0 ottimale e una fatturazione [&hellip;]","og_url":"https:\/\/www.groupesclavo.fr\/it\/le-nostre-soluzioni\/raccolta-dedicata\/","og_site_name":"Sclavo","article_modified_time":"2026-05-05T08:29:48+00:00","twitter_card":"summary_large_image","schema":{"@context":"https:\/\/schema.org","@graph":[{"@type":"WebPage","@id":"https:\/\/www.groupesclavo.fr\/it\/le-nostre-soluzioni\/raccolta-dedicata\/","url":"https:\/\/www.groupesclavo.fr\/it\/le-nostre-soluzioni\/raccolta-dedicata\/","name":"Raccolta dedicata - Sclavo","isPartOf":{"@id":"https:\/\/www.groupesclavo.fr\/it\/#website"},"datePublished":"2025-05-22T12:23:38+00:00","dateModified":"2026-05-05T08:29:48+00:00","breadcrumb":{"@id":"https:\/\/www.groupesclavo.fr\/it\/le-nostre-soluzioni\/raccolta-dedicata\/#breadcrumb"},"inLanguage":"it-IT","potentialAction":[{"@type":"ReadAction","target":["https:\/\/www.groupesclavo.fr\/it\/le-nostre-soluzioni\/raccolta-dedicata\/"]}]},{"@type":"BreadcrumbList","@id":"https:\/\/www.groupesclavo.fr\/it\/le-nostre-soluzioni\/raccolta-dedicata\/#breadcrumb","itemListElement":[{"@type":"ListItem","position":1,"name":"Accueil","item":"https:\/\/www.groupesclavo.fr\/it\/"},{"@type":"ListItem","position":2,"name":"Le nostre soluzioni","item":"https:\/\/www.groupesclavo.fr\/it\/le-nostre-soluzioni\/"},{"@type":"ListItem","position":3,"name":"Raccolta dedicata"}]},{"@type":"WebSite","@id":"https:\/\/www.groupesclavo.fr\/it\/#website","url":"https:\/\/www.groupesclavo.fr\/it\/","name":"Sclavo","description":"","publisher":{"@id":"https:\/\/www.groupesclavo.fr\/it\/#organization"},"potentialAction":[{"@type":"SearchAction","target":{"@type":"EntryPoint","urlTemplate":"https:\/\/www.groupesclavo.fr\/it\/?s={search_term_string}"},"query-input":{"@type":"PropertyValueSpecification","valueRequired":true,"valueName":"search_term_string"}}],"inLanguage":"it-IT"},{"@type":"Organization","@id":"https:\/\/www.groupesclavo.fr\/it\/#organization","name":"Sclavo","url":"https:\/\/www.groupesclavo.fr\/it\/","logo":{"@type":"ImageObject","inLanguage":"it-IT","@id":"https:\/\/www.groupesclavo.fr\/it\/#\/schema\/logo\/image\/","url":"https:\/\/www.groupesclavo.fr\/wp-content\/uploads\/2024\/11\/logo-1.svg","contentUrl":"https:\/\/www.groupesclavo.fr\/wp-content\/uploads\/2024\/11\/logo-1.svg","width":191,"height":57,"caption":"Sclavo"},"image":{"@id":"https:\/\/www.groupesclavo.fr\/it\/#\/schema\/logo\/image\/"}}]}},"_links":{"self":[{"href":"https:\/\/www.groupesclavo.fr\/it\/wp-json\/wp\/v2\/pages\/5945","targetHints":{"allow":["GET"]}}],"collection":[{"href":"https:\/\/www.groupesclavo.fr\/it\/wp-json\/wp\/v2\/pages"}],"about":[{"href":"https:\/\/www.groupesclavo.fr\/it\/wp-json\/wp\/v2\/types\/page"}],"author":[{"embeddable":true,"href":"https:\/\/www.groupesclavo.fr\/it\/wp-json\/wp\/v2\/users\/4"}],"replies":[{"embeddable":true,"href":"https:\/\/www.groupesclavo.fr\/it\/wp-json\/wp\/v2\/comments?post=5945"}],"version-history":[{"count":1,"href":"https:\/\/www.groupesclavo.fr\/it\/wp-json\/wp\/v2\/pages\/5945\/revisions"}],"predecessor-version":[{"id":5947,"href":"https:\/\/www.groupesclavo.fr\/it\/wp-json\/wp\/v2\/pages\/5945\/revisions\/5947"}],"up":[{"embeddable":true,"href":"https:\/\/www.groupesclavo.fr\/it\/wp-json\/wp\/v2\/pages\/5687"}],"wp:attachment":[{"href":"https:\/\/www.groupesclavo.fr\/it\/wp-json\/wp\/v2\/media?parent=5945"}],"curies":[{"name":"wp","href":"https:\/\/api.w.org\/{rel}","templated":true}]}}