{"id":5665,"date":"2026-01-29T13:45:47","date_gmt":"2026-01-29T12:45:47","guid":{"rendered":"https:\/\/www.groupesclavo.fr\/centro-di-raccolta-rifiuti-professionale-a-carros-semplifica-la-gestione-dei-tuoi-rifiuti-di-cantiere-e-di-ristrutturazione\/"},"modified":"2026-04-29T14:42:56","modified_gmt":"2026-04-29T12:42:56","slug":"centro-di-raccolta-rifiuti-professionale-a-carros-semplifica-la-gestione-dei-tuoi-rifiuti-di-cantiere-e-di-ristrutturazione","status":"publish","type":"page","link":"https:\/\/www.groupesclavo.fr\/it\/centro-di-raccolta-rifiuti-professionale-a-carros-semplifica-la-gestione-dei-tuoi-rifiuti-di-cantiere-e-di-ristrutturazione\/","title":{"rendered":"Centro di raccolta rifiuti professionale a Carros: semplifica la gestione dei tuoi rifiuti di cantiere e di ristrutturazione"},"content":{"rendered":"<p>Il settore dell&#8217;edilizia e delle opere pubbliche (BTP) \u00e8 uno dei principali produttori di rifiuti in Francia. Per le aziende che operano nella Plaine du Var, trovare un efficiente <strong>centro di raccolta rifiuti professionale a Carros<\/strong> \u00e8 una chiave per la produttivit\u00e0. Lo Sclavo Eco-Relais, situato nel cuore della zona industriale<strong>(362 &#8211; 12a strada<\/strong>), aiuta muratori, falegnami, costruttori di facciate e paesaggisti a rispettare le normative ambientali grazie a un centro di smistamento ad alte prestazioni.  <\/p>\n<p><strong> <\/strong><\/p>\n<h2><strong>Una piattaforma di smistamento multi-stream per tutti i tuoi siti<\/strong><\/h2>\n<p>La forza del nostro centro Carros sta nella capacit\u00e0 di assorbire un&#8217;ampia variet\u00e0 di materiali, evitando cos\u00ec ai professionisti di avere pi\u00f9 punti di consegna.<\/p>\n<ol>\n<li><strong>Ghiaia e materiali inerti:<\/strong> Accettiamo calcestruzzo, piastrelle, blocchi di cemento, terra e miscele bituminose. Questi materiali vengono frantumati e riciclati per il riempimento o il sottofondo stradale. <\/li>\n<li><strong>Legno (Classe A e B):<\/strong> Che si tratti di legno grezzo (pallet, scarti di falegnameria) o di legno trattato (mobili, porte, finestre), noi forniamo un canale per il recupero di energia o di materiali.<\/li>\n<li><strong>Rifiuti industriali ordinari (OIW):<\/strong> questo flusso comprende plastica, cartone, metalli leggeri e materiali isolanti. Si tratta del flusso pi\u00f9 complesso, che richiede una selezione rigorosa sulla nostra piattaforma. <\/li>\n<li><strong>Gesso :<\/strong> Oggi \u00e8 obbligatorio riciclare il gesso. Abbiamo aree dedicate al cartongesso e alle partizioni a nido d&#8217;ape. <\/li>\n<li><strong>Rifiuti verdi:<\/strong> per i paesaggisti che lavorano nei comuni di Carros, Le Broc e Gatti\u00e8res, offriamo una soluzione rapida per lo smaltimento di rami, erba tagliata e ceppi.<\/li>\n<\/ol>\n<p><strong> <\/strong><\/p>\n<h2><strong>La legge AGEC e la rintracciabilit\u00e0: Sclavo Carros ti mette al corrente di tutto<\/strong><\/h2>\n<p>Da quando \u00e8 entrata in vigore la legge anti-spreco per un&#8217;economia circolare (AGEC), si sono intensificati i controlli sulla destinazione dei rifiuti da cantiere. Gli artigiani devono essere in grado di dimostrare che i loro rifiuti sono stati trattati in un centro autorizzato. Noi di Carros Eco-Relais semplifichiamo questo processo:  <\/p>\n<ul>\n<li><strong>Bordereaux de Suivi de D\u00e9chets (BSD):<\/strong> utilizziamo la piattaforma <strong>Trackd\u00e9chets<\/strong> per la gestione digitale istantanea della tua prova di deposito.<\/li>\n<li><strong>Certificati di smistamento a 7 flussi:<\/strong> possiamo fornirti i documenti necessari per dimostrare lo smistamento alla fonte ai tuoi clienti o ai municipi quando richiedi un permesso di costruzione.<\/li>\n<\/ul>\n<p><strong> <\/strong><\/p>\n<h2><strong>Ottimizzare i costi: perch\u00e9 il nostro centro di raccolta rifiuti professionale \u00e8 redditizio?<\/strong><\/h2>\n<p>La gestione dei rifiuti \u00e8 una spesa importante (circa il 2-5% del budget di un cantiere). In Carros, Sclavo pu\u00f2 aiutarti a ridurre questi costi: <\/p>\n<ul>\n<li><strong>Prezzi in base al peso effettivo:<\/strong> grazie alle nostre pese certificate, non paghi in base al prezzo fisso, ma in base al chilo esatto depositato.<\/li>\n<li><strong>Il &#8220;Doppio guadagno&#8221; di Sclavo:<\/strong> quando vieni a Carros, puoi depositare i tuoi rifiuti tassabili (calcinacci, CIW) e, nello stesso percorso, vendere i tuoi metalli (rame, piombo, acciaio inox) al nostro banco di acquisto. Il ricavato dei metalli spesso compensa i costi di deposito dei rifiuti. <\/li>\n<li><strong>Risparmio di tempo a livello logistico:<\/strong> la nostra posizione nella zona industriale di Carros e il nostro orario di apertura <strong>non-stop dalle 8 alle 18<\/strong> fanno s\u00ec che le rotazioni dei tuoi camion avvengano senza problemi.<\/li>\n<\/ul>\n<p><strong> <\/strong><\/p>\n<h2><strong>Un impegno per un ambiente pulito nell&#8217;area 06<\/strong><\/h2>\n<p>Quando scegli il centro di raccolta rifiuti professionale di Sclavo a Carros, contribuisci attivamente a combattere le discariche abusive che deturpano l&#8217;hinterland di Nizza. Ogni tonnellata di rifiuti differenziati da noi \u00e8 una risorsa che viene preservata. Collaboriamo con le organizzazioni ecologiche per garantire che il riciclaggio abbia la priorit\u00e0 assoluta rispetto alla discarica.  <\/p>\n<p><strong>Vuoi aprire un conto business per beneficiare di tariffe agevolate e fatturazione mensile? Contatta il nostro team di Carros al numero 04 22 53 73 13. <\/strong><\/p>\n","protected":false},"excerpt":{"rendered":"<p>Il settore dell&#8217;edilizia e delle opere pubbliche (BTP) \u00e8 uno dei principali produttori di rifiuti in Francia. Per le aziende che operano nella Plaine du Var, trovare un efficiente [&hellip;]<\/p>\n","protected":false},"author":5,"featured_media":0,"parent":0,"menu_order":146,"comment_status":"closed","ping_status":"closed","template":"","meta":{"inline_featured_image":false,"footnotes":""},"class_list":["post-5665","page","type-page","status-publish","hentry"],"yoast_head":"<!-- This site is optimized with the Yoast SEO plugin v27.6 - https:\/\/yoast.com\/product\/yoast-seo-wordpress\/ -->\n<title>Centro di raccolta professionale di rifiuti edili e di ingegneria civile a Carros (06) | Ghiaia, legno, CIW<\/title>\n<meta name=\"description\" content=\"Costruttori e imprese edili di Carros: lascia i tuoi rifiuti di cantiere (calcinacci, legno, intonaco) presso lo Sclavo Eco-Relais. \u00c8 veloce.\" \/>\n<meta name=\"robots\" content=\"index, follow, max-snippet:-1, max-image-preview:large, max-video-preview:-1\" \/>\n<link rel=\"canonical\" href=\"https:\/\/www.groupesclavo.fr\/it\/centro-di-raccolta-rifiuti-professionale-a-carros-semplifica-la-gestione-dei-tuoi-rifiuti-di-cantiere-e-di-ristrutturazione\/\" \/>\n<meta property=\"og:locale\" content=\"it_IT\" \/>\n<meta property=\"og:type\" content=\"article\" \/>\n<meta property=\"og:title\" content=\"Centro di raccolta professionale di rifiuti edili e di ingegneria civile a Carros (06) | Ghiaia, legno, CIW\" \/>\n<meta property=\"og:description\" content=\"Costruttori e imprese edili di Carros: lascia i tuoi rifiuti di cantiere (calcinacci, legno, intonaco) presso lo Sclavo Eco-Relais. \u00c8 veloce.\" \/>\n<meta property=\"og:url\" content=\"https:\/\/www.groupesclavo.fr\/it\/centro-di-raccolta-rifiuti-professionale-a-carros-semplifica-la-gestione-dei-tuoi-rifiuti-di-cantiere-e-di-ristrutturazione\/\" \/>\n<meta property=\"og:site_name\" content=\"Sclavo\" \/>\n<meta property=\"article:modified_time\" content=\"2026-04-29T12:42:56+00:00\" \/>\n<meta name=\"twitter:card\" content=\"summary_large_image\" \/>\n<meta name=\"twitter:label1\" content=\"Est. reading time\" \/>\n\t<meta name=\"twitter:data1\" content=\"3 minutes\" \/>\n<script type=\"application\/ld+json\" class=\"yoast-schema-graph\">{\"@context\":\"https:\\\/\\\/schema.org\",\"@graph\":[{\"@type\":\"WebPage\",\"@id\":\"https:\\\/\\\/www.groupesclavo.fr\\\/it\\\/centro-di-raccolta-rifiuti-professionale-a-carros-semplifica-la-gestione-dei-tuoi-rifiuti-di-cantiere-e-di-ristrutturazione\\\/\",\"url\":\"https:\\\/\\\/www.groupesclavo.fr\\\/it\\\/centro-di-raccolta-rifiuti-professionale-a-carros-semplifica-la-gestione-dei-tuoi-rifiuti-di-cantiere-e-di-ristrutturazione\\\/\",\"name\":\"Centro di raccolta professionale di rifiuti edili e di ingegneria civile a Carros (06) | Ghiaia, legno, CIW\",\"isPartOf\":{\"@id\":\"https:\\\/\\\/www.groupesclavo.fr\\\/it\\\/#website\"},\"datePublished\":\"2026-01-29T12:45:47+00:00\",\"dateModified\":\"2026-04-29T12:42:56+00:00\",\"description\":\"Costruttori e imprese edili di Carros: lascia i tuoi rifiuti di cantiere (calcinacci, legno, intonaco) presso lo Sclavo Eco-Relais. \u00c8 veloce.\",\"breadcrumb\":{\"@id\":\"https:\\\/\\\/www.groupesclavo.fr\\\/it\\\/centro-di-raccolta-rifiuti-professionale-a-carros-semplifica-la-gestione-dei-tuoi-rifiuti-di-cantiere-e-di-ristrutturazione\\\/#breadcrumb\"},\"inLanguage\":\"it-IT\",\"potentialAction\":[{\"@type\":\"ReadAction\",\"target\":[\"https:\\\/\\\/www.groupesclavo.fr\\\/it\\\/centro-di-raccolta-rifiuti-professionale-a-carros-semplifica-la-gestione-dei-tuoi-rifiuti-di-cantiere-e-di-ristrutturazione\\\/\"]}]},{\"@type\":\"BreadcrumbList\",\"@id\":\"https:\\\/\\\/www.groupesclavo.fr\\\/it\\\/centro-di-raccolta-rifiuti-professionale-a-carros-semplifica-la-gestione-dei-tuoi-rifiuti-di-cantiere-e-di-ristrutturazione\\\/#breadcrumb\",\"itemListElement\":[{\"@type\":\"ListItem\",\"position\":1,\"name\":\"Accueil\",\"item\":\"https:\\\/\\\/www.groupesclavo.fr\\\/it\\\/\"},{\"@type\":\"ListItem\",\"position\":2,\"name\":\"Centro di raccolta rifiuti professionale a Carros: semplifica la gestione dei tuoi rifiuti di cantiere e di ristrutturazione\"}]},{\"@type\":\"WebSite\",\"@id\":\"https:\\\/\\\/www.groupesclavo.fr\\\/it\\\/#website\",\"url\":\"https:\\\/\\\/www.groupesclavo.fr\\\/it\\\/\",\"name\":\"Sclavo\",\"description\":\"\",\"publisher\":{\"@id\":\"https:\\\/\\\/www.groupesclavo.fr\\\/it\\\/#organization\"},\"potentialAction\":[{\"@type\":\"SearchAction\",\"target\":{\"@type\":\"EntryPoint\",\"urlTemplate\":\"https:\\\/\\\/www.groupesclavo.fr\\\/it\\\/?s={search_term_string}\"},\"query-input\":{\"@type\":\"PropertyValueSpecification\",\"valueRequired\":true,\"valueName\":\"search_term_string\"}}],\"inLanguage\":\"it-IT\"},{\"@type\":\"Organization\",\"@id\":\"https:\\\/\\\/www.groupesclavo.fr\\\/it\\\/#organization\",\"name\":\"Sclavo\",\"url\":\"https:\\\/\\\/www.groupesclavo.fr\\\/it\\\/\",\"logo\":{\"@type\":\"ImageObject\",\"inLanguage\":\"it-IT\",\"@id\":\"https:\\\/\\\/www.groupesclavo.fr\\\/it\\\/#\\\/schema\\\/logo\\\/image\\\/\",\"url\":\"https:\\\/\\\/www.groupesclavo.fr\\\/wp-content\\\/uploads\\\/2024\\\/11\\\/logo-1.svg\",\"contentUrl\":\"https:\\\/\\\/www.groupesclavo.fr\\\/wp-content\\\/uploads\\\/2024\\\/11\\\/logo-1.svg\",\"width\":191,\"height\":57,\"caption\":\"Sclavo\"},\"image\":{\"@id\":\"https:\\\/\\\/www.groupesclavo.fr\\\/it\\\/#\\\/schema\\\/logo\\\/image\\\/\"}}]}<\/script>\n<!-- \/ Yoast SEO plugin. -->","yoast_head_json":{"title":"Centro di raccolta professionale di rifiuti edili e di ingegneria civile a Carros (06) | Ghiaia, legno, CIW","description":"Costruttori e imprese edili di Carros: lascia i tuoi rifiuti di cantiere (calcinacci, legno, intonaco) presso lo Sclavo Eco-Relais. \u00c8 veloce.","robots":{"index":"index","follow":"follow","max-snippet":"max-snippet:-1","max-image-preview":"max-image-preview:large","max-video-preview":"max-video-preview:-1"},"canonical":"https:\/\/www.groupesclavo.fr\/it\/centro-di-raccolta-rifiuti-professionale-a-carros-semplifica-la-gestione-dei-tuoi-rifiuti-di-cantiere-e-di-ristrutturazione\/","og_locale":"it_IT","og_type":"article","og_title":"Centro di raccolta professionale di rifiuti edili e di ingegneria civile a Carros (06) | Ghiaia, legno, CIW","og_description":"Costruttori e imprese edili di Carros: lascia i tuoi rifiuti di cantiere (calcinacci, legno, intonaco) presso lo Sclavo Eco-Relais. \u00c8 veloce.","og_url":"https:\/\/www.groupesclavo.fr\/it\/centro-di-raccolta-rifiuti-professionale-a-carros-semplifica-la-gestione-dei-tuoi-rifiuti-di-cantiere-e-di-ristrutturazione\/","og_site_name":"Sclavo","article_modified_time":"2026-04-29T12:42:56+00:00","twitter_card":"summary_large_image","twitter_misc":{"Est. reading time":"3 minutes"},"schema":{"@context":"https:\/\/schema.org","@graph":[{"@type":"WebPage","@id":"https:\/\/www.groupesclavo.fr\/it\/centro-di-raccolta-rifiuti-professionale-a-carros-semplifica-la-gestione-dei-tuoi-rifiuti-di-cantiere-e-di-ristrutturazione\/","url":"https:\/\/www.groupesclavo.fr\/it\/centro-di-raccolta-rifiuti-professionale-a-carros-semplifica-la-gestione-dei-tuoi-rifiuti-di-cantiere-e-di-ristrutturazione\/","name":"Centro di raccolta professionale di rifiuti edili e di ingegneria civile a Carros (06) | Ghiaia, legno, CIW","isPartOf":{"@id":"https:\/\/www.groupesclavo.fr\/it\/#website"},"datePublished":"2026-01-29T12:45:47+00:00","dateModified":"2026-04-29T12:42:56+00:00","description":"Costruttori e imprese edili di Carros: lascia i tuoi rifiuti di cantiere (calcinacci, legno, intonaco) presso lo Sclavo Eco-Relais. \u00c8 veloce.","breadcrumb":{"@id":"https:\/\/www.groupesclavo.fr\/it\/centro-di-raccolta-rifiuti-professionale-a-carros-semplifica-la-gestione-dei-tuoi-rifiuti-di-cantiere-e-di-ristrutturazione\/#breadcrumb"},"inLanguage":"it-IT","potentialAction":[{"@type":"ReadAction","target":["https:\/\/www.groupesclavo.fr\/it\/centro-di-raccolta-rifiuti-professionale-a-carros-semplifica-la-gestione-dei-tuoi-rifiuti-di-cantiere-e-di-ristrutturazione\/"]}]},{"@type":"BreadcrumbList","@id":"https:\/\/www.groupesclavo.fr\/it\/centro-di-raccolta-rifiuti-professionale-a-carros-semplifica-la-gestione-dei-tuoi-rifiuti-di-cantiere-e-di-ristrutturazione\/#breadcrumb","itemListElement":[{"@type":"ListItem","position":1,"name":"Accueil","item":"https:\/\/www.groupesclavo.fr\/it\/"},{"@type":"ListItem","position":2,"name":"Centro di raccolta rifiuti professionale a Carros: semplifica la gestione dei tuoi rifiuti di cantiere e di ristrutturazione"}]},{"@type":"WebSite","@id":"https:\/\/www.groupesclavo.fr\/it\/#website","url":"https:\/\/www.groupesclavo.fr\/it\/","name":"Sclavo","description":"","publisher":{"@id":"https:\/\/www.groupesclavo.fr\/it\/#organization"},"potentialAction":[{"@type":"SearchAction","target":{"@type":"EntryPoint","urlTemplate":"https:\/\/www.groupesclavo.fr\/it\/?s={search_term_string}"},"query-input":{"@type":"PropertyValueSpecification","valueRequired":true,"valueName":"search_term_string"}}],"inLanguage":"it-IT"},{"@type":"Organization","@id":"https:\/\/www.groupesclavo.fr\/it\/#organization","name":"Sclavo","url":"https:\/\/www.groupesclavo.fr\/it\/","logo":{"@type":"ImageObject","inLanguage":"it-IT","@id":"https:\/\/www.groupesclavo.fr\/it\/#\/schema\/logo\/image\/","url":"https:\/\/www.groupesclavo.fr\/wp-content\/uploads\/2024\/11\/logo-1.svg","contentUrl":"https:\/\/www.groupesclavo.fr\/wp-content\/uploads\/2024\/11\/logo-1.svg","width":191,"height":57,"caption":"Sclavo"},"image":{"@id":"https:\/\/www.groupesclavo.fr\/it\/#\/schema\/logo\/image\/"}}]}},"_links":{"self":[{"href":"https:\/\/www.groupesclavo.fr\/it\/wp-json\/wp\/v2\/pages\/5665","targetHints":{"allow":["GET"]}}],"collection":[{"href":"https:\/\/www.groupesclavo.fr\/it\/wp-json\/wp\/v2\/pages"}],"about":[{"href":"https:\/\/www.groupesclavo.fr\/it\/wp-json\/wp\/v2\/types\/page"}],"author":[{"embeddable":true,"href":"https:\/\/www.groupesclavo.fr\/it\/wp-json\/wp\/v2\/users\/5"}],"replies":[{"embeddable":true,"href":"https:\/\/www.groupesclavo.fr\/it\/wp-json\/wp\/v2\/comments?post=5665"}],"version-history":[{"count":1,"href":"https:\/\/www.groupesclavo.fr\/it\/wp-json\/wp\/v2\/pages\/5665\/revisions"}],"predecessor-version":[{"id":5667,"href":"https:\/\/www.groupesclavo.fr\/it\/wp-json\/wp\/v2\/pages\/5665\/revisions\/5667"}],"wp:attachment":[{"href":"https:\/\/www.groupesclavo.fr\/it\/wp-json\/wp\/v2\/media?parent=5665"}],"curies":[{"name":"wp","href":"https:\/\/api.w.org\/{rel}","templated":true}]}}