{"id":5658,"date":"2026-04-23T11:29:54","date_gmt":"2026-04-23T09:29:54","guid":{"rendered":"https:\/\/www.groupesclavo.fr\/ritiro-dellalluminio-a-drap-ricicla-i-tuoi-profili-e-rottami-metallici-in-06340\/"},"modified":"2026-04-29T14:42:46","modified_gmt":"2026-04-29T12:42:46","slug":"ritiro-dellalluminio-a-drap-ricicla-i-tuoi-profili-e-rottami-metallici-in-06340","status":"publish","type":"page","link":"https:\/\/www.groupesclavo.fr\/it\/ritiro-dellalluminio-a-drap-ricicla-i-tuoi-profili-e-rottami-metallici-in-06340\/","title":{"rendered":"Ritiro dell&#8217;alluminio a Drap: ricicla i tuoi profili e rottami metallici in 06340"},"content":{"rendered":"<p>L&#8217;area di Drap e La Trinit\u00e9 rappresenta gran parte dell&#8217;artigianato della regione di Nizza. L&#8217;alluminio \u00e8 uno dei materiali pi\u00f9 utilizzati e svolge un ruolo fondamentale nella produzione di finestre, cancelli e strutture industriali. Per i falegnami di alluminio della zona industriale Vall\u00e9e du Paillon, gli scarti rappresentano un capitale dormiente. Presso lo Sclavo Eco-Relais, a <strong>Pont de Peille (Route du Borgheas)<\/strong>, abbiamo allestito un banco di acquisto specializzato per riacquistare l&#8217;alluminio al miglior prezzo possibile.<\/p>\n<p><strong> <\/strong><\/p>\n<h2><strong>  Alluminio: un metallo strategico acquistato a caro prezzo in Drap<\/strong><\/h2>\n<p>L&#8217;alluminio \u00e8 un metallo non ferroso il cui valore \u00e8 indicizzato al LME (London Metal Exchange). La sua leggerezza e resistenza lo rendono un materiale di prima scelta.<\/p>\n<ul>\n<li><strong>Alluminio profilato (nuovo) :<\/strong> Scarti di carpenteria senza impurit\u00e0. \u00c8 l&#8217;alluminio pi\u00f9 costoso perch\u00e9 \u00e8 pronto per essere rifuso direttamente.<\/li>\n<li><strong>Rimozione alluminio (vecchio):<\/strong> Finestre con taglio termico (barre di plastica). Anche in presenza di impurit\u00e0, questo alluminio mantiene un elevato valore di riscatto.<\/li>\n<li><strong>Fonderia di alluminio:<\/strong> carcasse di motori, cerchioni di automobili e parti di macchine utensili.<\/li>\n<\/ul>\n<p><strong> <\/strong><\/p>\n<h2><strong>  Perch\u00e9 vendere i tuoi metalli in Drap piuttosto che altrove?<\/strong><\/h2>\n<p>Per le aziende di 06340, Sclavo Eco-Relay offre vantaggi imbattibili:<\/p>\n<ol>\n<li><strong>Pesatura trasparente:<\/strong> tutte le nostre bilance sono omologate. Puoi vedere il peso in tempo reale e ricevere uno scontrino di pesatura a prova di falsificazione.<\/li>\n<li><strong>Pagamento tempestivo:<\/strong> in conformit\u00e0 con la legge, paghiamo con assegno o bonifico bancario per garantire la piena tracciabilit\u00e0.<\/li>\n<li><strong>Analisi delle sfumature:<\/strong> grazie alle nostre pistole spettrometriche, possiamo identificare con precisione la purezza del tuo alluminio e offrirti il prezzo pi\u00f9 equo.<\/li>\n<\/ol>\n<p><strong> <\/strong><\/p>\n<h2><strong>Consigli per il riacquisto dell&#8217;alluminio a Pont de Peille<\/strong><\/h2>\n<p>Per aumentare le tue vincite quando visiti il nostro banco:<\/p>\n<ul>\n<li><strong>Separare il ferro dall&#8217;alluminio:<\/strong> un lotto di alluminio contenente viti di ferro verr\u00e0 declassato. Prenditi il tempo necessario per rimuovere gli accessori in acciaio.<\/li>\n<li><strong>Pulisci i profili:<\/strong> rimuovi le guarnizioni di gomma e il vetro. L&#8217;alluminio &#8220;pulito&#8221; \u00e8 un alluminio meglio pagato.<\/li>\n<li><strong>Portate il volume:<\/strong> acquistiamo a partire da un chilo, ma i prezzi sono decrescenti in base al tonnellaggio per i professionisti della Vall\u00e9e du Paillon.<\/li>\n<\/ul>\n<p><strong> <\/strong><\/p>\n<h2><strong>Conclusione: Sclavo Drap, il tuo partner per un riciclo economicamente vantaggioso<\/strong><\/h2>\n<p>Acquistare alluminio a Drap \u00e8 una soluzione vantaggiosa per tutti. Come artigiano, avrai un margine in pi\u00f9 sui tuoi cantieri, assicurandoti che i tuoi rottami metallici non finiscano in discarica. Sclavo Environnement si impegna a lavorare con te per trasformare la tua gestione dei rifiuti in una leva per il rendimento finanziario. Vieni a trovarci a Pont de Peille per scoprire i nostri corsi giornalieri e approfittare dell&#8217;esperienza del nostro team locale.<\/p>\n","protected":false},"excerpt":{"rendered":"<p>L&#8217;area di Drap e La Trinit\u00e9 rappresenta gran parte dell&#8217;artigianato della regione di Nizza. L&#8217;alluminio \u00e8 uno dei materiali pi\u00f9 utilizzati e svolge un ruolo fondamentale nella produzione di [&hellip;]<\/p>\n","protected":false},"author":5,"featured_media":0,"parent":0,"menu_order":74,"comment_status":"closed","ping_status":"closed","template":"","meta":{"inline_featured_image":false,"footnotes":""},"class_list":["post-5658","page","type-page","status-publish","hentry"],"yoast_head":"<!-- This site is optimized with the Yoast SEO plugin v27.6 - https:\/\/yoast.com\/product\/yoast-seo-wordpress\/ -->\n<title>Riacquisto di alluminio in drappi (06340) | Prezzo al chilo e falegnameria<\/title>\n<meta name=\"description\" content=\"Vendi il tuo alluminio al miglior prezzo in Drap. Falegnami e produttori della Vall\u00e9e du Paillon: lo Sclavo Eco-Relais riacquista i tuoi profili, ritagli e cerchi.\" \/>\n<meta name=\"robots\" content=\"index, follow, max-snippet:-1, max-image-preview:large, max-video-preview:-1\" \/>\n<link rel=\"canonical\" href=\"https:\/\/www.groupesclavo.fr\/it\/ritiro-dellalluminio-a-drap-ricicla-i-tuoi-profili-e-rottami-metallici-in-06340\/\" \/>\n<meta property=\"og:locale\" content=\"it_IT\" \/>\n<meta property=\"og:type\" content=\"article\" \/>\n<meta property=\"og:title\" content=\"Riacquisto di alluminio in drappi (06340) | Prezzo al chilo e falegnameria\" \/>\n<meta property=\"og:description\" content=\"Vendi il tuo alluminio al miglior prezzo in Drap. Falegnami e produttori della Vall\u00e9e du Paillon: lo Sclavo Eco-Relais riacquista i tuoi profili, ritagli e cerchi.\" \/>\n<meta property=\"og:url\" content=\"https:\/\/www.groupesclavo.fr\/it\/ritiro-dellalluminio-a-drap-ricicla-i-tuoi-profili-e-rottami-metallici-in-06340\/\" \/>\n<meta property=\"og:site_name\" content=\"Sclavo\" \/>\n<meta property=\"article:modified_time\" content=\"2026-04-29T12:42:46+00:00\" \/>\n<meta name=\"twitter:card\" content=\"summary_large_image\" \/>\n<meta name=\"twitter:label1\" content=\"Est. reading time\" \/>\n\t<meta name=\"twitter:data1\" content=\"2 minutes\" \/>\n<script type=\"application\/ld+json\" class=\"yoast-schema-graph\">{\"@context\":\"https:\\\/\\\/schema.org\",\"@graph\":[{\"@type\":\"WebPage\",\"@id\":\"https:\\\/\\\/www.groupesclavo.fr\\\/it\\\/ritiro-dellalluminio-a-drap-ricicla-i-tuoi-profili-e-rottami-metallici-in-06340\\\/\",\"url\":\"https:\\\/\\\/www.groupesclavo.fr\\\/it\\\/ritiro-dellalluminio-a-drap-ricicla-i-tuoi-profili-e-rottami-metallici-in-06340\\\/\",\"name\":\"Riacquisto di alluminio in drappi (06340) | Prezzo al chilo e falegnameria\",\"isPartOf\":{\"@id\":\"https:\\\/\\\/www.groupesclavo.fr\\\/it\\\/#website\"},\"datePublished\":\"2026-04-23T09:29:54+00:00\",\"dateModified\":\"2026-04-29T12:42:46+00:00\",\"description\":\"Vendi il tuo alluminio al miglior prezzo in Drap. Falegnami e produttori della Vall\u00e9e du Paillon: lo Sclavo Eco-Relais riacquista i tuoi profili, ritagli e cerchi.\",\"breadcrumb\":{\"@id\":\"https:\\\/\\\/www.groupesclavo.fr\\\/it\\\/ritiro-dellalluminio-a-drap-ricicla-i-tuoi-profili-e-rottami-metallici-in-06340\\\/#breadcrumb\"},\"inLanguage\":\"it-IT\",\"potentialAction\":[{\"@type\":\"ReadAction\",\"target\":[\"https:\\\/\\\/www.groupesclavo.fr\\\/it\\\/ritiro-dellalluminio-a-drap-ricicla-i-tuoi-profili-e-rottami-metallici-in-06340\\\/\"]}]},{\"@type\":\"BreadcrumbList\",\"@id\":\"https:\\\/\\\/www.groupesclavo.fr\\\/it\\\/ritiro-dellalluminio-a-drap-ricicla-i-tuoi-profili-e-rottami-metallici-in-06340\\\/#breadcrumb\",\"itemListElement\":[{\"@type\":\"ListItem\",\"position\":1,\"name\":\"Accueil\",\"item\":\"https:\\\/\\\/www.groupesclavo.fr\\\/it\\\/\"},{\"@type\":\"ListItem\",\"position\":2,\"name\":\"Ritiro dell&rsquo;alluminio a Drap: ricicla i tuoi profili e rottami metallici in 06340\"}]},{\"@type\":\"WebSite\",\"@id\":\"https:\\\/\\\/www.groupesclavo.fr\\\/it\\\/#website\",\"url\":\"https:\\\/\\\/www.groupesclavo.fr\\\/it\\\/\",\"name\":\"Sclavo\",\"description\":\"\",\"publisher\":{\"@id\":\"https:\\\/\\\/www.groupesclavo.fr\\\/it\\\/#organization\"},\"potentialAction\":[{\"@type\":\"SearchAction\",\"target\":{\"@type\":\"EntryPoint\",\"urlTemplate\":\"https:\\\/\\\/www.groupesclavo.fr\\\/it\\\/?s={search_term_string}\"},\"query-input\":{\"@type\":\"PropertyValueSpecification\",\"valueRequired\":true,\"valueName\":\"search_term_string\"}}],\"inLanguage\":\"it-IT\"},{\"@type\":\"Organization\",\"@id\":\"https:\\\/\\\/www.groupesclavo.fr\\\/it\\\/#organization\",\"name\":\"Sclavo\",\"url\":\"https:\\\/\\\/www.groupesclavo.fr\\\/it\\\/\",\"logo\":{\"@type\":\"ImageObject\",\"inLanguage\":\"it-IT\",\"@id\":\"https:\\\/\\\/www.groupesclavo.fr\\\/it\\\/#\\\/schema\\\/logo\\\/image\\\/\",\"url\":\"https:\\\/\\\/www.groupesclavo.fr\\\/wp-content\\\/uploads\\\/2024\\\/11\\\/logo-1.svg\",\"contentUrl\":\"https:\\\/\\\/www.groupesclavo.fr\\\/wp-content\\\/uploads\\\/2024\\\/11\\\/logo-1.svg\",\"width\":191,\"height\":57,\"caption\":\"Sclavo\"},\"image\":{\"@id\":\"https:\\\/\\\/www.groupesclavo.fr\\\/it\\\/#\\\/schema\\\/logo\\\/image\\\/\"}}]}<\/script>\n<!-- \/ Yoast SEO plugin. -->","yoast_head_json":{"title":"Riacquisto di alluminio in drappi (06340) | Prezzo al chilo e falegnameria","description":"Vendi il tuo alluminio al miglior prezzo in Drap. Falegnami e produttori della Vall\u00e9e du Paillon: lo Sclavo Eco-Relais riacquista i tuoi profili, ritagli e cerchi.","robots":{"index":"index","follow":"follow","max-snippet":"max-snippet:-1","max-image-preview":"max-image-preview:large","max-video-preview":"max-video-preview:-1"},"canonical":"https:\/\/www.groupesclavo.fr\/it\/ritiro-dellalluminio-a-drap-ricicla-i-tuoi-profili-e-rottami-metallici-in-06340\/","og_locale":"it_IT","og_type":"article","og_title":"Riacquisto di alluminio in drappi (06340) | Prezzo al chilo e falegnameria","og_description":"Vendi il tuo alluminio al miglior prezzo in Drap. Falegnami e produttori della Vall\u00e9e du Paillon: lo Sclavo Eco-Relais riacquista i tuoi profili, ritagli e cerchi.","og_url":"https:\/\/www.groupesclavo.fr\/it\/ritiro-dellalluminio-a-drap-ricicla-i-tuoi-profili-e-rottami-metallici-in-06340\/","og_site_name":"Sclavo","article_modified_time":"2026-04-29T12:42:46+00:00","twitter_card":"summary_large_image","twitter_misc":{"Est. reading time":"2 minutes"},"schema":{"@context":"https:\/\/schema.org","@graph":[{"@type":"WebPage","@id":"https:\/\/www.groupesclavo.fr\/it\/ritiro-dellalluminio-a-drap-ricicla-i-tuoi-profili-e-rottami-metallici-in-06340\/","url":"https:\/\/www.groupesclavo.fr\/it\/ritiro-dellalluminio-a-drap-ricicla-i-tuoi-profili-e-rottami-metallici-in-06340\/","name":"Riacquisto di alluminio in drappi (06340) | Prezzo al chilo e falegnameria","isPartOf":{"@id":"https:\/\/www.groupesclavo.fr\/it\/#website"},"datePublished":"2026-04-23T09:29:54+00:00","dateModified":"2026-04-29T12:42:46+00:00","description":"Vendi il tuo alluminio al miglior prezzo in Drap. Falegnami e produttori della Vall\u00e9e du Paillon: lo Sclavo Eco-Relais riacquista i tuoi profili, ritagli e cerchi.","breadcrumb":{"@id":"https:\/\/www.groupesclavo.fr\/it\/ritiro-dellalluminio-a-drap-ricicla-i-tuoi-profili-e-rottami-metallici-in-06340\/#breadcrumb"},"inLanguage":"it-IT","potentialAction":[{"@type":"ReadAction","target":["https:\/\/www.groupesclavo.fr\/it\/ritiro-dellalluminio-a-drap-ricicla-i-tuoi-profili-e-rottami-metallici-in-06340\/"]}]},{"@type":"BreadcrumbList","@id":"https:\/\/www.groupesclavo.fr\/it\/ritiro-dellalluminio-a-drap-ricicla-i-tuoi-profili-e-rottami-metallici-in-06340\/#breadcrumb","itemListElement":[{"@type":"ListItem","position":1,"name":"Accueil","item":"https:\/\/www.groupesclavo.fr\/it\/"},{"@type":"ListItem","position":2,"name":"Ritiro dell&rsquo;alluminio a Drap: ricicla i tuoi profili e rottami metallici in 06340"}]},{"@type":"WebSite","@id":"https:\/\/www.groupesclavo.fr\/it\/#website","url":"https:\/\/www.groupesclavo.fr\/it\/","name":"Sclavo","description":"","publisher":{"@id":"https:\/\/www.groupesclavo.fr\/it\/#organization"},"potentialAction":[{"@type":"SearchAction","target":{"@type":"EntryPoint","urlTemplate":"https:\/\/www.groupesclavo.fr\/it\/?s={search_term_string}"},"query-input":{"@type":"PropertyValueSpecification","valueRequired":true,"valueName":"search_term_string"}}],"inLanguage":"it-IT"},{"@type":"Organization","@id":"https:\/\/www.groupesclavo.fr\/it\/#organization","name":"Sclavo","url":"https:\/\/www.groupesclavo.fr\/it\/","logo":{"@type":"ImageObject","inLanguage":"it-IT","@id":"https:\/\/www.groupesclavo.fr\/it\/#\/schema\/logo\/image\/","url":"https:\/\/www.groupesclavo.fr\/wp-content\/uploads\/2024\/11\/logo-1.svg","contentUrl":"https:\/\/www.groupesclavo.fr\/wp-content\/uploads\/2024\/11\/logo-1.svg","width":191,"height":57,"caption":"Sclavo"},"image":{"@id":"https:\/\/www.groupesclavo.fr\/it\/#\/schema\/logo\/image\/"}}]}},"_links":{"self":[{"href":"https:\/\/www.groupesclavo.fr\/it\/wp-json\/wp\/v2\/pages\/5658","targetHints":{"allow":["GET"]}}],"collection":[{"href":"https:\/\/www.groupesclavo.fr\/it\/wp-json\/wp\/v2\/pages"}],"about":[{"href":"https:\/\/www.groupesclavo.fr\/it\/wp-json\/wp\/v2\/types\/page"}],"author":[{"embeddable":true,"href":"https:\/\/www.groupesclavo.fr\/it\/wp-json\/wp\/v2\/users\/5"}],"replies":[{"embeddable":true,"href":"https:\/\/www.groupesclavo.fr\/it\/wp-json\/wp\/v2\/comments?post=5658"}],"version-history":[{"count":1,"href":"https:\/\/www.groupesclavo.fr\/it\/wp-json\/wp\/v2\/pages\/5658\/revisions"}],"predecessor-version":[{"id":5659,"href":"https:\/\/www.groupesclavo.fr\/it\/wp-json\/wp\/v2\/pages\/5658\/revisions\/5659"}],"wp:attachment":[{"href":"https:\/\/www.groupesclavo.fr\/it\/wp-json\/wp\/v2\/media?parent=5658"}],"curies":[{"name":"wp","href":"https:\/\/api.w.org\/{rel}","templated":true}]}}