{"id":5648,"date":"2026-04-23T11:26:04","date_gmt":"2026-04-23T09:26:04","guid":{"rendered":"https:\/\/www.groupesclavo.fr\/riciclaggio-del-legno-a-drap-ricicla-i-tuoi-rifiuti-di-falegnameria-e-carpenteria-nella-valle-del-paillon\/"},"modified":"2026-04-29T14:42:42","modified_gmt":"2026-04-29T12:42:42","slug":"riciclaggio-del-legno-a-drap-ricicla-i-tuoi-rifiuti-di-falegnameria-e-carpenteria-nella-valle-del-paillon","status":"publish","type":"page","link":"https:\/\/www.groupesclavo.fr\/it\/riciclaggio-del-legno-a-drap-ricicla-i-tuoi-rifiuti-di-falegnameria-e-carpenteria-nella-valle-del-paillon\/","title":{"rendered":"Riciclaggio del legno a Drap: ricicla i tuoi rifiuti di falegnameria e carpenteria nella Valle del Paillon"},"content":{"rendered":"<p>Nella zona orientale di Nizza, e in particolare nella Vall\u00e9e du Paillon, il legno \u00e8 un materiale da costruzione onnipresente. Che si tratti di ristrutturare tetti nei villaggi medievali di Peille e Peillon o di costruire nuove case a Drap e Cantaron, i volumi di rifiuti in legno sono colossali. Ma il legno non deve pi\u00f9 essere considerato come un altro rifiuto ingombrante. Presso lo Sclavo Eco-Relais di Drap, situato a <strong>Pont de Peille (Route du Borgheas)<\/strong>, trasformiamo i tuoi scarti di legno in risorse energetiche o materie prime secondarie.   <\/p>\n<p><strong> <\/strong><\/p>\n<h2><strong>  Comprendere le categorie di legno per un migliore riciclaggio<\/strong><\/h2>\n<p>Noi di Drap selezioniamo il legno in base alla qualit\u00e0 e al trattamento chimico per garantire un recupero ottimale:<\/p>\n<ol>\n<li><strong>Legno di Classe A (legno non trattato):<\/strong> si tratta di legno grezzo, non verniciato e non impregnato. Comprende pallet, casse e scarti di segheria. Questo legno \u00e8 il pi\u00f9 facile da riciclare.  <\/li>\n<li><strong>Legno di classe B (legno poco additivato):<\/strong> Questo \u00e8 il tipo di legno pi\u00f9 comunemente utilizzato in Drap: vecchi mobili, pannelli truciolari, legno strutturale dipinto o verniciato.<\/li>\n<li><strong>Legno di classe C (legno pericoloso):<\/strong> Legno impregnato (traversine ferroviarie, pali telefonici). Questi legni richiedono un trattamento speciale a causa dei prodotti tossici che contengono. <\/li>\n<\/ol>\n<p><strong> <\/strong><\/p>\n<h2><strong>  Perch\u00e9 smaltire il tuo legno al Drap Eco-Relais?<\/strong><\/h2>\n<p>Per un falegname o un carpentiere della valle, la logistica \u00e8 la spina dorsale della guerra.<\/p>\n<ul>\n<li><strong>Vicinanza immediata:<\/strong> perch\u00e9 andare fino a Nizza-Est quando c&#8217;\u00e8 un moderno centro di cura a Pont de Peille?<\/li>\n<li><strong>Cassoni specifici:<\/strong> per i grandi volumi (smontaggio di tetti), installiamo cassoni da 15m\u00b3 a 30m\u00b3 direttamente nei tuoi cantieri.<\/li>\n<li><strong>Tracciabilit\u00e0 esemplare:<\/strong> forniamo certificati di recupero del materiale e del calore, essenziali per rispondere a impegnative gare d&#8217;appalto pubbliche o private.<\/li>\n<\/ul>\n<p><strong> <\/strong><\/p>\n<h2><strong>Il ciclo di recupero: dal Paillon al settore delle biomasse<\/strong><\/h2>\n<p>Una volta raccolto a Drap, il legno segue un preciso percorso industriale:<\/p>\n<ul>\n<li><strong>Triturazione:<\/strong> il legno viene ridotto in &#8220;trucioli&#8221; o &#8220;segatura&#8221;.<\/li>\n<li><strong>Rimozione di<\/strong> chiodi, viti e cerniere<strong>:<\/strong> potenti magneti rimuovono chiodi, viti e cerniere.<\/li>\n<li><strong>Recupero energetico:<\/strong> gran parte del legno di classe B raccolto a Drap viene inviato alle caldaie a biomassa per produrre energia rinnovabile.<\/li>\n<li><strong>Recupero dei materiali: il<\/strong> legno di Classe A viene riutilizzato per produrre nuovi pannelli di particelle o pacciame per l&#8217;agricoltura.<\/li>\n<\/ul>\n<p><strong> <\/strong><\/p>\n<h2><strong>Conclusione: Sclavo Drap, il polmone verde dell&#8217;industria del legno locale<\/strong><\/h2>\n<p>Gestire il legno in Drap \u00e8 molto pi\u00f9 che scaricarlo. \u00c8 un impegno a preservare le nostre risorse forestali locali. Affidando i tuoi rifiuti di legno allo Sclavo Eco-Relais, garantisci che saranno trattati in conformit\u00e0 alla legge AGEC e contribuisci all&#8217;economia circolare della Vall\u00e9e du Paillon. Che tu sia un piccolo falegname o un privato nel bel mezzo di un progetto di ristrutturazione, i nostri team di Pont de Peille ti accoglieranno con soluzioni di pesatura e raccolta adatte a tutti i tuoi volumi.   <\/p>\n","protected":false},"excerpt":{"rendered":"<p>Nella zona orientale di Nizza, e in particolare nella Vall\u00e9e du Paillon, il legno \u00e8 un materiale da costruzione onnipresente. Che si tratti di ristrutturare tetti nei villaggi medievali [&hellip;]<\/p>\n","protected":false},"author":5,"featured_media":0,"parent":0,"menu_order":71,"comment_status":"closed","ping_status":"closed","template":"","meta":{"inline_featured_image":false,"footnotes":""},"class_list":["post-5648","page","type-page","status-publish","hentry"],"yoast_head":"<!-- This site is optimized with the Yoast SEO plugin v27.6 - https:\/\/yoast.com\/product\/yoast-seo-wordpress\/ -->\n<title>Riciclaggio del legno a Drap (06) | Cassonetti per il legno e recupero di edilizia e ingegneria civile<\/title>\n<meta name=\"description\" content=\"Soluzione di riciclo del legno in Drap. Artigiani e falegnami: ricicla il tuo legno di classe A e B. Noleggia i cassoni e consegnali all&#039;Eco-Relais di Sclavo.\" \/>\n<meta name=\"robots\" content=\"index, follow, max-snippet:-1, max-image-preview:large, max-video-preview:-1\" \/>\n<link rel=\"canonical\" href=\"https:\/\/www.groupesclavo.fr\/it\/riciclaggio-del-legno-a-drap-ricicla-i-tuoi-rifiuti-di-falegnameria-e-carpenteria-nella-valle-del-paillon\/\" \/>\n<meta property=\"og:locale\" content=\"it_IT\" \/>\n<meta property=\"og:type\" content=\"article\" \/>\n<meta property=\"og:title\" content=\"Riciclaggio del legno a Drap (06) | Cassonetti per il legno e recupero di edilizia e ingegneria civile\" \/>\n<meta property=\"og:description\" content=\"Soluzione di riciclo del legno in Drap. Artigiani e falegnami: ricicla il tuo legno di classe A e B. Noleggia i cassoni e consegnali all&#039;Eco-Relais di Sclavo.\" \/>\n<meta property=\"og:url\" content=\"https:\/\/www.groupesclavo.fr\/it\/riciclaggio-del-legno-a-drap-ricicla-i-tuoi-rifiuti-di-falegnameria-e-carpenteria-nella-valle-del-paillon\/\" \/>\n<meta property=\"og:site_name\" content=\"Sclavo\" \/>\n<meta property=\"article:modified_time\" content=\"2026-04-29T12:42:42+00:00\" \/>\n<meta name=\"twitter:card\" content=\"summary_large_image\" \/>\n<meta name=\"twitter:label1\" content=\"Est. reading time\" \/>\n\t<meta name=\"twitter:data1\" content=\"2 minutes\" \/>\n<script type=\"application\/ld+json\" class=\"yoast-schema-graph\">{\"@context\":\"https:\\\/\\\/schema.org\",\"@graph\":[{\"@type\":\"WebPage\",\"@id\":\"https:\\\/\\\/www.groupesclavo.fr\\\/it\\\/riciclaggio-del-legno-a-drap-ricicla-i-tuoi-rifiuti-di-falegnameria-e-carpenteria-nella-valle-del-paillon\\\/\",\"url\":\"https:\\\/\\\/www.groupesclavo.fr\\\/it\\\/riciclaggio-del-legno-a-drap-ricicla-i-tuoi-rifiuti-di-falegnameria-e-carpenteria-nella-valle-del-paillon\\\/\",\"name\":\"Riciclaggio del legno a Drap (06) | Cassonetti per il legno e recupero di edilizia e ingegneria civile\",\"isPartOf\":{\"@id\":\"https:\\\/\\\/www.groupesclavo.fr\\\/it\\\/#website\"},\"datePublished\":\"2026-04-23T09:26:04+00:00\",\"dateModified\":\"2026-04-29T12:42:42+00:00\",\"description\":\"Soluzione di riciclo del legno in Drap. Artigiani e falegnami: ricicla il tuo legno di classe A e B. Noleggia i cassoni e consegnali all'Eco-Relais di Sclavo.\",\"breadcrumb\":{\"@id\":\"https:\\\/\\\/www.groupesclavo.fr\\\/it\\\/riciclaggio-del-legno-a-drap-ricicla-i-tuoi-rifiuti-di-falegnameria-e-carpenteria-nella-valle-del-paillon\\\/#breadcrumb\"},\"inLanguage\":\"it-IT\",\"potentialAction\":[{\"@type\":\"ReadAction\",\"target\":[\"https:\\\/\\\/www.groupesclavo.fr\\\/it\\\/riciclaggio-del-legno-a-drap-ricicla-i-tuoi-rifiuti-di-falegnameria-e-carpenteria-nella-valle-del-paillon\\\/\"]}]},{\"@type\":\"BreadcrumbList\",\"@id\":\"https:\\\/\\\/www.groupesclavo.fr\\\/it\\\/riciclaggio-del-legno-a-drap-ricicla-i-tuoi-rifiuti-di-falegnameria-e-carpenteria-nella-valle-del-paillon\\\/#breadcrumb\",\"itemListElement\":[{\"@type\":\"ListItem\",\"position\":1,\"name\":\"Accueil\",\"item\":\"https:\\\/\\\/www.groupesclavo.fr\\\/it\\\/\"},{\"@type\":\"ListItem\",\"position\":2,\"name\":\"Riciclaggio del legno a Drap: ricicla i tuoi rifiuti di falegnameria e carpenteria nella Valle del Paillon\"}]},{\"@type\":\"WebSite\",\"@id\":\"https:\\\/\\\/www.groupesclavo.fr\\\/it\\\/#website\",\"url\":\"https:\\\/\\\/www.groupesclavo.fr\\\/it\\\/\",\"name\":\"Sclavo\",\"description\":\"\",\"publisher\":{\"@id\":\"https:\\\/\\\/www.groupesclavo.fr\\\/it\\\/#organization\"},\"potentialAction\":[{\"@type\":\"SearchAction\",\"target\":{\"@type\":\"EntryPoint\",\"urlTemplate\":\"https:\\\/\\\/www.groupesclavo.fr\\\/it\\\/?s={search_term_string}\"},\"query-input\":{\"@type\":\"PropertyValueSpecification\",\"valueRequired\":true,\"valueName\":\"search_term_string\"}}],\"inLanguage\":\"it-IT\"},{\"@type\":\"Organization\",\"@id\":\"https:\\\/\\\/www.groupesclavo.fr\\\/it\\\/#organization\",\"name\":\"Sclavo\",\"url\":\"https:\\\/\\\/www.groupesclavo.fr\\\/it\\\/\",\"logo\":{\"@type\":\"ImageObject\",\"inLanguage\":\"it-IT\",\"@id\":\"https:\\\/\\\/www.groupesclavo.fr\\\/it\\\/#\\\/schema\\\/logo\\\/image\\\/\",\"url\":\"https:\\\/\\\/www.groupesclavo.fr\\\/wp-content\\\/uploads\\\/2024\\\/11\\\/logo-1.svg\",\"contentUrl\":\"https:\\\/\\\/www.groupesclavo.fr\\\/wp-content\\\/uploads\\\/2024\\\/11\\\/logo-1.svg\",\"width\":191,\"height\":57,\"caption\":\"Sclavo\"},\"image\":{\"@id\":\"https:\\\/\\\/www.groupesclavo.fr\\\/it\\\/#\\\/schema\\\/logo\\\/image\\\/\"}}]}<\/script>\n<!-- \/ Yoast SEO plugin. -->","yoast_head_json":{"title":"Riciclaggio del legno a Drap (06) | Cassonetti per il legno e recupero di edilizia e ingegneria civile","description":"Soluzione di riciclo del legno in Drap. Artigiani e falegnami: ricicla il tuo legno di classe A e B. Noleggia i cassoni e consegnali all'Eco-Relais di Sclavo.","robots":{"index":"index","follow":"follow","max-snippet":"max-snippet:-1","max-image-preview":"max-image-preview:large","max-video-preview":"max-video-preview:-1"},"canonical":"https:\/\/www.groupesclavo.fr\/it\/riciclaggio-del-legno-a-drap-ricicla-i-tuoi-rifiuti-di-falegnameria-e-carpenteria-nella-valle-del-paillon\/","og_locale":"it_IT","og_type":"article","og_title":"Riciclaggio del legno a Drap (06) | Cassonetti per il legno e recupero di edilizia e ingegneria civile","og_description":"Soluzione di riciclo del legno in Drap. Artigiani e falegnami: ricicla il tuo legno di classe A e B. Noleggia i cassoni e consegnali all'Eco-Relais di Sclavo.","og_url":"https:\/\/www.groupesclavo.fr\/it\/riciclaggio-del-legno-a-drap-ricicla-i-tuoi-rifiuti-di-falegnameria-e-carpenteria-nella-valle-del-paillon\/","og_site_name":"Sclavo","article_modified_time":"2026-04-29T12:42:42+00:00","twitter_card":"summary_large_image","twitter_misc":{"Est. reading time":"2 minutes"},"schema":{"@context":"https:\/\/schema.org","@graph":[{"@type":"WebPage","@id":"https:\/\/www.groupesclavo.fr\/it\/riciclaggio-del-legno-a-drap-ricicla-i-tuoi-rifiuti-di-falegnameria-e-carpenteria-nella-valle-del-paillon\/","url":"https:\/\/www.groupesclavo.fr\/it\/riciclaggio-del-legno-a-drap-ricicla-i-tuoi-rifiuti-di-falegnameria-e-carpenteria-nella-valle-del-paillon\/","name":"Riciclaggio del legno a Drap (06) | Cassonetti per il legno e recupero di edilizia e ingegneria civile","isPartOf":{"@id":"https:\/\/www.groupesclavo.fr\/it\/#website"},"datePublished":"2026-04-23T09:26:04+00:00","dateModified":"2026-04-29T12:42:42+00:00","description":"Soluzione di riciclo del legno in Drap. Artigiani e falegnami: ricicla il tuo legno di classe A e B. Noleggia i cassoni e consegnali all'Eco-Relais di Sclavo.","breadcrumb":{"@id":"https:\/\/www.groupesclavo.fr\/it\/riciclaggio-del-legno-a-drap-ricicla-i-tuoi-rifiuti-di-falegnameria-e-carpenteria-nella-valle-del-paillon\/#breadcrumb"},"inLanguage":"it-IT","potentialAction":[{"@type":"ReadAction","target":["https:\/\/www.groupesclavo.fr\/it\/riciclaggio-del-legno-a-drap-ricicla-i-tuoi-rifiuti-di-falegnameria-e-carpenteria-nella-valle-del-paillon\/"]}]},{"@type":"BreadcrumbList","@id":"https:\/\/www.groupesclavo.fr\/it\/riciclaggio-del-legno-a-drap-ricicla-i-tuoi-rifiuti-di-falegnameria-e-carpenteria-nella-valle-del-paillon\/#breadcrumb","itemListElement":[{"@type":"ListItem","position":1,"name":"Accueil","item":"https:\/\/www.groupesclavo.fr\/it\/"},{"@type":"ListItem","position":2,"name":"Riciclaggio del legno a Drap: ricicla i tuoi rifiuti di falegnameria e carpenteria nella Valle del Paillon"}]},{"@type":"WebSite","@id":"https:\/\/www.groupesclavo.fr\/it\/#website","url":"https:\/\/www.groupesclavo.fr\/it\/","name":"Sclavo","description":"","publisher":{"@id":"https:\/\/www.groupesclavo.fr\/it\/#organization"},"potentialAction":[{"@type":"SearchAction","target":{"@type":"EntryPoint","urlTemplate":"https:\/\/www.groupesclavo.fr\/it\/?s={search_term_string}"},"query-input":{"@type":"PropertyValueSpecification","valueRequired":true,"valueName":"search_term_string"}}],"inLanguage":"it-IT"},{"@type":"Organization","@id":"https:\/\/www.groupesclavo.fr\/it\/#organization","name":"Sclavo","url":"https:\/\/www.groupesclavo.fr\/it\/","logo":{"@type":"ImageObject","inLanguage":"it-IT","@id":"https:\/\/www.groupesclavo.fr\/it\/#\/schema\/logo\/image\/","url":"https:\/\/www.groupesclavo.fr\/wp-content\/uploads\/2024\/11\/logo-1.svg","contentUrl":"https:\/\/www.groupesclavo.fr\/wp-content\/uploads\/2024\/11\/logo-1.svg","width":191,"height":57,"caption":"Sclavo"},"image":{"@id":"https:\/\/www.groupesclavo.fr\/it\/#\/schema\/logo\/image\/"}}]}},"_links":{"self":[{"href":"https:\/\/www.groupesclavo.fr\/it\/wp-json\/wp\/v2\/pages\/5648","targetHints":{"allow":["GET"]}}],"collection":[{"href":"https:\/\/www.groupesclavo.fr\/it\/wp-json\/wp\/v2\/pages"}],"about":[{"href":"https:\/\/www.groupesclavo.fr\/it\/wp-json\/wp\/v2\/types\/page"}],"author":[{"embeddable":true,"href":"https:\/\/www.groupesclavo.fr\/it\/wp-json\/wp\/v2\/users\/5"}],"replies":[{"embeddable":true,"href":"https:\/\/www.groupesclavo.fr\/it\/wp-json\/wp\/v2\/comments?post=5648"}],"version-history":[{"count":1,"href":"https:\/\/www.groupesclavo.fr\/it\/wp-json\/wp\/v2\/pages\/5648\/revisions"}],"predecessor-version":[{"id":5650,"href":"https:\/\/www.groupesclavo.fr\/it\/wp-json\/wp\/v2\/pages\/5648\/revisions\/5650"}],"wp:attachment":[{"href":"https:\/\/www.groupesclavo.fr\/it\/wp-json\/wp\/v2\/media?parent=5648"}],"curies":[{"name":"wp","href":"https:\/\/api.w.org\/{rel}","templated":true}]}}