{"id":5635,"date":"2026-04-09T16:07:43","date_gmt":"2026-04-09T14:07:43","guid":{"rendered":"https:\/\/www.groupesclavo.fr\/centro-di-raccolta-professionale-di-nizza-semplifica-la-gestione-dei-tuoi-rifiuti-edili-in-costa-azzurra\/"},"modified":"2026-05-05T09:52:27","modified_gmt":"2026-05-05T07:52:27","slug":"centro-di-raccolta-professionale-di-nizza-semplifica-la-gestione-dei-tuoi-rifiuti-edili-in-costa-azzurra","status":"publish","type":"page","link":"https:\/\/www.groupesclavo.fr\/it\/centro-di-raccolta-professionale-di-nizza-semplifica-la-gestione-dei-tuoi-rifiuti-edili-in-costa-azzurra\/","title":{"rendered":"Centro di raccolta professionale dei rifiuti di Nice: semplifica la gestione dei tuoi rifiuti edili in Costa Azzurra"},"content":{"rendered":"<p>Per gli artigiani e le imprese edili che lavorano a Nice, lo smaltimento dei rifiuti \u00e8 una priorit\u00e0 quotidiana. Con le limitazioni del traffico e le norme ambientali sempre pi\u00f9 severe (legge AGEC), \u00e8 fondamentale avere un <strong>centro di raccolta rifiuti professionale a Nice<\/strong> o nelle immediate vicinanze. Sclavo Environnement offre ai professionisti della zona 06000 una soluzione completa di selezione, raccolta e recupero per tutti i tipi di rifiuti di cantiere.  <\/p>\n<p><strong> <\/strong><\/p>\n<h2><strong>  Perch\u00e9 i professionisti di Nice scelgono Sclavo?<\/strong><\/h2>\n<p>Nice \u00e8 una citt\u00e0 densamente popolata dove ogni minuto \u00e8 importante. I nostri centri periferici sono stati progettati tenendo conto della velocit\u00e0 dei nostri artigiani: <\/p>\n<ol>\n<li><strong>Le Pont de Peille (Drap):<\/strong> a soli 10 minuti da Nizza-Est sulla strada principale. \u00c8 il modo pi\u00f9 veloce per sbarazzarsi delle macerie senza entrare in zone di grande traffico. <\/li>\n<li><strong>Saint-Laurent-du-Var:<\/strong> per tutti i tuoi cantieri nella zona occidentale di Nizza, a due passi dall&#8217;uscita dell&#8217;autostrada.<\/li>\n<li><strong>Sede centrale a Nice:<\/strong> la nostra presenza amministrativa nel cuore della citt\u00e0 ci permette di essere il pi\u00f9 vicino possibile alle tue esigenze di gestione dei conti e di consulenza normativa.<\/li>\n<\/ol>\n<p><strong> <\/strong><\/p>\n<h2><strong>  Riciclaggio di rifiuti da costruzione e opere pubbliche: ghiaia, legno e CIW<\/strong><\/h2>\n<p>Nel deposito pro Sclavo, diamo il benvenuto a :<\/p>\n<ul>\n<li><strong>Ghiaia (inerte):<\/strong> Calcestruzzo, mattoni, tegole, terra battuta. Ci assicuriamo che questi materiali siano trattati in modo adeguato per poterli riutilizzare. <\/li>\n<li><strong>Rifiuti industriali non pericolosi:<\/strong> miscele di gesso, materiali isolanti, plastica e cartone.<\/li>\n<li><strong>Legno:<\/strong> recupero di pallet, legno per falegnameria e mobili.<\/li>\n<li><strong>Rifiuti verdi:<\/strong> per i paesaggisti che lavorano sulle colline intorno a Nizza (Gairaut, Fabron, Mont-Boron).<\/li>\n<\/ul>\n<p><strong> <\/strong><\/p>\n<h2><strong>Noleggio di ribaltabili a Nice: la soluzione per gli accessi pi\u00f9 difficili<\/strong><\/h2>\n<p>Il noleggio di un cassone a Nice richiede esperienza. I nostri team possono aiutarti in tutte le questioni, dai permessi di circolazione alle limitazioni di parcheggio: <\/p>\n<ul>\n<li><strong>Cassoni da 7m\u00b3 a 30m\u00b3:<\/strong> adatti alla natura dei tuoi rifiuti (macerie pesanti o oggetti leggeri e ingombranti).<\/li>\n<li><strong>Reattivit\u00e0:<\/strong> Installazione e rimozione rapida per evitare di ingombrare gli spazi pubblici di Nizza.<\/li>\n<li><strong>Tracciabilit\u00e0 dei rifiuti:<\/strong> gestiamo le tue bolle di accompagnamento (BSD) dematerializzate, garantendoti la conformit\u00e0 con i tuoi clienti e le autorit\u00e0.<\/li>\n<\/ul>\n<p><strong> <\/strong><\/p>\n<h2><strong>Conclusione: Sclavo, il partner di riciclaggio numero 1 di Nice<\/strong><\/h2>\n<p>Quando scegli Sclavo, puoi beneficiare della potenza del leader regionale del riciclaggio e di un servizio locale ultra-reattivo. Se stai cercando un <strong>rivenditore di rottami metallici a Nice<\/strong> per vendere i tuoi metalli o un centro di raccolta rifiuti per le tue macerie, i nostri centri di Drap, Saint-Laurent e Carros sono i tuoi migliori alleati. Contatta i nostri team nella sede di Nice o nel nostro Eco-Relais per un preventivo personalizzato.  <\/p>\n","protected":false},"excerpt":{"rendered":"<p>Per gli artigiani e le imprese edili che lavorano a Nice, lo smaltimento dei rifiuti \u00e8 una priorit\u00e0 quotidiana. Con le limitazioni del traffico e le norme ambientali sempre [&hellip;]<\/p>\n","protected":false},"author":5,"featured_media":0,"parent":0,"menu_order":65,"comment_status":"closed","ping_status":"closed","template":"","meta":{"inline_featured_image":false,"footnotes":""},"class_list":["post-5635","page","type-page","status-publish","hentry"],"yoast_head":"<!-- This site is optimized with the Yoast SEO plugin v27.6 - https:\/\/yoast.com\/product\/yoast-seo-wordpress\/ -->\n<title>Centro di raccolta professionale dei rifiuti a Nice | Evacuazione dei rifiuti da costruzione<\/title>\n<meta name=\"description\" content=\"Hai bisogno di un centro di raccolta rifiuti professionale a Nice? Sclavo Environnement offre soluzioni di consegna e raccolta per macerie, CIW e legno. Prossimit\u00e0, velocit\u00e0 e tracciabilit\u00e0.\" \/>\n<meta name=\"robots\" content=\"index, follow, max-snippet:-1, max-image-preview:large, max-video-preview:-1\" \/>\n<link rel=\"canonical\" href=\"https:\/\/www.groupesclavo.fr\/it\/centro-di-raccolta-professionale-di-nizza-semplifica-la-gestione-dei-tuoi-rifiuti-edili-in-costa-azzurra\/\" \/>\n<meta property=\"og:locale\" content=\"it_IT\" \/>\n<meta property=\"og:type\" content=\"article\" \/>\n<meta property=\"og:title\" content=\"Centro di raccolta professionale dei rifiuti a Nice | Evacuazione dei rifiuti da costruzione\" \/>\n<meta property=\"og:description\" content=\"Hai bisogno di un centro di raccolta rifiuti professionale a Nice? Sclavo Environnement offre soluzioni di consegna e raccolta per macerie, CIW e legno. Prossimit\u00e0, velocit\u00e0 e tracciabilit\u00e0.\" \/>\n<meta property=\"og:url\" content=\"https:\/\/www.groupesclavo.fr\/it\/centro-di-raccolta-professionale-di-nizza-semplifica-la-gestione-dei-tuoi-rifiuti-edili-in-costa-azzurra\/\" \/>\n<meta property=\"og:site_name\" content=\"Sclavo\" \/>\n<meta property=\"article:modified_time\" content=\"2026-05-05T07:52:27+00:00\" \/>\n<meta name=\"twitter:card\" content=\"summary_large_image\" \/>\n<meta name=\"twitter:label1\" content=\"Est. reading time\" \/>\n\t<meta name=\"twitter:data1\" content=\"2 minutes\" \/>\n<script type=\"application\/ld+json\" class=\"yoast-schema-graph\">{\"@context\":\"https:\\\/\\\/schema.org\",\"@graph\":[{\"@type\":\"WebPage\",\"@id\":\"https:\\\/\\\/www.groupesclavo.fr\\\/it\\\/centro-di-raccolta-professionale-di-nizza-semplifica-la-gestione-dei-tuoi-rifiuti-edili-in-costa-azzurra\\\/\",\"url\":\"https:\\\/\\\/www.groupesclavo.fr\\\/it\\\/centro-di-raccolta-professionale-di-nizza-semplifica-la-gestione-dei-tuoi-rifiuti-edili-in-costa-azzurra\\\/\",\"name\":\"Centro di raccolta professionale dei rifiuti a Nice | Evacuazione dei rifiuti da costruzione\",\"isPartOf\":{\"@id\":\"https:\\\/\\\/www.groupesclavo.fr\\\/it\\\/#website\"},\"datePublished\":\"2026-04-09T14:07:43+00:00\",\"dateModified\":\"2026-05-05T07:52:27+00:00\",\"description\":\"Hai bisogno di un centro di raccolta rifiuti professionale a Nice? Sclavo Environnement offre soluzioni di consegna e raccolta per macerie, CIW e legno. Prossimit\u00e0, velocit\u00e0 e tracciabilit\u00e0.\",\"breadcrumb\":{\"@id\":\"https:\\\/\\\/www.groupesclavo.fr\\\/it\\\/centro-di-raccolta-professionale-di-nizza-semplifica-la-gestione-dei-tuoi-rifiuti-edili-in-costa-azzurra\\\/#breadcrumb\"},\"inLanguage\":\"it-IT\",\"potentialAction\":[{\"@type\":\"ReadAction\",\"target\":[\"https:\\\/\\\/www.groupesclavo.fr\\\/it\\\/centro-di-raccolta-professionale-di-nizza-semplifica-la-gestione-dei-tuoi-rifiuti-edili-in-costa-azzurra\\\/\"]}]},{\"@type\":\"BreadcrumbList\",\"@id\":\"https:\\\/\\\/www.groupesclavo.fr\\\/it\\\/centro-di-raccolta-professionale-di-nizza-semplifica-la-gestione-dei-tuoi-rifiuti-edili-in-costa-azzurra\\\/#breadcrumb\",\"itemListElement\":[{\"@type\":\"ListItem\",\"position\":1,\"name\":\"Accueil\",\"item\":\"https:\\\/\\\/www.groupesclavo.fr\\\/it\\\/\"},{\"@type\":\"ListItem\",\"position\":2,\"name\":\"Centro di raccolta professionale dei rifiuti di Nice: semplifica la gestione dei tuoi rifiuti edili in Costa Azzurra\"}]},{\"@type\":\"WebSite\",\"@id\":\"https:\\\/\\\/www.groupesclavo.fr\\\/it\\\/#website\",\"url\":\"https:\\\/\\\/www.groupesclavo.fr\\\/it\\\/\",\"name\":\"Sclavo\",\"description\":\"\",\"publisher\":{\"@id\":\"https:\\\/\\\/www.groupesclavo.fr\\\/it\\\/#organization\"},\"potentialAction\":[{\"@type\":\"SearchAction\",\"target\":{\"@type\":\"EntryPoint\",\"urlTemplate\":\"https:\\\/\\\/www.groupesclavo.fr\\\/it\\\/?s={search_term_string}\"},\"query-input\":{\"@type\":\"PropertyValueSpecification\",\"valueRequired\":true,\"valueName\":\"search_term_string\"}}],\"inLanguage\":\"it-IT\"},{\"@type\":\"Organization\",\"@id\":\"https:\\\/\\\/www.groupesclavo.fr\\\/it\\\/#organization\",\"name\":\"Sclavo\",\"url\":\"https:\\\/\\\/www.groupesclavo.fr\\\/it\\\/\",\"logo\":{\"@type\":\"ImageObject\",\"inLanguage\":\"it-IT\",\"@id\":\"https:\\\/\\\/www.groupesclavo.fr\\\/it\\\/#\\\/schema\\\/logo\\\/image\\\/\",\"url\":\"https:\\\/\\\/www.groupesclavo.fr\\\/wp-content\\\/uploads\\\/2024\\\/11\\\/logo-1.svg\",\"contentUrl\":\"https:\\\/\\\/www.groupesclavo.fr\\\/wp-content\\\/uploads\\\/2024\\\/11\\\/logo-1.svg\",\"width\":191,\"height\":57,\"caption\":\"Sclavo\"},\"image\":{\"@id\":\"https:\\\/\\\/www.groupesclavo.fr\\\/it\\\/#\\\/schema\\\/logo\\\/image\\\/\"}}]}<\/script>\n<!-- \/ Yoast SEO plugin. -->","yoast_head_json":{"title":"Centro di raccolta professionale dei rifiuti a Nice | Evacuazione dei rifiuti da costruzione","description":"Hai bisogno di un centro di raccolta rifiuti professionale a Nice? Sclavo Environnement offre soluzioni di consegna e raccolta per macerie, CIW e legno. Prossimit\u00e0, velocit\u00e0 e tracciabilit\u00e0.","robots":{"index":"index","follow":"follow","max-snippet":"max-snippet:-1","max-image-preview":"max-image-preview:large","max-video-preview":"max-video-preview:-1"},"canonical":"https:\/\/www.groupesclavo.fr\/it\/centro-di-raccolta-professionale-di-nizza-semplifica-la-gestione-dei-tuoi-rifiuti-edili-in-costa-azzurra\/","og_locale":"it_IT","og_type":"article","og_title":"Centro di raccolta professionale dei rifiuti a Nice | Evacuazione dei rifiuti da costruzione","og_description":"Hai bisogno di un centro di raccolta rifiuti professionale a Nice? Sclavo Environnement offre soluzioni di consegna e raccolta per macerie, CIW e legno. Prossimit\u00e0, velocit\u00e0 e tracciabilit\u00e0.","og_url":"https:\/\/www.groupesclavo.fr\/it\/centro-di-raccolta-professionale-di-nizza-semplifica-la-gestione-dei-tuoi-rifiuti-edili-in-costa-azzurra\/","og_site_name":"Sclavo","article_modified_time":"2026-05-05T07:52:27+00:00","twitter_card":"summary_large_image","twitter_misc":{"Est. reading time":"2 minutes"},"schema":{"@context":"https:\/\/schema.org","@graph":[{"@type":"WebPage","@id":"https:\/\/www.groupesclavo.fr\/it\/centro-di-raccolta-professionale-di-nizza-semplifica-la-gestione-dei-tuoi-rifiuti-edili-in-costa-azzurra\/","url":"https:\/\/www.groupesclavo.fr\/it\/centro-di-raccolta-professionale-di-nizza-semplifica-la-gestione-dei-tuoi-rifiuti-edili-in-costa-azzurra\/","name":"Centro di raccolta professionale dei rifiuti a Nice | Evacuazione dei rifiuti da costruzione","isPartOf":{"@id":"https:\/\/www.groupesclavo.fr\/it\/#website"},"datePublished":"2026-04-09T14:07:43+00:00","dateModified":"2026-05-05T07:52:27+00:00","description":"Hai bisogno di un centro di raccolta rifiuti professionale a Nice? Sclavo Environnement offre soluzioni di consegna e raccolta per macerie, CIW e legno. Prossimit\u00e0, velocit\u00e0 e tracciabilit\u00e0.","breadcrumb":{"@id":"https:\/\/www.groupesclavo.fr\/it\/centro-di-raccolta-professionale-di-nizza-semplifica-la-gestione-dei-tuoi-rifiuti-edili-in-costa-azzurra\/#breadcrumb"},"inLanguage":"it-IT","potentialAction":[{"@type":"ReadAction","target":["https:\/\/www.groupesclavo.fr\/it\/centro-di-raccolta-professionale-di-nizza-semplifica-la-gestione-dei-tuoi-rifiuti-edili-in-costa-azzurra\/"]}]},{"@type":"BreadcrumbList","@id":"https:\/\/www.groupesclavo.fr\/it\/centro-di-raccolta-professionale-di-nizza-semplifica-la-gestione-dei-tuoi-rifiuti-edili-in-costa-azzurra\/#breadcrumb","itemListElement":[{"@type":"ListItem","position":1,"name":"Accueil","item":"https:\/\/www.groupesclavo.fr\/it\/"},{"@type":"ListItem","position":2,"name":"Centro di raccolta professionale dei rifiuti di Nice: semplifica la gestione dei tuoi rifiuti edili in Costa Azzurra"}]},{"@type":"WebSite","@id":"https:\/\/www.groupesclavo.fr\/it\/#website","url":"https:\/\/www.groupesclavo.fr\/it\/","name":"Sclavo","description":"","publisher":{"@id":"https:\/\/www.groupesclavo.fr\/it\/#organization"},"potentialAction":[{"@type":"SearchAction","target":{"@type":"EntryPoint","urlTemplate":"https:\/\/www.groupesclavo.fr\/it\/?s={search_term_string}"},"query-input":{"@type":"PropertyValueSpecification","valueRequired":true,"valueName":"search_term_string"}}],"inLanguage":"it-IT"},{"@type":"Organization","@id":"https:\/\/www.groupesclavo.fr\/it\/#organization","name":"Sclavo","url":"https:\/\/www.groupesclavo.fr\/it\/","logo":{"@type":"ImageObject","inLanguage":"it-IT","@id":"https:\/\/www.groupesclavo.fr\/it\/#\/schema\/logo\/image\/","url":"https:\/\/www.groupesclavo.fr\/wp-content\/uploads\/2024\/11\/logo-1.svg","contentUrl":"https:\/\/www.groupesclavo.fr\/wp-content\/uploads\/2024\/11\/logo-1.svg","width":191,"height":57,"caption":"Sclavo"},"image":{"@id":"https:\/\/www.groupesclavo.fr\/it\/#\/schema\/logo\/image\/"}}]}},"_links":{"self":[{"href":"https:\/\/www.groupesclavo.fr\/it\/wp-json\/wp\/v2\/pages\/5635","targetHints":{"allow":["GET"]}}],"collection":[{"href":"https:\/\/www.groupesclavo.fr\/it\/wp-json\/wp\/v2\/pages"}],"about":[{"href":"https:\/\/www.groupesclavo.fr\/it\/wp-json\/wp\/v2\/types\/page"}],"author":[{"embeddable":true,"href":"https:\/\/www.groupesclavo.fr\/it\/wp-json\/wp\/v2\/users\/5"}],"replies":[{"embeddable":true,"href":"https:\/\/www.groupesclavo.fr\/it\/wp-json\/wp\/v2\/comments?post=5635"}],"version-history":[{"count":2,"href":"https:\/\/www.groupesclavo.fr\/it\/wp-json\/wp\/v2\/pages\/5635\/revisions"}],"predecessor-version":[{"id":5868,"href":"https:\/\/www.groupesclavo.fr\/it\/wp-json\/wp\/v2\/pages\/5635\/revisions\/5868"}],"wp:attachment":[{"href":"https:\/\/www.groupesclavo.fr\/it\/wp-json\/wp\/v2\/media?parent=5635"}],"curies":[{"name":"wp","href":"https:\/\/api.w.org\/{rel}","templated":true}]}}