{"id":5632,"date":"2026-04-02T13:23:38","date_gmt":"2026-04-02T11:23:38","guid":{"rendered":"https:\/\/www.groupesclavo.fr\/ferrailleur-a-drap-ricicla-il-ferro-e-i-metalli-nel-cuore-della-valle-del-paillon\/"},"modified":"2026-05-12T09:24:01","modified_gmt":"2026-05-12T07:24:01","slug":"ferrailleur-a-drap-ricicla-il-ferro-e-i-metalli-nel-cuore-della-valle-del-paillon","status":"publish","type":"page","link":"https:\/\/www.groupesclavo.fr\/it\/ferrailleur-a-drap-ricicla-il-ferro-e-i-metalli-nel-cuore-della-valle-del-paillon\/","title":{"rendered":"Rottamatore a Drap: ricicla il ferro e i metalli nel cuore della Valle del Paillon"},"content":{"rendered":"<p>Lo Sclavo Eco-Relais di Drap \u00e8 molto pi\u00f9 di un centro di raccolta rifiuti professionale. \u00c8 anche uno <strong>sportello<\/strong> ultra-efficiente <strong>per l&#8217;acquisto di metalli<\/strong> situato a <strong>Pont de Peille<\/strong>. Per gli idraulici, gli elettricisti, i fabbri e le imprese di demolizione della zona orientale di Nizza, il nostro centro offre un&#8217;opportunit\u00e0 unica di trasformare i rottami metallici in denaro immediato. Perch\u00e9 lasciare che i metalli si accumulino nelle tue officine quando puoi avere un punto di riacquisto proprio vicino ai tuoi cantieri?   <\/p>\n<p><strong> <\/strong><\/p>\n<h2><strong>  Perch\u00e9 scegliere il bancone Sclavo in Drap?<\/strong><\/h2>\n<p>A Drap applichiamo gli stessi standard di eccellenza dei nostri siti di Carros e Saint-Laurent-du-Var:<\/p>\n<ol>\n<li><strong>Prezzi giornalieri :<\/strong> I nostri prezzi sono indicizzati ai mercati mondiali (LME). Garantiamo prezzi equi e trasparenti, sia che tu sia un grande produttore o un piccolo artigiano. <\/li>\n<li><strong>Pesatura di precisione:<\/strong> che si tratti di 10 kg di rame Millberry o di 5 tonnellate di rottami metallici, le nostre bilance sono certificate e controllate regolarmente dal governo.<\/li>\n<li><strong>Amministrazione semplice:<\/strong> pagamento rapido tramite assegno o bonifico bancario, con una distinta d&#8217;acquisto dettagliata per la tua contabilit\u00e0.<\/li>\n<\/ol>\n<p><strong> <\/strong><\/p>\n<h2><strong>  Metalli acquistati a Pont de Peille (06340)<\/strong><\/h2>\n<p>Riacquistiamo tutti i metalli non ferrosi e ferrosi, con particolare attenzione ai flussi di valle:<\/p>\n<ul>\n<li><strong>Rame:<\/strong> essenziale per gli elettricisti di La Trinit\u00e9. Acquistiamo rame nudo, rame misto, cavi elettrici (con guaina) e scaldabagni. <\/li>\n<li><strong>Alluminio:<\/strong> profili per falegnameria, carcasse di motori e lastre da stampa.<\/li>\n<li><strong>Ottone e bronzo:<\/strong> rubinetti, raccordi idraulici e fusioni.<\/li>\n<li><strong>Acciaio inossidabile:<\/strong> lavelli, strutture industriali e canne fumarie.<\/li>\n<li><strong>Batterie:<\/strong> ricompriamo le tue vecchie batterie al piombo (di auto, camion e macchine edili).<\/li>\n<li><strong>Ferro e ghisa:<\/strong> Travi, tondini per cemento armato, lamiere e ghisa stradale.<\/li>\n<\/ul>\n<p><strong> <\/strong><\/p>\n<h2><strong>Consigli per massimizzare il prezzo di riacquisto in Drap<\/strong><\/h2>\n<p>La cernita \u00e8 la chiave della redditivit\u00e0. Nella Vall\u00e9e du Paillon, i cantieri sono spesso multimateriale. Ecco come aumentare i tuoi profitti:  <\/p>\n<ul>\n<li><strong>Non mischiare i metalli:<\/strong> separa il rame dall&#8217;ottone. Un sacchetto di rame &#8220;inquinato&#8221; dall&#8217;ottone sar\u00e0 pagato al prezzo dell&#8217;ottone (che \u00e8 pi\u00f9 economico). <\/li>\n<li><strong>Rimuovi gli elementi indesiderati:<\/strong> rimuovi la plastica, il legno o il cemento attaccati al metallo. Pi\u00f9 pulito \u00e8 il tuo metallo, pi\u00f9 alto sar\u00e0 il suo prezzo al chilo. <\/li>\n<li><strong>Se<\/strong> hai un cantiere di demolizione di grandi dimensioni a Peille o Drap, contattaci al numero <strong>04 97 12 02 02<\/strong>. Possiamo organizzare soluzioni di trasporto o cassoni specifici per i tuoi metalli. <\/li>\n<\/ul>\n","protected":false},"excerpt":{"rendered":"<p>Lo Sclavo Eco-Relais di Drap \u00e8 molto pi\u00f9 di un centro di raccolta rifiuti professionale. \u00c8 anche uno sportello ultra-efficiente per l&#8217;acquisto di metalli situato a Pont de Peille. [&hellip;]<\/p>\n","protected":false},"author":5,"featured_media":0,"parent":0,"menu_order":95,"comment_status":"closed","ping_status":"closed","template":"","meta":{"inline_featured_image":false,"footnotes":""},"class_list":["post-5632","page","type-page","status-publish","hentry"],"yoast_head":"<!-- This site is optimized with the Yoast SEO plugin v27.6 - https:\/\/yoast.com\/product\/yoast-seo-wordpress\/ -->\n<title>Rottamatore a drappo (06) | Compra ferro e metalli al miglior prezzo<\/title>\n<meta name=\"description\" content=\"Vendi i tuoi metalli al miglior prezzo in Drap. Lo Sclavo Eco-Relais riacquista rame, alluminio, batterie e rottami metallici. Pesatura certificata.\" \/>\n<meta name=\"robots\" content=\"index, follow, max-snippet:-1, max-image-preview:large, max-video-preview:-1\" \/>\n<link rel=\"canonical\" href=\"https:\/\/www.groupesclavo.fr\/it\/ferrailleur-a-drap-ricicla-il-ferro-e-i-metalli-nel-cuore-della-valle-del-paillon\/\" \/>\n<meta property=\"og:locale\" content=\"it_IT\" \/>\n<meta property=\"og:type\" content=\"article\" \/>\n<meta property=\"og:title\" content=\"Rottamatore a drappo (06) | Compra ferro e metalli al miglior prezzo\" \/>\n<meta property=\"og:description\" content=\"Vendi i tuoi metalli al miglior prezzo in Drap. Lo Sclavo Eco-Relais riacquista rame, alluminio, batterie e rottami metallici. Pesatura certificata.\" \/>\n<meta property=\"og:url\" content=\"https:\/\/www.groupesclavo.fr\/it\/ferrailleur-a-drap-ricicla-il-ferro-e-i-metalli-nel-cuore-della-valle-del-paillon\/\" \/>\n<meta property=\"og:site_name\" content=\"Sclavo\" \/>\n<meta property=\"article:modified_time\" content=\"2026-05-12T07:24:01+00:00\" \/>\n<meta name=\"twitter:card\" content=\"summary_large_image\" \/>\n<meta name=\"twitter:label1\" content=\"Est. reading time\" \/>\n\t<meta name=\"twitter:data1\" content=\"2 minutes\" \/>\n<script type=\"application\/ld+json\" class=\"yoast-schema-graph\">{\"@context\":\"https:\\\/\\\/schema.org\",\"@graph\":[{\"@type\":\"WebPage\",\"@id\":\"https:\\\/\\\/www.groupesclavo.fr\\\/it\\\/ferrailleur-a-drap-ricicla-il-ferro-e-i-metalli-nel-cuore-della-valle-del-paillon\\\/\",\"url\":\"https:\\\/\\\/www.groupesclavo.fr\\\/it\\\/ferrailleur-a-drap-ricicla-il-ferro-e-i-metalli-nel-cuore-della-valle-del-paillon\\\/\",\"name\":\"Rottamatore a drappo (06) | Compra ferro e metalli al miglior prezzo\",\"isPartOf\":{\"@id\":\"https:\\\/\\\/www.groupesclavo.fr\\\/it\\\/#website\"},\"datePublished\":\"2026-04-02T11:23:38+00:00\",\"dateModified\":\"2026-05-12T07:24:01+00:00\",\"description\":\"Vendi i tuoi metalli al miglior prezzo in Drap. Lo Sclavo Eco-Relais riacquista rame, alluminio, batterie e rottami metallici. Pesatura certificata.\",\"breadcrumb\":{\"@id\":\"https:\\\/\\\/www.groupesclavo.fr\\\/it\\\/ferrailleur-a-drap-ricicla-il-ferro-e-i-metalli-nel-cuore-della-valle-del-paillon\\\/#breadcrumb\"},\"inLanguage\":\"it-IT\",\"potentialAction\":[{\"@type\":\"ReadAction\",\"target\":[\"https:\\\/\\\/www.groupesclavo.fr\\\/it\\\/ferrailleur-a-drap-ricicla-il-ferro-e-i-metalli-nel-cuore-della-valle-del-paillon\\\/\"]}]},{\"@type\":\"BreadcrumbList\",\"@id\":\"https:\\\/\\\/www.groupesclavo.fr\\\/it\\\/ferrailleur-a-drap-ricicla-il-ferro-e-i-metalli-nel-cuore-della-valle-del-paillon\\\/#breadcrumb\",\"itemListElement\":[{\"@type\":\"ListItem\",\"position\":1,\"name\":\"Accueil\",\"item\":\"https:\\\/\\\/www.groupesclavo.fr\\\/it\\\/\"},{\"@type\":\"ListItem\",\"position\":2,\"name\":\"Rottamatore a Drap: ricicla il ferro e i metalli nel cuore della Valle del Paillon\"}]},{\"@type\":\"WebSite\",\"@id\":\"https:\\\/\\\/www.groupesclavo.fr\\\/it\\\/#website\",\"url\":\"https:\\\/\\\/www.groupesclavo.fr\\\/it\\\/\",\"name\":\"Sclavo\",\"description\":\"\",\"publisher\":{\"@id\":\"https:\\\/\\\/www.groupesclavo.fr\\\/it\\\/#organization\"},\"potentialAction\":[{\"@type\":\"SearchAction\",\"target\":{\"@type\":\"EntryPoint\",\"urlTemplate\":\"https:\\\/\\\/www.groupesclavo.fr\\\/it\\\/?s={search_term_string}\"},\"query-input\":{\"@type\":\"PropertyValueSpecification\",\"valueRequired\":true,\"valueName\":\"search_term_string\"}}],\"inLanguage\":\"it-IT\"},{\"@type\":\"Organization\",\"@id\":\"https:\\\/\\\/www.groupesclavo.fr\\\/it\\\/#organization\",\"name\":\"Sclavo\",\"url\":\"https:\\\/\\\/www.groupesclavo.fr\\\/it\\\/\",\"logo\":{\"@type\":\"ImageObject\",\"inLanguage\":\"it-IT\",\"@id\":\"https:\\\/\\\/www.groupesclavo.fr\\\/it\\\/#\\\/schema\\\/logo\\\/image\\\/\",\"url\":\"https:\\\/\\\/www.groupesclavo.fr\\\/wp-content\\\/uploads\\\/2024\\\/11\\\/logo-1.svg\",\"contentUrl\":\"https:\\\/\\\/www.groupesclavo.fr\\\/wp-content\\\/uploads\\\/2024\\\/11\\\/logo-1.svg\",\"width\":191,\"height\":57,\"caption\":\"Sclavo\"},\"image\":{\"@id\":\"https:\\\/\\\/www.groupesclavo.fr\\\/it\\\/#\\\/schema\\\/logo\\\/image\\\/\"}}]}<\/script>\n<!-- \/ Yoast SEO plugin. -->","yoast_head_json":{"title":"Rottamatore a drappo (06) | Compra ferro e metalli al miglior prezzo","description":"Vendi i tuoi metalli al miglior prezzo in Drap. Lo Sclavo Eco-Relais riacquista rame, alluminio, batterie e rottami metallici. Pesatura certificata.","robots":{"index":"index","follow":"follow","max-snippet":"max-snippet:-1","max-image-preview":"max-image-preview:large","max-video-preview":"max-video-preview:-1"},"canonical":"https:\/\/www.groupesclavo.fr\/it\/ferrailleur-a-drap-ricicla-il-ferro-e-i-metalli-nel-cuore-della-valle-del-paillon\/","og_locale":"it_IT","og_type":"article","og_title":"Rottamatore a drappo (06) | Compra ferro e metalli al miglior prezzo","og_description":"Vendi i tuoi metalli al miglior prezzo in Drap. Lo Sclavo Eco-Relais riacquista rame, alluminio, batterie e rottami metallici. Pesatura certificata.","og_url":"https:\/\/www.groupesclavo.fr\/it\/ferrailleur-a-drap-ricicla-il-ferro-e-i-metalli-nel-cuore-della-valle-del-paillon\/","og_site_name":"Sclavo","article_modified_time":"2026-05-12T07:24:01+00:00","twitter_card":"summary_large_image","twitter_misc":{"Est. reading time":"2 minutes"},"schema":{"@context":"https:\/\/schema.org","@graph":[{"@type":"WebPage","@id":"https:\/\/www.groupesclavo.fr\/it\/ferrailleur-a-drap-ricicla-il-ferro-e-i-metalli-nel-cuore-della-valle-del-paillon\/","url":"https:\/\/www.groupesclavo.fr\/it\/ferrailleur-a-drap-ricicla-il-ferro-e-i-metalli-nel-cuore-della-valle-del-paillon\/","name":"Rottamatore a drappo (06) | Compra ferro e metalli al miglior prezzo","isPartOf":{"@id":"https:\/\/www.groupesclavo.fr\/it\/#website"},"datePublished":"2026-04-02T11:23:38+00:00","dateModified":"2026-05-12T07:24:01+00:00","description":"Vendi i tuoi metalli al miglior prezzo in Drap. Lo Sclavo Eco-Relais riacquista rame, alluminio, batterie e rottami metallici. Pesatura certificata.","breadcrumb":{"@id":"https:\/\/www.groupesclavo.fr\/it\/ferrailleur-a-drap-ricicla-il-ferro-e-i-metalli-nel-cuore-della-valle-del-paillon\/#breadcrumb"},"inLanguage":"it-IT","potentialAction":[{"@type":"ReadAction","target":["https:\/\/www.groupesclavo.fr\/it\/ferrailleur-a-drap-ricicla-il-ferro-e-i-metalli-nel-cuore-della-valle-del-paillon\/"]}]},{"@type":"BreadcrumbList","@id":"https:\/\/www.groupesclavo.fr\/it\/ferrailleur-a-drap-ricicla-il-ferro-e-i-metalli-nel-cuore-della-valle-del-paillon\/#breadcrumb","itemListElement":[{"@type":"ListItem","position":1,"name":"Accueil","item":"https:\/\/www.groupesclavo.fr\/it\/"},{"@type":"ListItem","position":2,"name":"Rottamatore a Drap: ricicla il ferro e i metalli nel cuore della Valle del Paillon"}]},{"@type":"WebSite","@id":"https:\/\/www.groupesclavo.fr\/it\/#website","url":"https:\/\/www.groupesclavo.fr\/it\/","name":"Sclavo","description":"","publisher":{"@id":"https:\/\/www.groupesclavo.fr\/it\/#organization"},"potentialAction":[{"@type":"SearchAction","target":{"@type":"EntryPoint","urlTemplate":"https:\/\/www.groupesclavo.fr\/it\/?s={search_term_string}"},"query-input":{"@type":"PropertyValueSpecification","valueRequired":true,"valueName":"search_term_string"}}],"inLanguage":"it-IT"},{"@type":"Organization","@id":"https:\/\/www.groupesclavo.fr\/it\/#organization","name":"Sclavo","url":"https:\/\/www.groupesclavo.fr\/it\/","logo":{"@type":"ImageObject","inLanguage":"it-IT","@id":"https:\/\/www.groupesclavo.fr\/it\/#\/schema\/logo\/image\/","url":"https:\/\/www.groupesclavo.fr\/wp-content\/uploads\/2024\/11\/logo-1.svg","contentUrl":"https:\/\/www.groupesclavo.fr\/wp-content\/uploads\/2024\/11\/logo-1.svg","width":191,"height":57,"caption":"Sclavo"},"image":{"@id":"https:\/\/www.groupesclavo.fr\/it\/#\/schema\/logo\/image\/"}}]}},"_links":{"self":[{"href":"https:\/\/www.groupesclavo.fr\/it\/wp-json\/wp\/v2\/pages\/5632","targetHints":{"allow":["GET"]}}],"collection":[{"href":"https:\/\/www.groupesclavo.fr\/it\/wp-json\/wp\/v2\/pages"}],"about":[{"href":"https:\/\/www.groupesclavo.fr\/it\/wp-json\/wp\/v2\/types\/page"}],"author":[{"embeddable":true,"href":"https:\/\/www.groupesclavo.fr\/it\/wp-json\/wp\/v2\/users\/5"}],"replies":[{"embeddable":true,"href":"https:\/\/www.groupesclavo.fr\/it\/wp-json\/wp\/v2\/comments?post=5632"}],"version-history":[{"count":2,"href":"https:\/\/www.groupesclavo.fr\/it\/wp-json\/wp\/v2\/pages\/5632\/revisions"}],"predecessor-version":[{"id":6767,"href":"https:\/\/www.groupesclavo.fr\/it\/wp-json\/wp\/v2\/pages\/5632\/revisions\/6767"}],"wp:attachment":[{"href":"https:\/\/www.groupesclavo.fr\/it\/wp-json\/wp\/v2\/media?parent=5632"}],"curies":[{"name":"wp","href":"https:\/\/api.w.org\/{rel}","templated":true}]}}