{"id":5625,"date":"2026-04-09T15:56:54","date_gmt":"2026-04-09T13:56:54","guid":{"rendered":"https:\/\/www.groupesclavo.fr\/ferrailleur-a-nice-ricicla-il-ferro-e-il-metallo-con-lesperto-di-riciclaggio-della-costa-azzurra\/"},"modified":"2026-05-12T09:23:58","modified_gmt":"2026-05-12T07:23:58","slug":"ferrailleur-a-nice-ricicla-il-ferro-e-il-metallo-con-lesperto-di-riciclaggio-della-costa-azzurra","status":"publish","type":"page","link":"https:\/\/www.groupesclavo.fr\/it\/ferrailleur-a-nice-ricicla-il-ferro-e-il-metallo-con-lesperto-di-riciclaggio-della-costa-azzurra\/","title":{"rendered":"Rottamatore a Nice: ricicla il ferro e il metallo con l&#8217;esperto di riciclaggio della Costa Azzurra"},"content":{"rendered":"<p>Nice, la capitale della C\u00f4te D&#8217;azur, \u00e8 in continua evoluzione. Tra i cantieri dell&#8217;Eco-Vall\u00e9e, la ristrutturazione degli edifici di Nice e l&#8217;attivit\u00e0 degli artigiani nelle zone del Porto e della Lib\u00e9ration, le risorse di metallo sono immense. Tuttavia, trovare un <strong>rivenditore di rottami metallici a Nice<\/strong> in grado di combinare prezzi interessanti e una logistica fluida pu\u00f2 essere un compito complesso. Il Gruppo Sclavo, la cui sede principale \u00e8 storicamente a Nizza, ha creato una rete di centri locali (Carros, Saint-Laurent-du-Var, Drap) per coprire ogni quartiere di Nice. Che tu sia un professionista dell&#8217;edilizia o un privato, possiamo trasformare i tuoi rifiuti metallici in risorse finanziarie.    <\/p>\n<p><strong> <\/strong><\/p>\n<h2><strong>  Sclavo: il rivenditore di rottami metallici con una rete che copre tutta Nizza<\/strong><\/h2>\n<p>Anche se i siti di lavorazione industriale richiedono infrastrutture al di fuori del centro citt\u00e0, Sclavo garantisce una copertura completa della citt\u00e0 di Nice:<\/p>\n<ul>\n<li><strong>Nice-Est e Nice-Centre: a<\/strong> meno di 15 minuti dal nostro centro di <strong>Drap (Pont de Peille)<\/strong>. \u00c8 la base ideale per gli artigiani che lavorano all&#8217;Ariane, al Pasteur o al Port. <\/li>\n<li><strong>Nice e Plaine du Var:<\/strong> coperti dai nostri siti di <strong>Saint-Laurent-du-Var<\/strong> (Settore C7) e <strong>Carros<\/strong>. Perfetto per i siti di Arenas, Nice M\u00e9ridia e Saint-Isidore. Questa triangolazione fa s\u00ec che gli abitanti di Nizza non si trovino mai a pi\u00f9 di qualche chilometro da un punto vendita Sclavo.  <\/li>\n<\/ul>\n<p><strong> <\/strong><\/p>\n<h2><strong>  Acquistare rame, alluminio e acciaio inossidabile a Nice: prezzi di mercato in tempo reale<\/strong><\/h2>\n<p>A Nice, la domanda di metalli non ferrosi \u00e8 trainata dalla ristrutturazione degli immobili. Riacquistiamo al miglior prezzo: <\/p>\n<ol>\n<li><strong>Rame:<\/strong> essenziale per elettricisti e idraulici a Nizza. Acquistiamo rame Millberry (spellato), rame misto e cavi elettrici. <\/li>\n<li><strong>Alluminio:<\/strong> molto in evidenza negli infissi delle residenze della Promenade des Anglais e di Cimiez. Diamo valore aggiunto ai profili (nuovi o smontati) e ai rivestimenti in alluminio. <\/li>\n<li><strong>Acciaio inossidabile:<\/strong> un focus speciale sull&#8217;acciaio inossidabile marino per i professionisti del porto di Nice.<\/li>\n<li><strong>Ottone e bronzo:<\/strong> da vecchie ferramenta e da fabbri.<\/li>\n<\/ol>\n<p><strong> <\/strong><\/p>\n<h2><strong>Un servizio su misura per le aziende di Nizza<\/strong><\/h2>\n<p>Per i cantieri di demolizione o ristrutturazione pesante a Nice, la logistica \u00e8 spesso un problema (strade strette, accesso limitato).<\/p>\n<ul>\n<li><strong>Raccolta e cassoni:<\/strong> possiamo installare cassoni metallici direttamente nei tuoi cantieri a Nizza.<\/li>\n<li><strong>Trasparenza e pagamento:<\/strong> le nostre bilance certificate garantiscono una pesatura accurata. Il pagamento viene effettuato tramite assegno o bonifico bancario e le ricevute di acquisto e i certificati di riciclaggio vengono forniti immediatamente. <\/li>\n<\/ul>\n","protected":false},"excerpt":{"rendered":"<p>Nice, la capitale della C\u00f4te D&#8217;azur, \u00e8 in continua evoluzione. Tra i cantieri dell&#8217;Eco-Vall\u00e9e, la ristrutturazione degli edifici di Nice e l&#8217;attivit\u00e0 degli artigiani nelle zone del Porto e [&hellip;]<\/p>\n","protected":false},"author":5,"featured_media":0,"parent":0,"menu_order":89,"comment_status":"closed","ping_status":"closed","template":"","meta":{"inline_featured_image":false,"footnotes":""},"class_list":["post-5625","page","type-page","status-publish","hentry"],"yoast_head":"<!-- This site is optimized with the Yoast SEO plugin v27.6 - https:\/\/yoast.com\/product\/yoast-seo-wordpress\/ -->\n<title>Rottamatore a Nice (06000) | Compra il metallo al miglior prezzo<\/title>\n<meta name=\"description\" content=\"Cerchi un rivenditore di rottami metallici a Nice? Sclavo Environnement serve tutta Nice per riacquistare i tuoi metalli. Rame, alluminio, acciaio inox, batterie. Soluzioni per professionisti e privati.\" \/>\n<meta name=\"robots\" content=\"index, follow, max-snippet:-1, max-image-preview:large, max-video-preview:-1\" \/>\n<link rel=\"canonical\" href=\"https:\/\/www.groupesclavo.fr\/it\/ferrailleur-a-nice-ricicla-il-ferro-e-il-metallo-con-lesperto-di-riciclaggio-della-costa-azzurra\/\" \/>\n<meta property=\"og:locale\" content=\"it_IT\" \/>\n<meta property=\"og:type\" content=\"article\" \/>\n<meta property=\"og:title\" content=\"Rottamatore a Nice (06000) | Compra il metallo al miglior prezzo\" \/>\n<meta property=\"og:description\" content=\"Cerchi un rivenditore di rottami metallici a Nice? Sclavo Environnement serve tutta Nice per riacquistare i tuoi metalli. Rame, alluminio, acciaio inox, batterie. Soluzioni per professionisti e privati.\" \/>\n<meta property=\"og:url\" content=\"https:\/\/www.groupesclavo.fr\/it\/ferrailleur-a-nice-ricicla-il-ferro-e-il-metallo-con-lesperto-di-riciclaggio-della-costa-azzurra\/\" \/>\n<meta property=\"og:site_name\" content=\"Sclavo\" \/>\n<meta property=\"article:modified_time\" content=\"2026-05-12T07:23:58+00:00\" \/>\n<meta name=\"twitter:card\" content=\"summary_large_image\" \/>\n<meta name=\"twitter:label1\" content=\"Est. reading time\" \/>\n\t<meta name=\"twitter:data1\" content=\"2 minutes\" \/>\n<script type=\"application\/ld+json\" class=\"yoast-schema-graph\">{\"@context\":\"https:\\\/\\\/schema.org\",\"@graph\":[{\"@type\":\"WebPage\",\"@id\":\"https:\\\/\\\/www.groupesclavo.fr\\\/it\\\/ferrailleur-a-nice-ricicla-il-ferro-e-il-metallo-con-lesperto-di-riciclaggio-della-costa-azzurra\\\/\",\"url\":\"https:\\\/\\\/www.groupesclavo.fr\\\/it\\\/ferrailleur-a-nice-ricicla-il-ferro-e-il-metallo-con-lesperto-di-riciclaggio-della-costa-azzurra\\\/\",\"name\":\"Rottamatore a Nice (06000) | Compra il metallo al miglior prezzo\",\"isPartOf\":{\"@id\":\"https:\\\/\\\/www.groupesclavo.fr\\\/it\\\/#website\"},\"datePublished\":\"2026-04-09T13:56:54+00:00\",\"dateModified\":\"2026-05-12T07:23:58+00:00\",\"description\":\"Cerchi un rivenditore di rottami metallici a Nice? Sclavo Environnement serve tutta Nice per riacquistare i tuoi metalli. Rame, alluminio, acciaio inox, batterie. Soluzioni per professionisti e privati.\",\"breadcrumb\":{\"@id\":\"https:\\\/\\\/www.groupesclavo.fr\\\/it\\\/ferrailleur-a-nice-ricicla-il-ferro-e-il-metallo-con-lesperto-di-riciclaggio-della-costa-azzurra\\\/#breadcrumb\"},\"inLanguage\":\"it-IT\",\"potentialAction\":[{\"@type\":\"ReadAction\",\"target\":[\"https:\\\/\\\/www.groupesclavo.fr\\\/it\\\/ferrailleur-a-nice-ricicla-il-ferro-e-il-metallo-con-lesperto-di-riciclaggio-della-costa-azzurra\\\/\"]}]},{\"@type\":\"BreadcrumbList\",\"@id\":\"https:\\\/\\\/www.groupesclavo.fr\\\/it\\\/ferrailleur-a-nice-ricicla-il-ferro-e-il-metallo-con-lesperto-di-riciclaggio-della-costa-azzurra\\\/#breadcrumb\",\"itemListElement\":[{\"@type\":\"ListItem\",\"position\":1,\"name\":\"Accueil\",\"item\":\"https:\\\/\\\/www.groupesclavo.fr\\\/it\\\/\"},{\"@type\":\"ListItem\",\"position\":2,\"name\":\"Rottamatore a Nice: ricicla il ferro e il metallo con l&rsquo;esperto di riciclaggio della Costa Azzurra\"}]},{\"@type\":\"WebSite\",\"@id\":\"https:\\\/\\\/www.groupesclavo.fr\\\/it\\\/#website\",\"url\":\"https:\\\/\\\/www.groupesclavo.fr\\\/it\\\/\",\"name\":\"Sclavo\",\"description\":\"\",\"publisher\":{\"@id\":\"https:\\\/\\\/www.groupesclavo.fr\\\/it\\\/#organization\"},\"potentialAction\":[{\"@type\":\"SearchAction\",\"target\":{\"@type\":\"EntryPoint\",\"urlTemplate\":\"https:\\\/\\\/www.groupesclavo.fr\\\/it\\\/?s={search_term_string}\"},\"query-input\":{\"@type\":\"PropertyValueSpecification\",\"valueRequired\":true,\"valueName\":\"search_term_string\"}}],\"inLanguage\":\"it-IT\"},{\"@type\":\"Organization\",\"@id\":\"https:\\\/\\\/www.groupesclavo.fr\\\/it\\\/#organization\",\"name\":\"Sclavo\",\"url\":\"https:\\\/\\\/www.groupesclavo.fr\\\/it\\\/\",\"logo\":{\"@type\":\"ImageObject\",\"inLanguage\":\"it-IT\",\"@id\":\"https:\\\/\\\/www.groupesclavo.fr\\\/it\\\/#\\\/schema\\\/logo\\\/image\\\/\",\"url\":\"https:\\\/\\\/www.groupesclavo.fr\\\/wp-content\\\/uploads\\\/2024\\\/11\\\/logo-1.svg\",\"contentUrl\":\"https:\\\/\\\/www.groupesclavo.fr\\\/wp-content\\\/uploads\\\/2024\\\/11\\\/logo-1.svg\",\"width\":191,\"height\":57,\"caption\":\"Sclavo\"},\"image\":{\"@id\":\"https:\\\/\\\/www.groupesclavo.fr\\\/it\\\/#\\\/schema\\\/logo\\\/image\\\/\"}}]}<\/script>\n<!-- \/ Yoast SEO plugin. -->","yoast_head_json":{"title":"Rottamatore a Nice (06000) | Compra il metallo al miglior prezzo","description":"Cerchi un rivenditore di rottami metallici a Nice? Sclavo Environnement serve tutta Nice per riacquistare i tuoi metalli. Rame, alluminio, acciaio inox, batterie. Soluzioni per professionisti e privati.","robots":{"index":"index","follow":"follow","max-snippet":"max-snippet:-1","max-image-preview":"max-image-preview:large","max-video-preview":"max-video-preview:-1"},"canonical":"https:\/\/www.groupesclavo.fr\/it\/ferrailleur-a-nice-ricicla-il-ferro-e-il-metallo-con-lesperto-di-riciclaggio-della-costa-azzurra\/","og_locale":"it_IT","og_type":"article","og_title":"Rottamatore a Nice (06000) | Compra il metallo al miglior prezzo","og_description":"Cerchi un rivenditore di rottami metallici a Nice? Sclavo Environnement serve tutta Nice per riacquistare i tuoi metalli. Rame, alluminio, acciaio inox, batterie. Soluzioni per professionisti e privati.","og_url":"https:\/\/www.groupesclavo.fr\/it\/ferrailleur-a-nice-ricicla-il-ferro-e-il-metallo-con-lesperto-di-riciclaggio-della-costa-azzurra\/","og_site_name":"Sclavo","article_modified_time":"2026-05-12T07:23:58+00:00","twitter_card":"summary_large_image","twitter_misc":{"Est. reading time":"2 minutes"},"schema":{"@context":"https:\/\/schema.org","@graph":[{"@type":"WebPage","@id":"https:\/\/www.groupesclavo.fr\/it\/ferrailleur-a-nice-ricicla-il-ferro-e-il-metallo-con-lesperto-di-riciclaggio-della-costa-azzurra\/","url":"https:\/\/www.groupesclavo.fr\/it\/ferrailleur-a-nice-ricicla-il-ferro-e-il-metallo-con-lesperto-di-riciclaggio-della-costa-azzurra\/","name":"Rottamatore a Nice (06000) | Compra il metallo al miglior prezzo","isPartOf":{"@id":"https:\/\/www.groupesclavo.fr\/it\/#website"},"datePublished":"2026-04-09T13:56:54+00:00","dateModified":"2026-05-12T07:23:58+00:00","description":"Cerchi un rivenditore di rottami metallici a Nice? Sclavo Environnement serve tutta Nice per riacquistare i tuoi metalli. Rame, alluminio, acciaio inox, batterie. Soluzioni per professionisti e privati.","breadcrumb":{"@id":"https:\/\/www.groupesclavo.fr\/it\/ferrailleur-a-nice-ricicla-il-ferro-e-il-metallo-con-lesperto-di-riciclaggio-della-costa-azzurra\/#breadcrumb"},"inLanguage":"it-IT","potentialAction":[{"@type":"ReadAction","target":["https:\/\/www.groupesclavo.fr\/it\/ferrailleur-a-nice-ricicla-il-ferro-e-il-metallo-con-lesperto-di-riciclaggio-della-costa-azzurra\/"]}]},{"@type":"BreadcrumbList","@id":"https:\/\/www.groupesclavo.fr\/it\/ferrailleur-a-nice-ricicla-il-ferro-e-il-metallo-con-lesperto-di-riciclaggio-della-costa-azzurra\/#breadcrumb","itemListElement":[{"@type":"ListItem","position":1,"name":"Accueil","item":"https:\/\/www.groupesclavo.fr\/it\/"},{"@type":"ListItem","position":2,"name":"Rottamatore a Nice: ricicla il ferro e il metallo con l&rsquo;esperto di riciclaggio della Costa Azzurra"}]},{"@type":"WebSite","@id":"https:\/\/www.groupesclavo.fr\/it\/#website","url":"https:\/\/www.groupesclavo.fr\/it\/","name":"Sclavo","description":"","publisher":{"@id":"https:\/\/www.groupesclavo.fr\/it\/#organization"},"potentialAction":[{"@type":"SearchAction","target":{"@type":"EntryPoint","urlTemplate":"https:\/\/www.groupesclavo.fr\/it\/?s={search_term_string}"},"query-input":{"@type":"PropertyValueSpecification","valueRequired":true,"valueName":"search_term_string"}}],"inLanguage":"it-IT"},{"@type":"Organization","@id":"https:\/\/www.groupesclavo.fr\/it\/#organization","name":"Sclavo","url":"https:\/\/www.groupesclavo.fr\/it\/","logo":{"@type":"ImageObject","inLanguage":"it-IT","@id":"https:\/\/www.groupesclavo.fr\/it\/#\/schema\/logo\/image\/","url":"https:\/\/www.groupesclavo.fr\/wp-content\/uploads\/2024\/11\/logo-1.svg","contentUrl":"https:\/\/www.groupesclavo.fr\/wp-content\/uploads\/2024\/11\/logo-1.svg","width":191,"height":57,"caption":"Sclavo"},"image":{"@id":"https:\/\/www.groupesclavo.fr\/it\/#\/schema\/logo\/image\/"}}]}},"_links":{"self":[{"href":"https:\/\/www.groupesclavo.fr\/it\/wp-json\/wp\/v2\/pages\/5625","targetHints":{"allow":["GET"]}}],"collection":[{"href":"https:\/\/www.groupesclavo.fr\/it\/wp-json\/wp\/v2\/pages"}],"about":[{"href":"https:\/\/www.groupesclavo.fr\/it\/wp-json\/wp\/v2\/types\/page"}],"author":[{"embeddable":true,"href":"https:\/\/www.groupesclavo.fr\/it\/wp-json\/wp\/v2\/users\/5"}],"replies":[{"embeddable":true,"href":"https:\/\/www.groupesclavo.fr\/it\/wp-json\/wp\/v2\/comments?post=5625"}],"version-history":[{"count":3,"href":"https:\/\/www.groupesclavo.fr\/it\/wp-json\/wp\/v2\/pages\/5625\/revisions"}],"predecessor-version":[{"id":6761,"href":"https:\/\/www.groupesclavo.fr\/it\/wp-json\/wp\/v2\/pages\/5625\/revisions\/6761"}],"wp:attachment":[{"href":"https:\/\/www.groupesclavo.fr\/it\/wp-json\/wp\/v2\/media?parent=5625"}],"curies":[{"name":"wp","href":"https:\/\/api.w.org\/{rel}","templated":true}]}}