{"id":5622,"date":"2026-04-02T13:21:03","date_gmt":"2026-04-02T11:21:03","guid":{"rendered":"https:\/\/www.groupesclavo.fr\/centro-di-raccolta-professionale-dei-rifiuti-a-drap-la-soluzione-locale-per-gli-artigiani-della-vallee-du-paillon\/"},"modified":"2026-05-05T09:52:22","modified_gmt":"2026-05-05T07:52:22","slug":"centro-di-raccolta-professionale-dei-rifiuti-a-drap-la-soluzione-locale-per-gli-artigiani-della-vallee-du-paillon","status":"publish","type":"page","link":"https:\/\/www.groupesclavo.fr\/it\/centro-di-raccolta-professionale-dei-rifiuti-a-drap-la-soluzione-locale-per-gli-artigiani-della-vallee-du-paillon\/","title":{"rendered":"Centro di raccolta professionale dei rifiuti a Drap: la soluzione locale per gli artigiani della Vall\u00e9e du Paillon"},"content":{"rendered":"<p>Situato a <strong>Pont de Peille, Route du Borgheas<\/strong>, lo Sclavo Eco-Relais di Drap \u00e8 il partner logistico preferito dai professionisti dell&#8217;edilizia e dell&#8217;ingegneria civile della zona est di Parigi. Per gli artigiani di La Trinit\u00e9, Cantaron o Peille, la gestione dei rifiuti di cantiere non deve pi\u00f9 essere un ostacolo alla produttivit\u00e0. Il nostro centro di Drap \u00e8 stato progettato per offrire la massima fluidit\u00e0, tariffe competitive e piena conformit\u00e0 normativa, consentendo alle imprese locali di riciclare i propri rifiuti in tutta tranquillit\u00e0.  <\/p>\n<p><strong> <\/strong><\/p>\n<h2><strong>  Una posizione chiave a Pont de Peille<\/strong><\/h2>\n<p>La Vall\u00e9e du Paillon \u00e8 un&#8217;area molto frequentata da camion e mezzi pesanti che salgono verso l&#8217;entroterra o scendono verso Nice.<\/p>\n<ul>\n<li><strong>Risparmia tempo:<\/strong> evita gli ingorghi di Nizza-Est o il viaggio verso Ariane. Consegnando i tuoi rifiuti a Drap, puoi ottimizzare i tuoi viaggi di andata e ritorno e ridurre i costi del carburante. <\/li>\n<li><strong>Accessibilit\u00e0:<\/strong> Il nostro sito sulla Route du Borgheas \u00e8 perfettamente dimensionato per ospitare mezzi pesanti, ribaltabili e furgoni di commercianti.<\/li>\n<li><strong>Orari di apertura flessibili:<\/strong> con orari di apertura a partire dalle <strong>7.30 del mattino<\/strong>, consentiamo ai team di svuotare i camion prima di iniziare la giornata di lavoro.<\/li>\n<\/ul>\n<p><strong> <\/strong><\/p>\n<h2><strong>  Quali sono i rifiuti accettati dal deposito Drap pro?<\/strong><\/h2>\n<p>Gestiamo un&#8217;ampia gamma di flussi, in linea con gli obblighi di smistamento a 7 flussi delle aziende:<\/p>\n<ol>\n<li><strong>Ghiaia inerte:<\/strong> Calcestruzzo, tegole, mattoni, blocchi di cemento e conci. Molto comune nei cantieri di ristrutturazione dei villaggi collinari (Peillon, Peille). <\/li>\n<li><strong>Rifiuti industriali non pericolosi:<\/strong> miscele di gesso non differenziato, materiali isolanti, plastica, cartone e metalli.<\/li>\n<li><strong>Legno (Classe A e B):<\/strong> Telai, pallet, tavole per casseforme e scarti di carpenteria.<\/li>\n<li><strong>Rifiuti verdi:<\/strong> potature e sfalci d&#8217;erba provenienti dai giardini della valle.<\/li>\n<li><strong>Rifiuti ingombranti:<\/strong> Mobili, archivi e qualsiasi altro rifiuto non pericoloso proveniente dai rigattieri.<\/li>\n<\/ol>\n<p><strong> <\/strong><\/p>\n<h2><strong>Tracciabilit\u00e0 e conformit\u00e0 alla legge AGEC<\/strong><\/h2>\n<p>Le discariche abusive sono una piaga nell&#8217;hinterland di Nizza. In quanto professionista, hai l&#8217;obbligo di dimostrare la destinazione finale dei tuoi rifiuti. <\/p>\n<ul>\n<li><strong>Schede di tracciamento:<\/strong> ogni scarico presso il Drap Eco-Relais d\u00e0 luogo a una scheda di pesatura e trattamento.<\/li>\n<li><strong>Trackd\u00e9chets:<\/strong> siamo integrati nelle piattaforme digitali per facilitare le tue dichiarazioni amministrative.<\/li>\n<li><strong>Conformit\u00e0 all&#8217;ICPE:<\/strong> il nostro sito \u00e8 una struttura classificata per la tutela dell&#8217;ambiente, che garantisce che i tuoi rifiuti vengano selezionati e riciclati secondo gli standard pi\u00f9 severi.<\/li>\n<\/ul>\n","protected":false},"excerpt":{"rendered":"<p>Situato a Pont de Peille, Route du Borgheas, lo Sclavo Eco-Relais di Drap \u00e8 il partner logistico preferito dai professionisti dell&#8217;edilizia e dell&#8217;ingegneria civile della zona est di Parigi. [&hellip;]<\/p>\n","protected":false},"author":5,"featured_media":0,"parent":0,"menu_order":92,"comment_status":"closed","ping_status":"closed","template":"","meta":{"inline_featured_image":false,"footnotes":""},"class_list":["post-5622","page","type-page","status-publish","hentry"],"yoast_head":"<!-- This site is optimized with the Yoast SEO plugin v27.6 - https:\/\/yoast.com\/product\/yoast-seo-wordpress\/ -->\n<title>Centro professionale di raccolta rifiuti a Drap (06) | Ghiaia e rifiuti da costruzione<\/title>\n<meta name=\"description\" content=\"Soluzione professionale per la raccolta dei rifiuti a Drap (Vall\u00e9e du Paillon). Lo Sclavo Eco-Relais \u00e8 aperto alle piccole e medie imprese per lo smaltimento di macerie, CIW e legno.\" \/>\n<meta name=\"robots\" content=\"index, follow, max-snippet:-1, max-image-preview:large, max-video-preview:-1\" \/>\n<link rel=\"canonical\" href=\"https:\/\/www.groupesclavo.fr\/it\/centro-di-raccolta-professionale-dei-rifiuti-a-drap-la-soluzione-locale-per-gli-artigiani-della-vallee-du-paillon\/\" \/>\n<meta property=\"og:locale\" content=\"it_IT\" \/>\n<meta property=\"og:type\" content=\"article\" \/>\n<meta property=\"og:title\" content=\"Centro professionale di raccolta rifiuti a Drap (06) | Ghiaia e rifiuti da costruzione\" \/>\n<meta property=\"og:description\" content=\"Soluzione professionale per la raccolta dei rifiuti a Drap (Vall\u00e9e du Paillon). Lo Sclavo Eco-Relais \u00e8 aperto alle piccole e medie imprese per lo smaltimento di macerie, CIW e legno.\" \/>\n<meta property=\"og:url\" content=\"https:\/\/www.groupesclavo.fr\/it\/centro-di-raccolta-professionale-dei-rifiuti-a-drap-la-soluzione-locale-per-gli-artigiani-della-vallee-du-paillon\/\" \/>\n<meta property=\"og:site_name\" content=\"Sclavo\" \/>\n<meta property=\"article:modified_time\" content=\"2026-05-05T07:52:22+00:00\" \/>\n<meta name=\"twitter:card\" content=\"summary_large_image\" \/>\n<meta name=\"twitter:label1\" content=\"Est. reading time\" \/>\n\t<meta name=\"twitter:data1\" content=\"2 minutes\" \/>\n<script type=\"application\/ld+json\" class=\"yoast-schema-graph\">{\"@context\":\"https:\\\/\\\/schema.org\",\"@graph\":[{\"@type\":\"WebPage\",\"@id\":\"https:\\\/\\\/www.groupesclavo.fr\\\/it\\\/centro-di-raccolta-professionale-dei-rifiuti-a-drap-la-soluzione-locale-per-gli-artigiani-della-vallee-du-paillon\\\/\",\"url\":\"https:\\\/\\\/www.groupesclavo.fr\\\/it\\\/centro-di-raccolta-professionale-dei-rifiuti-a-drap-la-soluzione-locale-per-gli-artigiani-della-vallee-du-paillon\\\/\",\"name\":\"Centro professionale di raccolta rifiuti a Drap (06) | Ghiaia e rifiuti da costruzione\",\"isPartOf\":{\"@id\":\"https:\\\/\\\/www.groupesclavo.fr\\\/it\\\/#website\"},\"datePublished\":\"2026-04-02T11:21:03+00:00\",\"dateModified\":\"2026-05-05T07:52:22+00:00\",\"description\":\"Soluzione professionale per la raccolta dei rifiuti a Drap (Vall\u00e9e du Paillon). Lo Sclavo Eco-Relais \u00e8 aperto alle piccole e medie imprese per lo smaltimento di macerie, CIW e legno.\",\"breadcrumb\":{\"@id\":\"https:\\\/\\\/www.groupesclavo.fr\\\/it\\\/centro-di-raccolta-professionale-dei-rifiuti-a-drap-la-soluzione-locale-per-gli-artigiani-della-vallee-du-paillon\\\/#breadcrumb\"},\"inLanguage\":\"it-IT\",\"potentialAction\":[{\"@type\":\"ReadAction\",\"target\":[\"https:\\\/\\\/www.groupesclavo.fr\\\/it\\\/centro-di-raccolta-professionale-dei-rifiuti-a-drap-la-soluzione-locale-per-gli-artigiani-della-vallee-du-paillon\\\/\"]}]},{\"@type\":\"BreadcrumbList\",\"@id\":\"https:\\\/\\\/www.groupesclavo.fr\\\/it\\\/centro-di-raccolta-professionale-dei-rifiuti-a-drap-la-soluzione-locale-per-gli-artigiani-della-vallee-du-paillon\\\/#breadcrumb\",\"itemListElement\":[{\"@type\":\"ListItem\",\"position\":1,\"name\":\"Accueil\",\"item\":\"https:\\\/\\\/www.groupesclavo.fr\\\/it\\\/\"},{\"@type\":\"ListItem\",\"position\":2,\"name\":\"Centro di raccolta professionale dei rifiuti a Drap: la soluzione locale per gli artigiani della Vall\u00e9e du Paillon\"}]},{\"@type\":\"WebSite\",\"@id\":\"https:\\\/\\\/www.groupesclavo.fr\\\/it\\\/#website\",\"url\":\"https:\\\/\\\/www.groupesclavo.fr\\\/it\\\/\",\"name\":\"Sclavo\",\"description\":\"\",\"publisher\":{\"@id\":\"https:\\\/\\\/www.groupesclavo.fr\\\/it\\\/#organization\"},\"potentialAction\":[{\"@type\":\"SearchAction\",\"target\":{\"@type\":\"EntryPoint\",\"urlTemplate\":\"https:\\\/\\\/www.groupesclavo.fr\\\/it\\\/?s={search_term_string}\"},\"query-input\":{\"@type\":\"PropertyValueSpecification\",\"valueRequired\":true,\"valueName\":\"search_term_string\"}}],\"inLanguage\":\"it-IT\"},{\"@type\":\"Organization\",\"@id\":\"https:\\\/\\\/www.groupesclavo.fr\\\/it\\\/#organization\",\"name\":\"Sclavo\",\"url\":\"https:\\\/\\\/www.groupesclavo.fr\\\/it\\\/\",\"logo\":{\"@type\":\"ImageObject\",\"inLanguage\":\"it-IT\",\"@id\":\"https:\\\/\\\/www.groupesclavo.fr\\\/it\\\/#\\\/schema\\\/logo\\\/image\\\/\",\"url\":\"https:\\\/\\\/www.groupesclavo.fr\\\/wp-content\\\/uploads\\\/2024\\\/11\\\/logo-1.svg\",\"contentUrl\":\"https:\\\/\\\/www.groupesclavo.fr\\\/wp-content\\\/uploads\\\/2024\\\/11\\\/logo-1.svg\",\"width\":191,\"height\":57,\"caption\":\"Sclavo\"},\"image\":{\"@id\":\"https:\\\/\\\/www.groupesclavo.fr\\\/it\\\/#\\\/schema\\\/logo\\\/image\\\/\"}}]}<\/script>\n<!-- \/ Yoast SEO plugin. -->","yoast_head_json":{"title":"Centro professionale di raccolta rifiuti a Drap (06) | Ghiaia e rifiuti da costruzione","description":"Soluzione professionale per la raccolta dei rifiuti a Drap (Vall\u00e9e du Paillon). Lo Sclavo Eco-Relais \u00e8 aperto alle piccole e medie imprese per lo smaltimento di macerie, CIW e legno.","robots":{"index":"index","follow":"follow","max-snippet":"max-snippet:-1","max-image-preview":"max-image-preview:large","max-video-preview":"max-video-preview:-1"},"canonical":"https:\/\/www.groupesclavo.fr\/it\/centro-di-raccolta-professionale-dei-rifiuti-a-drap-la-soluzione-locale-per-gli-artigiani-della-vallee-du-paillon\/","og_locale":"it_IT","og_type":"article","og_title":"Centro professionale di raccolta rifiuti a Drap (06) | Ghiaia e rifiuti da costruzione","og_description":"Soluzione professionale per la raccolta dei rifiuti a Drap (Vall\u00e9e du Paillon). Lo Sclavo Eco-Relais \u00e8 aperto alle piccole e medie imprese per lo smaltimento di macerie, CIW e legno.","og_url":"https:\/\/www.groupesclavo.fr\/it\/centro-di-raccolta-professionale-dei-rifiuti-a-drap-la-soluzione-locale-per-gli-artigiani-della-vallee-du-paillon\/","og_site_name":"Sclavo","article_modified_time":"2026-05-05T07:52:22+00:00","twitter_card":"summary_large_image","twitter_misc":{"Est. reading time":"2 minutes"},"schema":{"@context":"https:\/\/schema.org","@graph":[{"@type":"WebPage","@id":"https:\/\/www.groupesclavo.fr\/it\/centro-di-raccolta-professionale-dei-rifiuti-a-drap-la-soluzione-locale-per-gli-artigiani-della-vallee-du-paillon\/","url":"https:\/\/www.groupesclavo.fr\/it\/centro-di-raccolta-professionale-dei-rifiuti-a-drap-la-soluzione-locale-per-gli-artigiani-della-vallee-du-paillon\/","name":"Centro professionale di raccolta rifiuti a Drap (06) | Ghiaia e rifiuti da costruzione","isPartOf":{"@id":"https:\/\/www.groupesclavo.fr\/it\/#website"},"datePublished":"2026-04-02T11:21:03+00:00","dateModified":"2026-05-05T07:52:22+00:00","description":"Soluzione professionale per la raccolta dei rifiuti a Drap (Vall\u00e9e du Paillon). Lo Sclavo Eco-Relais \u00e8 aperto alle piccole e medie imprese per lo smaltimento di macerie, CIW e legno.","breadcrumb":{"@id":"https:\/\/www.groupesclavo.fr\/it\/centro-di-raccolta-professionale-dei-rifiuti-a-drap-la-soluzione-locale-per-gli-artigiani-della-vallee-du-paillon\/#breadcrumb"},"inLanguage":"it-IT","potentialAction":[{"@type":"ReadAction","target":["https:\/\/www.groupesclavo.fr\/it\/centro-di-raccolta-professionale-dei-rifiuti-a-drap-la-soluzione-locale-per-gli-artigiani-della-vallee-du-paillon\/"]}]},{"@type":"BreadcrumbList","@id":"https:\/\/www.groupesclavo.fr\/it\/centro-di-raccolta-professionale-dei-rifiuti-a-drap-la-soluzione-locale-per-gli-artigiani-della-vallee-du-paillon\/#breadcrumb","itemListElement":[{"@type":"ListItem","position":1,"name":"Accueil","item":"https:\/\/www.groupesclavo.fr\/it\/"},{"@type":"ListItem","position":2,"name":"Centro di raccolta professionale dei rifiuti a Drap: la soluzione locale per gli artigiani della Vall\u00e9e du Paillon"}]},{"@type":"WebSite","@id":"https:\/\/www.groupesclavo.fr\/it\/#website","url":"https:\/\/www.groupesclavo.fr\/it\/","name":"Sclavo","description":"","publisher":{"@id":"https:\/\/www.groupesclavo.fr\/it\/#organization"},"potentialAction":[{"@type":"SearchAction","target":{"@type":"EntryPoint","urlTemplate":"https:\/\/www.groupesclavo.fr\/it\/?s={search_term_string}"},"query-input":{"@type":"PropertyValueSpecification","valueRequired":true,"valueName":"search_term_string"}}],"inLanguage":"it-IT"},{"@type":"Organization","@id":"https:\/\/www.groupesclavo.fr\/it\/#organization","name":"Sclavo","url":"https:\/\/www.groupesclavo.fr\/it\/","logo":{"@type":"ImageObject","inLanguage":"it-IT","@id":"https:\/\/www.groupesclavo.fr\/it\/#\/schema\/logo\/image\/","url":"https:\/\/www.groupesclavo.fr\/wp-content\/uploads\/2024\/11\/logo-1.svg","contentUrl":"https:\/\/www.groupesclavo.fr\/wp-content\/uploads\/2024\/11\/logo-1.svg","width":191,"height":57,"caption":"Sclavo"},"image":{"@id":"https:\/\/www.groupesclavo.fr\/it\/#\/schema\/logo\/image\/"}}]}},"_links":{"self":[{"href":"https:\/\/www.groupesclavo.fr\/it\/wp-json\/wp\/v2\/pages\/5622","targetHints":{"allow":["GET"]}}],"collection":[{"href":"https:\/\/www.groupesclavo.fr\/it\/wp-json\/wp\/v2\/pages"}],"about":[{"href":"https:\/\/www.groupesclavo.fr\/it\/wp-json\/wp\/v2\/types\/page"}],"author":[{"embeddable":true,"href":"https:\/\/www.groupesclavo.fr\/it\/wp-json\/wp\/v2\/users\/5"}],"replies":[{"embeddable":true,"href":"https:\/\/www.groupesclavo.fr\/it\/wp-json\/wp\/v2\/comments?post=5622"}],"version-history":[{"count":2,"href":"https:\/\/www.groupesclavo.fr\/it\/wp-json\/wp\/v2\/pages\/5622\/revisions"}],"predecessor-version":[{"id":5856,"href":"https:\/\/www.groupesclavo.fr\/it\/wp-json\/wp\/v2\/pages\/5622\/revisions\/5856"}],"wp:attachment":[{"href":"https:\/\/www.groupesclavo.fr\/it\/wp-json\/wp\/v2\/media?parent=5622"}],"curies":[{"name":"wp","href":"https:\/\/api.w.org\/{rel}","templated":true}]}}