{"id":5569,"date":"2026-02-19T11:38:04","date_gmt":"2026-02-19T10:38:04","guid":{"rendered":"https:\/\/www.groupesclavo.fr\/gestione-dei-rifiuti-industriali-non-pericolosi-hhw-in-carros-prestazioni-e-conformita-per-le-aziende-della-plaine-du-var\/"},"modified":"2026-05-04T16:49:00","modified_gmt":"2026-05-04T14:49:00","slug":"gestione-dei-rifiuti-industriali-non-pericolosi-hhw-in-carros-prestazioni-e-conformita-per-le-aziende-della-plaine-du-var","status":"publish","type":"page","link":"https:\/\/www.groupesclavo.fr\/it\/gestione-dei-rifiuti-industriali-non-pericolosi-hhw-in-carros-prestazioni-e-conformita-per-le-aziende-della-plaine-du-var\/","title":{"rendered":"Gestione dei rifiuti industriali non pericolosi (HHW) in Carros: prestazioni e conformit\u00e0 per le aziende della Plaine du Var"},"content":{"rendered":"<p>La Zone Industrielle de Carros \u00e8 il principale centro industriale delle Alpes-Maritimes, con un&#8217;ampia gamma di settori che includono la lavorazione degli alimenti, i prodotti chimici, la logistica, l&#8217;edilizia e i lavori pubblici. Ogni attivit\u00e0 genera <strong>rifiuti industriali non pericolosi<\/strong>, ma il volume e la diversit\u00e0 di questi rifiuti richiedono una gestione professionale. Lo Sclavo Eco-Relais di Carros offre ai direttori delle aziende e ai responsabili della logistica soluzioni chiavi in mano per trasformare la gestione dei rifiuti in una leva per la performance della CSR.  <\/p>\n<p><strong> <\/strong><\/p>\n<h2><strong>  Che cos&#8217;\u00e8 il CIW e perch\u00e9 \u00e8 stato scelto da Carros?<\/strong><\/h2>\n<p>CIW comprende tutti i rifiuti che non sono inerti, pericolosi o domestici. Sono compresi : <\/p>\n<ul>\n<li><strong>Imballaggio:<\/strong> cartone, film plastico, pallet di legno.<\/li>\n<li><strong>Rifiuti di produzione:<\/strong> plastica, tessuti, materiali misti.<\/li>\n<li><strong>Rifiuti da ufficio:<\/strong> carta, archivi, materiali di consumo.<\/li>\n<\/ul>\n<p>A partire dal decreto &#8220;5 flussi&#8221; (esteso a 7 e presto a 9 flussi), le aziende Carros sono obbligate a differenziare questi rifiuti alla fonte. La raccolta differenziata non \u00e8 pi\u00f9 solo una questione di etica, ma un obbligo di legge che, se eseguito correttamente, pu\u00f2 ridurre notevolmente i costi di trattamento. <\/p>\n<p><strong> <\/strong><\/p>\n<h2><strong>  Audit e diagnosi: il metodo Sclavo per le industrie del settore 06<\/strong><\/h2>\n<p>Noi di Eco-Relais Sclavo non ci limitiamo a montare i cassonetti. Aiutiamo le aziende di Carros a ottimizzare i loro flussi di rifiuti: <\/p>\n<ol>\n<li><strong>Caratterizzazione dei rifiuti:<\/strong> Analisi della composizione dei tuoi attuali cassonetti.<\/li>\n<li><strong>Installazione di contenitori adeguati:<\/strong> bidoni da 660L, cassonetti da 15m\u00b3 a 30m\u00b3 o compattatori per cartone e plastica per ridurre i giri di trasporto.<\/li>\n<li><strong>Segnaletica e formazione:<\/strong> assistenza al personale per garantire il rispetto della differenziazione all&#8217;interno dello stabilimento.<\/li>\n<\/ol>\n<p><strong> <\/strong><\/p>\n<h2><strong>Recupero di energia vs. recupero di materiali<\/strong><\/h2>\n<p>Alla Carros, il nostro obiettivo \u00e8 quello di stabilire una gerarchia di metodi di trattamento:<\/p>\n<ul>\n<li><strong>Priorit\u00e0 ai materiali: il<\/strong> cartone diventa pasta di carta, la plastica viene trasformata in granuli.<\/li>\n<li><strong>Combustibile solido recuperato (SRF):<\/strong> I rifiuti differenziati che non possono essere riciclati vengono trasformati in combustibile per cementifici o centrali termiche, sostituendo cos\u00ec i combustibili fossili.<\/li>\n<\/ul>\n<p><strong> <\/strong><\/p>\n<h2><strong>  Tracciabilit\u00e0 e reporting: il tuo bilancio ambientale<\/strong><\/h2>\n<p>Per le aziende della Plaine du Var impegnate nella certificazione ISO 14001 o in iniziative di CSR, la tracciabilit\u00e0 \u00e8 fondamentale. Sclavo Carros pu\u00f2 fornirti : <\/p>\n<ul>\n<li><strong>Rapporti di pesatura mensili:<\/strong> monitoraggio preciso delle tonnellate per flusso.<\/li>\n<li><strong>Certificati di recupero:<\/strong> prova ufficiale che i tuoi rifiuti sono stati trattati.<\/li>\n<li><strong>Accesso ai Trackd\u00e9chets:<\/strong> gestione dematerializzata per una trasparenza totale.<\/li>\n<\/ul>\n<p><strong> <\/strong><\/p>\n<h2><strong>  Perch\u00e9 Carros Eco-Relais \u00e8 il tuo primo punto di riferimento?<\/strong><\/h2>\n<p>Situato al <strong>362 della 12esima strada<\/strong>, il nostro centro beneficia dell&#8217;immediata vicinanza geografica alle fabbriche della zona. Questa vicinanza rende possibile: <\/p>\n<ul>\n<li><strong>Reattivit\u00e0 dei record:<\/strong> ritiro dei salti entro 24-48 ore.<\/li>\n<li><strong>Riduzione dell&#8217;impronta di carbonio:<\/strong> meno chilometri percorsi dai rifiuti.<\/li>\n<li><strong>Orari flessibili:<\/strong> i tuoi vettori personali ti accolgono dal luned\u00ec al venerd\u00ec, <strong>dalle 08:00 alle 18:00.<\/strong><\/li>\n<\/ul>\n<p>Affidando la gestione del tuo CIW al Gruppo Sclavo di Carros, potrai essere certo di essere totalmente tranquillo quando si tratta di rispettare le normative, promuovendo al contempo l&#8217;immagine eco-responsabile della tua azienda nelle Alpes-Maritimes.<\/p>\n","protected":false},"excerpt":{"rendered":"<p>La Zone Industrielle de Carros \u00e8 il principale centro industriale delle Alpes-Maritimes, con un&#8217;ampia gamma di settori che includono la lavorazione degli alimenti, i prodotti chimici, la logistica, l&#8217;edilizia [&hellip;]<\/p>\n","protected":false},"author":5,"featured_media":0,"parent":0,"menu_order":128,"comment_status":"closed","ping_status":"closed","template":"","meta":{"inline_featured_image":false,"footnotes":""},"class_list":["post-5569","page","type-page","status-publish","hentry"],"yoast_head":"<!-- This site is optimized with the Yoast SEO plugin v27.6 - https:\/\/yoast.com\/product\/yoast-seo-wordpress\/ -->\n<title>Gestione dei rifiuti industriali in Carros | Solutions PME<\/title>\n<meta name=\"description\" content=\"Ottimizza la gestione dei tuoi rifiuti industriali non pericolosi a Carros. Sclavo offre soluzioni di raccolta, selezione e recupero.\" \/>\n<meta name=\"robots\" content=\"index, follow, max-snippet:-1, max-image-preview:large, max-video-preview:-1\" \/>\n<link rel=\"canonical\" href=\"https:\/\/www.groupesclavo.fr\/it\/gestione-dei-rifiuti-industriali-non-pericolosi-hhw-in-carros-prestazioni-e-conformita-per-le-aziende-della-plaine-du-var\/\" \/>\n<meta property=\"og:locale\" content=\"it_IT\" \/>\n<meta property=\"og:type\" content=\"article\" \/>\n<meta property=\"og:title\" content=\"Gestione dei rifiuti industriali in Carros | Solutions PME\" \/>\n<meta property=\"og:description\" content=\"Ottimizza la gestione dei tuoi rifiuti industriali non pericolosi a Carros. Sclavo offre soluzioni di raccolta, selezione e recupero.\" \/>\n<meta property=\"og:url\" content=\"https:\/\/www.groupesclavo.fr\/it\/gestione-dei-rifiuti-industriali-non-pericolosi-hhw-in-carros-prestazioni-e-conformita-per-le-aziende-della-plaine-du-var\/\" \/>\n<meta property=\"og:site_name\" content=\"Sclavo\" \/>\n<meta property=\"article:modified_time\" content=\"2026-05-04T14:49:00+00:00\" \/>\n<meta name=\"twitter:card\" content=\"summary_large_image\" \/>\n<meta name=\"twitter:label1\" content=\"Est. reading time\" \/>\n\t<meta name=\"twitter:data1\" content=\"2 minutes\" \/>\n<script type=\"application\/ld+json\" class=\"yoast-schema-graph\">{\"@context\":\"https:\\\/\\\/schema.org\",\"@graph\":[{\"@type\":\"WebPage\",\"@id\":\"https:\\\/\\\/www.groupesclavo.fr\\\/it\\\/gestione-dei-rifiuti-industriali-non-pericolosi-hhw-in-carros-prestazioni-e-conformita-per-le-aziende-della-plaine-du-var\\\/\",\"url\":\"https:\\\/\\\/www.groupesclavo.fr\\\/it\\\/gestione-dei-rifiuti-industriali-non-pericolosi-hhw-in-carros-prestazioni-e-conformita-per-le-aziende-della-plaine-du-var\\\/\",\"name\":\"Gestione dei rifiuti industriali in Carros | Solutions PME\",\"isPartOf\":{\"@id\":\"https:\\\/\\\/www.groupesclavo.fr\\\/it\\\/#website\"},\"datePublished\":\"2026-02-19T10:38:04+00:00\",\"dateModified\":\"2026-05-04T14:49:00+00:00\",\"description\":\"Ottimizza la gestione dei tuoi rifiuti industriali non pericolosi a Carros. Sclavo offre soluzioni di raccolta, selezione e recupero.\",\"breadcrumb\":{\"@id\":\"https:\\\/\\\/www.groupesclavo.fr\\\/it\\\/gestione-dei-rifiuti-industriali-non-pericolosi-hhw-in-carros-prestazioni-e-conformita-per-le-aziende-della-plaine-du-var\\\/#breadcrumb\"},\"inLanguage\":\"it-IT\",\"potentialAction\":[{\"@type\":\"ReadAction\",\"target\":[\"https:\\\/\\\/www.groupesclavo.fr\\\/it\\\/gestione-dei-rifiuti-industriali-non-pericolosi-hhw-in-carros-prestazioni-e-conformita-per-le-aziende-della-plaine-du-var\\\/\"]}]},{\"@type\":\"BreadcrumbList\",\"@id\":\"https:\\\/\\\/www.groupesclavo.fr\\\/it\\\/gestione-dei-rifiuti-industriali-non-pericolosi-hhw-in-carros-prestazioni-e-conformita-per-le-aziende-della-plaine-du-var\\\/#breadcrumb\",\"itemListElement\":[{\"@type\":\"ListItem\",\"position\":1,\"name\":\"Accueil\",\"item\":\"https:\\\/\\\/www.groupesclavo.fr\\\/it\\\/\"},{\"@type\":\"ListItem\",\"position\":2,\"name\":\"Gestione dei rifiuti industriali non pericolosi (HHW) in Carros: prestazioni e conformit\u00e0 per le aziende della Plaine du Var\"}]},{\"@type\":\"WebSite\",\"@id\":\"https:\\\/\\\/www.groupesclavo.fr\\\/it\\\/#website\",\"url\":\"https:\\\/\\\/www.groupesclavo.fr\\\/it\\\/\",\"name\":\"Sclavo\",\"description\":\"\",\"publisher\":{\"@id\":\"https:\\\/\\\/www.groupesclavo.fr\\\/it\\\/#organization\"},\"potentialAction\":[{\"@type\":\"SearchAction\",\"target\":{\"@type\":\"EntryPoint\",\"urlTemplate\":\"https:\\\/\\\/www.groupesclavo.fr\\\/it\\\/?s={search_term_string}\"},\"query-input\":{\"@type\":\"PropertyValueSpecification\",\"valueRequired\":true,\"valueName\":\"search_term_string\"}}],\"inLanguage\":\"it-IT\"},{\"@type\":\"Organization\",\"@id\":\"https:\\\/\\\/www.groupesclavo.fr\\\/it\\\/#organization\",\"name\":\"Sclavo\",\"url\":\"https:\\\/\\\/www.groupesclavo.fr\\\/it\\\/\",\"logo\":{\"@type\":\"ImageObject\",\"inLanguage\":\"it-IT\",\"@id\":\"https:\\\/\\\/www.groupesclavo.fr\\\/it\\\/#\\\/schema\\\/logo\\\/image\\\/\",\"url\":\"https:\\\/\\\/www.groupesclavo.fr\\\/wp-content\\\/uploads\\\/2024\\\/11\\\/logo-1.svg\",\"contentUrl\":\"https:\\\/\\\/www.groupesclavo.fr\\\/wp-content\\\/uploads\\\/2024\\\/11\\\/logo-1.svg\",\"width\":191,\"height\":57,\"caption\":\"Sclavo\"},\"image\":{\"@id\":\"https:\\\/\\\/www.groupesclavo.fr\\\/it\\\/#\\\/schema\\\/logo\\\/image\\\/\"}}]}<\/script>\n<!-- \/ Yoast SEO plugin. -->","yoast_head_json":{"title":"Gestione dei rifiuti industriali in Carros | Solutions PME","description":"Ottimizza la gestione dei tuoi rifiuti industriali non pericolosi a Carros. Sclavo offre soluzioni di raccolta, selezione e recupero.","robots":{"index":"index","follow":"follow","max-snippet":"max-snippet:-1","max-image-preview":"max-image-preview:large","max-video-preview":"max-video-preview:-1"},"canonical":"https:\/\/www.groupesclavo.fr\/it\/gestione-dei-rifiuti-industriali-non-pericolosi-hhw-in-carros-prestazioni-e-conformita-per-le-aziende-della-plaine-du-var\/","og_locale":"it_IT","og_type":"article","og_title":"Gestione dei rifiuti industriali in Carros | Solutions PME","og_description":"Ottimizza la gestione dei tuoi rifiuti industriali non pericolosi a Carros. Sclavo offre soluzioni di raccolta, selezione e recupero.","og_url":"https:\/\/www.groupesclavo.fr\/it\/gestione-dei-rifiuti-industriali-non-pericolosi-hhw-in-carros-prestazioni-e-conformita-per-le-aziende-della-plaine-du-var\/","og_site_name":"Sclavo","article_modified_time":"2026-05-04T14:49:00+00:00","twitter_card":"summary_large_image","twitter_misc":{"Est. reading time":"2 minutes"},"schema":{"@context":"https:\/\/schema.org","@graph":[{"@type":"WebPage","@id":"https:\/\/www.groupesclavo.fr\/it\/gestione-dei-rifiuti-industriali-non-pericolosi-hhw-in-carros-prestazioni-e-conformita-per-le-aziende-della-plaine-du-var\/","url":"https:\/\/www.groupesclavo.fr\/it\/gestione-dei-rifiuti-industriali-non-pericolosi-hhw-in-carros-prestazioni-e-conformita-per-le-aziende-della-plaine-du-var\/","name":"Gestione dei rifiuti industriali in Carros | Solutions PME","isPartOf":{"@id":"https:\/\/www.groupesclavo.fr\/it\/#website"},"datePublished":"2026-02-19T10:38:04+00:00","dateModified":"2026-05-04T14:49:00+00:00","description":"Ottimizza la gestione dei tuoi rifiuti industriali non pericolosi a Carros. Sclavo offre soluzioni di raccolta, selezione e recupero.","breadcrumb":{"@id":"https:\/\/www.groupesclavo.fr\/it\/gestione-dei-rifiuti-industriali-non-pericolosi-hhw-in-carros-prestazioni-e-conformita-per-le-aziende-della-plaine-du-var\/#breadcrumb"},"inLanguage":"it-IT","potentialAction":[{"@type":"ReadAction","target":["https:\/\/www.groupesclavo.fr\/it\/gestione-dei-rifiuti-industriali-non-pericolosi-hhw-in-carros-prestazioni-e-conformita-per-le-aziende-della-plaine-du-var\/"]}]},{"@type":"BreadcrumbList","@id":"https:\/\/www.groupesclavo.fr\/it\/gestione-dei-rifiuti-industriali-non-pericolosi-hhw-in-carros-prestazioni-e-conformita-per-le-aziende-della-plaine-du-var\/#breadcrumb","itemListElement":[{"@type":"ListItem","position":1,"name":"Accueil","item":"https:\/\/www.groupesclavo.fr\/it\/"},{"@type":"ListItem","position":2,"name":"Gestione dei rifiuti industriali non pericolosi (HHW) in Carros: prestazioni e conformit\u00e0 per le aziende della Plaine du Var"}]},{"@type":"WebSite","@id":"https:\/\/www.groupesclavo.fr\/it\/#website","url":"https:\/\/www.groupesclavo.fr\/it\/","name":"Sclavo","description":"","publisher":{"@id":"https:\/\/www.groupesclavo.fr\/it\/#organization"},"potentialAction":[{"@type":"SearchAction","target":{"@type":"EntryPoint","urlTemplate":"https:\/\/www.groupesclavo.fr\/it\/?s={search_term_string}"},"query-input":{"@type":"PropertyValueSpecification","valueRequired":true,"valueName":"search_term_string"}}],"inLanguage":"it-IT"},{"@type":"Organization","@id":"https:\/\/www.groupesclavo.fr\/it\/#organization","name":"Sclavo","url":"https:\/\/www.groupesclavo.fr\/it\/","logo":{"@type":"ImageObject","inLanguage":"it-IT","@id":"https:\/\/www.groupesclavo.fr\/it\/#\/schema\/logo\/image\/","url":"https:\/\/www.groupesclavo.fr\/wp-content\/uploads\/2024\/11\/logo-1.svg","contentUrl":"https:\/\/www.groupesclavo.fr\/wp-content\/uploads\/2024\/11\/logo-1.svg","width":191,"height":57,"caption":"Sclavo"},"image":{"@id":"https:\/\/www.groupesclavo.fr\/it\/#\/schema\/logo\/image\/"}}]}},"_links":{"self":[{"href":"https:\/\/www.groupesclavo.fr\/it\/wp-json\/wp\/v2\/pages\/5569","targetHints":{"allow":["GET"]}}],"collection":[{"href":"https:\/\/www.groupesclavo.fr\/it\/wp-json\/wp\/v2\/pages"}],"about":[{"href":"https:\/\/www.groupesclavo.fr\/it\/wp-json\/wp\/v2\/types\/page"}],"author":[{"embeddable":true,"href":"https:\/\/www.groupesclavo.fr\/it\/wp-json\/wp\/v2\/users\/5"}],"replies":[{"embeddable":true,"href":"https:\/\/www.groupesclavo.fr\/it\/wp-json\/wp\/v2\/comments?post=5569"}],"version-history":[{"count":2,"href":"https:\/\/www.groupesclavo.fr\/it\/wp-json\/wp\/v2\/pages\/5569\/revisions"}],"predecessor-version":[{"id":5841,"href":"https:\/\/www.groupesclavo.fr\/it\/wp-json\/wp\/v2\/pages\/5569\/revisions\/5841"}],"wp:attachment":[{"href":"https:\/\/www.groupesclavo.fr\/it\/wp-json\/wp\/v2\/media?parent=5569"}],"curies":[{"name":"wp","href":"https:\/\/api.w.org\/{rel}","templated":true}]}}