{"id":5557,"date":"2026-02-05T14:35:37","date_gmt":"2026-02-05T13:35:37","guid":{"rendered":"https:\/\/www.groupesclavo.fr\/riciclaggio-per-garage-e-officine-meccaniche-in-carros-una-guida-completa-al-riciclaggio-dei-rottami-metallici-di-autoveicoli\/"},"modified":"2026-05-04T16:48:55","modified_gmt":"2026-05-04T14:48:55","slug":"riciclaggio-per-garage-e-officine-meccaniche-in-carros-una-guida-completa-al-riciclaggio-dei-rottami-metallici-di-autoveicoli","status":"publish","type":"page","link":"https:\/\/www.groupesclavo.fr\/it\/riciclaggio-per-garage-e-officine-meccaniche-in-carros-una-guida-completa-al-riciclaggio-dei-rottami-metallici-di-autoveicoli\/","title":{"rendered":"Riciclaggio per garage e officine meccaniche in Carros: una guida completa al riciclaggio dei rottami metallici di autoveicoli"},"content":{"rendered":"<p>La Zone Industrielle de Carros \u00e8 uno dei principali centri di manutenzione e trasporto automobilistico delle Alpes-Maritimes. Ogni giorno, decine di officine generano flussi complessi di rifiuti: metalli ferrosi pesanti, leghe di alluminio, componenti elettrici e rifiuti pericolosi. Per il gestore di un&#8217;officina, la gestione di questi rifiuti \u00e8 spesso considerata un peso. Tuttavia, presso lo Sclavo Eco-Relais al <strong>362 &#8211; 12\u00b0 Strada<\/strong>, trasformiamo questi rifiuti in una fonte di guadagno grazie a un programma di riacquisto e riciclaggio ultra-specifico.   <\/p>\n<p><strong> <\/strong><\/p>\n<h2><strong>  Inventario dei metalli recuperabili in un&#8217;officina meccanica<\/strong><\/h2>\n<p>Un veicolo a fine vita o un pezzo sostituito durante la manutenzione sono una miniera di risorse. Noi di Carros abbiamo segmentato i nostri processi per offrire il miglior prezzo di riacquisto in base alla natura dei componenti: <\/p>\n<ul>\n<li><strong>Ghisa e acciaio (ferri pesanti):<\/strong> Dischi dei freni, tamburi, volani e sospensioni. Questi componenti sono densi e pesanti. Accumulandoli, \u00e8 possibile raggiungere rapidamente tonnellate interessanti per un valore economico significativo.  <\/li>\n<li><strong>Alluminio fuso (basamento):<\/strong> Blocchi motore, testate e cambi. Si tratta di leghe di alluminio ricche che sono molto richieste dall&#8217;industria automobilistica per la produzione di nuovi pezzi.   <em>Nota: questi componenti devono essere prima svuotati dei loro liquidi (oli, refrigeranti).<\/em><\/li>\n<li><strong>Cerchi in lega:<\/strong> uno dei prodotti pi\u00f9 redditizi per un&#8217;officina. I cerchi in alluminio vengono riacquistati ad un prezzo elevato, a patto che siano stati rimossi gli pneumatici, i pesi di bilanciamento e le valvole. <\/li>\n<li><strong>Radiatori e cablaggi: i<\/strong> radiatori di raffreddamento (spesso un misto di alluminio e plastica, o rame\/ottone per i modelli pi\u00f9 vecchi) e i cablaggi (rame) sono metalli non ferrosi ad alto valore aggiunto.<\/li>\n<\/ul>\n<p><strong> <\/strong><\/p>\n<h2><strong>  Focus sulle batterie al piombo-acido: rifiuti pericolosi remunerati<\/strong><\/h2>\n<p>Le batterie sono un caso particolare. Classificate come rifiuti pericolosi (codice 16 06 01*), non possono essere trasportate o stoccate in alcun modo. Al Carros Eco-Relais siamo autorizzati a ricevere queste batterie. Il piombo che contengono viene riacquistato a prezzi correnti. Per un&#8217;officina, questo significa una doppia soddisfazione: piena conformit\u00e0 con il Bordereau de Suivi de D\u00e9chets (BSD) e un&#8217;entrata finanziaria immediata.    <\/p>\n<p><strong> <\/strong><\/p>\n<h2><strong>Regolamenti e tracciabilit\u00e0: cosa devono sapere i proprietari di garage<\/strong><\/h2>\n<p>Dall&#8217;introduzione della piattaforma <strong>Trackd\u00e9chets<\/strong>, le officine della Plaine du Var sono soggette a una rigorosa tracciabilit\u00e0 digitale.<\/p>\n<ul>\n<li><strong>Il registro dei rifiuti:<\/strong> ogni rifiuto prodotto dalla tua officina deve essere registrato. Sclavo Eco-Relais ti fornir\u00e0 la prova della pesatura e della destinazione finale. <\/li>\n<li><strong>Responsabilit\u00e0 estesa del produttore (EPR):<\/strong> in qualit\u00e0 di produttore di rifiuti, rimani responsabile della loro sorte fino al loro definitivo smaltimento o recupero. Scegliendo un centro certificato ICPE come quello di Sclavo a Carros, trasferisci questa responsabilit\u00e0 a un esperto riconosciuto. <\/li>\n<\/ul>\n<p><strong> <\/strong><\/p>\n<h2><strong>  Soluzioni logistiche : Ribaltamenti di garage a Carros<\/strong><\/h2>\n<p>Per le officine ad alto volume o per le flotte di manutenzione degli autotrasportatori, recarsi regolarmente al nostro centro pu\u00f2 richiedere molto tempo. Ecco perch\u00e9 il Gruppo Sclavo <strong>noleggia i cassoni<\/strong> da 7 a 15 m\u00b3 di <strong>Carros<\/strong>, progettati appositamente per lo stoccaggio di rottami metallici e metalli pesanti. <\/p>\n<ul>\n<li><strong>Vantaggi:<\/strong> risparmio di spazio in officina, ambiente di lavoro sicuro per i meccanici e orari di ritiro adatti ai tuoi ritmi di attivit\u00e0.<\/li>\n<li><strong>Processo:<\/strong> noi installiamo il cassone, tu lo riempi con i tuoi dischi, motori e rottami metallici e noi procediamo allo scambio con una semplice telefonata. Il contenuto viene poi pesato sulla nostra pesa sulla 12th Street e accreditato sul tuo conto cliente. <\/li>\n<\/ul>\n<p><strong> <\/strong><\/p>\n<h2><strong>  Perch\u00e9 scegliere Sclavo Carros per il tuo garage?<\/strong><\/h2>\n<p>La nostra esperienza non si ferma alla pesatura. Consigliamo ai proprietari di autofficine il modo migliore per selezionare i rottami (ad esempio, separando i metalli ferrosi da quelli non ferrosi) per massimizzare i profitti. Il nostro centro \u00e8 aperto <strong>dal luned\u00ec al venerd\u00ec (dalle 8 alle 18) e il sabato mattina (dalle 8 alle 12<\/strong> ) per adattarsi agli orari di apertura delle concessionarie e delle officine indipendenti.  <\/p>\n<p>Affidando i tuoi rifiuti meccanici al Gruppo Sclavo, trasformi i tuoi centri di costo in centri di profitto, garantendo ai tuoi clienti che il tuo stabilimento fa parte di un approccio esemplare di sviluppo sostenibile nel cuore della Zona Industriale di Carros.<\/p>\n","protected":false},"excerpt":{"rendered":"<p>La Zone Industrielle de Carros \u00e8 uno dei principali centri di manutenzione e trasporto automobilistico delle Alpes-Maritimes. Ogni giorno, decine di officine generano flussi complessi di rifiuti: metalli ferrosi [&hellip;]<\/p>\n","protected":false},"author":5,"featured_media":0,"parent":0,"menu_order":156,"comment_status":"closed","ping_status":"closed","template":"","meta":{"inline_featured_image":false,"footnotes":""},"class_list":["post-5557","page","type-page","status-publish","hentry"],"yoast_head":"<!-- This site is optimized with the Yoast SEO plugin v27.6 - https:\/\/yoast.com\/product\/yoast-seo-wordpress\/ -->\n<title>Riciclaggio e gestione dei rifiuti del garage a Carros (06)<\/title>\n<meta name=\"description\" content=\"Autofficine Carros: ottimizza la gestione dei tuoi rifiuti meccanici. Riacquista dischi, motori e cerchi in alluminio. Soluzioni con Sclavo.\" \/>\n<meta name=\"robots\" content=\"index, follow, max-snippet:-1, max-image-preview:large, max-video-preview:-1\" \/>\n<link rel=\"canonical\" href=\"https:\/\/www.groupesclavo.fr\/it\/riciclaggio-per-garage-e-officine-meccaniche-in-carros-una-guida-completa-al-riciclaggio-dei-rottami-metallici-di-autoveicoli\/\" \/>\n<meta property=\"og:locale\" content=\"it_IT\" \/>\n<meta property=\"og:type\" content=\"article\" \/>\n<meta property=\"og:title\" content=\"Riciclaggio e gestione dei rifiuti del garage a Carros (06)\" \/>\n<meta property=\"og:description\" content=\"Autofficine Carros: ottimizza la gestione dei tuoi rifiuti meccanici. Riacquista dischi, motori e cerchi in alluminio. Soluzioni con Sclavo.\" \/>\n<meta property=\"og:url\" content=\"https:\/\/www.groupesclavo.fr\/it\/riciclaggio-per-garage-e-officine-meccaniche-in-carros-una-guida-completa-al-riciclaggio-dei-rottami-metallici-di-autoveicoli\/\" \/>\n<meta property=\"og:site_name\" content=\"Sclavo\" \/>\n<meta property=\"article:modified_time\" content=\"2026-05-04T14:48:55+00:00\" \/>\n<meta name=\"twitter:card\" content=\"summary_large_image\" \/>\n<meta name=\"twitter:label1\" content=\"Est. reading time\" \/>\n\t<meta name=\"twitter:data1\" content=\"3 minutes\" \/>\n<script type=\"application\/ld+json\" class=\"yoast-schema-graph\">{\"@context\":\"https:\\\/\\\/schema.org\",\"@graph\":[{\"@type\":\"WebPage\",\"@id\":\"https:\\\/\\\/www.groupesclavo.fr\\\/it\\\/riciclaggio-per-garage-e-officine-meccaniche-in-carros-una-guida-completa-al-riciclaggio-dei-rottami-metallici-di-autoveicoli\\\/\",\"url\":\"https:\\\/\\\/www.groupesclavo.fr\\\/it\\\/riciclaggio-per-garage-e-officine-meccaniche-in-carros-una-guida-completa-al-riciclaggio-dei-rottami-metallici-di-autoveicoli\\\/\",\"name\":\"Riciclaggio e gestione dei rifiuti del garage a Carros (06)\",\"isPartOf\":{\"@id\":\"https:\\\/\\\/www.groupesclavo.fr\\\/it\\\/#website\"},\"datePublished\":\"2026-02-05T13:35:37+00:00\",\"dateModified\":\"2026-05-04T14:48:55+00:00\",\"description\":\"Autofficine Carros: ottimizza la gestione dei tuoi rifiuti meccanici. Riacquista dischi, motori e cerchi in alluminio. Soluzioni con Sclavo.\",\"breadcrumb\":{\"@id\":\"https:\\\/\\\/www.groupesclavo.fr\\\/it\\\/riciclaggio-per-garage-e-officine-meccaniche-in-carros-una-guida-completa-al-riciclaggio-dei-rottami-metallici-di-autoveicoli\\\/#breadcrumb\"},\"inLanguage\":\"it-IT\",\"potentialAction\":[{\"@type\":\"ReadAction\",\"target\":[\"https:\\\/\\\/www.groupesclavo.fr\\\/it\\\/riciclaggio-per-garage-e-officine-meccaniche-in-carros-una-guida-completa-al-riciclaggio-dei-rottami-metallici-di-autoveicoli\\\/\"]}]},{\"@type\":\"BreadcrumbList\",\"@id\":\"https:\\\/\\\/www.groupesclavo.fr\\\/it\\\/riciclaggio-per-garage-e-officine-meccaniche-in-carros-una-guida-completa-al-riciclaggio-dei-rottami-metallici-di-autoveicoli\\\/#breadcrumb\",\"itemListElement\":[{\"@type\":\"ListItem\",\"position\":1,\"name\":\"Accueil\",\"item\":\"https:\\\/\\\/www.groupesclavo.fr\\\/it\\\/\"},{\"@type\":\"ListItem\",\"position\":2,\"name\":\"Riciclaggio per garage e officine meccaniche in Carros: una guida completa al riciclaggio dei rottami metallici di autoveicoli\"}]},{\"@type\":\"WebSite\",\"@id\":\"https:\\\/\\\/www.groupesclavo.fr\\\/it\\\/#website\",\"url\":\"https:\\\/\\\/www.groupesclavo.fr\\\/it\\\/\",\"name\":\"Sclavo\",\"description\":\"\",\"publisher\":{\"@id\":\"https:\\\/\\\/www.groupesclavo.fr\\\/it\\\/#organization\"},\"potentialAction\":[{\"@type\":\"SearchAction\",\"target\":{\"@type\":\"EntryPoint\",\"urlTemplate\":\"https:\\\/\\\/www.groupesclavo.fr\\\/it\\\/?s={search_term_string}\"},\"query-input\":{\"@type\":\"PropertyValueSpecification\",\"valueRequired\":true,\"valueName\":\"search_term_string\"}}],\"inLanguage\":\"it-IT\"},{\"@type\":\"Organization\",\"@id\":\"https:\\\/\\\/www.groupesclavo.fr\\\/it\\\/#organization\",\"name\":\"Sclavo\",\"url\":\"https:\\\/\\\/www.groupesclavo.fr\\\/it\\\/\",\"logo\":{\"@type\":\"ImageObject\",\"inLanguage\":\"it-IT\",\"@id\":\"https:\\\/\\\/www.groupesclavo.fr\\\/it\\\/#\\\/schema\\\/logo\\\/image\\\/\",\"url\":\"https:\\\/\\\/www.groupesclavo.fr\\\/wp-content\\\/uploads\\\/2024\\\/11\\\/logo-1.svg\",\"contentUrl\":\"https:\\\/\\\/www.groupesclavo.fr\\\/wp-content\\\/uploads\\\/2024\\\/11\\\/logo-1.svg\",\"width\":191,\"height\":57,\"caption\":\"Sclavo\"},\"image\":{\"@id\":\"https:\\\/\\\/www.groupesclavo.fr\\\/it\\\/#\\\/schema\\\/logo\\\/image\\\/\"}}]}<\/script>\n<!-- \/ Yoast SEO plugin. -->","yoast_head_json":{"title":"Riciclaggio e gestione dei rifiuti del garage a Carros (06)","description":"Autofficine Carros: ottimizza la gestione dei tuoi rifiuti meccanici. Riacquista dischi, motori e cerchi in alluminio. Soluzioni con Sclavo.","robots":{"index":"index","follow":"follow","max-snippet":"max-snippet:-1","max-image-preview":"max-image-preview:large","max-video-preview":"max-video-preview:-1"},"canonical":"https:\/\/www.groupesclavo.fr\/it\/riciclaggio-per-garage-e-officine-meccaniche-in-carros-una-guida-completa-al-riciclaggio-dei-rottami-metallici-di-autoveicoli\/","og_locale":"it_IT","og_type":"article","og_title":"Riciclaggio e gestione dei rifiuti del garage a Carros (06)","og_description":"Autofficine Carros: ottimizza la gestione dei tuoi rifiuti meccanici. Riacquista dischi, motori e cerchi in alluminio. Soluzioni con Sclavo.","og_url":"https:\/\/www.groupesclavo.fr\/it\/riciclaggio-per-garage-e-officine-meccaniche-in-carros-una-guida-completa-al-riciclaggio-dei-rottami-metallici-di-autoveicoli\/","og_site_name":"Sclavo","article_modified_time":"2026-05-04T14:48:55+00:00","twitter_card":"summary_large_image","twitter_misc":{"Est. reading time":"3 minutes"},"schema":{"@context":"https:\/\/schema.org","@graph":[{"@type":"WebPage","@id":"https:\/\/www.groupesclavo.fr\/it\/riciclaggio-per-garage-e-officine-meccaniche-in-carros-una-guida-completa-al-riciclaggio-dei-rottami-metallici-di-autoveicoli\/","url":"https:\/\/www.groupesclavo.fr\/it\/riciclaggio-per-garage-e-officine-meccaniche-in-carros-una-guida-completa-al-riciclaggio-dei-rottami-metallici-di-autoveicoli\/","name":"Riciclaggio e gestione dei rifiuti del garage a Carros (06)","isPartOf":{"@id":"https:\/\/www.groupesclavo.fr\/it\/#website"},"datePublished":"2026-02-05T13:35:37+00:00","dateModified":"2026-05-04T14:48:55+00:00","description":"Autofficine Carros: ottimizza la gestione dei tuoi rifiuti meccanici. Riacquista dischi, motori e cerchi in alluminio. Soluzioni con Sclavo.","breadcrumb":{"@id":"https:\/\/www.groupesclavo.fr\/it\/riciclaggio-per-garage-e-officine-meccaniche-in-carros-una-guida-completa-al-riciclaggio-dei-rottami-metallici-di-autoveicoli\/#breadcrumb"},"inLanguage":"it-IT","potentialAction":[{"@type":"ReadAction","target":["https:\/\/www.groupesclavo.fr\/it\/riciclaggio-per-garage-e-officine-meccaniche-in-carros-una-guida-completa-al-riciclaggio-dei-rottami-metallici-di-autoveicoli\/"]}]},{"@type":"BreadcrumbList","@id":"https:\/\/www.groupesclavo.fr\/it\/riciclaggio-per-garage-e-officine-meccaniche-in-carros-una-guida-completa-al-riciclaggio-dei-rottami-metallici-di-autoveicoli\/#breadcrumb","itemListElement":[{"@type":"ListItem","position":1,"name":"Accueil","item":"https:\/\/www.groupesclavo.fr\/it\/"},{"@type":"ListItem","position":2,"name":"Riciclaggio per garage e officine meccaniche in Carros: una guida completa al riciclaggio dei rottami metallici di autoveicoli"}]},{"@type":"WebSite","@id":"https:\/\/www.groupesclavo.fr\/it\/#website","url":"https:\/\/www.groupesclavo.fr\/it\/","name":"Sclavo","description":"","publisher":{"@id":"https:\/\/www.groupesclavo.fr\/it\/#organization"},"potentialAction":[{"@type":"SearchAction","target":{"@type":"EntryPoint","urlTemplate":"https:\/\/www.groupesclavo.fr\/it\/?s={search_term_string}"},"query-input":{"@type":"PropertyValueSpecification","valueRequired":true,"valueName":"search_term_string"}}],"inLanguage":"it-IT"},{"@type":"Organization","@id":"https:\/\/www.groupesclavo.fr\/it\/#organization","name":"Sclavo","url":"https:\/\/www.groupesclavo.fr\/it\/","logo":{"@type":"ImageObject","inLanguage":"it-IT","@id":"https:\/\/www.groupesclavo.fr\/it\/#\/schema\/logo\/image\/","url":"https:\/\/www.groupesclavo.fr\/wp-content\/uploads\/2024\/11\/logo-1.svg","contentUrl":"https:\/\/www.groupesclavo.fr\/wp-content\/uploads\/2024\/11\/logo-1.svg","width":191,"height":57,"caption":"Sclavo"},"image":{"@id":"https:\/\/www.groupesclavo.fr\/it\/#\/schema\/logo\/image\/"}}]}},"_links":{"self":[{"href":"https:\/\/www.groupesclavo.fr\/it\/wp-json\/wp\/v2\/pages\/5557","targetHints":{"allow":["GET"]}}],"collection":[{"href":"https:\/\/www.groupesclavo.fr\/it\/wp-json\/wp\/v2\/pages"}],"about":[{"href":"https:\/\/www.groupesclavo.fr\/it\/wp-json\/wp\/v2\/types\/page"}],"author":[{"embeddable":true,"href":"https:\/\/www.groupesclavo.fr\/it\/wp-json\/wp\/v2\/users\/5"}],"replies":[{"embeddable":true,"href":"https:\/\/www.groupesclavo.fr\/it\/wp-json\/wp\/v2\/comments?post=5557"}],"version-history":[{"count":2,"href":"https:\/\/www.groupesclavo.fr\/it\/wp-json\/wp\/v2\/pages\/5557\/revisions"}],"predecessor-version":[{"id":5832,"href":"https:\/\/www.groupesclavo.fr\/it\/wp-json\/wp\/v2\/pages\/5557\/revisions\/5832"}],"wp:attachment":[{"href":"https:\/\/www.groupesclavo.fr\/it\/wp-json\/wp\/v2\/media?parent=5557"}],"curies":[{"name":"wp","href":"https:\/\/api.w.org\/{rel}","templated":true}]}}