{"id":6475,"date":"2025-06-09T10:23:10","date_gmt":"2025-06-09T08:23:10","guid":{"rendered":"https:\/\/www.groupesclavo.fr\/professionals\/"},"modified":"2026-05-05T13:35:50","modified_gmt":"2026-05-05T11:35:50","slug":"professionals","status":"publish","type":"page","link":"https:\/\/www.groupesclavo.fr\/en\/professionals\/","title":{"rendered":"Professionals"},"content":{"rendered":"<div id=\"pl-6475\"  class=\"panel-layout\" ><div id=\"pg-6475-0\"  class=\"panel-grid panel-no-style\" ><div id=\"pgc-6475-0-0\"  class=\"panel-grid-cell\" ><div id=\"panel-6475-0-0-0\" class=\"so-panel widget widget_sow-editor panel-first-child panel-last-child\" data-index=\"0\" ><div\n\t\t\t\n\t\t\tclass=\"so-widget-sow-editor so-widget-sow-editor-base\"\n\t\t\t\n\t\t>\n<div class=\"siteorigin-widget-tinymce textwidget\">\n\t<h1>Global management of professional waste<\/h1>\n<p>As a player in the field of new resources and a promoter of the circular economy, the SCLAVO ENVIRONNEMENT Group supports all professionals in fulfilling their <strong>responsibilities in the management of hazardous and non-hazardous waste<\/strong>.<\/p>\n<p>As part of a continuous optimization process for industrial waste management, the SCLAVO ENVIRONNEMENT Group is constantly creating new <strong>solutions<\/strong> (yacht recycling) and offering new services (archive destruction, automotive professionals) to meet the major challenge of 100% material recovery from waste.<\/p>\n<p>Our support for every professional, construction, automotive, business and industry professional of every type is based on the effective values of :<\/p>\n<ul>\n<li>Support for every professional<\/li>\n<li>Advice<\/li>\n<li>Proximity<\/li>\n<li>Reactivity<\/li>\n<li>Ease of use<\/li>\n<li>Made to measure<\/li>\n<\/ul>\n<\/div>\n<\/div><\/div><\/div><\/div><div id=\"pg-6475-1\"  class=\"panel-grid panel-has-style\" ><div class=\"panel-row-style panel-row-style-for-6475-1\" ><div id=\"pgc-6475-1-0\"  class=\"panel-grid-cell\" ><div id=\"panel-6475-1-0-0\" class=\"so-panel widget widget_sow-editor panel-first-child panel-last-child\" data-index=\"1\" ><div class=\"panel-widget-style panel-widget-style-for-6475-1-0-0\" ><div\n\t\t\t\n\t\t\tclass=\"so-widget-sow-editor so-widget-sow-editor-base\"\n\t\t\t\n\t\t>\n<div class=\"siteorigin-widget-tinymce textwidget\">\n\t<h2>Your waste is a resource<\/h2>\n<p>As a local partner to C\u00f4te d'Azur professionals, the SCLAVO ENVIRONNEMENT Group has set up a range of services to meet all their needs.<\/p>\n<h2>RESEARCH AND ADVICE<\/h2>\n<p>Optimizing your waste management, simplifying your responsibilities and reducing your costs are at the heart of the advice our field professionals deliver after visiting your place of business.<\/p>\n<\/div>\n<\/div><\/div><\/div><\/div><div id=\"pgc-6475-1-1\"  class=\"panel-grid-cell\" ><div id=\"panel-6475-1-1-0\" class=\"so-panel widget widget_media_image panel-first-child panel-last-child\" data-index=\"2\" ><img loading=\"lazy\" decoding=\"async\" width=\"1920\" height=\"2560\" src=\"https:\/\/www.groupesclavo.fr\/wp-content\/uploads\/2025\/12\/pro-1-scaled.jpg\" class=\"image wp-image-4988  attachment-full size-full\" alt=\"\" style=\"max-width: 100%; height: auto;\" srcset=\"https:\/\/www.groupesclavo.fr\/wp-content\/uploads\/2025\/12\/pro-1-scaled.jpg 1920w, https:\/\/www.groupesclavo.fr\/wp-content\/uploads\/2025\/12\/pro-1-scaled-225x300.jpg 225w, https:\/\/www.groupesclavo.fr\/wp-content\/uploads\/2025\/12\/pro-1-scaled-768x1024.jpg 768w\" sizes=\"auto, (max-width: 1920px) 100vw, 1920px\" \/><\/div><\/div><\/div><\/div><div id=\"pg-6475-2\"  class=\"panel-grid panel-no-style\" ><div id=\"pgc-6475-2-0\"  class=\"panel-grid-cell\" ><div id=\"panel-6475-2-0-0\" class=\"so-panel widget widget_media_image panel-first-child panel-last-child\" data-index=\"3\" ><img loading=\"lazy\" decoding=\"async\" width=\"960\" height=\"544\" src=\"https:\/\/www.groupesclavo.fr\/wp-content\/uploads\/2025\/12\/DJI_0561.png\" class=\"image wp-image-4998  attachment-full size-full\" alt=\"\" style=\"max-width: 100%; height: auto;\" srcset=\"https:\/\/www.groupesclavo.fr\/wp-content\/uploads\/2025\/12\/DJI_0561.png 960w, https:\/\/www.groupesclavo.fr\/wp-content\/uploads\/2025\/12\/DJI_0561-300x170.png 300w\" sizes=\"auto, (max-width: 960px) 100vw, 960px\" \/><\/div><\/div><div id=\"pgc-6475-2-1\"  class=\"panel-grid-cell\" ><div id=\"panel-6475-2-1-0\" class=\"so-panel widget widget_sow-editor panel-first-child panel-last-child\" data-index=\"4\" ><div\n\t\t\t\n\t\t\tclass=\"so-widget-sow-editor so-widget-sow-editor-base\"\n\t\t\t\n\t\t>\n<div class=\"siteorigin-widget-tinymce textwidget\">\n\t<div class=\"elementor-element elementor-widget elementor-widget-heading\" data-element_type=\"widget\" data-widget_type=\"heading.default\">\n<div class=\"elementor-widget-container\">\n<h2 class=\"elementor-heading-title elementor-size-default\">Voluntary drop-off at pro<\/h2>\n<\/div>\n<\/div>\n<div class=\"elementor-element elementor-widget elementor-widget-text-editor\" data-element_type=\"widget\" data-widget_type=\"text-editor.default\">\n<div class=\"elementor-widget-container\">\n<div class=\"elementor-text-editor elementor-clearfix\">\n<p><strong>Global service, local presence  <\/strong><\/p>\n<p>Save on collection costs in Alpes-Maritimes, Var and C\u00f4te D'Azur.<\/p>\n<p>Save time thanks to pre-designed zones for easy unloading, and 6 days a week opening times to preserve your freedom of organization, and enable you to operate at off-peak times.<\/p>\n<p>Your membership automates formalities. Your PRO account gives you many advantages. <\/p>\n<div class=\"btn_orange_fleche btn\"><a href=\"https:\/\/www.groupesclavo.fr\/en\/our-sites\/\">Find your local site<\/a><\/div>\n<p>&nbsp;<\/p>\n<\/div>\n<\/div>\n<\/div>\n<\/div>\n<\/div><\/div><\/div><\/div><div id=\"pg-6475-3\"  class=\"panel-grid panel-no-style\" ><div id=\"pgc-6475-3-0\"  class=\"panel-grid-cell\" ><div id=\"panel-6475-3-0-0\" class=\"so-panel widget widget_sow-editor panel-first-child panel-last-child\" data-index=\"5\" ><div\n\t\t\t\n\t\t\tclass=\"so-widget-sow-editor so-widget-sow-editor-base\"\n\t\t\t\n\t\t>\n<div class=\"siteorigin-widget-tinymce textwidget\">\n\t<h2>Purchasing paper, cardboard and plastic<\/h2>\n<p><strong>Paper, cardboard, plastic, glass and wood<\/strong> are among the responsibilities to be managed by waste producers. These <strong>5 waste streams<\/strong> must now be sorted at source: Decree 5 Streams throughout Alpes-Maritimes, C\u00f4te D'azur and Monaco. <\/p>\n<p>We guarantee a large storage capacity for <strong>industrialists, craftsmen, those involved in construction or the automotive industry<\/strong>, and provide them with appropriate packaging facilities and an approved collection service.<\/p>\n<p>You can also choose voluntary drop-off at our <strong>3 Recycling Eco-Poles<\/strong> (Hazardous Waste, Non-Hazardous Waste, Irons and Metals) and our <strong>4 Eco-Relays<\/strong>.<\/p>\n<p>Our purchases are made on a cash basis, according to quality and quantity, at current prices.<\/p>\n<div class=\"btn_orange_fleche btn\"><a href=\"tel:0497120202\">Call your expert on 04 97 12 02 02  <\/a><\/div>\n<\/div>\n<\/div><\/div><\/div><div id=\"pgc-6475-3-1\"  class=\"panel-grid-cell\" ><div id=\"panel-6475-3-1-0\" class=\"so-panel widget widget_media_image panel-first-child panel-last-child\" data-index=\"6\" ><img loading=\"lazy\" decoding=\"async\" width=\"1024\" height=\"768\" src=\"https:\/\/www.groupesclavo.fr\/wp-content\/uploads\/2025\/06\/p1177451-1024x768-1.jpg\" class=\"image wp-image-4052  attachment-full size-full\" alt=\"\" style=\"max-width: 100%; height: auto;\" srcset=\"https:\/\/www.groupesclavo.fr\/wp-content\/uploads\/2025\/06\/p1177451-1024x768-1.jpg 1024w, https:\/\/www.groupesclavo.fr\/wp-content\/uploads\/2025\/06\/p1177451-1024x768-1-300x225.jpg 300w\" sizes=\"auto, (max-width: 1024px) 100vw, 1024px\" \/><\/div><\/div><\/div><div id=\"pg-6475-4\"  class=\"panel-grid panel-no-style\" ><div id=\"pgc-6475-4-0\"  class=\"panel-grid-cell\" ><div id=\"panel-6475-4-0-0\" class=\"so-panel widget widget_media_image panel-first-child panel-last-child\" data-index=\"7\" ><img loading=\"lazy\" decoding=\"async\" width=\"1920\" height=\"2560\" src=\"https:\/\/www.groupesclavo.fr\/wp-content\/uploads\/2025\/12\/P1199921-scaled.jpg\" class=\"image wp-image-4997  attachment-full size-full\" alt=\"\" style=\"max-width: 100%; height: auto;\" srcset=\"https:\/\/www.groupesclavo.fr\/wp-content\/uploads\/2025\/12\/P1199921-scaled.jpg 1920w, https:\/\/www.groupesclavo.fr\/wp-content\/uploads\/2025\/12\/P1199921-scaled-225x300.jpg 225w, https:\/\/www.groupesclavo.fr\/wp-content\/uploads\/2025\/12\/P1199921-scaled-768x1024.jpg 768w\" sizes=\"auto, (max-width: 1920px) 100vw, 1920px\" \/><\/div><\/div><div id=\"pgc-6475-4-1\"  class=\"panel-grid-cell\" ><div id=\"panel-6475-4-1-0\" class=\"so-panel widget widget_sow-editor panel-first-child panel-last-child\" data-index=\"8\" ><div\n\t\t\t\n\t\t\tclass=\"so-widget-sow-editor so-widget-sow-editor-base\"\n\t\t\t\n\t\t>\n<div class=\"siteorigin-widget-tinymce textwidget\">\n\t<div class=\"elementor-element elementor-widget elementor-widget-heading\" data-element_type=\"widget\" data-widget_type=\"heading.default\">\n<div class=\"elementor-widget-container\">\n<h2 class=\"elementor-heading-title elementor-size-default\">Your NHW services<br \/>(Non-hazardous waste)<\/h2>\n<\/div>\n<\/div>\n<div class=\"elementor-element elementor-widget elementor-widget-text-editor\" data-element_type=\"widget\" data-widget_type=\"text-editor.default\">\n<div class=\"elementor-widget-container\">\n<div class=\"elementor-text-editor elementor-clearfix\">\n<p>What do you do with <strong>rubble, glass, cardboard, paper, plants, plastics, PVC, tires, gypsum, hard plastics<\/strong> (PP),<strong> bulky items, wood A \/ wood B<\/strong>... when you run an industrial, professional or craft business?<\/p>\n<p>Find a <strong>local solution<\/strong> in Provence, Alpes-Maritimes or C\u00f4te D'Azur, thanks to our network of Eco Relais or the Eco P\u00f4le Central Recycling Dechets Non Dangereux in Fr\u00e9jus.<\/p>\n<p>Our tailor-made solutions are designed to meet your specific needs:<\/p>\n<ul>\n<li>audit<\/li>\n<li>authorized collection by trained personnel and equipped vehicles<\/li>\n<li>purchase metal irons paper plastic...<\/li>\n<li>Eco-chantier or Eco-workshop<\/li>\n<\/ul>\n<\/div>\n<\/div>\n<\/div>\n<\/div>\n<\/div><\/div><\/div><\/div><div id=\"pg-6475-5\"  class=\"panel-grid panel-no-style\" ><div id=\"pgc-6475-5-0\"  class=\"panel-grid-cell\" ><div id=\"panel-6475-5-0-0\" class=\"so-panel widget widget_sow-editor panel-first-child panel-last-child\" data-index=\"9\" ><div\n\t\t\t\n\t\t\tclass=\"so-widget-sow-editor so-widget-sow-editor-base\"\n\t\t\t\n\t\t>\n<div class=\"siteorigin-widget-tinymce textwidget\">\n\t<h2>Our services are specific<\/h2>\n<h3>Bound asbestos and asbestos cement<\/h3>\n<p>Visit one of our 3 local sites to take care of <a href=\"https:\/\/www.groupesclavo.fr\/en\/your-waste\/asbestos-and-lead\/\">your asbestos waste for<\/a>voluntary disposal or approved collection service.<\/p>\n<h3>Pleasure boat recycling<\/h3>\n<p>The French boating industry is a leading figure in this field, and the Sclavo Environnement Group, a key player both on the coast and with Eco-Boaters, is a natural partner<br \/>of the <a href=\"https:\/\/www.recyclermonbateau.fr\/\" target=\"_blank\" rel=\"noopener\">APER<\/a> yacht <strong>and sportsboat dismantling<\/strong> industry.<\/p>\n<p>Need to dismantle your boat? <a href=\"https:\/\/www.groupesclavo.fr\/en\/who-we-are\/\">Find out more about our handling process<\/a> and our Eco Nautiques responsible solutions.<\/p>\n<\/div>\n<\/div><\/div><\/div><div id=\"pgc-6475-5-1\"  class=\"panel-grid-cell\" ><div id=\"panel-6475-5-1-0\" class=\"so-panel widget widget_media_image panel-first-child panel-last-child\" data-index=\"10\" ><img loading=\"lazy\" decoding=\"async\" width=\"2560\" height=\"1440\" src=\"https:\/\/www.groupesclavo.fr\/wp-content\/uploads\/2025\/12\/DSC_5879-scaled.jpg\" class=\"image wp-image-5000  attachment-full size-full\" alt=\"\" style=\"max-width: 100%; height: auto;\" srcset=\"https:\/\/www.groupesclavo.fr\/wp-content\/uploads\/2025\/12\/DSC_5879-scaled.jpg 2560w, https:\/\/www.groupesclavo.fr\/wp-content\/uploads\/2025\/12\/DSC_5879-scaled-300x169.jpg 300w, https:\/\/www.groupesclavo.fr\/wp-content\/uploads\/2025\/12\/DSC_5879-scaled-1024x576.jpg 1024w\" sizes=\"auto, (max-width: 2560px) 100vw, 2560px\" \/><\/div><\/div><\/div><div id=\"pg-6475-6\"  class=\"panel-grid panel-no-style\" ><div id=\"pgc-6475-6-0\"  class=\"panel-grid-cell\" ><div id=\"panel-6475-6-0-0\" class=\"so-panel widget widget_media_image panel-first-child panel-last-child\" data-index=\"11\" ><img loading=\"lazy\" decoding=\"async\" width=\"1024\" height=\"682\" src=\"https:\/\/www.groupesclavo.fr\/wp-content\/uploads\/2025\/06\/garage-automobile-eco-atelier-sclavo-1024x682-2.jpg\" class=\"image wp-image-4374  attachment-full size-full\" alt=\"\" style=\"max-width: 100%; height: auto;\" srcset=\"https:\/\/www.groupesclavo.fr\/wp-content\/uploads\/2025\/06\/garage-automobile-eco-atelier-sclavo-1024x682-2.jpg 1024w, https:\/\/www.groupesclavo.fr\/wp-content\/uploads\/2025\/06\/garage-automobile-eco-atelier-sclavo-1024x682-2-300x200.jpg 300w\" sizes=\"auto, (max-width: 1024px) 100vw, 1024px\" \/><\/div><\/div><div id=\"pgc-6475-6-1\"  class=\"panel-grid-cell\" ><div id=\"panel-6475-6-1-0\" class=\"so-panel widget widget_sow-editor panel-first-child panel-last-child\" data-index=\"12\" ><div\n\t\t\t\n\t\t\tclass=\"so-widget-sow-editor so-widget-sow-editor-base\"\n\t\t\t\n\t\t>\n<div class=\"siteorigin-widget-tinymce textwidget\">\n\t<h2>Eco-workshop automotive industry &amp; garages<\/h2>\n<p>Repairing and servicing vehicles generates a large amount of specific waste, many of which are hazardous. The Sclavo Environnement Group helps <strong>garages, dealers and car repairers<\/strong> manage their waste by offering a specific <strong>pre-sorting, collection and recovery<\/strong> solution: the<strong>Eco Atelier<\/strong>. Recycling tired batteries or collecting used oil?  <\/p>\n<\/div>\n<\/div><\/div><\/div><\/div><div id=\"pg-6475-7\"  class=\"panel-grid panel-no-style\" ><div id=\"pgc-6475-7-0\"  class=\"panel-grid-cell\" ><div id=\"panel-6475-7-0-0\" class=\"so-panel widget widget_sow-editor panel-first-child panel-last-child\" data-index=\"13\" ><div\n\t\t\t\n\t\t\tclass=\"so-widget-sow-editor so-widget-sow-editor-base\"\n\t\t\t\n\t\t>\n<div class=\"siteorigin-widget-tinymce textwidget\">\n\t<h2>EEE waste: an all-inclusive offer<\/h2>\n<p><strong>Waste electrical and electronic equipment (WEEE<\/strong> ) is growing rapidly in the Alpes-Maritimes and Var regions. End-of-life recycling or disposal of these products is a legal responsibility that Groupe Sclavo Environnement can help you fulfill. <\/p>\n<p>Bankers, schools, hospitals, companies with large IT fleets... Individuals &amp; craftsmen, particularly in the building and civil engineering sector, retailers... We handle all items through a comprehensive service of voluntary drop-off at waste collection centers or Eco Relais, and occasional collection at companies.<\/p>\n<p>Need a storage system by product family?<\/p>\n<div class=\"btn_orange_fleche btn\"><a href=\"https:\/\/www.groupesclavo.fr\/en\/contact-us\/\">Contact us<\/a><\/div>\n<\/div>\n<\/div><\/div><\/div><div id=\"pgc-6475-7-1\"  class=\"panel-grid-cell\" ><div id=\"panel-6475-7-1-0\" class=\"so-panel widget widget_media_image panel-first-child panel-last-child\" data-index=\"14\" ><img loading=\"lazy\" decoding=\"async\" width=\"1024\" height=\"680\" src=\"https:\/\/www.groupesclavo.fr\/wp-content\/uploads\/2025\/06\/DEEE-groupe-sclavo-environnement-1024x680-1.jpg\" class=\"image wp-image-4062  attachment-full size-full\" alt=\"\" style=\"max-width: 100%; height: auto;\" srcset=\"https:\/\/www.groupesclavo.fr\/wp-content\/uploads\/2025\/06\/DEEE-groupe-sclavo-environnement-1024x680-1.jpg 1024w, https:\/\/www.groupesclavo.fr\/wp-content\/uploads\/2025\/06\/DEEE-groupe-sclavo-environnement-1024x680-1-300x199.jpg 300w\" sizes=\"auto, (max-width: 1024px) 100vw, 1024px\" \/><\/div><\/div><\/div><div id=\"pg-6475-8\"  class=\"panel-grid panel-no-style\" ><div id=\"pgc-6475-8-0\"  class=\"panel-grid-cell\" ><div id=\"panel-6475-8-0-0\" class=\"so-panel widget widget_media_image panel-first-child panel-last-child\" data-index=\"15\" ><img loading=\"lazy\" decoding=\"async\" width=\"1024\" height=\"986\" src=\"https:\/\/www.groupesclavo.fr\/wp-content\/uploads\/2025\/06\/p1155489-e1663074702686-1024x986-1.jpg\" class=\"image wp-image-4063  attachment-full size-full\" alt=\"\" style=\"max-width: 100%; height: auto;\" srcset=\"https:\/\/www.groupesclavo.fr\/wp-content\/uploads\/2025\/06\/p1155489-e1663074702686-1024x986-1.jpg 1024w, https:\/\/www.groupesclavo.fr\/wp-content\/uploads\/2025\/06\/p1155489-e1663074702686-1024x986-1-300x289.jpg 300w\" sizes=\"auto, (max-width: 1024px) 100vw, 1024px\" \/><\/div><\/div><div id=\"pgc-6475-8-1\"  class=\"panel-grid-cell\" ><div id=\"panel-6475-8-1-0\" class=\"so-panel widget widget_sow-editor panel-first-child panel-last-child\" data-index=\"16\" ><div\n\t\t\t\n\t\t\tclass=\"so-widget-sow-editor so-widget-sow-editor-base\"\n\t\t\t\n\t\t>\n<div class=\"siteorigin-widget-tinymce textwidget\">\n\t<h2>Comprehensive hazardous waste management in Provence-Alpes-C\u00f4te d'Azur<\/h2>\n<p>You are a producer of paint waste, facade coating waste, soiled empty packaging, aerosols, black or edible oils, oil fuel air filters, or even phytosanitary acids and bases.<\/p>\n<p>Sclavo Environnement has developed <strong>specialized collection<\/strong> and recycling solutions for industrial companies, car dealerships, garages and perfume manufacturers, with exemplary traceability to guarantee your <strong>compliance<\/strong> with the law.<\/p>\n<div class=\"btn_orange_fleche btn\"><a href=\"https:\/\/www.groupesclavo.fr\/en\/contact-us\/\">Information and quotation<\/a><\/div>\n<\/div>\n<\/div><\/div><\/div><\/div><\/div>","protected":false},"excerpt":{"rendered":"<p>Global management of professional waste As a player in the field of new resources and a promoter of the circular economy, the SCLAVO ENVIRONNEMENT Group supports all professionals in [&hellip;]<\/p>\n","protected":false},"author":4,"featured_media":0,"parent":0,"menu_order":388,"comment_status":"closed","ping_status":"closed","template":"","meta":{"inline_featured_image":false,"footnotes":""},"class_list":["post-6475","page","type-page","status-publish","hentry"],"yoast_head":"<!-- This site is optimized with the Yoast SEO plugin v27.6 - https:\/\/yoast.com\/product\/yoast-seo-wordpress\/ -->\n<title>Professionals - Sclavo<\/title>\n<meta name=\"robots\" content=\"index, follow, max-snippet:-1, max-image-preview:large, max-video-preview:-1\" \/>\n<link rel=\"canonical\" href=\"https:\/\/www.groupesclavo.fr\/en\/professionals\/\" \/>\n<meta property=\"og:locale\" content=\"en_US\" \/>\n<meta property=\"og:type\" content=\"article\" \/>\n<meta property=\"og:title\" content=\"Professionals - Sclavo\" \/>\n<meta property=\"og:description\" content=\"Global management of professional waste As a player in the field of new resources and a promoter of the circular economy, the SCLAVO ENVIRONNEMENT Group supports all professionals in [&hellip;]\" \/>\n<meta property=\"og:url\" content=\"https:\/\/www.groupesclavo.fr\/en\/professionals\/\" \/>\n<meta property=\"og:site_name\" content=\"Sclavo\" \/>\n<meta property=\"article:modified_time\" content=\"2026-05-05T11:35:50+00:00\" \/>\n<meta name=\"twitter:card\" content=\"summary_large_image\" \/>\n<script type=\"application\/ld+json\" class=\"yoast-schema-graph\">{\"@context\":\"https:\\\/\\\/schema.org\",\"@graph\":[{\"@type\":\"WebPage\",\"@id\":\"https:\\\/\\\/www.groupesclavo.fr\\\/en\\\/professionals\\\/\",\"url\":\"https:\\\/\\\/www.groupesclavo.fr\\\/en\\\/professionals\\\/\",\"name\":\"Professionals - Sclavo\",\"isPartOf\":{\"@id\":\"https:\\\/\\\/www.groupesclavo.fr\\\/en\\\/#website\"},\"datePublished\":\"2025-06-09T08:23:10+00:00\",\"dateModified\":\"2026-05-05T11:35:50+00:00\",\"breadcrumb\":{\"@id\":\"https:\\\/\\\/www.groupesclavo.fr\\\/en\\\/professionals\\\/#breadcrumb\"},\"inLanguage\":\"en-US\",\"potentialAction\":[{\"@type\":\"ReadAction\",\"target\":[\"https:\\\/\\\/www.groupesclavo.fr\\\/en\\\/professionals\\\/\"]}]},{\"@type\":\"BreadcrumbList\",\"@id\":\"https:\\\/\\\/www.groupesclavo.fr\\\/en\\\/professionals\\\/#breadcrumb\",\"itemListElement\":[{\"@type\":\"ListItem\",\"position\":1,\"name\":\"Accueil\",\"item\":\"https:\\\/\\\/www.groupesclavo.fr\\\/en\\\/\"},{\"@type\":\"ListItem\",\"position\":2,\"name\":\"Professionals\"}]},{\"@type\":\"WebSite\",\"@id\":\"https:\\\/\\\/www.groupesclavo.fr\\\/en\\\/#website\",\"url\":\"https:\\\/\\\/www.groupesclavo.fr\\\/en\\\/\",\"name\":\"Sclavo\",\"description\":\"\",\"publisher\":{\"@id\":\"https:\\\/\\\/www.groupesclavo.fr\\\/en\\\/#organization\"},\"potentialAction\":[{\"@type\":\"SearchAction\",\"target\":{\"@type\":\"EntryPoint\",\"urlTemplate\":\"https:\\\/\\\/www.groupesclavo.fr\\\/en\\\/?s={search_term_string}\"},\"query-input\":{\"@type\":\"PropertyValueSpecification\",\"valueRequired\":true,\"valueName\":\"search_term_string\"}}],\"inLanguage\":\"en-US\"},{\"@type\":\"Organization\",\"@id\":\"https:\\\/\\\/www.groupesclavo.fr\\\/en\\\/#organization\",\"name\":\"Sclavo\",\"url\":\"https:\\\/\\\/www.groupesclavo.fr\\\/en\\\/\",\"logo\":{\"@type\":\"ImageObject\",\"inLanguage\":\"en-US\",\"@id\":\"https:\\\/\\\/www.groupesclavo.fr\\\/en\\\/#\\\/schema\\\/logo\\\/image\\\/\",\"url\":\"https:\\\/\\\/www.groupesclavo.fr\\\/wp-content\\\/uploads\\\/2024\\\/11\\\/logo-1.svg\",\"contentUrl\":\"https:\\\/\\\/www.groupesclavo.fr\\\/wp-content\\\/uploads\\\/2024\\\/11\\\/logo-1.svg\",\"width\":191,\"height\":57,\"caption\":\"Sclavo\"},\"image\":{\"@id\":\"https:\\\/\\\/www.groupesclavo.fr\\\/en\\\/#\\\/schema\\\/logo\\\/image\\\/\"}}]}<\/script>\n<!-- \/ Yoast SEO plugin. -->","yoast_head_json":{"title":"Professionals - Sclavo","robots":{"index":"index","follow":"follow","max-snippet":"max-snippet:-1","max-image-preview":"max-image-preview:large","max-video-preview":"max-video-preview:-1"},"canonical":"https:\/\/www.groupesclavo.fr\/en\/professionals\/","og_locale":"en_US","og_type":"article","og_title":"Professionals - Sclavo","og_description":"Global management of professional waste As a player in the field of new resources and a promoter of the circular economy, the SCLAVO ENVIRONNEMENT Group supports all professionals in [&hellip;]","og_url":"https:\/\/www.groupesclavo.fr\/en\/professionals\/","og_site_name":"Sclavo","article_modified_time":"2026-05-05T11:35:50+00:00","twitter_card":"summary_large_image","schema":{"@context":"https:\/\/schema.org","@graph":[{"@type":"WebPage","@id":"https:\/\/www.groupesclavo.fr\/en\/professionals\/","url":"https:\/\/www.groupesclavo.fr\/en\/professionals\/","name":"Professionals - Sclavo","isPartOf":{"@id":"https:\/\/www.groupesclavo.fr\/en\/#website"},"datePublished":"2025-06-09T08:23:10+00:00","dateModified":"2026-05-05T11:35:50+00:00","breadcrumb":{"@id":"https:\/\/www.groupesclavo.fr\/en\/professionals\/#breadcrumb"},"inLanguage":"en-US","potentialAction":[{"@type":"ReadAction","target":["https:\/\/www.groupesclavo.fr\/en\/professionals\/"]}]},{"@type":"BreadcrumbList","@id":"https:\/\/www.groupesclavo.fr\/en\/professionals\/#breadcrumb","itemListElement":[{"@type":"ListItem","position":1,"name":"Accueil","item":"https:\/\/www.groupesclavo.fr\/en\/"},{"@type":"ListItem","position":2,"name":"Professionals"}]},{"@type":"WebSite","@id":"https:\/\/www.groupesclavo.fr\/en\/#website","url":"https:\/\/www.groupesclavo.fr\/en\/","name":"Sclavo","description":"","publisher":{"@id":"https:\/\/www.groupesclavo.fr\/en\/#organization"},"potentialAction":[{"@type":"SearchAction","target":{"@type":"EntryPoint","urlTemplate":"https:\/\/www.groupesclavo.fr\/en\/?s={search_term_string}"},"query-input":{"@type":"PropertyValueSpecification","valueRequired":true,"valueName":"search_term_string"}}],"inLanguage":"en-US"},{"@type":"Organization","@id":"https:\/\/www.groupesclavo.fr\/en\/#organization","name":"Sclavo","url":"https:\/\/www.groupesclavo.fr\/en\/","logo":{"@type":"ImageObject","inLanguage":"en-US","@id":"https:\/\/www.groupesclavo.fr\/en\/#\/schema\/logo\/image\/","url":"https:\/\/www.groupesclavo.fr\/wp-content\/uploads\/2024\/11\/logo-1.svg","contentUrl":"https:\/\/www.groupesclavo.fr\/wp-content\/uploads\/2024\/11\/logo-1.svg","width":191,"height":57,"caption":"Sclavo"},"image":{"@id":"https:\/\/www.groupesclavo.fr\/en\/#\/schema\/logo\/image\/"}}]}},"_links":{"self":[{"href":"https:\/\/www.groupesclavo.fr\/en\/wp-json\/wp\/v2\/pages\/6475","targetHints":{"allow":["GET"]}}],"collection":[{"href":"https:\/\/www.groupesclavo.fr\/en\/wp-json\/wp\/v2\/pages"}],"about":[{"href":"https:\/\/www.groupesclavo.fr\/en\/wp-json\/wp\/v2\/types\/page"}],"author":[{"embeddable":true,"href":"https:\/\/www.groupesclavo.fr\/en\/wp-json\/wp\/v2\/users\/4"}],"replies":[{"embeddable":true,"href":"https:\/\/www.groupesclavo.fr\/en\/wp-json\/wp\/v2\/comments?post=6475"}],"version-history":[{"count":1,"href":"https:\/\/www.groupesclavo.fr\/en\/wp-json\/wp\/v2\/pages\/6475\/revisions"}],"predecessor-version":[{"id":6489,"href":"https:\/\/www.groupesclavo.fr\/en\/wp-json\/wp\/v2\/pages\/6475\/revisions\/6489"}],"wp:attachment":[{"href":"https:\/\/www.groupesclavo.fr\/en\/wp-json\/wp\/v2\/media?parent=6475"}],"curies":[{"name":"wp","href":"https:\/\/api.w.org\/{rel}","templated":true}]}}