{"id":6267,"date":"2025-06-09T10:58:37","date_gmt":"2025-06-09T08:58:37","guid":{"rendered":"https:\/\/www.groupesclavo.fr\/individuals\/"},"modified":"2026-05-05T12:02:48","modified_gmt":"2026-05-05T10:02:48","slug":"individuals","status":"publish","type":"page","link":"https:\/\/www.groupesclavo.fr\/en\/individuals\/","title":{"rendered":"Individuals"},"content":{"rendered":"<div id=\"pl-6267\"  class=\"panel-layout\" ><div id=\"pg-6267-0\"  class=\"panel-grid panel-has-style\" ><div class=\"animate-6a05315651fbd677545218 panels-animation-hide panel-row-style panel-row-style-for-6267-0\" data-so-animation=\"{&quot;selector&quot;:&quot;.animate-6a05315651fbd677545218&quot;,&quot;animation&quot;:&quot;fadeInUp&quot;,&quot;breakpoint&quot;:&quot;950px&quot;,&quot;duration&quot;:1,&quot;repeat&quot;:0,&quot;hide&quot;:1,&quot;disableAnimationMobile&quot;:0,&quot;finalState&quot;:&quot;visible&quot;,&quot;delay&quot;:0,&quot;debounce&quot;:0.1,&quot;event&quot;:&quot;enter&quot;,&quot;offset&quot;:0}\" ><div id=\"pgc-6267-0-0\"  class=\"panel-grid-cell\" ><div id=\"panel-6267-0-0-0\" class=\"so-panel widget widget_sow-editor panel-first-child panel-last-child\" data-index=\"0\" ><div\n\t\t\t\n\t\t\tclass=\"so-widget-sow-editor so-widget-sow-editor-base\"\n\t\t\t\n\t\t>\n<div class=\"siteorigin-widget-tinymce textwidget\">\n\t<h1>Total solution for special waste<\/h1>\n<p>The SCLAVO ENVIRONNEMENT Group specializes in the recovery, collection, treatment and recycling of household waste in all the communes of the Var and Alpes-Maritimes.<\/p>\n<p>For almost 100 years, the SCLAVO ENVIRONNEMENT Group has been helping private individuals to manage and recycle their waste.<br \/>A long-standing player in waste collection and treatment in the PACA region, the Group has deployed a structured network of drop-off points, comprising \u00c9co Relais and \u00c9co P\u00f4les, to promote responsible and sustainable waste management.<br \/>This local network effectively irrigates the territory, from Saint-Laurent-du-Var to Toulon, contributing to environmental preservation and the local circular economy.<\/p>\n<p>&nbsp;<\/p>\n<\/div>\n<\/div><\/div><\/div><\/div><\/div><div id=\"pg-6267-1\"  class=\"panel-grid panel-has-style\" ><div class=\"animate-6a053156528a7730390909 panels-animation-hide panel-row-style panel-row-style-for-6267-1\" data-so-animation=\"{&quot;selector&quot;:&quot;.animate-6a053156528a7730390909&quot;,&quot;animation&quot;:&quot;fadeInUp&quot;,&quot;breakpoint&quot;:&quot;950px&quot;,&quot;duration&quot;:1,&quot;repeat&quot;:0,&quot;hide&quot;:1,&quot;disableAnimationMobile&quot;:0,&quot;finalState&quot;:&quot;visible&quot;,&quot;delay&quot;:0,&quot;debounce&quot;:0.1,&quot;event&quot;:&quot;enter&quot;,&quot;offset&quot;:0}\" ><div id=\"pgc-6267-1-0\"  class=\"panel-grid-cell\" ><div id=\"panel-6267-1-0-0\" class=\"so-panel widget widget_sow-editor panel-first-child panel-last-child\" data-index=\"1\" ><div\n\t\t\t\n\t\t\tclass=\"so-widget-sow-editor so-widget-sow-editor-base\"\n\t\t\t\n\t\t>\n<div class=\"siteorigin-widget-tinymce textwidget\">\n\t<p>Households generate a wide variety of waste, including scrap metal, metal, rubble, wood and materials from renovation, landscaping and construction work.<br \/>The SCLAVO ENVIRONNEMENT Group takes charge of this waste, which is collected, sorted and recycled in order to be transformed into resources, as part of a circular economy and sustainable waste management approach.<\/p>\n<p>As a promoter of the circular economy, Groupe SCLAVO ENVIRONNEMENT does not reinvent the wheel, but works alongside professionals, businesses and private individuals on a daily basis to constantly improve its solutions, optimize its processes and create new services.<\/p>\n<p>Professionals, craftsmen, construction companies or private individuals, discover the advantages of our comprehensive waste management service for private individuals in Nice, Cannes, Cagnes sur mer, Toulon, Sisteron, Saint-Rapha\u00ebl, Villefranche sur mer, Hy\u00e8res...<\/p>\n<p>All our solutions and innovations of every kind from the SCLAVO ENVIRONNEMENT Group are geared towards the goal of 100% material recovery.<\/p>\n<div class=\"btn_orange_fleche btn\"><a href=\"https:\/\/www.groupesclavo.fr\/en\/our-sites\/\">Find your local site<\/a><\/div>\n<\/div>\n<\/div><\/div><\/div><div id=\"pgc-6267-1-1\"  class=\"panel-grid-cell\" ><div id=\"panel-6267-1-1-0\" class=\"so-panel widget widget_media_image panel-first-child panel-last-child\" data-index=\"2\" ><img loading=\"lazy\" decoding=\"async\" width=\"951\" height=\"1024\" src=\"https:\/\/www.groupesclavo.fr\/wp-content\/uploads\/2025\/06\/p1144760-e1663074920470-951x1024-1.jpg\" class=\"image wp-image-4068  attachment-full size-full\" alt=\"\" style=\"max-width: 100%; height: auto;\" srcset=\"https:\/\/www.groupesclavo.fr\/wp-content\/uploads\/2025\/06\/p1144760-e1663074920470-951x1024-1.jpg 951w, https:\/\/www.groupesclavo.fr\/wp-content\/uploads\/2025\/06\/p1144760-e1663074920470-951x1024-1-279x300.jpg 279w\" sizes=\"auto, (max-width: 951px) 100vw, 951px\" \/><\/div><\/div><\/div><\/div><div id=\"pg-6267-2\"  class=\"panel-grid panel-has-style\" ><div class=\"animate-6a05315653727184607552 panels-animation-hide panel-row-style panel-row-style-for-6267-2\" data-so-animation=\"{&quot;selector&quot;:&quot;.animate-6a05315653727184607552&quot;,&quot;animation&quot;:&quot;fadeInUp&quot;,&quot;breakpoint&quot;:&quot;950px&quot;,&quot;duration&quot;:1,&quot;repeat&quot;:0,&quot;hide&quot;:1,&quot;disableAnimationMobile&quot;:0,&quot;finalState&quot;:&quot;visible&quot;,&quot;delay&quot;:0,&quot;debounce&quot;:0.1,&quot;event&quot;:&quot;enter&quot;,&quot;offset&quot;:0}\" ><div id=\"pgc-6267-2-0\"  class=\"panel-grid-cell\" ><div id=\"panel-6267-2-0-0\" class=\"so-panel widget widget_media_image panel-first-child panel-last-child\" data-index=\"3\" ><img loading=\"lazy\" decoding=\"async\" width=\"1920\" height=\"2560\" src=\"https:\/\/www.groupesclavo.fr\/wp-content\/uploads\/2025\/12\/P1299268-scaled.jpg\" class=\"image wp-image-5006  attachment-full size-full\" alt=\"\" style=\"max-width: 100%; height: auto;\" srcset=\"https:\/\/www.groupesclavo.fr\/wp-content\/uploads\/2025\/12\/P1299268-scaled.jpg 1920w, https:\/\/www.groupesclavo.fr\/wp-content\/uploads\/2025\/12\/P1299268-scaled-225x300.jpg 225w, https:\/\/www.groupesclavo.fr\/wp-content\/uploads\/2025\/12\/P1299268-scaled-768x1024.jpg 768w\" sizes=\"auto, (max-width: 1920px) 100vw, 1920px\" \/><\/div><\/div><div id=\"pgc-6267-2-1\"  class=\"panel-grid-cell\" ><div id=\"panel-6267-2-1-0\" class=\"so-panel widget widget_sow-editor panel-first-child panel-last-child\" data-index=\"4\" ><div\n\t\t\t\n\t\t\tclass=\"so-widget-sow-editor so-widget-sow-editor-base\"\n\t\t\t\n\t\t>\n<div class=\"siteorigin-widget-tinymce textwidget\">\n\t<div class=\"elementor-element elementor-widget elementor-widget-heading\" data-element_type=\"widget\" data-widget_type=\"heading.default\">\n<div class=\"elementor-widget-container\">\n<h2 class=\"elementor-heading-title elementor-size-default\">Become a part of<br \/>a second life<\/h2>\n<\/div>\n<\/div>\n<div class=\"elementor-element elementor-widget elementor-widget-text-editor\" data-element_type=\"widget\" data-widget_type=\"text-editor.default\">\n<div class=\"elementor-widget-container\">\n<div class=\"elementor-text-editor elementor-clearfix\">\n<p>The SCLAVO ENVIRONNEMENT Group offers quality services close to you:<\/p>\n<h3>Buy irons and metals<\/h3>\n<p>The recovery and recycling of ferrous and non-ferrous metals has been part of the SCLAVO ENVIRONNEMENT Group's DNA since it was founded.<br \/>As a specialist in the recycling of metals, the Group offers the purchase of irons and metals on a voluntary basis, while ensuring rigorous traceability and a balance sheet of recovery within local and proximity channels, in a logic of sustainable resource management and the circular economy.<\/p>\n<p>The SCLAVO ENVIRONNEMENT Group's Irons and Metals Purchasing Department is designed to guarantee you responsiveness, proximity, simplicity of organization and scheduling, help with unloading if required, and storage containers for optimal sorting and, ultimately, your profitability.<\/p>\n<p><strong>How to monetize your irons and metals?<\/strong><\/p>\n<p>&nbsp;<\/p>\n<\/div>\n<\/div>\n<\/div>\n<div class=\"btn_orange_fleche btn\"><a href=\"https:\/\/www.groupesclavo.fr\/en\/contact-us\/\">Contact us<\/a><\/div>\n<\/div>\n<\/div><\/div><\/div><\/div><\/div><\/div>","protected":false},"excerpt":{"rendered":"<p>Total solution for special waste The SCLAVO ENVIRONNEMENT Group specializes in the recovery, collection, treatment and recycling of household waste in all the communes of the Var and Alpes-Maritimes. [&hellip;]<\/p>\n","protected":false},"author":4,"featured_media":0,"parent":0,"menu_order":383,"comment_status":"closed","ping_status":"closed","template":"","meta":{"inline_featured_image":false,"footnotes":""},"class_list":["post-6267","page","type-page","status-publish","hentry"],"yoast_head":"<!-- This site is optimized with the Yoast SEO plugin v27.6 - https:\/\/yoast.com\/product\/yoast-seo-wordpress\/ -->\n<title>Individuals - Sclavo<\/title>\n<meta name=\"robots\" content=\"index, follow, max-snippet:-1, max-image-preview:large, max-video-preview:-1\" \/>\n<link rel=\"canonical\" href=\"https:\/\/www.groupesclavo.fr\/en\/individuals\/\" \/>\n<meta property=\"og:locale\" content=\"en_US\" \/>\n<meta property=\"og:type\" content=\"article\" \/>\n<meta property=\"og:title\" content=\"Individuals - Sclavo\" \/>\n<meta property=\"og:description\" content=\"Total solution for special waste The SCLAVO ENVIRONNEMENT Group specializes in the recovery, collection, treatment and recycling of household waste in all the communes of the Var and Alpes-Maritimes. [&hellip;]\" \/>\n<meta property=\"og:url\" content=\"https:\/\/www.groupesclavo.fr\/en\/individuals\/\" \/>\n<meta property=\"og:site_name\" content=\"Sclavo\" \/>\n<meta property=\"article:modified_time\" content=\"2026-05-05T10:02:48+00:00\" \/>\n<meta name=\"twitter:card\" content=\"summary_large_image\" \/>\n<script type=\"application\/ld+json\" class=\"yoast-schema-graph\">{\"@context\":\"https:\\\/\\\/schema.org\",\"@graph\":[{\"@type\":\"WebPage\",\"@id\":\"https:\\\/\\\/www.groupesclavo.fr\\\/en\\\/individuals\\\/\",\"url\":\"https:\\\/\\\/www.groupesclavo.fr\\\/en\\\/individuals\\\/\",\"name\":\"Individuals - Sclavo\",\"isPartOf\":{\"@id\":\"https:\\\/\\\/www.groupesclavo.fr\\\/en\\\/#website\"},\"datePublished\":\"2025-06-09T08:58:37+00:00\",\"dateModified\":\"2026-05-05T10:02:48+00:00\",\"breadcrumb\":{\"@id\":\"https:\\\/\\\/www.groupesclavo.fr\\\/en\\\/individuals\\\/#breadcrumb\"},\"inLanguage\":\"en-US\",\"potentialAction\":[{\"@type\":\"ReadAction\",\"target\":[\"https:\\\/\\\/www.groupesclavo.fr\\\/en\\\/individuals\\\/\"]}]},{\"@type\":\"BreadcrumbList\",\"@id\":\"https:\\\/\\\/www.groupesclavo.fr\\\/en\\\/individuals\\\/#breadcrumb\",\"itemListElement\":[{\"@type\":\"ListItem\",\"position\":1,\"name\":\"Accueil\",\"item\":\"https:\\\/\\\/www.groupesclavo.fr\\\/en\\\/\"},{\"@type\":\"ListItem\",\"position\":2,\"name\":\"Individuals\"}]},{\"@type\":\"WebSite\",\"@id\":\"https:\\\/\\\/www.groupesclavo.fr\\\/en\\\/#website\",\"url\":\"https:\\\/\\\/www.groupesclavo.fr\\\/en\\\/\",\"name\":\"Sclavo\",\"description\":\"\",\"publisher\":{\"@id\":\"https:\\\/\\\/www.groupesclavo.fr\\\/en\\\/#organization\"},\"potentialAction\":[{\"@type\":\"SearchAction\",\"target\":{\"@type\":\"EntryPoint\",\"urlTemplate\":\"https:\\\/\\\/www.groupesclavo.fr\\\/en\\\/?s={search_term_string}\"},\"query-input\":{\"@type\":\"PropertyValueSpecification\",\"valueRequired\":true,\"valueName\":\"search_term_string\"}}],\"inLanguage\":\"en-US\"},{\"@type\":\"Organization\",\"@id\":\"https:\\\/\\\/www.groupesclavo.fr\\\/en\\\/#organization\",\"name\":\"Sclavo\",\"url\":\"https:\\\/\\\/www.groupesclavo.fr\\\/en\\\/\",\"logo\":{\"@type\":\"ImageObject\",\"inLanguage\":\"en-US\",\"@id\":\"https:\\\/\\\/www.groupesclavo.fr\\\/en\\\/#\\\/schema\\\/logo\\\/image\\\/\",\"url\":\"https:\\\/\\\/www.groupesclavo.fr\\\/wp-content\\\/uploads\\\/2024\\\/11\\\/logo-1.svg\",\"contentUrl\":\"https:\\\/\\\/www.groupesclavo.fr\\\/wp-content\\\/uploads\\\/2024\\\/11\\\/logo-1.svg\",\"width\":191,\"height\":57,\"caption\":\"Sclavo\"},\"image\":{\"@id\":\"https:\\\/\\\/www.groupesclavo.fr\\\/en\\\/#\\\/schema\\\/logo\\\/image\\\/\"}}]}<\/script>\n<!-- \/ Yoast SEO plugin. -->","yoast_head_json":{"title":"Individuals - Sclavo","robots":{"index":"index","follow":"follow","max-snippet":"max-snippet:-1","max-image-preview":"max-image-preview:large","max-video-preview":"max-video-preview:-1"},"canonical":"https:\/\/www.groupesclavo.fr\/en\/individuals\/","og_locale":"en_US","og_type":"article","og_title":"Individuals - Sclavo","og_description":"Total solution for special waste The SCLAVO ENVIRONNEMENT Group specializes in the recovery, collection, treatment and recycling of household waste in all the communes of the Var and Alpes-Maritimes. [&hellip;]","og_url":"https:\/\/www.groupesclavo.fr\/en\/individuals\/","og_site_name":"Sclavo","article_modified_time":"2026-05-05T10:02:48+00:00","twitter_card":"summary_large_image","schema":{"@context":"https:\/\/schema.org","@graph":[{"@type":"WebPage","@id":"https:\/\/www.groupesclavo.fr\/en\/individuals\/","url":"https:\/\/www.groupesclavo.fr\/en\/individuals\/","name":"Individuals - Sclavo","isPartOf":{"@id":"https:\/\/www.groupesclavo.fr\/en\/#website"},"datePublished":"2025-06-09T08:58:37+00:00","dateModified":"2026-05-05T10:02:48+00:00","breadcrumb":{"@id":"https:\/\/www.groupesclavo.fr\/en\/individuals\/#breadcrumb"},"inLanguage":"en-US","potentialAction":[{"@type":"ReadAction","target":["https:\/\/www.groupesclavo.fr\/en\/individuals\/"]}]},{"@type":"BreadcrumbList","@id":"https:\/\/www.groupesclavo.fr\/en\/individuals\/#breadcrumb","itemListElement":[{"@type":"ListItem","position":1,"name":"Accueil","item":"https:\/\/www.groupesclavo.fr\/en\/"},{"@type":"ListItem","position":2,"name":"Individuals"}]},{"@type":"WebSite","@id":"https:\/\/www.groupesclavo.fr\/en\/#website","url":"https:\/\/www.groupesclavo.fr\/en\/","name":"Sclavo","description":"","publisher":{"@id":"https:\/\/www.groupesclavo.fr\/en\/#organization"},"potentialAction":[{"@type":"SearchAction","target":{"@type":"EntryPoint","urlTemplate":"https:\/\/www.groupesclavo.fr\/en\/?s={search_term_string}"},"query-input":{"@type":"PropertyValueSpecification","valueRequired":true,"valueName":"search_term_string"}}],"inLanguage":"en-US"},{"@type":"Organization","@id":"https:\/\/www.groupesclavo.fr\/en\/#organization","name":"Sclavo","url":"https:\/\/www.groupesclavo.fr\/en\/","logo":{"@type":"ImageObject","inLanguage":"en-US","@id":"https:\/\/www.groupesclavo.fr\/en\/#\/schema\/logo\/image\/","url":"https:\/\/www.groupesclavo.fr\/wp-content\/uploads\/2024\/11\/logo-1.svg","contentUrl":"https:\/\/www.groupesclavo.fr\/wp-content\/uploads\/2024\/11\/logo-1.svg","width":191,"height":57,"caption":"Sclavo"},"image":{"@id":"https:\/\/www.groupesclavo.fr\/en\/#\/schema\/logo\/image\/"}}]}},"_links":{"self":[{"href":"https:\/\/www.groupesclavo.fr\/en\/wp-json\/wp\/v2\/pages\/6267","targetHints":{"allow":["GET"]}}],"collection":[{"href":"https:\/\/www.groupesclavo.fr\/en\/wp-json\/wp\/v2\/pages"}],"about":[{"href":"https:\/\/www.groupesclavo.fr\/en\/wp-json\/wp\/v2\/types\/page"}],"author":[{"embeddable":true,"href":"https:\/\/www.groupesclavo.fr\/en\/wp-json\/wp\/v2\/users\/4"}],"replies":[{"embeddable":true,"href":"https:\/\/www.groupesclavo.fr\/en\/wp-json\/wp\/v2\/comments?post=6267"}],"version-history":[{"count":0,"href":"https:\/\/www.groupesclavo.fr\/en\/wp-json\/wp\/v2\/pages\/6267\/revisions"}],"wp:attachment":[{"href":"https:\/\/www.groupesclavo.fr\/en\/wp-json\/wp\/v2\/media?parent=6267"}],"curies":[{"name":"wp","href":"https:\/\/api.w.org\/{rel}","templated":true}]}}